{"id":950,"date":"2017-04-04T14:48:40","date_gmt":"2017-04-04T14:48:40","guid":{"rendered":"http:\/\/guiasdetoledo.es\/?page_id=950\/"},"modified":"2025-01-15T00:34:29","modified_gmt":"2025-01-14T23:34:29","slug":"toledo","status":"publish","type":"page","link":"https:\/\/guiascastillalamancha.com\/it\/toledo\/","title":{"rendered":"Toledo"},"content":{"rendered":"<div class=\"wpb-content-wrapper\"><p>[vc_row css_animation=&#8221;&#8221; row_type=&#8221;row&#8221; use_row_as_full_screen_section=&#8221;no&#8221; type=&#8221;grid&#8221; angled_section=&#8221;no&#8221; text_align=&#8221;center&#8221; background_image_as_pattern=&#8221;without_pattern&#8221; anchor=&#8221;about&#8221; css=&#8221;.vc_custom_1480508287546{padding-top: 2% !important;padding-bottom: 2% !important;}&#8221;][vc_column offset=&#8221;vc_col-lg-offset-2 vc_col-lg-8 vc_col-md-offset-1 vc_col-md-10&#8243; css=&#8221;.vc_custom_1467624556435{padding-right: 8% !important;padding-left: 8% !important;}&#8221;][vc_column_text]<\/p>\n<h2 style=\"text-align: center;\">TOLEDO<\/h2>\n<p>[\/vc_column_text][vc_empty_space height=&#8221;8px&#8221;][vc_column_text]<\/p>\n<p style=\"text-align: center;\">La citt\u00e0 di Toledo, Patrimonio dell&#8217;Umanit\u00e0 dal 1986, \u00e8 una delle citt\u00e0 pi\u00f9 interessanti del paese dal punto di vista monumentale e storico. Ampiamente conosciuta come la &#8220;Citt\u00e0 delle Tre Culture&#8221;, in essa ebrei, musulmani e cristiani hanno vissuto insieme per secoli, lasciando un segno indelebile in ognuno dei suoi angoli. Come Associazione proponiamo diversi itinerari diurni e serali, in modo da poter svelare tutta la sua ricchezza. Inoltre, siamo in grado di sviluppare per voi qualsiasi percorso in base ad altri aspetti di interesse riguardanti citt\u00e0 e provincia: Il Quartiere Ebraico, Rinascimento a Toledo, Consuegra, La Mancia e suoi mulini, .. Contattaci!<\/p>\n<p>[\/vc_column_text][\/vc_column][\/vc_row][vc_row css_animation=&#8221;&#8221; row_type=&#8221;row&#8221; use_row_as_full_screen_section=&#8221;no&#8221; type=&#8221;full_width&#8221; angled_section=&#8221;no&#8221; text_align=&#8221;left&#8221; background_image_as_pattern=&#8221;without_pattern&#8221;][vc_column][vc_column_text]<\/p>\n<h2 style=\"text-align: center;\">VISITE GUIDATE<\/h2>\n<p>[\/vc_column_text][vc_empty_space height=&#8221;40px&#8221;][\/vc_column][\/vc_row][vc_row css_animation=&#8221;&#8221; row_type=&#8221;row&#8221; use_row_as_full_screen_section=&#8221;yes&#8221; type=&#8221;grid&#8221; angled_section=&#8221;no&#8221; text_align=&#8221;left&#8221; background_image_as_pattern=&#8221;without_pattern&#8221;][vc_column width=&#8221;1\/2&#8243;][vc_single_image image=&#8221;582&#8243; img_size=&#8221;full&#8221; alignment=&#8221;center&#8221; qode_css_animation=&#8221;&#8221;][vc_empty_space height=&#8221;20px&#8221;][vc_column_text]<\/p>\n<h2 style=\"text-align: center;\">Toledo Tradizionale<\/h2>\n<p>[\/vc_column_text][vc_empty_space height=&#8221;20px&#8221;][vc_column_text css=&#8221;.vc_custom_1491316899982{padding-right: 5% !important;padding-left: 5% !important;}&#8221;]<\/p>\n<p style=\"text-align: center;\">In questo percorso cerchiamo di far conoscere al visitatore i pi\u00f9 importanti monumenti della citt\u00e0, immancabili per chi viene per la prima volta a Toledo, come ad esempio:<\/p>\n<p style=\"text-align: center;\">&#8211; La <strong>Cattedrale<\/strong>, sede dell&#8217;Arcivescovo Primate di Spagna e una delle chiese pi\u00f9 ricche della Cristianit\u00e0. Conserva al proprio interno tesori artistici e opere d&#8217;arte di alcuni degli artisti pi\u00f9 celebri della storia: El Greco, Raffaello, Tiziano, Caravaggio, Van Dyck, Goya, Velazquez, Berruguete, .. nonch\u00e9 opere come la spettacolare custodia del Corpus Christi o il Trasparente.<\/p>\n<p style=\"text-align: center;\">&#8211; La &#8220;<strong>Sepoltura del conte di Orgaz<\/strong>&#8220;, capolavoro di El Greco conservato nella Chiesa di Santo Tom\u00e9.<\/p>\n<p style=\"text-align: center;\">&#8211; La <strong>Sinagoga di Santa Maria la Blanca<\/strong>, una delle due sole sinagoghe medievali ancora esistenti della citt\u00e0.<\/p>\n<p style=\"text-align: center;\">&#8211; il <strong>Monastero francescano di San Juan de los Reyes<\/strong>, commissionato dai Re Cattolici alla fine del XV secolo come pantheon funebre.<\/p>\n<p>[\/vc_column_text][vc_empty_space height=&#8221;20px&#8221;][\/vc_column][vc_column width=&#8221;1\/2&#8243;][vc_single_image image=&#8221;583&#8243; img_size=&#8221;full&#8221; alignment=&#8221;center&#8221; qode_css_animation=&#8221;&#8221;][vc_empty_space height=&#8221;20px&#8221;][vc_column_text]<\/p>\n<h2 style=\"text-align: center;\">Toledo e le tre culture<\/h2>\n<p>[\/vc_column_text][vc_empty_space height=&#8221;20px&#8221;][vc_column_text css=&#8221;.vc_custom_1491317135845{padding-right: 5% !important;padding-left: 5% !important;}&#8221;]<\/p>\n<p style=\"text-align: center;\">La citt\u00e0 \u00e8 conosciuta in tutto il mondo per essere stato un luogo di convivenza pacifica per circa seicento anni in epoca medievale. Uno dei percorsi pi\u00f9 interessanti da effettuare a Toledo \u00e8 quello che ci avvicina a queste tre religioni ed al segno che esse hanno lasciato:<\/p>\n<p style=\"text-align: center;\">&#8211; La<strong> Moschea del Cristo della Luce<\/strong>. Una moschea del X secolo che \u00e8 sopravvissuta fino ad oggi poich\u00e8 fu trasformato in una chiesa dopo la riconquista della citt\u00e0 nel 1085.<\/p>\n<p style=\"text-align: center;\">&#8211; La <strong>Chiesa di San Romano<\/strong>, oggi sede del Museo del Concili e della Cultura Visigota, esempio dell&#8217;importanza della Chiesa Cattolica in Spagna, di cui Toledo \u00e8 sede primaziale. Forse una delle pi\u00f9 belle chiese della citt\u00e0 in stile <em>mud\u00e9jar<\/em>.<\/p>\n<p style=\"text-align: center;\">&#8211; La <strong>Sinagoga del Transito e Museo Sefardita<\/strong>. Luogo ideale per commemorare il passaggio e l&#8217;eredit\u00e0 della comunit\u00e0 ebraica sefardita, e uno dei pi\u00f9 spettacolari monumenti che si possano visitare nel centro storico.<\/p>\n<p>[\/vc_column_text][vc_empty_space height=&#8221;20px&#8221;][\/vc_column][\/vc_row][vc_row css_animation=&#8221;&#8221; row_type=&#8221;row&#8221; use_row_as_full_screen_section=&#8221;yes&#8221; type=&#8221;grid&#8221; angled_section=&#8221;no&#8221; text_align=&#8221;left&#8221; background_image_as_pattern=&#8221;without_pattern&#8221;][vc_column width=&#8221;1\/2&#8243;][vc_single_image image=&#8221;585&#8243; img_size=&#8221;full&#8221; alignment=&#8221;center&#8221; qode_css_animation=&#8221;&#8221;][vc_empty_space height=&#8221;20px&#8221;][vc_column_text]<\/p>\n<h2 style=\"text-align: center;\">Toledo e El Greco<\/h2>\n<p>[\/vc_column_text][vc_empty_space height=&#8221;20px&#8221;][vc_column_text css=&#8221;.vc_custom_1491317196174{padding-right: 5% !important;padding-left: 5% !important;}&#8221;]<\/p>\n<p style=\"text-align: center;\">El Greco \u00e8 l&#8217;artista pi\u00f9 importante che sia passato per Toledo e la sua eredit\u00e0 in citt\u00e0 \u00e8 di valore inestimabile. Un tour dei suoi dipinti ci fanno scoprire la sua arte, lo stile e gli stessi monumenti in cui sono esposte le sue opere.<\/p>\n<p style=\"text-align: center;\">&#8211; Il <strong>Monastero di Santo Domingo el Antiguo<\/strong>, il luogo in cui El Greco dipinge le sue prime tele e dove verr\u00e0 sepolto.<\/p>\n<p style=\"text-align: center;\">&#8211; <strong>Museo di Santa Cruz<\/strong>, un ex ospedale del XV secolo fondata dall&#8217;arcivescovo di Toledo Pedro Gonzalez de Mendoza, vanta una collezione importantissima di dipinti dal pittore cretese, nonch\u00e9 un intero museo di archeologia, arti applicate e belle arti.<\/p>\n<p style=\"text-align: center;\">&#8211; La Chiesa di Santo Tom\u00e9, dove vedremo in situ la &#8220;<strong>Sepoltura del conte di Orgaz<\/strong>&#8220;, il suo capolavoro, chiesa nella quale l&#8217;opera \u00e8 sempre rimasta.<\/p>\n<p>[\/vc_column_text][vc_empty_space height=&#8221;20px&#8221;][\/vc_column][vc_column width=&#8221;1\/2&#8243;][vc_single_image image=&#8221;586&#8243; img_size=&#8221;full&#8221; alignment=&#8221;center&#8221; qode_css_animation=&#8221;&#8221;][vc_empty_space height=&#8221;20px&#8221;][vc_column_text]<\/p>\n<h2 style=\"text-align: center;\">Toledo di notte<\/h2>\n<p>[\/vc_column_text][vc_empty_space height=&#8221;20px&#8221;][vc_column_text css=&#8221;.vc_custom_1491317240549{padding-right: 5% !important;padding-left: 5% !important;}&#8221;]<\/p>\n<p style=\"text-align: center;\">Se avete la fortuna di dormire in citt\u00e0, potrete scoprire una Toledo di notte piena di magia, leggenda e romanticismo. Lasciatevi guidare attraverso le strade, nicchie ed angoli pi\u00f9 nascosti per addentrarvi in luoghi da cartolina ancorati nel tempo o scendere nelle viscere del <strong>sottosuolo di Toledo<\/strong>, visitare le terme romane di Plaza de Amador de los Rios; il Pozzo di Plaza del Salvador, antica cisterna del XIV secolo; o i bagni arabi del Cenizal.<\/p>\n<p>[\/vc_column_text][vc_empty_space height=&#8221;20px&#8221;][\/vc_column][\/vc_row][vc_row css_animation=&#8221;&#8221; row_type=&#8221;row&#8221; use_row_as_full_screen_section=&#8221;no&#8221; type=&#8221;full_width&#8221; angled_section=&#8221;no&#8221; text_align=&#8221;left&#8221; background_image_as_pattern=&#8221;without_pattern&#8221;][vc_column][vc_empty_space height=&#8221;40px&#8221;][\/vc_column][\/vc_row][vc_row css_animation=&#8221;&#8221; row_type=&#8221;row&#8221; use_row_as_full_screen_section=&#8221;no&#8221; type=&#8221;grid&#8221; angled_section=&#8221;no&#8221; text_align=&#8221;center&#8221; background_image_as_pattern=&#8221;without_pattern&#8221; anchor=&#8221;brands&#8221; css=&#8221;.vc_custom_1467717650552{padding-top: 5.5% !important;padding-bottom: 2% !important;}&#8221;][vc_column offset=&#8221;vc_col-lg-offset-2 vc_col-lg-8 vc_col-md-offset-1 vc_col-md-10&#8243; css=&#8221;.vc_custom_1467624580101{padding-right: 8% !important;padding-left: 8% !important;}&#8221;][vc_column_text]<a  itemprop=\"url\" href=\"\/it\/contatti\/\" target=\"_blank\" data-hover-background-color=\"#882039\" data-hover-color=\"#d3bbc9\" class=\"qbutton  big_large center default\" style=\"color: #882039; font-style: normal; font-weight: 600; margin: 5px; background-color:#d3bbc9;\">Contattaci<\/a>[\/vc_column_text][vc_empty_space height=&#8221;8px&#8221;][vc_column_text css=&#8221;&#8221; el_id=&#8221;https:\/\/guiascastillalamancha.com\/it\/list-of-tourist-guides-in-toledo\/&#8221;]<a  itemprop=\"url\" href=\"\/it\/list-of-tourist-guides-in-toledo\/\" target=\"_self\" data-hover-background-color=\"#882039\" data-hover-color=\"#d3bbc9\" class=\"qbutton  big_large center default\" style=\"color: #882039; font-style: normal; font-weight: 600; margin: 5px; background-color:#d3bbc9;\"><span class=\"im\">Vedere l`elenco di guide turistiche Toledo<\/span><\/a>[\/vc_column_text][vc_empty_space height=&#8221;8px&#8221;][\/vc_column][\/vc_row][vc_row css_animation=&#8221;&#8221; row_type=&#8221;row&#8221; use_row_as_full_screen_section=&#8221;no&#8221; type=&#8221;grid&#8221; angled_section=&#8221;no&#8221; text_align=&#8221;center&#8221; background_image_as_pattern=&#8221;without_pattern&#8221; anchor=&#8221;brands&#8221; css=&#8221;.vc_custom_1467717650552{padding-top: 5.5% !important;padding-bottom: 2% !important;}&#8221;][vc_column offset=&#8221;vc_col-lg-offset-2 vc_col-lg-8 vc_col-md-offset-1 vc_col-md-10&#8243; css=&#8221;.vc_custom_1467624580101{padding-right: 8% !important;padding-left: 8% !important;}&#8221;][vc_column_text]<\/p>\n<p style=\"text-align: center;\">*Immagini realizzate da @Jaci Sanchez<\/p>\n<p>[\/vc_column_text][vc_empty_space height=&#8221;8px&#8221;][\/vc_column][\/vc_row][vc_row css_animation=&#8221;&#8221; row_type=&#8221;row&#8221; use_row_as_full_screen_section=&#8221;no&#8221; type=&#8221;full_width&#8221; angled_section=&#8221;no&#8221; text_align=&#8221;left&#8221; background_image_as_pattern=&#8221;without_pattern&#8221;][vc_column][vc_empty_space height=&#8221;40px&#8221;][\/vc_column][\/vc_row]<\/p>\n<\/div>","protected":false},"excerpt":{"rendered":"<p>[vc_row css_animation=&#8221;&#8221; row_type=&#8221;row&#8221; use_row_as_full_screen_section=&#8221;no&#8221; type=&#8221;grid&#8221; angled_section=&#8221;no&#8221; text_align=&#8221;center&#8221; background_image_as_pattern=&#8221;without_pattern&#8221; anchor=&#8221;about&#8221; css=&#8221;.vc_custom_1480508287546{padding-top: 2% !important;padding-bottom: 2% !important;}&#8221;][vc_column offset=&#8221;vc_col-lg-offset-2 vc_col-lg-8 vc_col-md-offset-1 vc_col-md-10&#8243; css=&#8221;.vc_custom_1467624556435{padding-right: 8% !important;padding-left: 8% !important;}&#8221;][vc_column_text] TOLEDO [\/vc_column_text][vc_empty_space height=&#8221;8px&#8221;][vc_column_text] La citt\u00e0 di Toledo, Patrimonio dell&#8217;Umanit\u00e0 dal 1986, \u00e8 una delle citt\u00e0 pi\u00f9 interessanti del paese dal punto di&#8230;<\/p>\n","protected":false},"author":3,"featured_media":0,"parent":0,"menu_order":0,"comment_status":"closed","ping_status":"closed","template":"full_width.php","meta":{"footnotes":""},"class_list":["post-950","page","type-page","status-publish","hentry"],"yoast_head":"<!-- This site is optimized with the Yoast SEO plugin v27.3 - https:\/\/yoast.com\/product\/yoast-seo-wordpress\/ -->\n<title>Toledo - Gu\u00edas de Castilla la Mancha<\/title>\n<meta name=\"robots\" content=\"index, follow, max-snippet:-1, max-image-preview:large, max-video-preview:-1\" \/>\n<link rel=\"canonical\" href=\"https:\/\/guiascastillalamancha.com\/it\/toledo\/\" \/>\n<meta property=\"og:locale\" content=\"it_IT\" \/>\n<meta property=\"og:type\" content=\"article\" \/>\n<meta property=\"og:title\" content=\"Toledo - Gu\u00edas de Castilla la Mancha\" \/>\n<meta property=\"og:description\" content=\"[vc_row css_animation=&#8221;&#8221; row_type=&#8221;row&#8221; use_row_as_full_screen_section=&#8221;no&#8221; type=&#8221;grid&#8221; angled_section=&#8221;no&#8221; text_align=&#8221;center&#8221; background_image_as_pattern=&#8221;without_pattern&#8221; anchor=&#8221;about&#8221; css=&#8221;.vc_custom_1480508287546{padding-top: 2% !important;padding-bottom: 2% !important;}&#8221;][vc_column offset=&#8221;vc_col-lg-offset-2 vc_col-lg-8 vc_col-md-offset-1 vc_col-md-10&#8243; css=&#8221;.vc_custom_1467624556435{padding-right: 8% !important;padding-left: 8% !important;}&#8221;][vc_column_text] TOLEDO [\/vc_column_text][vc_empty_space height=&#8221;8px&#8221;][vc_column_text] La citt\u00e0 di Toledo, Patrimonio dell&#8217;Umanit\u00e0 dal 1986, \u00e8 una delle citt\u00e0 pi\u00f9 interessanti del paese dal punto di...\" \/>\n<meta property=\"og:url\" content=\"https:\/\/guiascastillalamancha.com\/it\/toledo\/\" \/>\n<meta property=\"og:site_name\" content=\"Gu\u00edas de Castilla la Mancha\" \/>\n<meta property=\"article:modified_time\" content=\"2025-01-14T23:34:29+00:00\" \/>\n<meta name=\"twitter:card\" content=\"summary_large_image\" \/>\n<meta name=\"twitter:label1\" content=\"Tempo di lettura stimato\" \/>\n\t<meta name=\"twitter:data1\" content=\"5 minuti\" \/>\n<script type=\"application\/ld+json\" class=\"yoast-schema-graph\">{\"@context\":\"https:\\\/\\\/schema.org\",\"@graph\":[{\"@type\":\"WebPage\",\"@id\":\"https:\\\/\\\/guiascastillalamancha.com\\\/it\\\/toledo\\\/\",\"url\":\"https:\\\/\\\/guiascastillalamancha.com\\\/it\\\/toledo\\\/\",\"name\":\"Toledo - Gu\u00edas de Castilla la Mancha\",\"isPartOf\":{\"@id\":\"https:\\\/\\\/guiascastillalamancha.com\\\/es\\\/#website\"},\"datePublished\":\"2017-04-04T14:48:40+00:00\",\"dateModified\":\"2025-01-14T23:34:29+00:00\",\"breadcrumb\":{\"@id\":\"https:\\\/\\\/guiascastillalamancha.com\\\/it\\\/toledo\\\/#breadcrumb\"},\"inLanguage\":\"it-IT\",\"potentialAction\":[{\"@type\":\"ReadAction\",\"target\":[\"https:\\\/\\\/guiascastillalamancha.com\\\/it\\\/toledo\\\/\"]}]},{\"@type\":\"BreadcrumbList\",\"@id\":\"https:\\\/\\\/guiascastillalamancha.com\\\/it\\\/toledo\\\/#breadcrumb\",\"itemListElement\":[{\"@type\":\"ListItem\",\"position\":1,\"name\":\"Portada\",\"item\":\"https:\\\/\\\/guiascastillalamancha.com\\\/it\\\/\"},{\"@type\":\"ListItem\",\"position\":2,\"name\":\"Toledo\"}]},{\"@type\":\"WebSite\",\"@id\":\"https:\\\/\\\/guiascastillalamancha.com\\\/es\\\/#website\",\"url\":\"https:\\\/\\\/guiascastillalamancha.com\\\/es\\\/\",\"name\":\"Gu\u00edas de Castilla la Mancha\",\"description\":\"Gu\u00edas Tur\u00edsticos para Toledo, Albacete, Ciudad Real, Cuenca y Guadalajara\",\"potentialAction\":[{\"@type\":\"SearchAction\",\"target\":{\"@type\":\"EntryPoint\",\"urlTemplate\":\"https:\\\/\\\/guiascastillalamancha.com\\\/es\\\/?s={search_term_string}\"},\"query-input\":{\"@type\":\"PropertyValueSpecification\",\"valueRequired\":true,\"valueName\":\"search_term_string\"}}],\"inLanguage\":\"it-IT\"}]}<\/script>\n<!-- \/ Yoast SEO plugin. -->","yoast_head_json":{"title":"Toledo - Gu\u00edas de Castilla la Mancha","robots":{"index":"index","follow":"follow","max-snippet":"max-snippet:-1","max-image-preview":"max-image-preview:large","max-video-preview":"max-video-preview:-1"},"canonical":"https:\/\/guiascastillalamancha.com\/it\/toledo\/","og_locale":"it_IT","og_type":"article","og_title":"Toledo - Gu\u00edas de Castilla la Mancha","og_description":"[vc_row css_animation=&#8221;&#8221; row_type=&#8221;row&#8221; use_row_as_full_screen_section=&#8221;no&#8221; type=&#8221;grid&#8221; angled_section=&#8221;no&#8221; text_align=&#8221;center&#8221; background_image_as_pattern=&#8221;without_pattern&#8221; anchor=&#8221;about&#8221; css=&#8221;.vc_custom_1480508287546{padding-top: 2% !important;padding-bottom: 2% !important;}&#8221;][vc_column offset=&#8221;vc_col-lg-offset-2 vc_col-lg-8 vc_col-md-offset-1 vc_col-md-10&#8243; css=&#8221;.vc_custom_1467624556435{padding-right: 8% !important;padding-left: 8% !important;}&#8221;][vc_column_text] TOLEDO [\/vc_column_text][vc_empty_space height=&#8221;8px&#8221;][vc_column_text] La citt\u00e0 di Toledo, Patrimonio dell&#8217;Umanit\u00e0 dal 1986, \u00e8 una delle citt\u00e0 pi\u00f9 interessanti del paese dal punto di...","og_url":"https:\/\/guiascastillalamancha.com\/it\/toledo\/","og_site_name":"Gu\u00edas de Castilla la Mancha","article_modified_time":"2025-01-14T23:34:29+00:00","twitter_card":"summary_large_image","twitter_misc":{"Tempo di lettura stimato":"5 minuti"},"schema":{"@context":"https:\/\/schema.org","@graph":[{"@type":"WebPage","@id":"https:\/\/guiascastillalamancha.com\/it\/toledo\/","url":"https:\/\/guiascastillalamancha.com\/it\/toledo\/","name":"Toledo - Gu\u00edas de Castilla la Mancha","isPartOf":{"@id":"https:\/\/guiascastillalamancha.com\/es\/#website"},"datePublished":"2017-04-04T14:48:40+00:00","dateModified":"2025-01-14T23:34:29+00:00","breadcrumb":{"@id":"https:\/\/guiascastillalamancha.com\/it\/toledo\/#breadcrumb"},"inLanguage":"it-IT","potentialAction":[{"@type":"ReadAction","target":["https:\/\/guiascastillalamancha.com\/it\/toledo\/"]}]},{"@type":"BreadcrumbList","@id":"https:\/\/guiascastillalamancha.com\/it\/toledo\/#breadcrumb","itemListElement":[{"@type":"ListItem","position":1,"name":"Portada","item":"https:\/\/guiascastillalamancha.com\/it\/"},{"@type":"ListItem","position":2,"name":"Toledo"}]},{"@type":"WebSite","@id":"https:\/\/guiascastillalamancha.com\/es\/#website","url":"https:\/\/guiascastillalamancha.com\/es\/","name":"Gu\u00edas de Castilla la Mancha","description":"Gu\u00edas Tur\u00edsticos para Toledo, Albacete, Ciudad Real, Cuenca y Guadalajara","potentialAction":[{"@type":"SearchAction","target":{"@type":"EntryPoint","urlTemplate":"https:\/\/guiascastillalamancha.com\/es\/?s={search_term_string}"},"query-input":{"@type":"PropertyValueSpecification","valueRequired":true,"valueName":"search_term_string"}}],"inLanguage":"it-IT"}]}},"_links":{"self":[{"href":"https:\/\/guiascastillalamancha.com\/it\/wp-json\/wp\/v2\/pages\/950","targetHints":{"allow":["GET"]}}],"collection":[{"href":"https:\/\/guiascastillalamancha.com\/it\/wp-json\/wp\/v2\/pages"}],"about":[{"href":"https:\/\/guiascastillalamancha.com\/it\/wp-json\/wp\/v2\/types\/page"}],"author":[{"embeddable":true,"href":"https:\/\/guiascastillalamancha.com\/it\/wp-json\/wp\/v2\/users\/3"}],"replies":[{"embeddable":true,"href":"https:\/\/guiascastillalamancha.com\/it\/wp-json\/wp\/v2\/comments?post=950"}],"version-history":[{"count":2,"href":"https:\/\/guiascastillalamancha.com\/it\/wp-json\/wp\/v2\/pages\/950\/revisions"}],"predecessor-version":[{"id":2456,"href":"https:\/\/guiascastillalamancha.com\/it\/wp-json\/wp\/v2\/pages\/950\/revisions\/2456"}],"wp:attachment":[{"href":"https:\/\/guiascastillalamancha.com\/it\/wp-json\/wp\/v2\/media?parent=950"}],"curies":[{"name":"wp","href":"https:\/\/api.w.org\/{rel}","templated":true}]}}