{"id":915,"date":"2017-04-04T14:21:49","date_gmt":"2017-04-04T14:21:49","guid":{"rendered":"http:\/\/guiasdetoledo.es\/?page_id=915\/"},"modified":"2017-05-20T07:56:28","modified_gmt":"2017-05-20T07:56:28","slug":"guadalajara","status":"publish","type":"page","link":"https:\/\/guiascastillalamancha.com\/it\/guadalajara\/","title":{"rendered":"Guadalajara"},"content":{"rendered":"<div class=\"wpb-content-wrapper\"><p>[vc_row row_type=&#8221;row&#8221; use_row_as_full_screen_section=&#8221;no&#8221; type=&#8221;grid&#8221; anchor=&#8221;about&#8221; angled_section=&#8221;no&#8221; text_align=&#8221;center&#8221; background_image_as_pattern=&#8221;without_pattern&#8221; css_animation=&#8221;&#8221; css=&#8221;.vc_custom_1480508287546{padding-top: 2% !important;padding-bottom: 2% !important;}&#8221;][vc_column offset=&#8221;vc_col-lg-offset-2 vc_col-lg-8 vc_col-md-offset-1 vc_col-md-10&#8243; css=&#8221;.vc_custom_1467624556435{padding-right: 8% !important;padding-left: 8% !important;}&#8221;][vc_column_text]<\/p>\n<h2 style=\"text-align: center;\">GUADALAJARA<\/h2>\n<p>[\/vc_column_text][vc_empty_space height=&#8221;8px&#8221;][vc_column_text]<\/p>\n<p style=\"text-align: center;\">&#8220;Guadalajara vi affasciner\u00e0! Storia, cultura, il patrimonio, la cucina e la natura si fondono in un modo che render\u00e0 il vostro soggiorno indimenticabile. Scoprite il suo capoluogo dal nobile passato medievale; la sua natura autentica nelle zone montuose a nord e ad est della provincia; o la letteratura di La Alcarria legata alle loro tradizioni popolari. Vi offriamo alcuni dei suoi percorsi pi\u00f9 interessanti, per darvi la possibilit\u00e0 di addentrarvi in una delle province di Castiglia-La Mancia pi\u00f9 saporite!&#8221;<\/p>\n<p>[\/vc_column_text][\/vc_column][\/vc_row][vc_row row_type=&#8221;row&#8221; use_row_as_full_screen_section=&#8221;no&#8221; type=&#8221;full_width&#8221; angled_section=&#8221;no&#8221; text_align=&#8221;left&#8221; background_image_as_pattern=&#8221;without_pattern&#8221; css_animation=&#8221;&#8221;][vc_column][vc_column_text]<\/p>\n<h2 style=\"text-align: center;\">VISITE GUIDATE<\/h2>\n<p>[\/vc_column_text][vc_empty_space height=&#8221;40px&#8221;][\/vc_column][\/vc_row][vc_row row_type=&#8221;row&#8221; use_row_as_full_screen_section=&#8221;yes&#8221; type=&#8221;grid&#8221; angled_section=&#8221;no&#8221; text_align=&#8221;left&#8221; background_image_as_pattern=&#8221;without_pattern&#8221; css_animation=&#8221;&#8221;][vc_column width=&#8221;1\/2&#8243;][vc_single_image image=&#8221;590&#8243; img_size=&#8221;full&#8221; alignment=&#8221;center&#8221; qode_css_animation=&#8221;&#8221;][vc_empty_space height=&#8221;20px&#8221;][vc_column_text]<\/p>\n<h2 style=\"text-align: center;\">Sig\u00fcenza e Palazuelos (Sierra)<\/h2>\n<p>[\/vc_column_text][vc_empty_space height=&#8221;20px&#8221;][vc_column_text css=&#8221;.vc_custom_1491315339556{padding-right: 5% !important;padding-left: 5% !important;}&#8221;]<\/p>\n<p style=\"text-align: center;\">La cittadina del Doncel, <strong>Sig\u00fcenza<\/strong>, \u00e8 la seconda per maggior numero di visitatori di tutta la regione di Castiglia-La Mancia. Un <strong>complesso storico artistico medievale<\/strong> dove spicca la sua Cattedrale, una delle pi\u00f9 spettacolari e sconosciute di tutta la Spagna. In essa si trova <strong>la tomba del famoso Doncel<\/strong>, ma si distinguono nondimeno le sue cappelle, altari come quello di Santa Librada in stile plateresco disegnato da Covarrubias, il quale fece anche la sacrestia maggiore o de las Cabezas in cui quasi 3000 teste sono rappresentate nella volta, oppure il padiglione dove \u00e8 conservato <strong>&#8220;L&#8217;Encarnaci\u00f3n&#8221; di El Greco<\/strong>, e <strong>la collezione di arazzi fiamminghi di Palas Atenea<\/strong>.<br \/>\nDistaccato dalla cattedrale, troviamo nella parte alta della citt\u00e0 il <strong>parador nacional<\/strong>, ubicato nel vecchio castello. Tra <strong>la cattedrale ed il castello<\/strong>, si susseguono chiese romaniche come quella di Santiago o di San Vicente, e piazze come Plaza Mayor, con <strong>arcate su due dei suoi lati<\/strong>, quello del C\u00e1rcel e quello di San Vicente, dove \u00e8 situata la casa del Doncel. Non possiamo poi ignorare l&#8217;antico quartiere ebraico, le sue mura e le sue porte, cos\u00ec come l&#8217;espansione del XVIII secolo del quartiere barocco di San Roque, per raggiungere infine il <strong>Monastero di Nuestra Se\u00f1ora de los Huertos<\/strong>, occupato attualmente dalle Clarisse.<br \/>\nNei pressi di Sig\u00fcenza troviamo la frazione di Palazuelos, anch&#8217;essa c<strong>omplesso storico artistico, soprannominata &#8220;l&#8217;\u00c1vila della Sierra di Guadalajara&#8221;<\/strong>. Perch\u00e9? Perch\u00e9 \u00e8 <strong>una delle cinte murarie meglio conservate della Castiglia<\/strong>. Inoltre, nella direzione opposta a Palazuelos, vi imbatterete in uno dei <strong>tre parchi naturali della provincia di Guadalajara<\/strong>, quello del Rio Dulce, una piccola area di poco pi\u00f9 di 8.300 ettari, dove si pu\u00f2 godere di una delle viste pi\u00f9 suggestive del parco stesso dal <strong>belvedere dedicato a F\u00e9lix Rodr\u00edguez de la Fuente<\/strong> presso il villaggio di Pelegrina.<\/p>\n<p>[\/vc_column_text][vc_empty_space height=&#8221;20px&#8221;][\/vc_column][vc_column width=&#8221;1\/2&#8243;][vc_single_image image=&#8221;592&#8243; img_size=&#8221;full&#8221; alignment=&#8221;center&#8221; qode_css_animation=&#8221;&#8221;][vc_empty_space height=&#8221;20px&#8221;][vc_column_text]<\/p>\n<h2 style=\"text-align: center;\">Guadalajara capoluogo (Campi\u00f1a\/zone rurali)<\/h2>\n<p>[\/vc_column_text][vc_empty_space height=&#8221;20px&#8221;][vc_column_text css=&#8221;.vc_custom_1491315477524{padding-right: 5% !important;padding-left: 5% !important;}&#8221;]<\/p>\n<p style=\"text-align: center;\">Il capoluogo della<strong> provincia \u00e8 il meno conosciuto<\/strong> di tutta Guadalajara, ma non privo di patrimonio, cultura e storia. Una citt\u00e0 dove l&#8217;impronta della <strong>grande famiglia dei Mendoza<\/strong> si riflette nel suo patrimonio, con il <strong>Palacio del Infantado<\/strong>, candidato ad essere dichiarato <strong>Patrimonio dell&#8217;Umanit\u00e0 dall&#8217;UNESCO<\/strong>, il Convento de la Piedad, situato nel secondo palazzo rinascimentale costruito fuori dall&#8217;Italia, la cripta ducale dei Mendoza situata presso la chiesa di San Francisco, copia della cripta reale del Monastero di San Lorenzo de El Escorial.<br \/>\n<strong>Ma Guadalajara \u00e8 pi\u00f9 dei Mendoza<\/strong>, custode di gioielli del mud\u00e9jar come la Concattedrale di Santa Maria de la Fuente La Mayor, la chiesa di Santiago o la cappella di Luis de Lucena, con affreschi al suo interno risalenti ai primi anni del XVI secolo. Oppure<strong> monumenti particolari<\/strong> come la sala cinese di Palacio de la Cotilla, decorata con carta di riso, <strong>unica in Spagna<\/strong>, o il complesso delle Adoratrices, in cui spicca il sepolcro della duchessa di Sevillano, opera eclettica costruita da Ricardo Vel\u00e1zquez Bosco.<br \/>\nSe volete poi conoscere una localit\u00e0 rurale vicina, a poco pi\u00f9 di 20 minuti si trova la cittadina di Hita, <strong>complesso storico artistico, nota per il suo Festival Medieval Arcipreste de Hita<\/strong> in onore di Juan Ruiz e il suo &#8220;Libro del Buen Amor&#8221;, <strong>dichiarato di Inter\u00e8s Turistico Nacional<\/strong>, e che si tiene sempre il primo sabato del mese di luglio.<\/p>\n<p>[\/vc_column_text][vc_empty_space height=&#8221;20px&#8221;][\/vc_column][\/vc_row][vc_row row_type=&#8221;row&#8221; use_row_as_full_screen_section=&#8221;yes&#8221; type=&#8221;grid&#8221; angled_section=&#8221;no&#8221; text_align=&#8221;left&#8221; background_image_as_pattern=&#8221;without_pattern&#8221; css_animation=&#8221;&#8221;][vc_column width=&#8221;1\/2&#8243;][vc_single_image image=&#8221;594&#8243; img_size=&#8221;full&#8221; alignment=&#8221;center&#8221; qode_css_animation=&#8221;&#8221;][vc_empty_space height=&#8221;20px&#8221;][vc_column_text]<\/p>\n<h2 style=\"text-align: center;\">Arquitectura Negra ed il Parco Naturale della Sierra Norte (Sierra)<\/h2>\n<p>[\/vc_column_text][vc_empty_space height=&#8221;20px&#8221;][vc_column_text css=&#8221;.vc_custom_1491315611116{padding-right: 5% !important;padding-left: 5% !important;}&#8221;]<\/p>\n<p style=\"text-align: center;\">Nella parte settentrionale della regione troviamo uno dei <strong>tre parchi naturali<\/strong> della provincia di Guadalajara. Una superficie di oltre 125.000 ettari, in cui svettano i <strong>tre picchi pi\u00f9 alti della regione<\/strong>, <strong>il Lobo, il Cebollera e l&#8217;Ocej\u00f3n<\/strong>, e senza dimenticare che qui si trova il faggeto pi\u00f9 a sud di tutto il continente europeo, ovvero <strong>l&#8217;Hayedo de la Tejera Negra<\/strong>.<br \/>\nAl centro di questo grande polmone sono situati alcuni <strong>villaggi denominati Pueblos de la Arquitectura Negra<\/strong>, tra i quali si evidenziano le valli di Majaelrayo e Valverde de los Arroyos. Localit\u00e0 dove<strong> gli edifici<\/strong>, siano essi chiese, case, fienili, silos, <strong>sono costruiti in ardesia<\/strong>, il cui colore nero, caratteristico di questa roccia, ha dato loro questo soprannome. Un&#8217;architettura popolare che si mimetizza con la natura e con paesaggi mozzafiato come <strong>le cascate di Despe\u00f1alagua, con un dislivello di 120 metri.<\/strong><br \/>\nNon possiamo perdere l&#8217;occasione di raccomandare luoghi che troverete nelle vicinanze di questo bellissimo angolo, come Jadraque e il suo castello situato &#8220;<strong>su quella collina pi\u00f9 perfetta del mondo<\/strong>&#8220;, come disse Ortega y Gasset, o Cogolludo con il suo palazzo dei Duchi di Medinaceli, il primo palazzo rinascimentale costruito al di fuori dell&#8217;Italia, o Hiendelaencina, antica cittadina mineraria ai piedi del massiccio dell&#8217;Alto Rey, dove potrete <strong>assaggiare un delizioso cabrito<\/strong>.<\/p>\n<p>[\/vc_column_text][vc_empty_space height=&#8221;20px&#8221;][\/vc_column][vc_column width=&#8221;1\/2&#8243;][\/vc_column][\/vc_row][vc_row row_type=&#8221;row&#8221; use_row_as_full_screen_section=&#8221;no&#8221; type=&#8221;full_width&#8221; angled_section=&#8221;no&#8221; text_align=&#8221;left&#8221; background_image_as_pattern=&#8221;without_pattern&#8221; css_animation=&#8221;&#8221;][vc_column][vc_empty_space height=&#8221;40px&#8221;][\/vc_column][\/vc_row][vc_row row_type=&#8221;row&#8221; use_row_as_full_screen_section=&#8221;no&#8221; type=&#8221;grid&#8221; anchor=&#8221;brands&#8221; angled_section=&#8221;no&#8221; text_align=&#8221;center&#8221; background_image_as_pattern=&#8221;without_pattern&#8221; css_animation=&#8221;&#8221; css=&#8221;.vc_custom_1467717650552{padding-top: 5.5% !important;padding-bottom: 2% !important;}&#8221;][vc_column offset=&#8221;vc_col-lg-offset-2 vc_col-lg-8 vc_col-md-offset-1 vc_col-md-10&#8243; css=&#8221;.vc_custom_1467624580101{padding-right: 8% !important;padding-left: 8% !important;}&#8221;][vc_column_text]<a  itemprop=\"url\" href=\"\/it\/contatti\/\" target=\"_self\" data-hover-background-color=\"#882039\" data-hover-color=\"#d3bbc9\" class=\"qbutton  big_large center default\" style=\"color: #882039; font-style: normal; font-weight: 600; margin: 5px; background-color:#d3bbc9;\">Contattaci<\/a>[\/vc_column_text][vc_empty_space height=&#8221;8px&#8221;][vc_column_text]<a  itemprop=\"url\" href=\"\/lista-delle-guide-turistiche-guadalajara\/?lang=it\" target=\"_self\" data-hover-background-color=\"#882039\" data-hover-color=\"#d3bbc9\" class=\"qbutton  big_large center default\" style=\"color: #882039; font-style: normal; font-weight: 600; margin: 5px; background-color:#d3bbc9;\">Vedere l`elenco di guide turistiche Guadalajara<\/a>[\/vc_column_text][vc_empty_space height=&#8221;8px&#8221;][\/vc_column][\/vc_row][vc_row row_type=&#8221;row&#8221; use_row_as_full_screen_section=&#8221;no&#8221; type=&#8221;grid&#8221; anchor=&#8221;brands&#8221; angled_section=&#8221;no&#8221; text_align=&#8221;center&#8221; background_image_as_pattern=&#8221;without_pattern&#8221; css_animation=&#8221;&#8221; css=&#8221;.vc_custom_1467717650552{padding-top: 5.5% !important;padding-bottom: 2% !important;}&#8221;][vc_column offset=&#8221;vc_col-lg-offset-2 vc_col-lg-8 vc_col-md-offset-1 vc_col-md-10&#8243; css=&#8221;.vc_custom_1467624580101{padding-right: 8% !important;padding-left: 8% !important;}&#8221;][vc_column_text]<\/p>\n<p style=\"text-align: center;\">*Immagini realizzate da Manuel Granado<\/p>\n<p>[\/vc_column_text][vc_empty_space height=&#8221;8px&#8221;][\/vc_column][\/vc_row][vc_row row_type=&#8221;row&#8221; use_row_as_full_screen_section=&#8221;no&#8221; type=&#8221;full_width&#8221; angled_section=&#8221;no&#8221; text_align=&#8221;left&#8221; background_image_as_pattern=&#8221;without_pattern&#8221; css_animation=&#8221;&#8221;][vc_column][vc_empty_space height=&#8221;40px&#8221;][\/vc_column][\/vc_row]<\/p>\n<\/div>","protected":false},"excerpt":{"rendered":"<p>[vc_row row_type=&#8221;row&#8221; use_row_as_full_screen_section=&#8221;no&#8221; type=&#8221;grid&#8221; anchor=&#8221;about&#8221; angled_section=&#8221;no&#8221; text_align=&#8221;center&#8221; background_image_as_pattern=&#8221;without_pattern&#8221; css_animation=&#8221;&#8221; css=&#8221;.vc_custom_1480508287546{padding-top: 2% !important;padding-bottom: 2% !important;}&#8221;][vc_column offset=&#8221;vc_col-lg-offset-2 vc_col-lg-8 vc_col-md-offset-1 vc_col-md-10&#8243; css=&#8221;.vc_custom_1467624556435{padding-right: 8% !important;padding-left: 8% !important;}&#8221;][vc_column_text] GUADALAJARA [\/vc_column_text][vc_empty_space height=&#8221;8px&#8221;][vc_column_text] &#8220;Guadalajara vi affasciner\u00e0! Storia, cultura, il patrimonio, la cucina e la natura si fondono in un modo che render\u00e0&#8230;<\/p>\n","protected":false},"author":1,"featured_media":0,"parent":0,"menu_order":0,"comment_status":"closed","ping_status":"closed","template":"full_width.php","meta":{"footnotes":""},"class_list":["post-915","page","type-page","status-publish","hentry"],"yoast_head":"<!-- This site is optimized with the Yoast SEO plugin v27.3 - https:\/\/yoast.com\/product\/yoast-seo-wordpress\/ -->\n<title>Guadalajara - Gu\u00edas de Castilla la Mancha<\/title>\n<meta name=\"robots\" content=\"index, follow, max-snippet:-1, max-image-preview:large, max-video-preview:-1\" \/>\n<link rel=\"canonical\" href=\"https:\/\/guiascastillalamancha.com\/es\/guadalajara\/\" \/>\n<meta property=\"og:locale\" content=\"it_IT\" \/>\n<meta property=\"og:type\" content=\"article\" \/>\n<meta property=\"og:title\" content=\"Guadalajara - Gu\u00edas de Castilla la Mancha\" \/>\n<meta property=\"og:description\" content=\"[vc_row row_type=&#8221;row&#8221; use_row_as_full_screen_section=&#8221;no&#8221; type=&#8221;grid&#8221; anchor=&#8221;about&#8221; angled_section=&#8221;no&#8221; text_align=&#8221;center&#8221; background_image_as_pattern=&#8221;without_pattern&#8221; css_animation=&#8221;&#8221; css=&#8221;.vc_custom_1480508287546{padding-top: 2% !important;padding-bottom: 2% !important;}&#8221;][vc_column offset=&#8221;vc_col-lg-offset-2 vc_col-lg-8 vc_col-md-offset-1 vc_col-md-10&#8243; css=&#8221;.vc_custom_1467624556435{padding-right: 8% !important;padding-left: 8% !important;}&#8221;][vc_column_text] GUADALAJARA [\/vc_column_text][vc_empty_space height=&#8221;8px&#8221;][vc_column_text] &#8220;Guadalajara vi affasciner\u00e0! Storia, cultura, il patrimonio, la cucina e la natura si fondono in un modo che render\u00e0...\" \/>\n<meta property=\"og:url\" content=\"https:\/\/guiascastillalamancha.com\/es\/guadalajara\/\" \/>\n<meta property=\"og:site_name\" content=\"Gu\u00edas de Castilla la Mancha\" \/>\n<meta property=\"article:modified_time\" content=\"2017-05-20T07:56:28+00:00\" \/>\n<meta name=\"twitter:card\" content=\"summary_large_image\" \/>\n<meta name=\"twitter:label1\" content=\"Tempo di lettura stimato\" \/>\n\t<meta name=\"twitter:data1\" content=\"8 minuti\" \/>\n<script type=\"application\/ld+json\" class=\"yoast-schema-graph\">{\"@context\":\"https:\\\/\\\/schema.org\",\"@graph\":[{\"@type\":\"WebPage\",\"@id\":\"https:\\\/\\\/guiascastillalamancha.com\\\/es\\\/guadalajara\\\/\",\"url\":\"https:\\\/\\\/guiascastillalamancha.com\\\/es\\\/guadalajara\\\/\",\"name\":\"Guadalajara - Gu\u00edas de Castilla la Mancha\",\"isPartOf\":{\"@id\":\"https:\\\/\\\/guiascastillalamancha.com\\\/es\\\/#website\"},\"datePublished\":\"2017-04-04T14:21:49+00:00\",\"dateModified\":\"2017-05-20T07:56:28+00:00\",\"breadcrumb\":{\"@id\":\"https:\\\/\\\/guiascastillalamancha.com\\\/es\\\/guadalajara\\\/#breadcrumb\"},\"inLanguage\":\"it-IT\",\"potentialAction\":[{\"@type\":\"ReadAction\",\"target\":[\"https:\\\/\\\/guiascastillalamancha.com\\\/es\\\/guadalajara\\\/\"]}]},{\"@type\":\"BreadcrumbList\",\"@id\":\"https:\\\/\\\/guiascastillalamancha.com\\\/es\\\/guadalajara\\\/#breadcrumb\",\"itemListElement\":[{\"@type\":\"ListItem\",\"position\":1,\"name\":\"Portada\",\"item\":\"https:\\\/\\\/guiascastillalamancha.com\\\/it\\\/\"},{\"@type\":\"ListItem\",\"position\":2,\"name\":\"Guadalajara\"}]},{\"@type\":\"WebSite\",\"@id\":\"https:\\\/\\\/guiascastillalamancha.com\\\/es\\\/#website\",\"url\":\"https:\\\/\\\/guiascastillalamancha.com\\\/es\\\/\",\"name\":\"Gu\u00edas de Castilla la Mancha\",\"description\":\"Gu\u00edas Tur\u00edsticos para Toledo, Albacete, Ciudad Real, Cuenca y Guadalajara\",\"potentialAction\":[{\"@type\":\"SearchAction\",\"target\":{\"@type\":\"EntryPoint\",\"urlTemplate\":\"https:\\\/\\\/guiascastillalamancha.com\\\/es\\\/?s={search_term_string}\"},\"query-input\":{\"@type\":\"PropertyValueSpecification\",\"valueRequired\":true,\"valueName\":\"search_term_string\"}}],\"inLanguage\":\"it-IT\"}]}<\/script>\n<!-- \/ Yoast SEO plugin. -->","yoast_head_json":{"title":"Guadalajara - Gu\u00edas de Castilla la Mancha","robots":{"index":"index","follow":"follow","max-snippet":"max-snippet:-1","max-image-preview":"max-image-preview:large","max-video-preview":"max-video-preview:-1"},"canonical":"https:\/\/guiascastillalamancha.com\/es\/guadalajara\/","og_locale":"it_IT","og_type":"article","og_title":"Guadalajara - Gu\u00edas de Castilla la Mancha","og_description":"[vc_row row_type=&#8221;row&#8221; use_row_as_full_screen_section=&#8221;no&#8221; type=&#8221;grid&#8221; anchor=&#8221;about&#8221; angled_section=&#8221;no&#8221; text_align=&#8221;center&#8221; background_image_as_pattern=&#8221;without_pattern&#8221; css_animation=&#8221;&#8221; css=&#8221;.vc_custom_1480508287546{padding-top: 2% !important;padding-bottom: 2% !important;}&#8221;][vc_column offset=&#8221;vc_col-lg-offset-2 vc_col-lg-8 vc_col-md-offset-1 vc_col-md-10&#8243; css=&#8221;.vc_custom_1467624556435{padding-right: 8% !important;padding-left: 8% !important;}&#8221;][vc_column_text] GUADALAJARA [\/vc_column_text][vc_empty_space height=&#8221;8px&#8221;][vc_column_text] &#8220;Guadalajara vi affasciner\u00e0! Storia, cultura, il patrimonio, la cucina e la natura si fondono in un modo che render\u00e0...","og_url":"https:\/\/guiascastillalamancha.com\/es\/guadalajara\/","og_site_name":"Gu\u00edas de Castilla la Mancha","article_modified_time":"2017-05-20T07:56:28+00:00","twitter_card":"summary_large_image","twitter_misc":{"Tempo di lettura stimato":"8 minuti"},"schema":{"@context":"https:\/\/schema.org","@graph":[{"@type":"WebPage","@id":"https:\/\/guiascastillalamancha.com\/es\/guadalajara\/","url":"https:\/\/guiascastillalamancha.com\/es\/guadalajara\/","name":"Guadalajara - Gu\u00edas de Castilla la Mancha","isPartOf":{"@id":"https:\/\/guiascastillalamancha.com\/es\/#website"},"datePublished":"2017-04-04T14:21:49+00:00","dateModified":"2017-05-20T07:56:28+00:00","breadcrumb":{"@id":"https:\/\/guiascastillalamancha.com\/es\/guadalajara\/#breadcrumb"},"inLanguage":"it-IT","potentialAction":[{"@type":"ReadAction","target":["https:\/\/guiascastillalamancha.com\/es\/guadalajara\/"]}]},{"@type":"BreadcrumbList","@id":"https:\/\/guiascastillalamancha.com\/es\/guadalajara\/#breadcrumb","itemListElement":[{"@type":"ListItem","position":1,"name":"Portada","item":"https:\/\/guiascastillalamancha.com\/it\/"},{"@type":"ListItem","position":2,"name":"Guadalajara"}]},{"@type":"WebSite","@id":"https:\/\/guiascastillalamancha.com\/es\/#website","url":"https:\/\/guiascastillalamancha.com\/es\/","name":"Gu\u00edas de Castilla la Mancha","description":"Gu\u00edas Tur\u00edsticos para Toledo, Albacete, Ciudad Real, Cuenca y Guadalajara","potentialAction":[{"@type":"SearchAction","target":{"@type":"EntryPoint","urlTemplate":"https:\/\/guiascastillalamancha.com\/es\/?s={search_term_string}"},"query-input":{"@type":"PropertyValueSpecification","valueRequired":true,"valueName":"search_term_string"}}],"inLanguage":"it-IT"}]}},"_links":{"self":[{"href":"https:\/\/guiascastillalamancha.com\/it\/wp-json\/wp\/v2\/pages\/915","targetHints":{"allow":["GET"]}}],"collection":[{"href":"https:\/\/guiascastillalamancha.com\/it\/wp-json\/wp\/v2\/pages"}],"about":[{"href":"https:\/\/guiascastillalamancha.com\/it\/wp-json\/wp\/v2\/types\/page"}],"author":[{"embeddable":true,"href":"https:\/\/guiascastillalamancha.com\/it\/wp-json\/wp\/v2\/users\/1"}],"replies":[{"embeddable":true,"href":"https:\/\/guiascastillalamancha.com\/it\/wp-json\/wp\/v2\/comments?post=915"}],"version-history":[{"count":0,"href":"https:\/\/guiascastillalamancha.com\/it\/wp-json\/wp\/v2\/pages\/915\/revisions"}],"wp:attachment":[{"href":"https:\/\/guiascastillalamancha.com\/it\/wp-json\/wp\/v2\/media?parent=915"}],"curies":[{"name":"wp","href":"https:\/\/api.w.org\/{rel}","templated":true}]}}