{"id":897,"date":"2017-04-04T13:59:12","date_gmt":"2017-04-04T13:59:12","guid":{"rendered":"http:\/\/guiasdetoledo.es\/?page_id=897\/"},"modified":"2017-05-20T07:41:49","modified_gmt":"2017-05-20T07:41:49","slug":"ciudad-real","status":"publish","type":"page","link":"https:\/\/guiascastillalamancha.com\/it\/ciudad-real\/","title":{"rendered":"Ciudad Real"},"content":{"rendered":"<div class=\"wpb-content-wrapper\"><p>[vc_row row_type=&#8221;row&#8221; use_row_as_full_screen_section=&#8221;no&#8221; type=&#8221;grid&#8221; anchor=&#8221;about&#8221; angled_section=&#8221;no&#8221; text_align=&#8221;center&#8221; background_image_as_pattern=&#8221;without_pattern&#8221; css_animation=&#8221;&#8221; css=&#8221;.vc_custom_1480508287546{padding-top: 2% !important;padding-bottom: 2% !important;}&#8221;][vc_column offset=&#8221;vc_col-lg-offset-2 vc_col-lg-8 vc_col-md-offset-1 vc_col-md-10&#8243; css=&#8221;.vc_custom_1467624556435{padding-right: 8% !important;padding-left: 8% !important;}&#8221;][vc_column_text]<\/p>\n<h2 style=\"text-align: center;\">CIUDAD REAL<\/h2>\n<p>[\/vc_column_text][vc_empty_space height=&#8221;8px&#8221;][vc_column_text]<\/p>\n<p style=\"text-align: center;\">La provincia di Ciudad Real \u00e8 molto di pi\u00f9 di quanto si possa immaginare. Sarete stupiti da quei cieli infiniti della Mancia e dalla diversit\u00e0 dei nostri paesaggi: boschi mediterranei, paludi, vaste pianure e colture che vanno a formare mosaici colorati.<br \/>\nVenite a scoprire l&#8217;affascinante urbanistica dei suoi villaggi, i suoi edifici in stile classicista, i siti archeologici, i castelli ed i nostri percorsi cinema e letteratura. Potrete deliziarvi con la cucina della Mancia, che spazia dalla semplicit\u00e0 dei piatti dei contadini e dei pastori ai piatti delicati di selvaggina, sempre accompagnati da vini della Mancia.<br \/>\nVi aiuteremo a progettare il vostro viaggio assecondando le vostre curiosit\u00e0 culturali, culinarie o legate alla natura.<\/p>\n<p style=\"text-align: center;\">Ecco alcuni suggerimenti:<\/p>\n<p>[\/vc_column_text][\/vc_column][\/vc_row][vc_row row_type=&#8221;row&#8221; use_row_as_full_screen_section=&#8221;no&#8221; type=&#8221;full_width&#8221; angled_section=&#8221;no&#8221; text_align=&#8221;left&#8221; background_image_as_pattern=&#8221;without_pattern&#8221; css_animation=&#8221;&#8221;][vc_column][vc_column_text]<\/p>\n<h2 style=\"text-align: center;\">VISITE GUIDATE<\/h2>\n<p>[\/vc_column_text][vc_empty_space height=&#8221;40px&#8221;][\/vc_column][\/vc_row][vc_row row_type=&#8221;row&#8221; use_row_as_full_screen_section=&#8221;yes&#8221; type=&#8221;grid&#8221; angled_section=&#8221;no&#8221; text_align=&#8221;left&#8221; background_image_as_pattern=&#8221;without_pattern&#8221; css_animation=&#8221;&#8221;][vc_column width=&#8221;1\/2&#8243;][vc_single_image image=&#8221;603&#8243; img_size=&#8221;full&#8221; alignment=&#8221;center&#8221; qode_css_animation=&#8221;&#8221;][vc_empty_space height=&#8221;20px&#8221;][vc_column_text]<\/p>\n<h2 style=\"text-align: center;\">Via di Don Chisciotte<\/h2>\n<p>[\/vc_column_text][vc_empty_space height=&#8221;20px&#8221;][vc_column_text css=&#8221;.vc_custom_1491313905250{padding-right: 5% !important;padding-left: 5% !important;}&#8221;]<\/p>\n<p style=\"text-align: center;\">Ti accompagneremo ad evocare le avventure narrate da <strong>Miguel de Cervantes<\/strong> nel <strong>Don Chisciotte<\/strong>, visitando gli stessi luoghi dove don Chisciotte aveva amato, sognato, combattuto e cavalcato in sella al suo Ronzinante.<br \/>\nProgettiamo il percorso migliore in base ai tuoi desideri e alle tue esigenze.<br \/>\nIn Argamasilla de Alba la tradizione ha riconosciuto &#8220;<strong>il luogo della Mancia<\/strong>&#8221; dove <strong>Cervantes sogn\u00f2 l&#8217;avventura di Alonso Quijano<\/strong>. Da l\u00ec si rec\u00f2 a Puerto L\u00e1pice per tentare di farsi nominare cavaliere, a Campo de Criptana per poter vivere le sue avventure contro i giganti della Mancia, e pi\u00f9 tardi nella cittadina di El Toboso in cerca dell&#8217;amore di Dulcinea.<br \/>\nAl <strong>Museo Hidalgo<\/strong> e al <strong>Museo di Don Chisciotte<\/strong> rievocheremo l&#8217;epoca dei cavalieri erranti.<\/p>\n<p>[\/vc_column_text][vc_empty_space height=&#8221;20px&#8221;][\/vc_column][vc_column width=&#8221;1\/2&#8243;][vc_single_image image=&#8221;605&#8243; img_size=&#8221;full&#8221; alignment=&#8221;center&#8221; qode_css_animation=&#8221;&#8221;][vc_empty_space height=&#8221;20px&#8221;][vc_column_text]<\/p>\n<h2 style=\"text-align: center;\">Via dei Cavalieri<\/h2>\n<p>[\/vc_column_text][vc_empty_space height=&#8221;20px&#8221;][vc_column_text css=&#8221;.vc_custom_1491314098075{padding-right: 5% !important;padding-left: 5% !important;}&#8221;]<\/p>\n<p style=\"text-align: center;\">Gli <strong>ordini militari<\/strong> vennero creati nei secoli XII e XIII al fine di conquistare i territori sotto il dominio musulmano. La nostra provincia venne divisa tra <strong>l&#8217;Ordine di Calatrava, Santiago e San Juan<\/strong>.<br \/>\nVillanueva de los Infantes \u00e8 uno dei nostri <strong>villaggi pi\u00f9 belli<\/strong>, con un&#8217;architettura che ci riporter\u00e0 al XVI-XVII sec. \u00c8 un luogo letterario di enorme importanza, perch\u00e9 qui mor\u00ec ed <strong>\u00e8 sepolto il grande scrittore del Secolo D&#8217;Oro: Francisco de Quevedo<\/strong>.<br \/>\nAlmagro fu la capitale dell&#8217;Ordine di Calatrava e nel 2016 \u00e8 stato eletto uno dei &#8220;<strong>borghi pi\u00f9 belli della Spagna<\/strong>&#8220;. Ebbe il suo massimo splendore nel XVI secolo con l&#8217;arrivo dei Fugger, banchieri di Carlos V, i quali contribuirono ad abbellire la citt\u00e0. Inoltre, <strong>Almagro<\/strong> \u00e8 conosciuta come <strong>la citt\u00e0 del teatro<\/strong> per eccellenza, perch\u00e9 vanta <strong>l&#8217;unico &#8220;cortile teatrale&#8221; comico del XVII<\/strong> secolo in Spagna ed il Museo Nazionale del Teatro.<br \/>\nSacro Convento-Castello di Calatrava la Nueva. <strong>La grande fortezza dei cavalieri di Calatrava<\/strong> fu eretta nel XIII secolo per fungere da quartier generale dell&#8217;ordine. La sua chiesa, convento e triplice cinta muraria, <strong>a 900 metri d&#8217;altezza<\/strong>, costituscono <strong>una fortificazione unica<\/strong> da cui godere di <strong>un bellissimo panorama<\/strong> della Sierra Morena e dell&#8217;area vulcanica di Campo de Calatrava.<\/p>\n<p>[\/vc_column_text][vc_empty_space height=&#8221;20px&#8221;][\/vc_column][\/vc_row][vc_row row_type=&#8221;row&#8221; use_row_as_full_screen_section=&#8221;yes&#8221; type=&#8221;grid&#8221; angled_section=&#8221;no&#8221; text_align=&#8221;left&#8221; background_image_as_pattern=&#8221;without_pattern&#8221; css_animation=&#8221;&#8221;][vc_column width=&#8221;1\/2&#8243;][vc_single_image image=&#8221;607&#8243; img_size=&#8221;full&#8221; alignment=&#8221;center&#8221; qode_css_animation=&#8221;&#8221;][vc_empty_space height=&#8221;20px&#8221;][vc_column_text]<\/p>\n<h2 style=\"text-align: center;\">Passeggiate nella natura<\/h2>\n<p>[\/vc_column_text][vc_empty_space height=&#8221;20px&#8221;][vc_column_text css=&#8221;.vc_custom_1491314196802{padding-right: 5% !important;padding-left: 5% !important;}&#8221;]<\/p>\n<p style=\"text-align: center;\">La nostra diversit\u00e0 naturalistica \u00e8 rappresentata da <strong>due parchi nazionali<\/strong> e da due parchi naturali con <strong>pi\u00f9 di 80 aree protette<\/strong>, tra le quali spiccano una <strong>riserva della biosfera<\/strong>, un sito naturale, <strong>e l&#8217;area vulcanica di Campo de Calatrava<\/strong>.<br \/>\n<strong>Il Parco Nazionale di Tablas de Daimiel<\/strong>, in piena pianura della Mancia, ha origine dallo straripamento dei fiumi Guadiana e Cig\u00fcela, e ospita una ricca avifauna e vegetazione autoctona.<br \/>\n<strong>Il Parco Naturale delle Lagune di Ruidera<\/strong> \u00e8 una delle zone umide pi\u00f9 significative di Castiglia-La Mancia. Questo spettacolare paesaggio \u00e8 formato da <strong>una successione di 15 laghetti interconnessi<\/strong> attraverso cascate e ruscelli dai colori diversi.<\/p>\n<p>[\/vc_column_text][vc_empty_space height=&#8221;20px&#8221;][\/vc_column][vc_column width=&#8221;1\/2&#8243;][vc_single_image image=&#8221;608&#8243; img_size=&#8221;full&#8221; alignment=&#8221;center&#8221; qode_css_animation=&#8221;&#8221;][vc_empty_space height=&#8221;20px&#8221;][vc_column_text]<\/p>\n<h2 style=\"text-align: center;\">E molto altro ancora da scoprire &#8230;<\/h2>\n<p>[\/vc_column_text][vc_empty_space height=&#8221;20px&#8221;][vc_column_text css=&#8221;.vc_custom_1491314323443{padding-right: 5% !important;padding-left: 5% !important;}&#8221;]<\/p>\n<p style=\"text-align: center;\">Abbiamo molto da offrire:<\/p>\n<ul>\n<li style=\"text-align: left;\"><strong>Miniere di mercurio di Almad\u00e9n<\/strong>. Dichiarato Patrimonio dell&#8217;Umanit\u00e0 dall&#8217;Unesco.<\/li>\n<li style=\"text-align: left;\"><strong>Palazzo di don \u00c1lvaro de Baz\u00e1n<\/strong>. Palazzo rinascimentale con una spettacolare decorazione di affreschi per oltre 8.000 mq.<\/li>\n<li style=\"text-align: left;\">Abbinamento arena-eremo di Las Virtudes. \u00c8 <strong>la piazza della pi\u00f9 antica arena di Spagna<\/strong>.<\/li>\n<li style=\"text-align: left;\">Torre de Juan Abad. <strong>Casa-Museo de Quevedo<\/strong>. Organo storico.<\/li>\n<li style=\"text-align: left;\">San Carlos del Valle: Piazza barocca di grande bellezza.<\/li>\n<li style=\"text-align: left;\"><strong>Gastronomia<\/strong> attraverso le nostre denominazioni di origine: formaggio, vino, olio, zafferano, melanzane&#8230;..<\/li>\n<li style=\"text-align: left;\"><strong>Siti archeologici<\/strong>: Alarcos, Motilla del Azuer, Cerro de Las Cabezas.<\/li>\n<\/ul>\n<p>[\/vc_column_text][vc_empty_space height=&#8221;20px&#8221;][\/vc_column][\/vc_row][vc_row row_type=&#8221;row&#8221; use_row_as_full_screen_section=&#8221;no&#8221; type=&#8221;full_width&#8221; angled_section=&#8221;no&#8221; text_align=&#8221;left&#8221; background_image_as_pattern=&#8221;without_pattern&#8221; css_animation=&#8221;&#8221;][vc_column][vc_empty_space height=&#8221;40px&#8221;][\/vc_column][\/vc_row][vc_row row_type=&#8221;row&#8221; use_row_as_full_screen_section=&#8221;no&#8221; type=&#8221;grid&#8221; anchor=&#8221;brands&#8221; angled_section=&#8221;no&#8221; text_align=&#8221;center&#8221; background_image_as_pattern=&#8221;without_pattern&#8221; css_animation=&#8221;&#8221; css=&#8221;.vc_custom_1467717650552{padding-top: 5.5% !important;padding-bottom: 2% !important;}&#8221;][vc_column offset=&#8221;vc_col-lg-offset-2 vc_col-lg-8 vc_col-md-offset-1 vc_col-md-10&#8243; css=&#8221;.vc_custom_1467624580101{padding-right: 8% !important;padding-left: 8% !important;}&#8221;][vc_column_text]<a  itemprop=\"url\" href=\"\/it\/contatti\/\" target=\"_self\" data-hover-background-color=\"#882039\" data-hover-color=\"#d3bbc9\" class=\"qbutton  big_large center default\" style=\"color: #882039; font-style: normal; font-weight: 600; margin: 5px; background-color:#d3bbc9;\">Contattaci<\/a>[\/vc_column_text][vc_empty_space height=&#8221;8px&#8221;][vc_column_text]<a  itemprop=\"url\" href=\"\/lista-delle-guide-turistiche-ciudad-real\/?lang=it\" target=\"_self\" data-hover-background-color=\"#882039\" data-hover-color=\"#d3bbc9\" class=\"qbutton  big_large center default\" style=\"color: #882039; font-style: normal; font-weight: 600; margin: 5px; background-color:#d3bbc9;\">Vedere l`elenco di guide turistiche Ciudad Real<\/a>[\/vc_column_text][vc_empty_space height=&#8221;8px&#8221;][\/vc_column][\/vc_row][vc_row row_type=&#8221;row&#8221; use_row_as_full_screen_section=&#8221;no&#8221; type=&#8221;grid&#8221; anchor=&#8221;brands&#8221; angled_section=&#8221;no&#8221; text_align=&#8221;center&#8221; background_image_as_pattern=&#8221;without_pattern&#8221; css_animation=&#8221;&#8221; css=&#8221;.vc_custom_1467717650552{padding-top: 5.5% !important;padding-bottom: 2% !important;}&#8221;][vc_column offset=&#8221;vc_col-lg-offset-2 vc_col-lg-8 vc_col-md-offset-1 vc_col-md-10&#8243; css=&#8221;.vc_custom_1467624580101{padding-right: 8% !important;padding-left: 8% !important;}&#8221;][vc_column_text][\/vc_column_text][vc_empty_space height=&#8221;8px&#8221;][\/vc_column][\/vc_row][vc_row row_type=&#8221;row&#8221; use_row_as_full_screen_section=&#8221;no&#8221; type=&#8221;full_width&#8221; angled_section=&#8221;no&#8221; text_align=&#8221;left&#8221; background_image_as_pattern=&#8221;without_pattern&#8221; css_animation=&#8221;&#8221;][vc_column][vc_empty_space height=&#8221;40px&#8221;][\/vc_column][\/vc_row]<\/p>\n<\/div>","protected":false},"excerpt":{"rendered":"<p>[vc_row row_type=&#8221;row&#8221; use_row_as_full_screen_section=&#8221;no&#8221; type=&#8221;grid&#8221; anchor=&#8221;about&#8221; angled_section=&#8221;no&#8221; text_align=&#8221;center&#8221; background_image_as_pattern=&#8221;without_pattern&#8221; css_animation=&#8221;&#8221; css=&#8221;.vc_custom_1480508287546{padding-top: 2% !important;padding-bottom: 2% !important;}&#8221;][vc_column offset=&#8221;vc_col-lg-offset-2 vc_col-lg-8 vc_col-md-offset-1 vc_col-md-10&#8243; css=&#8221;.vc_custom_1467624556435{padding-right: 8% !important;padding-left: 8% !important;}&#8221;][vc_column_text] CIUDAD REAL [\/vc_column_text][vc_empty_space height=&#8221;8px&#8221;][vc_column_text] La provincia di Ciudad Real \u00e8 molto di pi\u00f9 di quanto si possa immaginare. Sarete stupiti da quei&#8230;<\/p>\n","protected":false},"author":1,"featured_media":0,"parent":0,"menu_order":0,"comment_status":"closed","ping_status":"closed","template":"","meta":{"footnotes":""},"class_list":["post-897","page","type-page","status-publish","hentry"],"yoast_head":"<!-- This site is optimized with the Yoast SEO plugin v27.3 - https:\/\/yoast.com\/product\/yoast-seo-wordpress\/ -->\n<title>Ciudad Real - Gu\u00edas de Castilla la Mancha<\/title>\n<meta name=\"robots\" content=\"index, follow, max-snippet:-1, max-image-preview:large, max-video-preview:-1\" \/>\n<link rel=\"canonical\" href=\"https:\/\/guiascastillalamancha.com\/es\/ciudad-real\/\" \/>\n<meta property=\"og:locale\" content=\"it_IT\" \/>\n<meta property=\"og:type\" content=\"article\" \/>\n<meta property=\"og:title\" content=\"Ciudad Real - Gu\u00edas de Castilla la Mancha\" \/>\n<meta property=\"og:description\" content=\"[vc_row row_type=&#8221;row&#8221; use_row_as_full_screen_section=&#8221;no&#8221; type=&#8221;grid&#8221; anchor=&#8221;about&#8221; angled_section=&#8221;no&#8221; text_align=&#8221;center&#8221; background_image_as_pattern=&#8221;without_pattern&#8221; css_animation=&#8221;&#8221; css=&#8221;.vc_custom_1480508287546{padding-top: 2% !important;padding-bottom: 2% !important;}&#8221;][vc_column offset=&#8221;vc_col-lg-offset-2 vc_col-lg-8 vc_col-md-offset-1 vc_col-md-10&#8243; css=&#8221;.vc_custom_1467624556435{padding-right: 8% !important;padding-left: 8% !important;}&#8221;][vc_column_text] CIUDAD REAL [\/vc_column_text][vc_empty_space height=&#8221;8px&#8221;][vc_column_text] La provincia di Ciudad Real \u00e8 molto di pi\u00f9 di quanto si possa immaginare. Sarete stupiti da quei...\" \/>\n<meta property=\"og:url\" content=\"https:\/\/guiascastillalamancha.com\/es\/ciudad-real\/\" \/>\n<meta property=\"og:site_name\" content=\"Gu\u00edas de Castilla la Mancha\" \/>\n<meta property=\"article:modified_time\" content=\"2017-05-20T07:41:49+00:00\" \/>\n<meta name=\"twitter:card\" content=\"summary_large_image\" \/>\n<meta name=\"twitter:label1\" content=\"Tempo di lettura stimato\" \/>\n\t<meta name=\"twitter:data1\" content=\"7 minuti\" \/>\n<script type=\"application\/ld+json\" class=\"yoast-schema-graph\">{\"@context\":\"https:\\\/\\\/schema.org\",\"@graph\":[{\"@type\":\"WebPage\",\"@id\":\"https:\\\/\\\/guiascastillalamancha.com\\\/es\\\/ciudad-real\\\/\",\"url\":\"https:\\\/\\\/guiascastillalamancha.com\\\/es\\\/ciudad-real\\\/\",\"name\":\"Ciudad Real - Gu\u00edas de Castilla la Mancha\",\"isPartOf\":{\"@id\":\"https:\\\/\\\/guiascastillalamancha.com\\\/es\\\/#website\"},\"datePublished\":\"2017-04-04T13:59:12+00:00\",\"dateModified\":\"2017-05-20T07:41:49+00:00\",\"breadcrumb\":{\"@id\":\"https:\\\/\\\/guiascastillalamancha.com\\\/es\\\/ciudad-real\\\/#breadcrumb\"},\"inLanguage\":\"it-IT\",\"potentialAction\":[{\"@type\":\"ReadAction\",\"target\":[\"https:\\\/\\\/guiascastillalamancha.com\\\/es\\\/ciudad-real\\\/\"]}]},{\"@type\":\"BreadcrumbList\",\"@id\":\"https:\\\/\\\/guiascastillalamancha.com\\\/es\\\/ciudad-real\\\/#breadcrumb\",\"itemListElement\":[{\"@type\":\"ListItem\",\"position\":1,\"name\":\"Portada\",\"item\":\"https:\\\/\\\/guiascastillalamancha.com\\\/it\\\/\"},{\"@type\":\"ListItem\",\"position\":2,\"name\":\"Ciudad Real\"}]},{\"@type\":\"WebSite\",\"@id\":\"https:\\\/\\\/guiascastillalamancha.com\\\/es\\\/#website\",\"url\":\"https:\\\/\\\/guiascastillalamancha.com\\\/es\\\/\",\"name\":\"Gu\u00edas de Castilla la Mancha\",\"description\":\"Gu\u00edas Tur\u00edsticos para Toledo, Albacete, Ciudad Real, Cuenca y Guadalajara\",\"potentialAction\":[{\"@type\":\"SearchAction\",\"target\":{\"@type\":\"EntryPoint\",\"urlTemplate\":\"https:\\\/\\\/guiascastillalamancha.com\\\/es\\\/?s={search_term_string}\"},\"query-input\":{\"@type\":\"PropertyValueSpecification\",\"valueRequired\":true,\"valueName\":\"search_term_string\"}}],\"inLanguage\":\"it-IT\"}]}<\/script>\n<!-- \/ Yoast SEO plugin. -->","yoast_head_json":{"title":"Ciudad Real - Gu\u00edas de Castilla la Mancha","robots":{"index":"index","follow":"follow","max-snippet":"max-snippet:-1","max-image-preview":"max-image-preview:large","max-video-preview":"max-video-preview:-1"},"canonical":"https:\/\/guiascastillalamancha.com\/es\/ciudad-real\/","og_locale":"it_IT","og_type":"article","og_title":"Ciudad Real - Gu\u00edas de Castilla la Mancha","og_description":"[vc_row row_type=&#8221;row&#8221; use_row_as_full_screen_section=&#8221;no&#8221; type=&#8221;grid&#8221; anchor=&#8221;about&#8221; angled_section=&#8221;no&#8221; text_align=&#8221;center&#8221; background_image_as_pattern=&#8221;without_pattern&#8221; css_animation=&#8221;&#8221; css=&#8221;.vc_custom_1480508287546{padding-top: 2% !important;padding-bottom: 2% !important;}&#8221;][vc_column offset=&#8221;vc_col-lg-offset-2 vc_col-lg-8 vc_col-md-offset-1 vc_col-md-10&#8243; css=&#8221;.vc_custom_1467624556435{padding-right: 8% !important;padding-left: 8% !important;}&#8221;][vc_column_text] CIUDAD REAL [\/vc_column_text][vc_empty_space height=&#8221;8px&#8221;][vc_column_text] La provincia di Ciudad Real \u00e8 molto di pi\u00f9 di quanto si possa immaginare. Sarete stupiti da quei...","og_url":"https:\/\/guiascastillalamancha.com\/es\/ciudad-real\/","og_site_name":"Gu\u00edas de Castilla la Mancha","article_modified_time":"2017-05-20T07:41:49+00:00","twitter_card":"summary_large_image","twitter_misc":{"Tempo di lettura stimato":"7 minuti"},"schema":{"@context":"https:\/\/schema.org","@graph":[{"@type":"WebPage","@id":"https:\/\/guiascastillalamancha.com\/es\/ciudad-real\/","url":"https:\/\/guiascastillalamancha.com\/es\/ciudad-real\/","name":"Ciudad Real - Gu\u00edas de Castilla la Mancha","isPartOf":{"@id":"https:\/\/guiascastillalamancha.com\/es\/#website"},"datePublished":"2017-04-04T13:59:12+00:00","dateModified":"2017-05-20T07:41:49+00:00","breadcrumb":{"@id":"https:\/\/guiascastillalamancha.com\/es\/ciudad-real\/#breadcrumb"},"inLanguage":"it-IT","potentialAction":[{"@type":"ReadAction","target":["https:\/\/guiascastillalamancha.com\/es\/ciudad-real\/"]}]},{"@type":"BreadcrumbList","@id":"https:\/\/guiascastillalamancha.com\/es\/ciudad-real\/#breadcrumb","itemListElement":[{"@type":"ListItem","position":1,"name":"Portada","item":"https:\/\/guiascastillalamancha.com\/it\/"},{"@type":"ListItem","position":2,"name":"Ciudad Real"}]},{"@type":"WebSite","@id":"https:\/\/guiascastillalamancha.com\/es\/#website","url":"https:\/\/guiascastillalamancha.com\/es\/","name":"Gu\u00edas de Castilla la Mancha","description":"Gu\u00edas Tur\u00edsticos para Toledo, Albacete, Ciudad Real, Cuenca y Guadalajara","potentialAction":[{"@type":"SearchAction","target":{"@type":"EntryPoint","urlTemplate":"https:\/\/guiascastillalamancha.com\/es\/?s={search_term_string}"},"query-input":{"@type":"PropertyValueSpecification","valueRequired":true,"valueName":"search_term_string"}}],"inLanguage":"it-IT"}]}},"_links":{"self":[{"href":"https:\/\/guiascastillalamancha.com\/it\/wp-json\/wp\/v2\/pages\/897","targetHints":{"allow":["GET"]}}],"collection":[{"href":"https:\/\/guiascastillalamancha.com\/it\/wp-json\/wp\/v2\/pages"}],"about":[{"href":"https:\/\/guiascastillalamancha.com\/it\/wp-json\/wp\/v2\/types\/page"}],"author":[{"embeddable":true,"href":"https:\/\/guiascastillalamancha.com\/it\/wp-json\/wp\/v2\/users\/1"}],"replies":[{"embeddable":true,"href":"https:\/\/guiascastillalamancha.com\/it\/wp-json\/wp\/v2\/comments?post=897"}],"version-history":[{"count":0,"href":"https:\/\/guiascastillalamancha.com\/it\/wp-json\/wp\/v2\/pages\/897\/revisions"}],"wp:attachment":[{"href":"https:\/\/guiascastillalamancha.com\/it\/wp-json\/wp\/v2\/media?parent=897"}],"curies":[{"name":"wp","href":"https:\/\/api.w.org\/{rel}","templated":true}]}}