{"id":875,"date":"2017-04-04T13:35:44","date_gmt":"2017-04-04T13:35:44","guid":{"rendered":"http:\/\/guiasdetoledo.es\/?page_id=875\/"},"modified":"2024-11-09T10:20:37","modified_gmt":"2024-11-09T09:20:37","slug":"iniziazione","status":"publish","type":"page","link":"https:\/\/guiascastillalamancha.com\/it\/","title":{"rendered":"Iniziazione"},"content":{"rendered":"<div class=\"wpb-content-wrapper\"><p>[vc_row css_animation=&#8221;&#8221; row_type=&#8221;row&#8221; use_row_as_full_screen_section=&#8221;no&#8221; type=&#8221;full_width&#8221; angled_section=&#8221;no&#8221; text_align=&#8221;left&#8221; background_image_as_pattern=&#8221;without_pattern&#8221;][vc_column][vc_empty_space height=&#8221;40px&#8221;][\/vc_column][\/vc_row][vc_row css_animation=&#8221;&#8221; row_type=&#8221;row&#8221; use_row_as_full_screen_section=&#8221;no&#8221; type=&#8221;grid&#8221; angled_section=&#8221;no&#8221; text_align=&#8221;center&#8221; background_image_as_pattern=&#8221;without_pattern&#8221; anchor=&#8221;about&#8221; background_color=&#8221;#ffffff&#8221; css=&#8221;.vc_custom_1482413110190{padding-top: 2% !important;padding-bottom: 2% !important;}&#8221;][vc_column offset=&#8221;vc_col-lg-offset-2 vc_col-lg-8 vc_col-md-offset-1 vc_col-md-10&#8243; css=&#8221;.vc_custom_1467624556435{padding-right: 8% !important;padding-left: 8% !important;}&#8221;][vc_column_text]<\/p>\n<h2 style=\"text-align: center;\">Associazione Guide Ufficiali<\/h2>\n<h2 style=\"text-align: center;\">Turismo<\/h2>\n<h2 style=\"text-align: center;\">Castiglia-La Mancia<\/h2>\n<p>[\/vc_column_text][vc_empty_space height=&#8221;8px&#8221;][vc_column_text]L&#8217;Associazione APIT Castiglia-La Mancia riunisce la maggioranza delle guide ufficiali delle varie province della regione con l&#8217;obiettivo principale di accompagnare i visitatori in modo unico e professionale attraverso il nostro ricco patrimonio storico, artistico e architettonico.<\/p>\n<p>Ovunque ci si trovi in Castiglia-La Mancia troverete una guida ufficiale autorizzata e professionale che vi far\u00e0 scoprire in profondit\u00e0 le nostre radici.[\/vc_column_text][\/vc_column][\/vc_row][vc_row css_animation=&#8221;&#8221; row_type=&#8221;row&#8221; use_row_as_full_screen_section=&#8221;no&#8221; type=&#8221;grid&#8221; angled_section=&#8221;no&#8221; text_align=&#8221;left&#8221; background_image_as_pattern=&#8221;without_pattern&#8221;][vc_column width=&#8221;1\/4&#8243;]<div class='q_icon_with_title medium normal_icon center '><div class=\"icon_holder \" style=\" \"><span data-icon-type=\"normal\" data-icon-hover-color=\"#eaeaea\" class=\"qode_iwt_icon_holder q_font_awsome_icon fa-3x  \"><i class=\"qode_icon_font_awesome fa fa-users qode_iwt_icon_element\" style=\"color: #d3bbc9\"><\/i><\/span><\/div><div class=\"icon_text_holder\" style=\"\"><div class=\"icon_text_inner\" style=\"\"><h4 class=\"icon_title\" style=\"\">Guide ufficiali diplomati<\/h4><p style=''><\/p><\/div><\/div><\/div>[vc_empty_space height=&#8221;10px&#8221;][vc_column_text]Tutti i membri della nostra Associazione sono abilitati tramite la licenza di Guida Ufficiale del Turismo, autorizzazione basilare ed indispensabile per poter esercitare la professione.[\/vc_column_text][vc_empty_space height=&#8221;40px&#8221;][\/vc_column][vc_column width=&#8221;1\/4&#8243;]<div class='q_icon_with_title medium normal_icon center '><div class=\"icon_holder \" style=\" \"><span data-icon-type=\"normal\" data-icon-hover-color=\"#eaeaea\" class=\"qode_iwt_icon_holder q_font_awsome_icon fa-3x  \"><i class=\"qode_icon_font_awesome fa fa-hand-o-right qode_iwt_icon_element\" style=\"color: #d3bbc9\"><\/i><\/span><\/div><div class=\"icon_text_holder\" style=\"\"><div class=\"icon_text_inner\" style=\"\"><h4 class=\"icon_title\" style=\"\">Qualit\u00e0 del servizio<\/h4><p style=''><\/p><\/div><\/div><\/div>[vc_empty_space height=&#8221;10px&#8221;][vc_column_text]La formazione accademica di tutti i nostri soci ed i corsi di aggiornamento annuali condotti dall&#8217;Associazione rendono la Qualit\u00e0 del nostro servizio un punto di riferimento a livello nazionale ed una regola per tutti noi.[\/vc_column_text][vc_empty_space height=&#8221;40px&#8221;][\/vc_column][vc_column width=&#8221;1\/4&#8243;]<div class='q_icon_with_title medium normal_icon center '><div class=\"icon_holder \" style=\" \"><span data-icon-type=\"normal\" data-icon-hover-color=\"#eaeaea\" class=\"qode_iwt_icon_holder q_font_awsome_icon fa-3x  \"><i class=\"qode_icon_font_awesome fa fa-arrow-circle-up qode_iwt_icon_element\" style=\"color: #d3bbc9\"><\/i><\/span><\/div><div class=\"icon_text_holder\" style=\"\"><div class=\"icon_text_inner\" style=\"\"><h4 class=\"icon_title\" style=\"\">Esperienza<\/h4><p style=''><\/p><\/div><\/div><\/div>[vc_empty_space height=&#8221;10px&#8221;][vc_column_text]Ci sono pi\u00f9 di 40 anni dietro di noi a sostenerci come Associazione. Se l&#8217;esperienza \u00e8 un valore aggiunto, qui ne abbiamo davvero in gran quantit\u00e0 da integrare al nostro lavoro quotidiano.[\/vc_column_text][vc_empty_space height=&#8221;40px&#8221;][\/vc_column][vc_column width=&#8221;1\/4&#8243;]<div class='q_icon_with_title medium normal_icon center '><div class=\"icon_holder \" style=\" \"><span data-icon-type=\"normal\" data-icon-hover-color=\"#eaeaea\" class=\"qode_iwt_icon_holder q_font_awsome_icon fa-3x  \"><i class=\"qode_icon_font_awesome fa fa-check-circle-o qode_iwt_icon_element\" style=\"color: #d3bbc9\"><\/i><\/span><\/div><div class=\"icon_text_holder\" style=\"\"><div class=\"icon_text_inner\" style=\"\"><h4 class=\"icon_title\" style=\"\">Professionalit\u00e0<\/h4><p style=''><\/p><\/div><\/div><\/div>[vc_empty_space height=&#8221;10px&#8221;][vc_column_text]Dalle visite private alle visite specializzate, passando per gruppi di ogni genere, il nostro sforzo \u00e8 sempre diretta al visitatore, indipendentemente dalla provenienza o dal livello, in modo che possa catturare l&#8217;essenza della citt\u00e0 e di tutti i monumenti che desidera conoscere.<br \/>\n[\/vc_column_text][vc_empty_space height=&#8221;40px&#8221;][\/vc_column][\/vc_row][vc_row css_animation=&#8221;&#8221; row_type=&#8221;row&#8221; use_row_as_full_screen_section=&#8221;no&#8221; type=&#8221;grid&#8221; angled_section=&#8221;no&#8221; text_align=&#8221;left&#8221; background_image_as_pattern=&#8221;without_pattern&#8221;][vc_column][vc_column_text]<\/p>\n<h2 style=\"text-align: center;\">Le nostre visite guidate<\/h2>\n<p>[\/vc_column_text][vc_empty_space height=&#8221;40px&#8221;][vc_column_text]<\/p>\n<p style=\"text-align: center;\">Venite in Castiglia-La Mancia e scopritela! Scoprite i suoi monumenti imponenti, il suo patrimonio storico, i suoi paesaggi naturali, la sua cucina e la sua gente. Immergetevi in una regione piena di ricchezze in maniera accurata, verace, gradevole e professionale con le nostre guide ufficiali!<\/p>\n<p>[\/vc_column_text][vc_empty_space height=&#8221;40px&#8221;][\/vc_column][\/vc_row][vc_row css_animation=&#8221;&#8221; row_type=&#8221;row&#8221; use_row_as_full_screen_section=&#8221;yes&#8221; type=&#8221;grid&#8221; angled_section=&#8221;no&#8221; text_align=&#8221;left&#8221; background_image_as_pattern=&#8221;without_pattern&#8221; css=&#8221;.vc_custom_1480413837433{padding-right: 8% !important;padding-left: 8% !important;}&#8221;][vc_column width=&#8221;1\/3&#8243;][vc_single_image image=&#8221;367&#8243; img_size=&#8221;600&#215;600&#8243; onclick=&#8221;custom_link&#8221; qode_css_animation=&#8221;&#8221; link=&#8221;\/it\/albacete\/&#8221;][vc_empty_space height=&#8221;10px&#8221;][vc_column_text]<\/p>\n<h2 style=\"text-align: center;\">Albacete<\/h2>\n<p>[\/vc_column_text][vc_empty_space height=&#8221;40px&#8221;][\/vc_column][vc_column width=&#8221;1\/3&#8243;][vc_single_image image=&#8221;506&#8243; img_size=&#8221;600&#215;600&#8243; onclick=&#8221;custom_link&#8221; qode_css_animation=&#8221;&#8221; link=&#8221;\/it\/ciudad-real\/&#8221;][vc_empty_space height=&#8221;10px&#8221;][vc_column_text]<\/p>\n<h2 style=\"text-align: center;\">Ciudad Real<\/h2>\n<p>[\/vc_column_text][vc_empty_space height=&#8221;40px&#8221;][\/vc_column][vc_column width=&#8221;1\/3&#8243;][vc_single_image image=&#8221;378&#8243; img_size=&#8221;600&#215;600&#8243; onclick=&#8221;custom_link&#8221; qode_css_animation=&#8221;&#8221; link=&#8221;\/it\/cuenca\/&#8221;][vc_empty_space height=&#8221;10px&#8221;][vc_column_text]<\/p>\n<h2 style=\"text-align: center;\">Cuenca<\/h2>\n<p>[\/vc_column_text][vc_empty_space height=&#8221;40px&#8221;][\/vc_column][\/vc_row][vc_row css_animation=&#8221;&#8221; row_type=&#8221;row&#8221; use_row_as_full_screen_section=&#8221;yes&#8221; type=&#8221;grid&#8221; angled_section=&#8221;no&#8221; text_align=&#8221;left&#8221; background_image_as_pattern=&#8221;without_pattern&#8221; css=&#8221;.vc_custom_1480413837433{padding-right: 8% !important;padding-left: 8% !important;}&#8221;][vc_column width=&#8221;1\/3&#8243;][vc_single_image image=&#8221;371&#8243; img_size=&#8221;600&#215;600&#8243; onclick=&#8221;custom_link&#8221; qode_css_animation=&#8221;&#8221; link=&#8221;\/it\/guadalajara\/&#8221;][vc_empty_space height=&#8221;10px&#8221;][vc_column_text]<\/p>\n<h2 style=\"text-align: center;\">Guadalajara<\/h2>\n<p>[\/vc_column_text][vc_empty_space height=&#8221;40px&#8221;][\/vc_column][vc_column width=&#8221;1\/3&#8243;][vc_single_image image=&#8221;566&#8243; img_size=&#8221;600&#215;600&#8243; onclick=&#8221;custom_link&#8221; qode_css_animation=&#8221;&#8221; link=&#8221;\/it\/toledo\/&#8221;][vc_empty_space height=&#8221;10px&#8221;][vc_column_text]<\/p>\n<h2 style=\"text-align: center;\">Toledo<\/h2>\n<p>[\/vc_column_text][vc_empty_space height=&#8221;40px&#8221;][\/vc_column][vc_column width=&#8221;1\/3&#8243;][vc_single_image image=&#8221;368&#8243; img_size=&#8221;600&#215;600&#8243; qode_css_animation=&#8221;&#8221;][vc_empty_space height=&#8221;10px&#8221;][vc_column_text]<\/p>\n<h2 style=\"text-align: center;\">La Mancha<\/h2>\n<p>[\/vc_column_text][vc_empty_space height=&#8221;40px&#8221;][\/vc_column][\/vc_row][vc_row css_animation=&#8221;&#8221; row_type=&#8221;row&#8221; use_row_as_full_screen_section=&#8221;no&#8221; type=&#8221;full_width&#8221; angled_section=&#8221;no&#8221; text_align=&#8221;left&#8221; background_image_as_pattern=&#8221;without_pattern&#8221;][vc_column][vc_empty_space height=&#8221;40px&#8221;][\/vc_column][\/vc_row]<\/p>\n<\/div>","protected":false},"excerpt":{"rendered":"<p>[vc_row css_animation=&#8221;&#8221; row_type=&#8221;row&#8221; use_row_as_full_screen_section=&#8221;no&#8221; type=&#8221;full_width&#8221; angled_section=&#8221;no&#8221; text_align=&#8221;left&#8221; background_image_as_pattern=&#8221;without_pattern&#8221;][vc_column][vc_empty_space height=&#8221;40px&#8221;][\/vc_column][\/vc_row][vc_row css_animation=&#8221;&#8221; row_type=&#8221;row&#8221; use_row_as_full_screen_section=&#8221;no&#8221; type=&#8221;grid&#8221; angled_section=&#8221;no&#8221; text_align=&#8221;center&#8221; background_image_as_pattern=&#8221;without_pattern&#8221; anchor=&#8221;about&#8221; background_color=&#8221;#ffffff&#8221; css=&#8221;.vc_custom_1482413110190{padding-top: 2% !important;padding-bottom: 2% !important;}&#8221;][vc_column offset=&#8221;vc_col-lg-offset-2 vc_col-lg-8 vc_col-md-offset-1 vc_col-md-10&#8243; css=&#8221;.vc_custom_1467624556435{padding-right: 8% !important;padding-left: 8% !important;}&#8221;][vc_column_text] Associazione Guide Ufficiali Turismo Castiglia-La Mancia [\/vc_column_text][vc_empty_space height=&#8221;8px&#8221;][vc_column_text]L&#8217;Associazione APIT Castiglia-La Mancia riunisce la&#8230;<\/p>\n","protected":false},"author":1,"featured_media":0,"parent":0,"menu_order":0,"comment_status":"closed","ping_status":"closed","template":"full_width.php","meta":{"footnotes":""},"class_list":["post-875","page","type-page","status-publish","hentry"],"yoast_head":"<!-- This site is optimized with the Yoast SEO plugin v27.3 - https:\/\/yoast.com\/product\/yoast-seo-wordpress\/ -->\n<title>Iniziazione - Gu\u00edas de Castilla la Mancha<\/title>\n<meta name=\"robots\" content=\"index, follow, max-snippet:-1, max-image-preview:large, max-video-preview:-1\" \/>\n<link rel=\"canonical\" href=\"https:\/\/guiascastillalamancha.com\/it\/\" \/>\n<meta property=\"og:locale\" content=\"it_IT\" \/>\n<meta property=\"og:type\" content=\"article\" \/>\n<meta property=\"og:title\" content=\"Iniziazione - Gu\u00edas de Castilla la Mancha\" \/>\n<meta property=\"og:description\" content=\"[vc_row css_animation=&#8221;&#8221; row_type=&#8221;row&#8221; use_row_as_full_screen_section=&#8221;no&#8221; type=&#8221;full_width&#8221; angled_section=&#8221;no&#8221; text_align=&#8221;left&#8221; background_image_as_pattern=&#8221;without_pattern&#8221;][vc_column][vc_empty_space height=&#8221;40px&#8221;][\/vc_column][\/vc_row][vc_row css_animation=&#8221;&#8221; row_type=&#8221;row&#8221; use_row_as_full_screen_section=&#8221;no&#8221; type=&#8221;grid&#8221; angled_section=&#8221;no&#8221; text_align=&#8221;center&#8221; background_image_as_pattern=&#8221;without_pattern&#8221; anchor=&#8221;about&#8221; background_color=&#8221;#ffffff&#8221; css=&#8221;.vc_custom_1482413110190{padding-top: 2% !important;padding-bottom: 2% !important;}&#8221;][vc_column offset=&#8221;vc_col-lg-offset-2 vc_col-lg-8 vc_col-md-offset-1 vc_col-md-10&#8243; css=&#8221;.vc_custom_1467624556435{padding-right: 8% !important;padding-left: 8% !important;}&#8221;][vc_column_text] Associazione Guide Ufficiali Turismo Castiglia-La Mancia [\/vc_column_text][vc_empty_space height=&#8221;8px&#8221;][vc_column_text]L&#8217;Associazione APIT Castiglia-La Mancia riunisce la...\" \/>\n<meta property=\"og:url\" content=\"https:\/\/guiascastillalamancha.com\/it\/\" \/>\n<meta property=\"og:site_name\" content=\"Gu\u00edas de Castilla la Mancha\" \/>\n<meta property=\"article:modified_time\" content=\"2024-11-09T09:20:37+00:00\" \/>\n<meta name=\"twitter:card\" content=\"summary_large_image\" \/>\n<meta name=\"twitter:label1\" content=\"Tempo di lettura stimato\" \/>\n\t<meta name=\"twitter:data1\" content=\"3 minuti\" \/>\n<script type=\"application\/ld+json\" class=\"yoast-schema-graph\">{\"@context\":\"https:\\\/\\\/schema.org\",\"@graph\":[{\"@type\":\"WebPage\",\"@id\":\"https:\\\/\\\/guiascastillalamancha.com\\\/it\\\/\",\"url\":\"https:\\\/\\\/guiascastillalamancha.com\\\/it\\\/\",\"name\":\"Iniziazione - Gu\u00edas de Castilla la Mancha\",\"isPartOf\":{\"@id\":\"https:\\\/\\\/guiascastillalamancha.com\\\/es\\\/#website\"},\"datePublished\":\"2017-04-04T13:35:44+00:00\",\"dateModified\":\"2024-11-09T09:20:37+00:00\",\"breadcrumb\":{\"@id\":\"https:\\\/\\\/guiascastillalamancha.com\\\/it\\\/#breadcrumb\"},\"inLanguage\":\"it-IT\",\"potentialAction\":[{\"@type\":\"ReadAction\",\"target\":[\"https:\\\/\\\/guiascastillalamancha.com\\\/it\\\/\"]}]},{\"@type\":\"BreadcrumbList\",\"@id\":\"https:\\\/\\\/guiascastillalamancha.com\\\/it\\\/#breadcrumb\",\"itemListElement\":[{\"@type\":\"ListItem\",\"position\":1,\"name\":\"Portada\",\"item\":\"https:\\\/\\\/guiascastillalamancha.com\\\/it\\\/\"},{\"@type\":\"ListItem\",\"position\":2,\"name\":\"Iniziazione\"}]},{\"@type\":\"WebSite\",\"@id\":\"https:\\\/\\\/guiascastillalamancha.com\\\/es\\\/#website\",\"url\":\"https:\\\/\\\/guiascastillalamancha.com\\\/es\\\/\",\"name\":\"Gu\u00edas de Castilla la Mancha\",\"description\":\"Gu\u00edas Tur\u00edsticos para Toledo, Albacete, Ciudad Real, Cuenca y Guadalajara\",\"potentialAction\":[{\"@type\":\"SearchAction\",\"target\":{\"@type\":\"EntryPoint\",\"urlTemplate\":\"https:\\\/\\\/guiascastillalamancha.com\\\/es\\\/?s={search_term_string}\"},\"query-input\":{\"@type\":\"PropertyValueSpecification\",\"valueRequired\":true,\"valueName\":\"search_term_string\"}}],\"inLanguage\":\"it-IT\"}]}<\/script>\n<!-- \/ Yoast SEO plugin. -->","yoast_head_json":{"title":"Iniziazione - Gu\u00edas de Castilla la Mancha","robots":{"index":"index","follow":"follow","max-snippet":"max-snippet:-1","max-image-preview":"max-image-preview:large","max-video-preview":"max-video-preview:-1"},"canonical":"https:\/\/guiascastillalamancha.com\/it\/","og_locale":"it_IT","og_type":"article","og_title":"Iniziazione - Gu\u00edas de Castilla la Mancha","og_description":"[vc_row css_animation=&#8221;&#8221; row_type=&#8221;row&#8221; use_row_as_full_screen_section=&#8221;no&#8221; type=&#8221;full_width&#8221; angled_section=&#8221;no&#8221; text_align=&#8221;left&#8221; background_image_as_pattern=&#8221;without_pattern&#8221;][vc_column][vc_empty_space height=&#8221;40px&#8221;][\/vc_column][\/vc_row][vc_row css_animation=&#8221;&#8221; row_type=&#8221;row&#8221; use_row_as_full_screen_section=&#8221;no&#8221; type=&#8221;grid&#8221; angled_section=&#8221;no&#8221; text_align=&#8221;center&#8221; background_image_as_pattern=&#8221;without_pattern&#8221; anchor=&#8221;about&#8221; background_color=&#8221;#ffffff&#8221; css=&#8221;.vc_custom_1482413110190{padding-top: 2% !important;padding-bottom: 2% !important;}&#8221;][vc_column offset=&#8221;vc_col-lg-offset-2 vc_col-lg-8 vc_col-md-offset-1 vc_col-md-10&#8243; css=&#8221;.vc_custom_1467624556435{padding-right: 8% !important;padding-left: 8% !important;}&#8221;][vc_column_text] Associazione Guide Ufficiali Turismo Castiglia-La Mancia [\/vc_column_text][vc_empty_space height=&#8221;8px&#8221;][vc_column_text]L&#8217;Associazione APIT Castiglia-La Mancia riunisce la...","og_url":"https:\/\/guiascastillalamancha.com\/it\/","og_site_name":"Gu\u00edas de Castilla la Mancha","article_modified_time":"2024-11-09T09:20:37+00:00","twitter_card":"summary_large_image","twitter_misc":{"Tempo di lettura stimato":"3 minuti"},"schema":{"@context":"https:\/\/schema.org","@graph":[{"@type":"WebPage","@id":"https:\/\/guiascastillalamancha.com\/it\/","url":"https:\/\/guiascastillalamancha.com\/it\/","name":"Iniziazione - Gu\u00edas de Castilla la Mancha","isPartOf":{"@id":"https:\/\/guiascastillalamancha.com\/es\/#website"},"datePublished":"2017-04-04T13:35:44+00:00","dateModified":"2024-11-09T09:20:37+00:00","breadcrumb":{"@id":"https:\/\/guiascastillalamancha.com\/it\/#breadcrumb"},"inLanguage":"it-IT","potentialAction":[{"@type":"ReadAction","target":["https:\/\/guiascastillalamancha.com\/it\/"]}]},{"@type":"BreadcrumbList","@id":"https:\/\/guiascastillalamancha.com\/it\/#breadcrumb","itemListElement":[{"@type":"ListItem","position":1,"name":"Portada","item":"https:\/\/guiascastillalamancha.com\/it\/"},{"@type":"ListItem","position":2,"name":"Iniziazione"}]},{"@type":"WebSite","@id":"https:\/\/guiascastillalamancha.com\/es\/#website","url":"https:\/\/guiascastillalamancha.com\/es\/","name":"Gu\u00edas de Castilla la Mancha","description":"Gu\u00edas Tur\u00edsticos para Toledo, Albacete, Ciudad Real, Cuenca y Guadalajara","potentialAction":[{"@type":"SearchAction","target":{"@type":"EntryPoint","urlTemplate":"https:\/\/guiascastillalamancha.com\/es\/?s={search_term_string}"},"query-input":{"@type":"PropertyValueSpecification","valueRequired":true,"valueName":"search_term_string"}}],"inLanguage":"it-IT"}]}},"_links":{"self":[{"href":"https:\/\/guiascastillalamancha.com\/it\/wp-json\/wp\/v2\/pages\/875","targetHints":{"allow":["GET"]}}],"collection":[{"href":"https:\/\/guiascastillalamancha.com\/it\/wp-json\/wp\/v2\/pages"}],"about":[{"href":"https:\/\/guiascastillalamancha.com\/it\/wp-json\/wp\/v2\/types\/page"}],"author":[{"embeddable":true,"href":"https:\/\/guiascastillalamancha.com\/it\/wp-json\/wp\/v2\/users\/1"}],"replies":[{"embeddable":true,"href":"https:\/\/guiascastillalamancha.com\/it\/wp-json\/wp\/v2\/comments?post=875"}],"version-history":[{"count":0,"href":"https:\/\/guiascastillalamancha.com\/it\/wp-json\/wp\/v2\/pages\/875\/revisions"}],"wp:attachment":[{"href":"https:\/\/guiascastillalamancha.com\/it\/wp-json\/wp\/v2\/media?parent=875"}],"curies":[{"name":"wp","href":"https:\/\/api.w.org\/{rel}","templated":true}]}}