{"id":1218,"date":"2017-05-18T07:36:42","date_gmt":"2017-05-18T07:36:42","guid":{"rendered":"http:\/\/guiasdetoledo.es\/?page_id=1218"},"modified":"2025-11-17T16:42:07","modified_gmt":"2025-11-17T15:42:07","slug":"lista-delle-guide-turistiche-ciudad-real","status":"publish","type":"page","link":"https:\/\/guiascastillalamancha.com\/it\/lista-delle-guide-turistiche-ciudad-real\/","title":{"rendered":"Lista delle guide turistiche Ciudad Real"},"content":{"rendered":"<div class=\"wpb-content-wrapper\"><p>[vc_row css_animation=&#8221;&#8221; row_type=&#8221;row&#8221; use_row_as_full_screen_section=&#8221;no&#8221; type=&#8221;grid&#8221; angled_section=&#8221;no&#8221; text_align=&#8221;left&#8221; background_image_as_pattern=&#8221;without_pattern&#8221;][vc_column][vc_empty_space][vc_column_text]<\/p>\n<h2 style=\"text-align: center;\"><span class=\"im\">Lista delle guide turistiche\u00a0<\/span>Ciudad Real<\/h2>\n<p>[\/vc_column_text][vc_empty_space][\/vc_column][\/vc_row][vc_row css_animation=&#8221;&#8221; row_type=&#8221;row&#8221; use_row_as_full_screen_section=&#8221;no&#8221; type=&#8221;full_width&#8221; angled_section=&#8221;no&#8221; text_align=&#8221;left&#8221; background_image_as_pattern=&#8221;without_pattern&#8221;][vc_column width=&#8221;1\/6&#8243;][\/vc_column][vc_column width=&#8221;1\/6&#8243;][vc_column_text]<\/p>\n<h4>L\u00f3pez de Lerma Morales, Cristina<\/h4>\n<p>[\/vc_column_text][\/vc_column][vc_column width=&#8221;1\/6&#8243;][vc_column_text]0034 649 493 723[\/vc_column_text][\/vc_column][vc_column width=&#8221;1\/6&#8243;][vc_column_text]<span style=\"color: #000000;\"><a class=\"staff-member-email\" style=\"color: #000000;\" title=\"Email L\u00f3pez de Lerma Morales, Cristina (Ciudad Real)\" href=\"mailto:clolemo@libero.it\">clolemo@libero.it<\/a><\/span>[\/vc_column_text][\/vc_column][vc_column width=&#8221;1\/6&#8243;][vc_column_text]<img loading=\"lazy\" decoding=\"async\" class=\"alignnone\" title=\"Espa\u00f1ol\" src=\"http:\/\/guiasdecastillalamancha.com\/wp-content\/uploads\/2017\/05\/Spain.png\" width=\"34\" height=\"34\" \/>\u00a0<img loading=\"lazy\" decoding=\"async\" class=\"\" title=\"Ingl\u00e9s\" src=\"http:\/\/guiasdecastillalamancha.com\/wp-content\/uploads\/2017\/05\/United-Kingdom.png\" width=\"34\" height=\"34\" \/>\u00a0<img loading=\"lazy\" decoding=\"async\" class=\"\" title=\"Franc\u00e9s\" src=\"http:\/\/guiasdecastillalamancha.com\/wp-content\/uploads\/2017\/05\/France.png\" width=\"34\" height=\"34\" \/>\u00a0<img loading=\"lazy\" decoding=\"async\" class=\"\" title=\"Italiano\" src=\"http:\/\/guiasdecastillalamancha.com\/wp-content\/uploads\/2017\/05\/Italy.png\" width=\"34\" height=\"34\" \/>[\/vc_column_text][\/vc_column][vc_column width=&#8221;1\/6&#8243;][\/vc_column][\/vc_row][vc_row css_animation=&#8221;&#8221; row_type=&#8221;row&#8221; use_row_as_full_screen_section=&#8221;no&#8221; type=&#8221;grid&#8221; angled_section=&#8221;no&#8221; text_align=&#8221;left&#8221; background_image_as_pattern=&#8221;without_pattern&#8221;][vc_column][vc_empty_space][vc_empty_space][\/vc_column][\/vc_row][vc_row css_animation=&#8221;&#8221; row_type=&#8221;row&#8221; use_row_as_full_screen_section=&#8221;no&#8221; type=&#8221;full_width&#8221; angled_section=&#8221;no&#8221; text_align=&#8221;left&#8221; background_image_as_pattern=&#8221;without_pattern&#8221;][vc_column][vc_column_text]<\/p>\n<h4><\/h4>\n<p>[\/vc_column_text][\/vc_column][\/vc_row]<\/p>\n<\/div>","protected":false},"excerpt":{"rendered":"<p>[vc_row css_animation=&#8221;&#8221; row_type=&#8221;row&#8221; use_row_as_full_screen_section=&#8221;no&#8221; type=&#8221;grid&#8221; angled_section=&#8221;no&#8221; text_align=&#8221;left&#8221; background_image_as_pattern=&#8221;without_pattern&#8221;][vc_column][vc_empty_space][vc_column_text] Lista delle guide turistiche\u00a0Ciudad Real [\/vc_column_text][vc_empty_space][\/vc_column][\/vc_row][vc_row css_animation=&#8221;&#8221; row_type=&#8221;row&#8221; use_row_as_full_screen_section=&#8221;no&#8221; type=&#8221;full_width&#8221; angled_section=&#8221;no&#8221; text_align=&#8221;left&#8221; background_image_as_pattern=&#8221;without_pattern&#8221;][vc_column width=&#8221;1\/6&#8243;][\/vc_column][vc_column width=&#8221;1\/6&#8243;][vc_column_text] L\u00f3pez de Lerma Morales, Cristina [\/vc_column_text][\/vc_column][vc_column width=&#8221;1\/6&#8243;][vc_column_text]0034 649 493 723[\/vc_column_text][\/vc_column][vc_column width=&#8221;1\/6&#8243;][vc_column_text]clolemo@libero.it[\/vc_column_text][\/vc_column][vc_column width=&#8221;1\/6&#8243;][vc_column_text]\u00a0\u00a0\u00a0[\/vc_column_text][\/vc_column][vc_column width=&#8221;1\/6&#8243;][\/vc_column][\/vc_row][vc_row css_animation=&#8221;&#8221; row_type=&#8221;row&#8221; use_row_as_full_screen_section=&#8221;no&#8221; type=&#8221;grid&#8221; angled_section=&#8221;no&#8221; text_align=&#8221;left&#8221; background_image_as_pattern=&#8221;without_pattern&#8221;][vc_column][vc_empty_space][vc_empty_space][\/vc_column][\/vc_row][vc_row css_animation=&#8221;&#8221; row_type=&#8221;row&#8221;&#8230;<\/p>\n","protected":false},"author":3,"featured_media":0,"parent":0,"menu_order":0,"comment_status":"closed","ping_status":"closed","template":"full_width.php","meta":{"footnotes":""},"class_list":["post-1218","page","type-page","status-publish","hentry"],"yoast_head":"<!-- This site is optimized with the Yoast SEO plugin v27.3 - https:\/\/yoast.com\/product\/yoast-seo-wordpress\/ -->\n<title>Lista delle guide turistiche Ciudad Real - Gu\u00edas de Castilla la Mancha<\/title>\n<meta name=\"robots\" content=\"index, follow, max-snippet:-1, max-image-preview:large, max-video-preview:-1\" \/>\n<link rel=\"canonical\" href=\"https:\/\/guiascastillalamancha.com\/it\/lista-delle-guide-turistiche-ciudad-real\/\" \/>\n<meta property=\"og:locale\" content=\"it_IT\" \/>\n<meta property=\"og:type\" content=\"article\" \/>\n<meta property=\"og:title\" content=\"Lista delle guide turistiche Ciudad Real - Gu\u00edas de Castilla la Mancha\" \/>\n<meta property=\"og:description\" content=\"[vc_row css_animation=&#8221;&#8221; row_type=&#8221;row&#8221; use_row_as_full_screen_section=&#8221;no&#8221; type=&#8221;grid&#8221; angled_section=&#8221;no&#8221; text_align=&#8221;left&#8221; background_image_as_pattern=&#8221;without_pattern&#8221;][vc_column][vc_empty_space][vc_column_text] Lista delle guide turistiche\u00a0Ciudad Real [\/vc_column_text][vc_empty_space][\/vc_column][\/vc_row][vc_row css_animation=&#8221;&#8221; row_type=&#8221;row&#8221; use_row_as_full_screen_section=&#8221;no&#8221; type=&#8221;full_width&#8221; angled_section=&#8221;no&#8221; text_align=&#8221;left&#8221; background_image_as_pattern=&#8221;without_pattern&#8221;][vc_column width=&#8221;1\/6&#8243;][\/vc_column][vc_column width=&#8221;1\/6&#8243;][vc_column_text] L\u00f3pez de Lerma Morales, Cristina [\/vc_column_text][\/vc_column][vc_column width=&#8221;1\/6&#8243;][vc_column_text]0034 649 493 723[\/vc_column_text][\/vc_column][vc_column width=&#8221;1\/6&#8243;][vc_column_text]clolemo@libero.it[\/vc_column_text][\/vc_column][vc_column width=&#8221;1\/6&#8243;][vc_column_text]\u00a0\u00a0\u00a0[\/vc_column_text][\/vc_column][vc_column width=&#8221;1\/6&#8243;][\/vc_column][\/vc_row][vc_row css_animation=&#8221;&#8221; row_type=&#8221;row&#8221; use_row_as_full_screen_section=&#8221;no&#8221; type=&#8221;grid&#8221; angled_section=&#8221;no&#8221; text_align=&#8221;left&#8221; background_image_as_pattern=&#8221;without_pattern&#8221;][vc_column][vc_empty_space][vc_empty_space][\/vc_column][\/vc_row][vc_row css_animation=&#8221;&#8221; row_type=&#8221;row&#8221;...\" \/>\n<meta property=\"og:url\" content=\"https:\/\/guiascastillalamancha.com\/it\/lista-delle-guide-turistiche-ciudad-real\/\" \/>\n<meta property=\"og:site_name\" content=\"Gu\u00edas de Castilla la Mancha\" \/>\n<meta property=\"article:modified_time\" content=\"2025-11-17T15:42:07+00:00\" \/>\n<meta property=\"og:image\" content=\"http:\/\/guiasdecastillalamancha.com\/wp-content\/uploads\/2017\/05\/Spain.png\" \/>\n<meta name=\"twitter:card\" content=\"summary_large_image\" \/>\n<meta name=\"twitter:label1\" content=\"Tempo di lettura stimato\" \/>\n\t<meta name=\"twitter:data1\" content=\"2 minuti\" \/>\n<script type=\"application\/ld+json\" class=\"yoast-schema-graph\">{\"@context\":\"https:\\\/\\\/schema.org\",\"@graph\":[{\"@type\":\"WebPage\",\"@id\":\"https:\\\/\\\/guiascastillalamancha.com\\\/it\\\/lista-delle-guide-turistiche-ciudad-real\\\/\",\"url\":\"https:\\\/\\\/guiascastillalamancha.com\\\/it\\\/lista-delle-guide-turistiche-ciudad-real\\\/\",\"name\":\"Lista delle guide turistiche Ciudad Real - Gu\u00edas de Castilla la Mancha\",\"isPartOf\":{\"@id\":\"https:\\\/\\\/guiascastillalamancha.com\\\/es\\\/#website\"},\"primaryImageOfPage\":{\"@id\":\"https:\\\/\\\/guiascastillalamancha.com\\\/it\\\/lista-delle-guide-turistiche-ciudad-real\\\/#primaryimage\"},\"image\":{\"@id\":\"https:\\\/\\\/guiascastillalamancha.com\\\/it\\\/lista-delle-guide-turistiche-ciudad-real\\\/#primaryimage\"},\"thumbnailUrl\":\"http:\\\/\\\/guiasdecastillalamancha.com\\\/wp-content\\\/uploads\\\/2017\\\/05\\\/Spain.png\",\"datePublished\":\"2017-05-18T07:36:42+00:00\",\"dateModified\":\"2025-11-17T15:42:07+00:00\",\"breadcrumb\":{\"@id\":\"https:\\\/\\\/guiascastillalamancha.com\\\/it\\\/lista-delle-guide-turistiche-ciudad-real\\\/#breadcrumb\"},\"inLanguage\":\"it-IT\",\"potentialAction\":[{\"@type\":\"ReadAction\",\"target\":[\"https:\\\/\\\/guiascastillalamancha.com\\\/it\\\/lista-delle-guide-turistiche-ciudad-real\\\/\"]}]},{\"@type\":\"ImageObject\",\"inLanguage\":\"it-IT\",\"@id\":\"https:\\\/\\\/guiascastillalamancha.com\\\/it\\\/lista-delle-guide-turistiche-ciudad-real\\\/#primaryimage\",\"url\":\"http:\\\/\\\/guiasdecastillalamancha.com\\\/wp-content\\\/uploads\\\/2017\\\/05\\\/Spain.png\",\"contentUrl\":\"http:\\\/\\\/guiasdecastillalamancha.com\\\/wp-content\\\/uploads\\\/2017\\\/05\\\/Spain.png\"},{\"@type\":\"BreadcrumbList\",\"@id\":\"https:\\\/\\\/guiascastillalamancha.com\\\/it\\\/lista-delle-guide-turistiche-ciudad-real\\\/#breadcrumb\",\"itemListElement\":[{\"@type\":\"ListItem\",\"position\":1,\"name\":\"Portada\",\"item\":\"https:\\\/\\\/guiascastillalamancha.com\\\/it\\\/\"},{\"@type\":\"ListItem\",\"position\":2,\"name\":\"Lista delle guide turistiche Ciudad Real\"}]},{\"@type\":\"WebSite\",\"@id\":\"https:\\\/\\\/guiascastillalamancha.com\\\/es\\\/#website\",\"url\":\"https:\\\/\\\/guiascastillalamancha.com\\\/es\\\/\",\"name\":\"Gu\u00edas de Castilla la Mancha\",\"description\":\"Gu\u00edas Tur\u00edsticos para Toledo, Albacete, Ciudad Real, Cuenca y Guadalajara\",\"potentialAction\":[{\"@type\":\"SearchAction\",\"target\":{\"@type\":\"EntryPoint\",\"urlTemplate\":\"https:\\\/\\\/guiascastillalamancha.com\\\/es\\\/?s={search_term_string}\"},\"query-input\":{\"@type\":\"PropertyValueSpecification\",\"valueRequired\":true,\"valueName\":\"search_term_string\"}}],\"inLanguage\":\"it-IT\"}]}<\/script>\n<!-- \/ Yoast SEO plugin. -->","yoast_head_json":{"title":"Lista delle guide turistiche Ciudad Real - Gu\u00edas de Castilla la Mancha","robots":{"index":"index","follow":"follow","max-snippet":"max-snippet:-1","max-image-preview":"max-image-preview:large","max-video-preview":"max-video-preview:-1"},"canonical":"https:\/\/guiascastillalamancha.com\/it\/lista-delle-guide-turistiche-ciudad-real\/","og_locale":"it_IT","og_type":"article","og_title":"Lista delle guide turistiche Ciudad Real - Gu\u00edas de Castilla la Mancha","og_description":"[vc_row css_animation=&#8221;&#8221; row_type=&#8221;row&#8221; use_row_as_full_screen_section=&#8221;no&#8221; type=&#8221;grid&#8221; angled_section=&#8221;no&#8221; text_align=&#8221;left&#8221; background_image_as_pattern=&#8221;without_pattern&#8221;][vc_column][vc_empty_space][vc_column_text] Lista delle guide turistiche\u00a0Ciudad Real [\/vc_column_text][vc_empty_space][\/vc_column][\/vc_row][vc_row css_animation=&#8221;&#8221; row_type=&#8221;row&#8221; use_row_as_full_screen_section=&#8221;no&#8221; type=&#8221;full_width&#8221; angled_section=&#8221;no&#8221; text_align=&#8221;left&#8221; background_image_as_pattern=&#8221;without_pattern&#8221;][vc_column width=&#8221;1\/6&#8243;][\/vc_column][vc_column width=&#8221;1\/6&#8243;][vc_column_text] L\u00f3pez de Lerma Morales, Cristina [\/vc_column_text][\/vc_column][vc_column width=&#8221;1\/6&#8243;][vc_column_text]0034 649 493 723[\/vc_column_text][\/vc_column][vc_column width=&#8221;1\/6&#8243;][vc_column_text]clolemo@libero.it[\/vc_column_text][\/vc_column][vc_column width=&#8221;1\/6&#8243;][vc_column_text]\u00a0\u00a0\u00a0[\/vc_column_text][\/vc_column][vc_column width=&#8221;1\/6&#8243;][\/vc_column][\/vc_row][vc_row css_animation=&#8221;&#8221; row_type=&#8221;row&#8221; use_row_as_full_screen_section=&#8221;no&#8221; type=&#8221;grid&#8221; angled_section=&#8221;no&#8221; text_align=&#8221;left&#8221; background_image_as_pattern=&#8221;without_pattern&#8221;][vc_column][vc_empty_space][vc_empty_space][\/vc_column][\/vc_row][vc_row css_animation=&#8221;&#8221; row_type=&#8221;row&#8221;...","og_url":"https:\/\/guiascastillalamancha.com\/it\/lista-delle-guide-turistiche-ciudad-real\/","og_site_name":"Gu\u00edas de Castilla la Mancha","article_modified_time":"2025-11-17T15:42:07+00:00","og_image":[{"url":"http:\/\/guiasdecastillalamancha.com\/wp-content\/uploads\/2017\/05\/Spain.png","type":"","width":"","height":""}],"twitter_card":"summary_large_image","twitter_misc":{"Tempo di lettura stimato":"2 minuti"},"schema":{"@context":"https:\/\/schema.org","@graph":[{"@type":"WebPage","@id":"https:\/\/guiascastillalamancha.com\/it\/lista-delle-guide-turistiche-ciudad-real\/","url":"https:\/\/guiascastillalamancha.com\/it\/lista-delle-guide-turistiche-ciudad-real\/","name":"Lista delle guide turistiche Ciudad Real - Gu\u00edas de Castilla la Mancha","isPartOf":{"@id":"https:\/\/guiascastillalamancha.com\/es\/#website"},"primaryImageOfPage":{"@id":"https:\/\/guiascastillalamancha.com\/it\/lista-delle-guide-turistiche-ciudad-real\/#primaryimage"},"image":{"@id":"https:\/\/guiascastillalamancha.com\/it\/lista-delle-guide-turistiche-ciudad-real\/#primaryimage"},"thumbnailUrl":"http:\/\/guiasdecastillalamancha.com\/wp-content\/uploads\/2017\/05\/Spain.png","datePublished":"2017-05-18T07:36:42+00:00","dateModified":"2025-11-17T15:42:07+00:00","breadcrumb":{"@id":"https:\/\/guiascastillalamancha.com\/it\/lista-delle-guide-turistiche-ciudad-real\/#breadcrumb"},"inLanguage":"it-IT","potentialAction":[{"@type":"ReadAction","target":["https:\/\/guiascastillalamancha.com\/it\/lista-delle-guide-turistiche-ciudad-real\/"]}]},{"@type":"ImageObject","inLanguage":"it-IT","@id":"https:\/\/guiascastillalamancha.com\/it\/lista-delle-guide-turistiche-ciudad-real\/#primaryimage","url":"http:\/\/guiasdecastillalamancha.com\/wp-content\/uploads\/2017\/05\/Spain.png","contentUrl":"http:\/\/guiasdecastillalamancha.com\/wp-content\/uploads\/2017\/05\/Spain.png"},{"@type":"BreadcrumbList","@id":"https:\/\/guiascastillalamancha.com\/it\/lista-delle-guide-turistiche-ciudad-real\/#breadcrumb","itemListElement":[{"@type":"ListItem","position":1,"name":"Portada","item":"https:\/\/guiascastillalamancha.com\/it\/"},{"@type":"ListItem","position":2,"name":"Lista delle guide turistiche Ciudad Real"}]},{"@type":"WebSite","@id":"https:\/\/guiascastillalamancha.com\/es\/#website","url":"https:\/\/guiascastillalamancha.com\/es\/","name":"Gu\u00edas de Castilla la Mancha","description":"Gu\u00edas Tur\u00edsticos para Toledo, Albacete, Ciudad Real, Cuenca y Guadalajara","potentialAction":[{"@type":"SearchAction","target":{"@type":"EntryPoint","urlTemplate":"https:\/\/guiascastillalamancha.com\/es\/?s={search_term_string}"},"query-input":{"@type":"PropertyValueSpecification","valueRequired":true,"valueName":"search_term_string"}}],"inLanguage":"it-IT"}]}},"_links":{"self":[{"href":"https:\/\/guiascastillalamancha.com\/it\/wp-json\/wp\/v2\/pages\/1218","targetHints":{"allow":["GET"]}}],"collection":[{"href":"https:\/\/guiascastillalamancha.com\/it\/wp-json\/wp\/v2\/pages"}],"about":[{"href":"https:\/\/guiascastillalamancha.com\/it\/wp-json\/wp\/v2\/types\/page"}],"author":[{"embeddable":true,"href":"https:\/\/guiascastillalamancha.com\/it\/wp-json\/wp\/v2\/users\/3"}],"replies":[{"embeddable":true,"href":"https:\/\/guiascastillalamancha.com\/it\/wp-json\/wp\/v2\/comments?post=1218"}],"version-history":[{"count":13,"href":"https:\/\/guiascastillalamancha.com\/it\/wp-json\/wp\/v2\/pages\/1218\/revisions"}],"predecessor-version":[{"id":2734,"href":"https:\/\/guiascastillalamancha.com\/it\/wp-json\/wp\/v2\/pages\/1218\/revisions\/2734"}],"wp:attachment":[{"href":"https:\/\/guiascastillalamancha.com\/it\/wp-json\/wp\/v2\/media?parent=1218"}],"curies":[{"name":"wp","href":"https:\/\/api.w.org\/{rel}","templated":true}]}}