{"id":819,"date":"2017-03-28T10:46:33","date_gmt":"2017-03-28T10:46:33","guid":{"rendered":"http:\/\/guiasdetoledo.es\/?page_id=819\/"},"modified":"2025-02-04T23:08:52","modified_gmt":"2025-02-04T22:08:52","slug":"guadalajara","status":"publish","type":"page","link":"https:\/\/guiascastillalamancha.com\/fr\/guadalajara\/","title":{"rendered":"Guadalajara"},"content":{"rendered":"<div class=\"wpb-content-wrapper\"><p>[vc_row css_animation=\u00a0\u00bb\u00a0\u00bb row_type=\u00a0\u00bbrow\u00a0\u00bb use_row_as_full_screen_section=\u00a0\u00bbno\u00a0\u00bb type=\u00a0\u00bbgrid\u00a0\u00bb angled_section=\u00a0\u00bbno\u00a0\u00bb text_align=\u00a0\u00bbcenter\u00a0\u00bb background_image_as_pattern=\u00a0\u00bbwithout_pattern\u00a0\u00bb anchor=\u00a0\u00bbabout\u00a0\u00bb css=\u00a0\u00bb.vc_custom_1480508287546{padding-top: 2% !important;padding-bottom: 2% !important;}\u00a0\u00bb][vc_column offset=\u00a0\u00bbvc_col-lg-offset-2 vc_col-lg-8 vc_col-md-offset-1 vc_col-md-10&Prime; css=\u00a0\u00bb.vc_custom_1467624556435{padding-right: 8% !important;padding-left: 8% !important;}\u00a0\u00bb][vc_column_text]<\/p>\n<h2 style=\"text-align: center;\">GUADALAJARA<\/h2>\n<p>[\/vc_column_text][vc_empty_space height=\u00a0\u00bb8px\u00a0\u00bb][vc_column_text]<\/p>\n<p style=\"text-align: center;\">La ville vous fascinera. Histoire, culture, patrimoine, gastronomie et nature forment une union telle que votre visite sera inoubliable. D\u00e9couvrez son pass\u00e9 m\u00e9di\u00e9val, la nature authentique des cordill\u00e8res du Nord ou de l\u2019Ouest de la province ou la Alcarria plus litt\u00e9raire unie \u00e0 ses traditions populaires. Nous vous proposons quelques-uns des itin\u00e9raires les plus int\u00e9ressants qui vous permettront de p\u00e9n\u00e9trer dans une des provinces de Castille-La Manche les plus \u00ab savoureuses \u00bb.<\/p>\n<p>[\/vc_column_text][\/vc_column][\/vc_row][vc_row css_animation=\u00a0\u00bb\u00a0\u00bb row_type=\u00a0\u00bbrow\u00a0\u00bb use_row_as_full_screen_section=\u00a0\u00bbno\u00a0\u00bb type=\u00a0\u00bbfull_width\u00a0\u00bb angled_section=\u00a0\u00bbno\u00a0\u00bb text_align=\u00a0\u00bbleft\u00a0\u00bb background_image_as_pattern=\u00a0\u00bbwithout_pattern\u00a0\u00bb][vc_column][vc_column_text]<\/p>\n<h2 style=\"text-align: center;\">VISITES GUID\u00c9ES<\/h2>\n<p>[\/vc_column_text][vc_empty_space height=\u00a0\u00bb40px\u00a0\u00bb][\/vc_column][\/vc_row][vc_row css_animation=\u00a0\u00bb\u00a0\u00bb row_type=\u00a0\u00bbrow\u00a0\u00bb use_row_as_full_screen_section=\u00a0\u00bbyes\u00a0\u00bb type=\u00a0\u00bbgrid\u00a0\u00bb angled_section=\u00a0\u00bbno\u00a0\u00bb text_align=\u00a0\u00bbleft\u00a0\u00bb background_image_as_pattern=\u00a0\u00bbwithout_pattern\u00a0\u00bb][vc_column width=\u00a0\u00bb1\/2&Prime;][vc_single_image image=\u00a0\u00bb590&Prime; img_size=\u00a0\u00bbfull\u00a0\u00bb alignment=\u00a0\u00bbcenter\u00a0\u00bb qode_css_animation=\u00a0\u00bb\u00a0\u00bb][vc_empty_space height=\u00a0\u00bb20px\u00a0\u00bb][vc_column_text]<\/p>\n<h2 style=\"text-align: center;\">SIG\u00dcENZA ET PALAZUELOS (sierra)<\/h2>\n<p>[\/vc_column_text][vc_empty_space height=\u00a0\u00bb20px\u00a0\u00bb][vc_column_text css=\u00a0\u00bb.vc_custom_1490697800949{padding-right: 5% !important;padding-left: 5% !important;}\u00a0\u00bb]<\/p>\n<p style=\"text-align: center;\">La ville du Doncel, <strong>Sig\u00fcenza<\/strong>, est la seconde ville de Castille-La Manche qui attire le plus grand nombre de touristes.<br \/>\nIl s\u2019agit d\u2019un <strong>Ensemble Historico-Artistique m\u00e9di\u00e9val<\/strong> dont l\u2019exemple le plus frappant et sa Cath\u00e9drale, une des plus impressionnantes et m\u00e9connues d\u2019Espagne. Au-del\u00e0 de la <strong>tombe du c\u00e9l\u00e8bre Doncel<\/strong>, la Cath\u00e9drale regorge de chapelles, autels comme celui de Sainte Librada de style plateresque imagin\u00e9 par Covarrubias. Parmi les \u0153uvres de ce dernier, sont \u00e0 d\u00e9tacher la sacristie majeure ou de las Cabezas (qui signifie \u00ab\u00a0T\u00eates\u00a0\u00bb), appel\u00e9e ainsi pour les presque 3000 figures qui sont repr\u00e9sent\u00e9es sur sa coupole ou dans le clo\u00eetre qui contient <strong>\u201cLa Encarnaci\u00f3n\u201d du Greco<\/strong>, ou la collection de <strong>tapis flamands de Palas Atenea.<\/strong><\/p>\n<p style=\"text-align: center;\">Mis \u00e0 part la cath\u00e9drale, dans la partie haute de la ville, dans l\u2019ancien ch\u00e2teau, se trouve le <strong>parador national<\/strong>. Entre <strong>la cath\u00e9drale et le ch\u00e2teau<\/strong>, surgissent des \u00e9glises romanes comme celle de Santiago ou San Vincente, des places comme la Plaza Mayor et ses arcades lat\u00e9rales, la place de la C\u00e1rcel ou celle de San Vincente, maison natale du Doncel. Nous ne pouvons passer sous silence <strong>l\u2019ancien quartier juif<\/strong>, les murailles ou les portes d\u2019acc\u00e8s, ainsi que l\u2019agrandissement effectu\u00e9 au XVIIIe si\u00e8cle du quartier baroque de San Roque pour arriver au <strong>Monast\u00e8re de Nuestra Se\u00f1ora de los Huertos<\/strong>, occup\u00e9 de nos jours par les s\u0153urs clarisses.<\/p>\n<p style=\"text-align: center;\">Pr\u00e8s de Sig\u00fcenza se trouve Palazuelos, <strong>Ensemble Historico-Artistique surnomm\u00e9 le \u00ab\u00a0\u00c1vila de la cha\u00eene montagneuse de Guadalajara\u00a0\u00bb<\/strong> de par sa muraille, <strong>une des enceintes la mieux conserv\u00e9e de Castille<\/strong>. A Palazuelos, vous d\u00e9couvrirez l\u2019un des <strong>trois parcs naturels<\/strong> de la province, celui de la rivi\u00e8re Dulce, d\u2019environ 8300 ha. A Pelegrina, vous appr\u00e9cierez la vue sur la rivi\u00e8re du haut du <strong>mirador d\u00e9di\u00e9 \u00e0 F\u00e9lix Rodr\u00edguez de la Fuente<\/strong>.<\/p>\n<p>[\/vc_column_text][vc_empty_space height=\u00a0\u00bb20px\u00a0\u00bb][\/vc_column][vc_column width=\u00a0\u00bb1\/2&Prime;][vc_single_image image=\u00a0\u00bb592&Prime; img_size=\u00a0\u00bbfull\u00a0\u00bb alignment=\u00a0\u00bbcenter\u00a0\u00bb qode_css_animation=\u00a0\u00bb\u00a0\u00bb][vc_empty_space height=\u00a0\u00bb20px\u00a0\u00bb][vc_column_text]<\/p>\n<h2 style=\"text-align: center;\">GUADALAJARA CAPITALE (CAMPAGNE)<\/h2>\n<p>[\/vc_column_text][vc_empty_space height=\u00a0\u00bb20px\u00a0\u00bb][vc_column_text css=\u00a0\u00bb.vc_custom_1490697985113{padding-right: 5% !important;padding-left: 5% !important;}\u00a0\u00bb]<\/p>\n<p style=\"text-align: center;\">Bien qu\u2019elle soit la moins connue de la r\u00e9gion de Guadalajara, la capitale de la province regorge de patrimoine, culture et histoire. L\u2019empreinte laiss\u00e9e par la <strong>famille Mendoza<\/strong> se refl\u00e8te \u00e0 travers son patrimoine tel que le <strong>Palais del Infantado en passe d\u2019\u00eatre d\u00e9clar\u00e9 Patrimoine de l\u2019Humanit\u00e9 par l\u2019UNESCO<\/strong>, le Couvent de la Piedad, situ\u00e9 dans le deuxi\u00e8me palais de style renaissance construit hors d\u2019Italie, ainsi que la crypte de la famille Mendoza, copie fid\u00e8le de la crypte royale du monast\u00e8re de San Lorenzo de El Escorial.<\/p>\n<p style=\"text-align: center;\"><strong>Au-del\u00e0 de l\u2019importance des Mendoza<\/strong>, la ville offre des joyaux de style mud\u00e9jar, tels que la cath\u00e9drale de Santa Maria de la Fuente la Mayor, l\u2019\u00e9glise de Santiago ou la chapelle de Luis de Lucena et ses fresques int\u00e9rieures du d\u00e9but du XVIe si\u00e8cle. Il existe \u00e9galement des <strong>monuments particuliers<\/strong> ; par exemple le salon chinois du palais de la Cotilla, d\u00e9cor\u00e9 avec du papier de riz, <strong>unique en Espagne<\/strong>, ou l\u2019ensemble des Adoratrices, qui abrite le remarquable panth\u00e9on de la duchesse de Sevillano \u00e9rig\u00e9 par Ricardo Vel\u00e1zquez Bosco.<\/p>\n<p style=\"text-align: center;\">Si vous d\u00e9sirez visiter quelque autre localit\u00e9 des alentours, nous vous recommendons, \u00e0 20 minutes environ, <strong>le village de Hita, Ensemble Historico-Artistique<\/strong>, connu pour son festival M\u00e9di\u00e9val Archipr\u00eatre de Hita en honneur \u00e0 Juan Ruiz et son \u00ab\u00a0Livre de Bon Amour\u00a0\u00bb. <strong>D\u00e9clar\u00e9 d\u2019Int\u00e9r\u00eat Touristique National<\/strong>, le festival le festival se d\u00e9roule le premier samedi du mois de Juillet.<\/p>\n<p>[\/vc_column_text][vc_empty_space height=\u00a0\u00bb20px\u00a0\u00bb][\/vc_column][\/vc_row][vc_row css_animation=\u00a0\u00bb\u00a0\u00bb row_type=\u00a0\u00bbrow\u00a0\u00bb use_row_as_full_screen_section=\u00a0\u00bbyes\u00a0\u00bb type=\u00a0\u00bbgrid\u00a0\u00bb angled_section=\u00a0\u00bbno\u00a0\u00bb text_align=\u00a0\u00bbleft\u00a0\u00bb background_image_as_pattern=\u00a0\u00bbwithout_pattern\u00a0\u00bb][vc_column width=\u00a0\u00bb1\/2&Prime;][vc_single_image image=\u00a0\u00bb594&Prime; img_size=\u00a0\u00bbfull\u00a0\u00bb alignment=\u00a0\u00bbcenter\u00a0\u00bb qode_css_animation=\u00a0\u00bb\u00a0\u00bb][vc_empty_space height=\u00a0\u00bb20px\u00a0\u00bb][vc_column_text]<\/p>\n<h2 style=\"text-align: center;\">L\u2019ARQUITECTURE NOIRE ET LE PARC NATIONAL DE LA SIERRA\u00a0NORD<\/h2>\n<p>[\/vc_column_text][vc_empty_space height=\u00a0\u00bb20px\u00a0\u00bb][vc_column_text css=\u00a0\u00bb.vc_custom_1490698478532{padding-right: 5% !important;padding-left: 5% !important;}\u00a0\u00bb]<\/p>\n<p style=\"text-align: center;\">Au Nord de la r\u00e9gion se trouve l\u2019un <strong>trois parcs naturels<\/strong> qui font partie de la province de Guadalajara. Il s\u2019agit d\u2019une extension d\u2019environ 125.000 ha o\u00f9 se dressent les <strong>trois pics les plus hauts de la r\u00e9gion\u00a0: le Lobo, le Cebollera et l\u2019Ocej\u00f3n<\/strong>, sans oublier<strong> la H\u00eatraie de la Tejera Negra<\/strong>, l\u2019ensemble de h\u00eatres le plus m\u00e9ridionnal de tout le continent europ\u00e9en.<\/p>\n<p style=\"text-align: center;\">Au c\u0153ur de ce grand poumon vert, s\u2019\u00e9l\u00e8vent les <strong>villages connus comme ceux de l\u2019Architecture\u00a0Noire<\/strong>, comme ceux des vall\u00e9es de Majaelrayo et de Valverde de los Arroyos.<br \/>\nTous ces \u00e9difices, \u00e9glises, maison, \u00e9tables, silos,\u2026<strong> sont construits en ardoise<\/strong>, d\u2019o\u00f9 leur surnom. Il s\u2019agit d\u2019une architecture populaire camoufl\u00e9e au c\u0153ur de la nature, qui exhibe des paysages aussi impressionnants que ceux <strong>des chutes de Despe\u00f1alagua, de 120 m\u00e8tres de haut.<\/strong><\/p>\n<p style=\"text-align: center;\">Nous vous recommandons certains villages proches de ce merveilleux endroit, tel que Jadraque et son ch\u00e2teau situ\u00e9 sur \u00ab\u00a0<strong>la colline la plus parfaite du monde<\/strong>\u00a0\u00bb, aux yeux de Ortega y Gasset, ou bien Cogolludo et son palais des Ducs de Medinacelli, premier palais de style renaissance \u00e9rig\u00e9 hors d\u2019Italie, ou encore Hiendelaencina, ancien village minier situ\u00e9 sur les flancs du massif Alto Rey, o\u00f9 vous pourrez <strong>d\u00e9guster un d\u00e9licieux chevreau<\/strong>.<\/p>\n<p>[\/vc_column_text][vc_empty_space height=\u00a0\u00bb20px\u00a0\u00bb][\/vc_column][vc_column width=\u00a0\u00bb1\/2&Prime;][\/vc_column][\/vc_row][vc_row css_animation=\u00a0\u00bb\u00a0\u00bb row_type=\u00a0\u00bbrow\u00a0\u00bb use_row_as_full_screen_section=\u00a0\u00bbno\u00a0\u00bb type=\u00a0\u00bbfull_width\u00a0\u00bb angled_section=\u00a0\u00bbno\u00a0\u00bb text_align=\u00a0\u00bbleft\u00a0\u00bb background_image_as_pattern=\u00a0\u00bbwithout_pattern\u00a0\u00bb][vc_column][vc_empty_space height=\u00a0\u00bb40px\u00a0\u00bb][\/vc_column][\/vc_row][vc_row css_animation=\u00a0\u00bb\u00a0\u00bb row_type=\u00a0\u00bbrow\u00a0\u00bb use_row_as_full_screen_section=\u00a0\u00bbno\u00a0\u00bb type=\u00a0\u00bbgrid\u00a0\u00bb angled_section=\u00a0\u00bbno\u00a0\u00bb text_align=\u00a0\u00bbcenter\u00a0\u00bb background_image_as_pattern=\u00a0\u00bbwithout_pattern\u00a0\u00bb anchor=\u00a0\u00bbbrands\u00a0\u00bb css=\u00a0\u00bb.vc_custom_1467717650552{padding-top: 5.5% !important;padding-bottom: 2% !important;}\u00a0\u00bb][vc_column offset=\u00a0\u00bbvc_col-lg-offset-2 vc_col-lg-8 vc_col-md-offset-1 vc_col-md-10&Prime; css=\u00a0\u00bb.vc_custom_1467624580101{padding-right: 8% !important;padding-left: 8% !important;}\u00a0\u00bb][vc_column_text css=\u00a0\u00bb\u00a0\u00bb]<a  itemprop=\"url\" href=\"\/fr\/Contact\" target=\"_self\" data-hover-background-color=\"#882039\" data-hover-color=\"#d3bbc9\" class=\"qbutton  big_large center default\" style=\"color: #882039; font-style: normal; font-weight: 600; margin: 5px; background-color:#d3bbc9;\">CONTACTEZ-NOUS<\/a>[\/vc_column_text][vc_empty_space height=\u00a0\u00bb8px\u00a0\u00bb][vc_column_text]<a  itemprop=\"url\" href=\"\/liste-des-guides-touristiques-guadalajara\/?lang=fr\" target=\"_self\" data-hover-background-color=\"#882039\" data-hover-color=\"#d3bbc9\" class=\"qbutton  big_large center default\" style=\"color: #882039; font-style: normal; font-weight: 600; margin: 5px; background-color:#d3bbc9;\">Voir la Liste des Guides Touristiques Guadalajara<\/a>[\/vc_column_text][vc_empty_space height=\u00a0\u00bb8px\u00a0\u00bb][\/vc_column][\/vc_row][vc_row css_animation=\u00a0\u00bb\u00a0\u00bb row_type=\u00a0\u00bbrow\u00a0\u00bb use_row_as_full_screen_section=\u00a0\u00bbno\u00a0\u00bb type=\u00a0\u00bbgrid\u00a0\u00bb angled_section=\u00a0\u00bbno\u00a0\u00bb text_align=\u00a0\u00bbcenter\u00a0\u00bb background_image_as_pattern=\u00a0\u00bbwithout_pattern\u00a0\u00bb anchor=\u00a0\u00bbbrands\u00a0\u00bb css=\u00a0\u00bb.vc_custom_1467717650552{padding-top: 5.5% !important;padding-bottom: 2% !important;}\u00a0\u00bb][vc_column offset=\u00a0\u00bbvc_col-lg-offset-2 vc_col-lg-8 vc_col-md-offset-1 vc_col-md-10&Prime; css=\u00a0\u00bb.vc_custom_1467624580101{padding-right: 8% !important;padding-left: 8% !important;}\u00a0\u00bb][vc_column_text]<\/p>\n<p style=\"text-align: center;\">*photographies de\u00a0Manuel Granado<\/p>\n<p>[\/vc_column_text][vc_empty_space height=\u00a0\u00bb8px\u00a0\u00bb][\/vc_column][\/vc_row][vc_row css_animation=\u00a0\u00bb\u00a0\u00bb row_type=\u00a0\u00bbrow\u00a0\u00bb use_row_as_full_screen_section=\u00a0\u00bbno\u00a0\u00bb type=\u00a0\u00bbfull_width\u00a0\u00bb angled_section=\u00a0\u00bbno\u00a0\u00bb text_align=\u00a0\u00bbleft\u00a0\u00bb background_image_as_pattern=\u00a0\u00bbwithout_pattern\u00a0\u00bb][vc_column][vc_empty_space height=\u00a0\u00bb40px\u00a0\u00bb][\/vc_column][\/vc_row]<\/p>\n<\/div>","protected":false},"excerpt":{"rendered":"<p>[vc_row css_animation=\u00a0\u00bb\u00a0\u00bb row_type=\u00a0\u00bbrow\u00a0\u00bb use_row_as_full_screen_section=\u00a0\u00bbno\u00a0\u00bb type=\u00a0\u00bbgrid\u00a0\u00bb angled_section=\u00a0\u00bbno\u00a0\u00bb text_align=\u00a0\u00bbcenter\u00a0\u00bb background_image_as_pattern=\u00a0\u00bbwithout_pattern\u00a0\u00bb anchor=\u00a0\u00bbabout\u00a0\u00bb css=\u00a0\u00bb.vc_custom_1480508287546{padding-top: 2% !important;padding-bottom: 2% !important;}\u00a0\u00bb][vc_column offset=\u00a0\u00bbvc_col-lg-offset-2 vc_col-lg-8 vc_col-md-offset-1 vc_col-md-10&Prime; css=\u00a0\u00bb.vc_custom_1467624556435{padding-right: 8% !important;padding-left: 8% !important;}\u00a0\u00bb][vc_column_text] GUADALAJARA [\/vc_column_text][vc_empty_space height=\u00a0\u00bb8px\u00a0\u00bb][vc_column_text] La ville vous fascinera. Histoire, culture, patrimoine, gastronomie et nature forment une union telle que votre visite sera inoubliable&#8230;.<\/p>\n","protected":false},"author":3,"featured_media":0,"parent":0,"menu_order":0,"comment_status":"closed","ping_status":"closed","template":"full_width.php","meta":{"footnotes":""},"class_list":["post-819","page","type-page","status-publish","hentry"],"yoast_head":"<!-- This site is optimized with the Yoast SEO plugin v27.3 - https:\/\/yoast.com\/product\/yoast-seo-wordpress\/ -->\n<title>Guadalajara - Gu\u00edas de Castilla la Mancha<\/title>\n<meta name=\"robots\" content=\"index, follow, max-snippet:-1, max-image-preview:large, max-video-preview:-1\" \/>\n<link rel=\"canonical\" href=\"https:\/\/guiascastillalamancha.com\/fr\/guadalajara\/\" \/>\n<meta property=\"og:locale\" content=\"fr_FR\" \/>\n<meta property=\"og:type\" content=\"article\" \/>\n<meta property=\"og:title\" content=\"Guadalajara - Gu\u00edas de Castilla la Mancha\" \/>\n<meta property=\"og:description\" content=\"[vc_row css_animation=\u00a0\u00bb\u00a0\u00bb row_type=\u00a0\u00bbrow\u00a0\u00bb use_row_as_full_screen_section=\u00a0\u00bbno\u00a0\u00bb type=\u00a0\u00bbgrid\u00a0\u00bb angled_section=\u00a0\u00bbno\u00a0\u00bb text_align=\u00a0\u00bbcenter\u00a0\u00bb background_image_as_pattern=\u00a0\u00bbwithout_pattern\u00a0\u00bb anchor=\u00a0\u00bbabout\u00a0\u00bb css=\u00a0\u00bb.vc_custom_1480508287546{padding-top: 2% !important;padding-bottom: 2% !important;}\u00a0\u00bb][vc_column offset=\u00a0\u00bbvc_col-lg-offset-2 vc_col-lg-8 vc_col-md-offset-1 vc_col-md-10&Prime; css=\u00a0\u00bb.vc_custom_1467624556435{padding-right: 8% !important;padding-left: 8% !important;}\u00a0\u00bb][vc_column_text] GUADALAJARA [\/vc_column_text][vc_empty_space height=\u00a0\u00bb8px\u00a0\u00bb][vc_column_text] La ville vous fascinera. Histoire, culture, patrimoine, gastronomie et nature forment une union telle que votre visite sera inoubliable....\" \/>\n<meta property=\"og:url\" content=\"https:\/\/guiascastillalamancha.com\/fr\/guadalajara\/\" \/>\n<meta property=\"og:site_name\" content=\"Gu\u00edas de Castilla la Mancha\" \/>\n<meta property=\"article:modified_time\" content=\"2025-02-04T22:08:52+00:00\" \/>\n<meta name=\"twitter:card\" content=\"summary_large_image\" \/>\n<meta name=\"twitter:label1\" content=\"Dur\u00e9e de lecture estim\u00e9e\" \/>\n\t<meta name=\"twitter:data1\" content=\"5 minutes\" \/>\n<script type=\"application\/ld+json\" class=\"yoast-schema-graph\">{\"@context\":\"https:\\\/\\\/schema.org\",\"@graph\":[{\"@type\":\"WebPage\",\"@id\":\"https:\\\/\\\/guiascastillalamancha.com\\\/fr\\\/guadalajara\\\/\",\"url\":\"https:\\\/\\\/guiascastillalamancha.com\\\/fr\\\/guadalajara\\\/\",\"name\":\"Guadalajara - Gu\u00edas de Castilla la Mancha\",\"isPartOf\":{\"@id\":\"https:\\\/\\\/guiascastillalamancha.com\\\/es\\\/#website\"},\"datePublished\":\"2017-03-28T10:46:33+00:00\",\"dateModified\":\"2025-02-04T22:08:52+00:00\",\"breadcrumb\":{\"@id\":\"https:\\\/\\\/guiascastillalamancha.com\\\/fr\\\/guadalajara\\\/#breadcrumb\"},\"inLanguage\":\"fr-FR\",\"potentialAction\":[{\"@type\":\"ReadAction\",\"target\":[\"https:\\\/\\\/guiascastillalamancha.com\\\/fr\\\/guadalajara\\\/\"]}]},{\"@type\":\"BreadcrumbList\",\"@id\":\"https:\\\/\\\/guiascastillalamancha.com\\\/fr\\\/guadalajara\\\/#breadcrumb\",\"itemListElement\":[{\"@type\":\"ListItem\",\"position\":1,\"name\":\"Portada\",\"item\":\"https:\\\/\\\/guiascastillalamancha.com\\\/fr\\\/\"},{\"@type\":\"ListItem\",\"position\":2,\"name\":\"Guadalajara\"}]},{\"@type\":\"WebSite\",\"@id\":\"https:\\\/\\\/guiascastillalamancha.com\\\/es\\\/#website\",\"url\":\"https:\\\/\\\/guiascastillalamancha.com\\\/es\\\/\",\"name\":\"Gu\u00edas de Castilla la Mancha\",\"description\":\"Gu\u00edas Tur\u00edsticos para Toledo, Albacete, Ciudad Real, Cuenca y Guadalajara\",\"potentialAction\":[{\"@type\":\"SearchAction\",\"target\":{\"@type\":\"EntryPoint\",\"urlTemplate\":\"https:\\\/\\\/guiascastillalamancha.com\\\/es\\\/?s={search_term_string}\"},\"query-input\":{\"@type\":\"PropertyValueSpecification\",\"valueRequired\":true,\"valueName\":\"search_term_string\"}}],\"inLanguage\":\"fr-FR\"}]}<\/script>\n<!-- \/ Yoast SEO plugin. -->","yoast_head_json":{"title":"Guadalajara - Gu\u00edas de Castilla la Mancha","robots":{"index":"index","follow":"follow","max-snippet":"max-snippet:-1","max-image-preview":"max-image-preview:large","max-video-preview":"max-video-preview:-1"},"canonical":"https:\/\/guiascastillalamancha.com\/fr\/guadalajara\/","og_locale":"fr_FR","og_type":"article","og_title":"Guadalajara - Gu\u00edas de Castilla la Mancha","og_description":"[vc_row css_animation=\u00a0\u00bb\u00a0\u00bb row_type=\u00a0\u00bbrow\u00a0\u00bb use_row_as_full_screen_section=\u00a0\u00bbno\u00a0\u00bb type=\u00a0\u00bbgrid\u00a0\u00bb angled_section=\u00a0\u00bbno\u00a0\u00bb text_align=\u00a0\u00bbcenter\u00a0\u00bb background_image_as_pattern=\u00a0\u00bbwithout_pattern\u00a0\u00bb anchor=\u00a0\u00bbabout\u00a0\u00bb css=\u00a0\u00bb.vc_custom_1480508287546{padding-top: 2% !important;padding-bottom: 2% !important;}\u00a0\u00bb][vc_column offset=\u00a0\u00bbvc_col-lg-offset-2 vc_col-lg-8 vc_col-md-offset-1 vc_col-md-10&Prime; css=\u00a0\u00bb.vc_custom_1467624556435{padding-right: 8% !important;padding-left: 8% !important;}\u00a0\u00bb][vc_column_text] GUADALAJARA [\/vc_column_text][vc_empty_space height=\u00a0\u00bb8px\u00a0\u00bb][vc_column_text] La ville vous fascinera. Histoire, culture, patrimoine, gastronomie et nature forment une union telle que votre visite sera inoubliable....","og_url":"https:\/\/guiascastillalamancha.com\/fr\/guadalajara\/","og_site_name":"Gu\u00edas de Castilla la Mancha","article_modified_time":"2025-02-04T22:08:52+00:00","twitter_card":"summary_large_image","twitter_misc":{"Dur\u00e9e de lecture estim\u00e9e":"5 minutes"},"schema":{"@context":"https:\/\/schema.org","@graph":[{"@type":"WebPage","@id":"https:\/\/guiascastillalamancha.com\/fr\/guadalajara\/","url":"https:\/\/guiascastillalamancha.com\/fr\/guadalajara\/","name":"Guadalajara - Gu\u00edas de Castilla la Mancha","isPartOf":{"@id":"https:\/\/guiascastillalamancha.com\/es\/#website"},"datePublished":"2017-03-28T10:46:33+00:00","dateModified":"2025-02-04T22:08:52+00:00","breadcrumb":{"@id":"https:\/\/guiascastillalamancha.com\/fr\/guadalajara\/#breadcrumb"},"inLanguage":"fr-FR","potentialAction":[{"@type":"ReadAction","target":["https:\/\/guiascastillalamancha.com\/fr\/guadalajara\/"]}]},{"@type":"BreadcrumbList","@id":"https:\/\/guiascastillalamancha.com\/fr\/guadalajara\/#breadcrumb","itemListElement":[{"@type":"ListItem","position":1,"name":"Portada","item":"https:\/\/guiascastillalamancha.com\/fr\/"},{"@type":"ListItem","position":2,"name":"Guadalajara"}]},{"@type":"WebSite","@id":"https:\/\/guiascastillalamancha.com\/es\/#website","url":"https:\/\/guiascastillalamancha.com\/es\/","name":"Gu\u00edas de Castilla la Mancha","description":"Gu\u00edas Tur\u00edsticos para Toledo, Albacete, Ciudad Real, Cuenca y Guadalajara","potentialAction":[{"@type":"SearchAction","target":{"@type":"EntryPoint","urlTemplate":"https:\/\/guiascastillalamancha.com\/es\/?s={search_term_string}"},"query-input":{"@type":"PropertyValueSpecification","valueRequired":true,"valueName":"search_term_string"}}],"inLanguage":"fr-FR"}]}},"_links":{"self":[{"href":"https:\/\/guiascastillalamancha.com\/fr\/wp-json\/wp\/v2\/pages\/819","targetHints":{"allow":["GET"]}}],"collection":[{"href":"https:\/\/guiascastillalamancha.com\/fr\/wp-json\/wp\/v2\/pages"}],"about":[{"href":"https:\/\/guiascastillalamancha.com\/fr\/wp-json\/wp\/v2\/types\/page"}],"author":[{"embeddable":true,"href":"https:\/\/guiascastillalamancha.com\/fr\/wp-json\/wp\/v2\/users\/3"}],"replies":[{"embeddable":true,"href":"https:\/\/guiascastillalamancha.com\/fr\/wp-json\/wp\/v2\/comments?post=819"}],"version-history":[{"count":1,"href":"https:\/\/guiascastillalamancha.com\/fr\/wp-json\/wp\/v2\/pages\/819\/revisions"}],"predecessor-version":[{"id":2526,"href":"https:\/\/guiascastillalamancha.com\/fr\/wp-json\/wp\/v2\/pages\/819\/revisions\/2526"}],"wp:attachment":[{"href":"https:\/\/guiascastillalamancha.com\/fr\/wp-json\/wp\/v2\/media?parent=819"}],"curies":[{"name":"wp","href":"https:\/\/api.w.org\/{rel}","templated":true}]}}