{"id":807,"date":"2017-03-28T10:11:08","date_gmt":"2017-03-28T10:11:08","guid":{"rendered":"http:\/\/guiasdetoledo.es\/?page_id=807\/"},"modified":"2025-02-04T23:11:37","modified_gmt":"2025-02-04T22:11:37","slug":"ciudad-real","status":"publish","type":"page","link":"https:\/\/guiascastillalamancha.com\/fr\/ciudad-real\/","title":{"rendered":"Ciudad Real"},"content":{"rendered":"<div class=\"wpb-content-wrapper\"><p>[vc_row css_animation=\u00a0\u00bb\u00a0\u00bb row_type=\u00a0\u00bbrow\u00a0\u00bb use_row_as_full_screen_section=\u00a0\u00bbno\u00a0\u00bb type=\u00a0\u00bbgrid\u00a0\u00bb angled_section=\u00a0\u00bbno\u00a0\u00bb text_align=\u00a0\u00bbcenter\u00a0\u00bb background_image_as_pattern=\u00a0\u00bbwithout_pattern\u00a0\u00bb anchor=\u00a0\u00bbabout\u00a0\u00bb css=\u00a0\u00bb.vc_custom_1480508287546{padding-top: 2% !important;padding-bottom: 2% !important;}\u00a0\u00bb][vc_column offset=\u00a0\u00bbvc_col-lg-offset-2 vc_col-lg-8 vc_col-md-offset-1 vc_col-md-10&Prime; css=\u00a0\u00bb.vc_custom_1467624556435{padding-right: 8% !important;padding-left: 8% !important;}\u00a0\u00bb][vc_column_text]<\/p>\n<h2 style=\"text-align: center;\">CIUDAD REAL<\/h2>\n<p>[\/vc_column_text][vc_empty_space height=\u00a0\u00bb8px\u00a0\u00bb][vc_column_text]<\/p>\n<p style=\"text-align: center;\">La province de Ciudad Real est beaucoup plus importante que ce que l\u2019on peut imaginer. Rien de plus surprenant que le ciel de La Manche et la diversit\u00e9 de ses paysages : for\u00eats m\u00e9diterran\u00e9ennes, plaines \u00e0 perte de vue et cultures aux allures de mosa\u00efques color\u00e9es.<br \/>\nVenez conna\u00eetre ses villages, son architecture classique, ses gisements arch\u00e9ologiques, ses ch\u00e2teaux et nos itin\u00e9raires cin\u00e9matographiques et litt\u00e9raires. Venez d\u00e9guster la gastronomie \u00ab\u00a0manchega\u00a0\u00bb, depuis ses plats qui faisaient les d\u00e9lices des fermiers et des bergers, aux d\u00e9lices des produits de la chasse, accompagn\u00e9s des vins de la r\u00e9gion.<br \/>\nNous vous aidons \u00e0 dessiner votre voyage, selon vos d\u00e9sirs culturels, gastronomiques ou \u00e9cologiques,<\/p>\n<p style=\"text-align: center;\">Ci-apr\u00e8s, quelques-unes de nos propositions\u00a0:<\/p>\n<p>[\/vc_column_text][\/vc_column][\/vc_row][vc_row css_animation=\u00a0\u00bb\u00a0\u00bb row_type=\u00a0\u00bbrow\u00a0\u00bb use_row_as_full_screen_section=\u00a0\u00bbno\u00a0\u00bb type=\u00a0\u00bbfull_width\u00a0\u00bb angled_section=\u00a0\u00bbno\u00a0\u00bb text_align=\u00a0\u00bbleft\u00a0\u00bb background_image_as_pattern=\u00a0\u00bbwithout_pattern\u00a0\u00bb][vc_column][vc_column_text]<\/p>\n<h2 style=\"text-align: center;\">VISITES GUID\u00c9ES<\/h2>\n<p>[\/vc_column_text][vc_empty_space height=\u00a0\u00bb40px\u00a0\u00bb][\/vc_column][\/vc_row][vc_row css_animation=\u00a0\u00bb\u00a0\u00bb row_type=\u00a0\u00bbrow\u00a0\u00bb use_row_as_full_screen_section=\u00a0\u00bbyes\u00a0\u00bb type=\u00a0\u00bbgrid\u00a0\u00bb angled_section=\u00a0\u00bbno\u00a0\u00bb text_align=\u00a0\u00bbleft\u00a0\u00bb background_image_as_pattern=\u00a0\u00bbwithout_pattern\u00a0\u00bb][vc_column width=\u00a0\u00bb1\/2&Prime;][vc_single_image image=\u00a0\u00bb603&Prime; img_size=\u00a0\u00bbfull\u00a0\u00bb alignment=\u00a0\u00bbcenter\u00a0\u00bb qode_css_animation=\u00a0\u00bb\u00a0\u00bb][vc_empty_space height=\u00a0\u00bb20px\u00a0\u00bb][vc_column_text]<\/p>\n<h2 style=\"text-align: center;\">ROUTE DU QUICHOTTE<\/h2>\n<p>[\/vc_column_text][vc_empty_space height=\u00a0\u00bb20px\u00a0\u00bb][vc_column_text css=\u00a0\u00bb.vc_custom_1490695860079{padding-right: 5% !important;padding-left: 5% !important;}\u00a0\u00bb]<\/p>\n<p style=\"text-align: center;\">Cet itin\u00e9raire nous aidera \u00e0 \u00e9voquer les aventures de <strong>Miguel de Cervant\u00e8s<\/strong> \u00e0 travers le Quichotte, les lieux o\u00f9 il aima, r\u00eava, et combattit, accompagn\u00e9 de sa fid\u00e8le Rocinante.<br \/>\nNous sommes \u00e0 m\u00eame de dessiner la meilleure route selon vos d\u00e9sirs.<br \/>\nArgamasilla de Alba a \u00e9t\u00e9 reconnu comme le c\u00e9l\u00e8bre \u00ab <strong>lieu de la Manche<\/strong> \u00bb ou <strong>Cervant\u00e8s<\/strong> imagina les aventures de Alonso Quijano. Depuis Argamasilla, il arriva \u00e0 Puertol\u00e1pice cherchant \u00e0 \u00eatre arm\u00e9 chevalier et vivre ainsi ses aventures contre les g\u00e9ants \u00ab\u00a0manchegos\u00a0\u00bb \u00e0 Campo de Criptana et, plus avant, trouver l\u2019amour aupr\u00e8s de Dulcin\u00e9e dans le village de Toboso.<br \/>\nLe <strong>Mus\u00e9e del Hidalgo<\/strong> et le <strong>Mus\u00e9e del Quijote<\/strong> rem\u00e9morent l\u2019\u00e9poque des chevaliers errants.<\/p>\n<p>[\/vc_column_text][vc_empty_space height=\u00a0\u00bb20px\u00a0\u00bb][\/vc_column][vc_column width=\u00a0\u00bb1\/2&Prime;][vc_single_image image=\u00a0\u00bb605&Prime; img_size=\u00a0\u00bbfull\u00a0\u00bb alignment=\u00a0\u00bbcenter\u00a0\u00bb qode_css_animation=\u00a0\u00bb\u00a0\u00bb][vc_empty_space height=\u00a0\u00bb20px\u00a0\u00bb][vc_column_text]<\/p>\n<h2 style=\"text-align: center;\">ROUTE DES CHEVALIERS<\/h2>\n<p>[\/vc_column_text][vc_empty_space height=\u00a0\u00bb20px\u00a0\u00bb][vc_column_text css=\u00a0\u00bb.vc_custom_1490696034173{padding-right: 5% !important;padding-left: 5% !important;}\u00a0\u00bb]<\/p>\n<p style=\"text-align: center;\">Entre le XIIe et XIIIe si\u00e8cle furent cr\u00e9\u00e9s les ordres militaires en vue de conqu\u00e9rir les territoires aux mains des musulmans. Notre province fut partag\u00e9e entre les ordres de Calatrava, Santiago et San Juan.<br \/>\nVillanueva de los Infantes est l\u2019un de nos plus beaux villages, dot\u00e9 d\u2019une architecture des XVIe\u2013XVIIe si\u00e8cles. Son importance d\u2019un point de vue litt\u00e9raire est reconnue : Francisco de Quevedo, grand \u00e9crivain du Si\u00e8cle d\u2019Or, y est mort et enterr\u00e9.<br \/>\nAlmagro, capitale de l\u2019Ordre de Calatrava, a \u00e9t\u00e9 reconnue en 2016 comme l\u2019un des \u00ab\u00a0<strong>plus jolis villages d\u2019Espagne<\/strong>\u00a0\u00bb. Cette petite ville connut son \u00e9poque de splendeur au XVIe si\u00e8cle avec l\u2019arriv\u00e9e de la famille Fugger, banquiers de Charles Quint, qui contribu\u00e8rent \u00e0 embellir la ville. Par ailleurs, <strong>Almagro<\/strong> est connue comme la <strong>ville du th\u00e9\u00e2tre<\/strong> par excellence de par <strong>le seul th\u00e9\u00e2tre de com\u00e9dies du XVIIe si\u00e8cle<\/strong> qui existe en Espagne ainsi que de par son mus\u00e9e national du th\u00e9\u00e2tre.<br \/>\nSacro Convento-Castillo de Calatrava la Nueva.\u00a0<strong>La grande forteresse des chevaliers de Calatrava<\/strong> fut \u00e9difi\u00e9e au XIIIe si\u00e8cle comme si\u00e8ge de l\u2019ordre. Son \u00e9glise, son couvent et sa triple muraille,<strong> \u00e0 900 m d\u2019altitude<\/strong>, constituent une <strong>fortification unique<\/strong> d\u2019o\u00f9 vous pourrez jouir d\u2019une <strong>vue imprenable<\/strong> sur la Sierra Morena et les volcans de Campo de Calatrava.<\/p>\n<p>[\/vc_column_text][vc_empty_space height=\u00a0\u00bb20px\u00a0\u00bb][\/vc_column][\/vc_row][vc_row css_animation=\u00a0\u00bb\u00a0\u00bb row_type=\u00a0\u00bbrow\u00a0\u00bb use_row_as_full_screen_section=\u00a0\u00bbyes\u00a0\u00bb type=\u00a0\u00bbgrid\u00a0\u00bb angled_section=\u00a0\u00bbno\u00a0\u00bb text_align=\u00a0\u00bbleft\u00a0\u00bb background_image_as_pattern=\u00a0\u00bbwithout_pattern\u00a0\u00bb][vc_column width=\u00a0\u00bb1\/2&Prime;][vc_single_image image=\u00a0\u00bb607&Prime; img_size=\u00a0\u00bbfull\u00a0\u00bb alignment=\u00a0\u00bbcenter\u00a0\u00bb qode_css_animation=\u00a0\u00bb\u00a0\u00bb][vc_empty_space height=\u00a0\u00bb20px\u00a0\u00bb][vc_column_text]<\/p>\n<h2 style=\"text-align: center;\">PROMENADES DANS LA NATURE<\/h2>\n<p>[\/vc_column_text][vc_empty_space height=\u00a0\u00bb20px\u00a0\u00bb][vc_column_text css=\u00a0\u00bb.vc_custom_1490696147094{padding-right: 5% !important;padding-left: 5% !important;}\u00a0\u00bb]<\/p>\n<p style=\"text-align: center;\">Notre <strong>diversit\u00e9 naturelle<\/strong> est repr\u00e9sent\u00e9e par <strong>deux parcs nationaux et deux parcs naturels<\/strong>, auxquels s\u2019ajoutent <strong>80 espaces prot\u00e9g\u00e9s<\/strong>, o\u00f9 se distinguent entre autres une <strong>r\u00e9serve de la biosph\u00e8re<\/strong>, un entour naturel et <strong>les volcans de Campo de Calatrava<\/strong>.<br \/>\nAu c\u0153ur de la plaine \u00ab manchega \u00bb l\u2019on trouve <strong>le Parc National des Tablas de Daimiel<\/strong>, form\u00e9 gr\u00e2ce aux d\u00e9bordements des rivi\u00e8res Guadiana et Cig\u00fcela. Il abrite une tr\u00e8s importante avifaune ainsi qu\u2019une v\u00e9g\u00e9tation purement autochtone.<br \/>\nLe Parc Naturel des Lagunes de Ruidera\u00a0est l\u2019une des zones humides les plus significatives de Castille-La Manche. Il s\u2019agit d\u2019une<strong> succession de 15 lagunes<\/strong> interconnect\u00e9es \u00e0 travers des cascades et des torrents aux diverses couleurs. Spectaculaire !<\/p>\n<p>[\/vc_column_text][vc_empty_space height=\u00a0\u00bb20px\u00a0\u00bb][\/vc_column][vc_column width=\u00a0\u00bb1\/2&Prime;][vc_single_image image=\u00a0\u00bb608&Prime; img_size=\u00a0\u00bbfull\u00a0\u00bb alignment=\u00a0\u00bbcenter\u00a0\u00bb qode_css_animation=\u00a0\u00bb\u00a0\u00bb][vc_empty_space height=\u00a0\u00bb20px\u00a0\u00bb][vc_column_text]<\/p>\n<h2 style=\"text-align: center;\">Et encore beaucoup de lieux \u00e0 d\u00e9couvrir\u2026<\/h2>\n<p>[\/vc_column_text][vc_empty_space height=\u00a0\u00bb20px\u00a0\u00bb][vc_column_text css=\u00a0\u00bb.vc_custom_1490696284589{padding-right: 5% !important;padding-left: 5% !important;}\u00a0\u00bb]<\/p>\n<p style=\"text-align: center;\">Et aussi :<\/p>\n<ul>\n<li><strong>Mines de mercure de Almad\u00e9n<\/strong>.\u00a0D\u00e9clar\u00e9es Patrimoine de l\u2019Humanit\u00e9 par l\u2019Unesco.<\/li>\n<li><strong>Palais de don \u00c1lvaro de Baz\u00e1n<\/strong>.\u00a0Palais de style renaissance, d\u00e9cor\u00e9 de plus de 8000 m\u00b2 de fresques picturales.<\/li>\n<li>Ensemble ar\u00e8nes-ermite de las Virtudes. <strong>Il s\u2019agit des plus anciennes ar\u00e8nes d\u2019Espagne.<\/strong><\/li>\n<li>Tour de Juan Abad.\u00a0<strong>Maison-Mus\u00e9e de Quevedo<\/strong>. Orgue historique.<\/li>\n<li>San Carlos del Valle: Place de style baroque d\u2019une grande beaut\u00e9.<\/li>\n<li><strong>Gastronomie<\/strong>, et ses produits d\u2019appellation d\u2019origine : fromages, vins, huile, safran, aubergines&#8230;<\/li>\n<li><strong>Gisements arch\u00e9ologiques<\/strong> : Alarcos, Motilla del Azuer, Cerro de las Cabezas.<\/li>\n<\/ul>\n<p>[\/vc_column_text][vc_empty_space height=\u00a0\u00bb20px\u00a0\u00bb][\/vc_column][\/vc_row][vc_row css_animation=\u00a0\u00bb\u00a0\u00bb row_type=\u00a0\u00bbrow\u00a0\u00bb use_row_as_full_screen_section=\u00a0\u00bbno\u00a0\u00bb type=\u00a0\u00bbfull_width\u00a0\u00bb angled_section=\u00a0\u00bbno\u00a0\u00bb text_align=\u00a0\u00bbleft\u00a0\u00bb background_image_as_pattern=\u00a0\u00bbwithout_pattern\u00a0\u00bb][vc_column][vc_empty_space height=\u00a0\u00bb40px\u00a0\u00bb][\/vc_column][\/vc_row][vc_row css_animation=\u00a0\u00bb\u00a0\u00bb row_type=\u00a0\u00bbrow\u00a0\u00bb use_row_as_full_screen_section=\u00a0\u00bbno\u00a0\u00bb type=\u00a0\u00bbgrid\u00a0\u00bb angled_section=\u00a0\u00bbno\u00a0\u00bb text_align=\u00a0\u00bbcenter\u00a0\u00bb background_image_as_pattern=\u00a0\u00bbwithout_pattern\u00a0\u00bb anchor=\u00a0\u00bbbrands\u00a0\u00bb css=\u00a0\u00bb.vc_custom_1467717650552{padding-top: 5.5% !important;padding-bottom: 2% !important;}\u00a0\u00bb][vc_column offset=\u00a0\u00bbvc_col-lg-offset-2 vc_col-lg-8 vc_col-md-offset-1 vc_col-md-10&Prime; css=\u00a0\u00bb.vc_custom_1467624580101{padding-right: 8% !important;padding-left: 8% !important;}\u00a0\u00bb][vc_column_text css=\u00a0\u00bb\u00a0\u00bb]<a  itemprop=\"url\" href=\"\/fr\/Contact\" target=\"_self\" data-hover-background-color=\"#882039\" data-hover-color=\"#d3bbc9\" class=\"qbutton  big_large center default\" style=\"color: #882039; font-style: normal; font-weight: 600; margin: 5px; background-color:#d3bbc9;\">CONTACTEZ-NOUS<\/a>[\/vc_column_text][vc_empty_space height=\u00a0\u00bb8px\u00a0\u00bb][vc_column_text]<a  itemprop=\"url\" href=\"\/liste-des-guides-touristiques-ciudad-real\/?lang=fr\" target=\"_self\" data-hover-background-color=\"#882039\" data-hover-color=\"#d3bbc9\" class=\"qbutton  big_large center default\" style=\"color: #882039; font-style: normal; font-weight: 600; margin: 5px; background-color:#d3bbc9;\">Voir la Liste des Guides Touristiques Ciudad Real<\/a>[\/vc_column_text][vc_empty_space height=\u00a0\u00bb8px\u00a0\u00bb][\/vc_column][\/vc_row][vc_row css_animation=\u00a0\u00bb\u00a0\u00bb row_type=\u00a0\u00bbrow\u00a0\u00bb use_row_as_full_screen_section=\u00a0\u00bbno\u00a0\u00bb type=\u00a0\u00bbgrid\u00a0\u00bb angled_section=\u00a0\u00bbno\u00a0\u00bb text_align=\u00a0\u00bbcenter\u00a0\u00bb background_image_as_pattern=\u00a0\u00bbwithout_pattern\u00a0\u00bb anchor=\u00a0\u00bbbrands\u00a0\u00bb css=\u00a0\u00bb.vc_custom_1467717650552{padding-top: 5.5% !important;padding-bottom: 2% !important;}\u00a0\u00bb][vc_column offset=\u00a0\u00bbvc_col-lg-offset-2 vc_col-lg-8 vc_col-md-offset-1 vc_col-md-10&Prime; css=\u00a0\u00bb.vc_custom_1467624580101{padding-right: 8% !important;padding-left: 8% !important;}\u00a0\u00bb][vc_column_text][\/vc_column_text][vc_empty_space height=\u00a0\u00bb8px\u00a0\u00bb][\/vc_column][\/vc_row][vc_row css_animation=\u00a0\u00bb\u00a0\u00bb row_type=\u00a0\u00bbrow\u00a0\u00bb use_row_as_full_screen_section=\u00a0\u00bbno\u00a0\u00bb type=\u00a0\u00bbfull_width\u00a0\u00bb angled_section=\u00a0\u00bbno\u00a0\u00bb text_align=\u00a0\u00bbleft\u00a0\u00bb background_image_as_pattern=\u00a0\u00bbwithout_pattern\u00a0\u00bb][vc_column][vc_empty_space height=\u00a0\u00bb40px\u00a0\u00bb][\/vc_column][\/vc_row]<\/p>\n<\/div>","protected":false},"excerpt":{"rendered":"<p>[vc_row css_animation=\u00a0\u00bb\u00a0\u00bb row_type=\u00a0\u00bbrow\u00a0\u00bb use_row_as_full_screen_section=\u00a0\u00bbno\u00a0\u00bb type=\u00a0\u00bbgrid\u00a0\u00bb angled_section=\u00a0\u00bbno\u00a0\u00bb text_align=\u00a0\u00bbcenter\u00a0\u00bb background_image_as_pattern=\u00a0\u00bbwithout_pattern\u00a0\u00bb anchor=\u00a0\u00bbabout\u00a0\u00bb css=\u00a0\u00bb.vc_custom_1480508287546{padding-top: 2% !important;padding-bottom: 2% !important;}\u00a0\u00bb][vc_column offset=\u00a0\u00bbvc_col-lg-offset-2 vc_col-lg-8 vc_col-md-offset-1 vc_col-md-10&Prime; css=\u00a0\u00bb.vc_custom_1467624556435{padding-right: 8% !important;padding-left: 8% !important;}\u00a0\u00bb][vc_column_text] CIUDAD REAL [\/vc_column_text][vc_empty_space height=\u00a0\u00bb8px\u00a0\u00bb][vc_column_text] La province de Ciudad Real est beaucoup plus importante que ce que l\u2019on peut imaginer. Rien de plus&#8230;<\/p>\n","protected":false},"author":3,"featured_media":0,"parent":0,"menu_order":0,"comment_status":"closed","ping_status":"closed","template":"","meta":{"footnotes":""},"class_list":["post-807","page","type-page","status-publish","hentry"],"yoast_head":"<!-- This site is optimized with the Yoast SEO plugin v27.3 - https:\/\/yoast.com\/product\/yoast-seo-wordpress\/ -->\n<title>Ciudad Real - Gu\u00edas de Castilla la Mancha<\/title>\n<meta name=\"robots\" content=\"index, follow, max-snippet:-1, max-image-preview:large, max-video-preview:-1\" \/>\n<link rel=\"canonical\" href=\"https:\/\/guiascastillalamancha.com\/fr\/ciudad-real\/\" \/>\n<meta property=\"og:locale\" content=\"fr_FR\" \/>\n<meta property=\"og:type\" content=\"article\" \/>\n<meta property=\"og:title\" content=\"Ciudad Real - Gu\u00edas de Castilla la Mancha\" \/>\n<meta property=\"og:description\" content=\"[vc_row css_animation=\u00a0\u00bb\u00a0\u00bb row_type=\u00a0\u00bbrow\u00a0\u00bb use_row_as_full_screen_section=\u00a0\u00bbno\u00a0\u00bb type=\u00a0\u00bbgrid\u00a0\u00bb angled_section=\u00a0\u00bbno\u00a0\u00bb text_align=\u00a0\u00bbcenter\u00a0\u00bb background_image_as_pattern=\u00a0\u00bbwithout_pattern\u00a0\u00bb anchor=\u00a0\u00bbabout\u00a0\u00bb css=\u00a0\u00bb.vc_custom_1480508287546{padding-top: 2% !important;padding-bottom: 2% !important;}\u00a0\u00bb][vc_column offset=\u00a0\u00bbvc_col-lg-offset-2 vc_col-lg-8 vc_col-md-offset-1 vc_col-md-10&Prime; css=\u00a0\u00bb.vc_custom_1467624556435{padding-right: 8% !important;padding-left: 8% !important;}\u00a0\u00bb][vc_column_text] CIUDAD REAL [\/vc_column_text][vc_empty_space height=\u00a0\u00bb8px\u00a0\u00bb][vc_column_text] La province de Ciudad Real est beaucoup plus importante que ce que l\u2019on peut imaginer. Rien de plus...\" \/>\n<meta property=\"og:url\" content=\"https:\/\/guiascastillalamancha.com\/fr\/ciudad-real\/\" \/>\n<meta property=\"og:site_name\" content=\"Gu\u00edas de Castilla la Mancha\" \/>\n<meta property=\"article:modified_time\" content=\"2025-02-04T22:11:37+00:00\" \/>\n<meta name=\"twitter:card\" content=\"summary_large_image\" \/>\n<meta name=\"twitter:label1\" content=\"Dur\u00e9e de lecture estim\u00e9e\" \/>\n\t<meta name=\"twitter:data1\" content=\"4 minutes\" \/>\n<script type=\"application\/ld+json\" class=\"yoast-schema-graph\">{\"@context\":\"https:\\\/\\\/schema.org\",\"@graph\":[{\"@type\":\"WebPage\",\"@id\":\"https:\\\/\\\/guiascastillalamancha.com\\\/fr\\\/ciudad-real\\\/\",\"url\":\"https:\\\/\\\/guiascastillalamancha.com\\\/fr\\\/ciudad-real\\\/\",\"name\":\"Ciudad Real - Gu\u00edas de Castilla la Mancha\",\"isPartOf\":{\"@id\":\"https:\\\/\\\/guiascastillalamancha.com\\\/es\\\/#website\"},\"datePublished\":\"2017-03-28T10:11:08+00:00\",\"dateModified\":\"2025-02-04T22:11:37+00:00\",\"breadcrumb\":{\"@id\":\"https:\\\/\\\/guiascastillalamancha.com\\\/fr\\\/ciudad-real\\\/#breadcrumb\"},\"inLanguage\":\"fr-FR\",\"potentialAction\":[{\"@type\":\"ReadAction\",\"target\":[\"https:\\\/\\\/guiascastillalamancha.com\\\/fr\\\/ciudad-real\\\/\"]}]},{\"@type\":\"BreadcrumbList\",\"@id\":\"https:\\\/\\\/guiascastillalamancha.com\\\/fr\\\/ciudad-real\\\/#breadcrumb\",\"itemListElement\":[{\"@type\":\"ListItem\",\"position\":1,\"name\":\"Portada\",\"item\":\"https:\\\/\\\/guiascastillalamancha.com\\\/fr\\\/\"},{\"@type\":\"ListItem\",\"position\":2,\"name\":\"Ciudad Real\"}]},{\"@type\":\"WebSite\",\"@id\":\"https:\\\/\\\/guiascastillalamancha.com\\\/es\\\/#website\",\"url\":\"https:\\\/\\\/guiascastillalamancha.com\\\/es\\\/\",\"name\":\"Gu\u00edas de Castilla la Mancha\",\"description\":\"Gu\u00edas Tur\u00edsticos para Toledo, Albacete, Ciudad Real, Cuenca y Guadalajara\",\"potentialAction\":[{\"@type\":\"SearchAction\",\"target\":{\"@type\":\"EntryPoint\",\"urlTemplate\":\"https:\\\/\\\/guiascastillalamancha.com\\\/es\\\/?s={search_term_string}\"},\"query-input\":{\"@type\":\"PropertyValueSpecification\",\"valueRequired\":true,\"valueName\":\"search_term_string\"}}],\"inLanguage\":\"fr-FR\"}]}<\/script>\n<!-- \/ Yoast SEO plugin. -->","yoast_head_json":{"title":"Ciudad Real - Gu\u00edas de Castilla la Mancha","robots":{"index":"index","follow":"follow","max-snippet":"max-snippet:-1","max-image-preview":"max-image-preview:large","max-video-preview":"max-video-preview:-1"},"canonical":"https:\/\/guiascastillalamancha.com\/fr\/ciudad-real\/","og_locale":"fr_FR","og_type":"article","og_title":"Ciudad Real - Gu\u00edas de Castilla la Mancha","og_description":"[vc_row css_animation=\u00a0\u00bb\u00a0\u00bb row_type=\u00a0\u00bbrow\u00a0\u00bb use_row_as_full_screen_section=\u00a0\u00bbno\u00a0\u00bb type=\u00a0\u00bbgrid\u00a0\u00bb angled_section=\u00a0\u00bbno\u00a0\u00bb text_align=\u00a0\u00bbcenter\u00a0\u00bb background_image_as_pattern=\u00a0\u00bbwithout_pattern\u00a0\u00bb anchor=\u00a0\u00bbabout\u00a0\u00bb css=\u00a0\u00bb.vc_custom_1480508287546{padding-top: 2% !important;padding-bottom: 2% !important;}\u00a0\u00bb][vc_column offset=\u00a0\u00bbvc_col-lg-offset-2 vc_col-lg-8 vc_col-md-offset-1 vc_col-md-10&Prime; css=\u00a0\u00bb.vc_custom_1467624556435{padding-right: 8% !important;padding-left: 8% !important;}\u00a0\u00bb][vc_column_text] CIUDAD REAL [\/vc_column_text][vc_empty_space height=\u00a0\u00bb8px\u00a0\u00bb][vc_column_text] La province de Ciudad Real est beaucoup plus importante que ce que l\u2019on peut imaginer. Rien de plus...","og_url":"https:\/\/guiascastillalamancha.com\/fr\/ciudad-real\/","og_site_name":"Gu\u00edas de Castilla la Mancha","article_modified_time":"2025-02-04T22:11:37+00:00","twitter_card":"summary_large_image","twitter_misc":{"Dur\u00e9e de lecture estim\u00e9e":"4 minutes"},"schema":{"@context":"https:\/\/schema.org","@graph":[{"@type":"WebPage","@id":"https:\/\/guiascastillalamancha.com\/fr\/ciudad-real\/","url":"https:\/\/guiascastillalamancha.com\/fr\/ciudad-real\/","name":"Ciudad Real - Gu\u00edas de Castilla la Mancha","isPartOf":{"@id":"https:\/\/guiascastillalamancha.com\/es\/#website"},"datePublished":"2017-03-28T10:11:08+00:00","dateModified":"2025-02-04T22:11:37+00:00","breadcrumb":{"@id":"https:\/\/guiascastillalamancha.com\/fr\/ciudad-real\/#breadcrumb"},"inLanguage":"fr-FR","potentialAction":[{"@type":"ReadAction","target":["https:\/\/guiascastillalamancha.com\/fr\/ciudad-real\/"]}]},{"@type":"BreadcrumbList","@id":"https:\/\/guiascastillalamancha.com\/fr\/ciudad-real\/#breadcrumb","itemListElement":[{"@type":"ListItem","position":1,"name":"Portada","item":"https:\/\/guiascastillalamancha.com\/fr\/"},{"@type":"ListItem","position":2,"name":"Ciudad Real"}]},{"@type":"WebSite","@id":"https:\/\/guiascastillalamancha.com\/es\/#website","url":"https:\/\/guiascastillalamancha.com\/es\/","name":"Gu\u00edas de Castilla la Mancha","description":"Gu\u00edas Tur\u00edsticos para Toledo, Albacete, Ciudad Real, Cuenca y Guadalajara","potentialAction":[{"@type":"SearchAction","target":{"@type":"EntryPoint","urlTemplate":"https:\/\/guiascastillalamancha.com\/es\/?s={search_term_string}"},"query-input":{"@type":"PropertyValueSpecification","valueRequired":true,"valueName":"search_term_string"}}],"inLanguage":"fr-FR"}]}},"_links":{"self":[{"href":"https:\/\/guiascastillalamancha.com\/fr\/wp-json\/wp\/v2\/pages\/807","targetHints":{"allow":["GET"]}}],"collection":[{"href":"https:\/\/guiascastillalamancha.com\/fr\/wp-json\/wp\/v2\/pages"}],"about":[{"href":"https:\/\/guiascastillalamancha.com\/fr\/wp-json\/wp\/v2\/types\/page"}],"author":[{"embeddable":true,"href":"https:\/\/guiascastillalamancha.com\/fr\/wp-json\/wp\/v2\/users\/3"}],"replies":[{"embeddable":true,"href":"https:\/\/guiascastillalamancha.com\/fr\/wp-json\/wp\/v2\/comments?post=807"}],"version-history":[{"count":1,"href":"https:\/\/guiascastillalamancha.com\/fr\/wp-json\/wp\/v2\/pages\/807\/revisions"}],"predecessor-version":[{"id":2528,"href":"https:\/\/guiascastillalamancha.com\/fr\/wp-json\/wp\/v2\/pages\/807\/revisions\/2528"}],"wp:attachment":[{"href":"https:\/\/guiascastillalamancha.com\/fr\/wp-json\/wp\/v2\/media?parent=807"}],"curies":[{"name":"wp","href":"https:\/\/api.w.org\/{rel}","templated":true}]}}