{"id":702,"date":"2017-03-28T09:39:28","date_gmt":"2017-03-28T09:39:28","guid":{"rendered":"http:\/\/guiasdetoledo.es\/?page_id=702\/"},"modified":"2025-02-04T23:07:03","modified_gmt":"2025-02-04T22:07:03","slug":"tolede","status":"publish","type":"page","link":"https:\/\/guiascastillalamancha.com\/fr\/tolede\/","title":{"rendered":"Tol\u00e8de"},"content":{"rendered":"<div class=\"wpb-content-wrapper\"><p>[vc_row css_animation=\u00a0\u00bb\u00a0\u00bb row_type=\u00a0\u00bbrow\u00a0\u00bb use_row_as_full_screen_section=\u00a0\u00bbno\u00a0\u00bb type=\u00a0\u00bbgrid\u00a0\u00bb angled_section=\u00a0\u00bbno\u00a0\u00bb text_align=\u00a0\u00bbcenter\u00a0\u00bb background_image_as_pattern=\u00a0\u00bbwithout_pattern\u00a0\u00bb anchor=\u00a0\u00bbabout\u00a0\u00bb css=\u00a0\u00bb.vc_custom_1480508287546{padding-top: 2% !important;padding-bottom: 2% !important;}\u00a0\u00bb][vc_column offset=\u00a0\u00bbvc_col-lg-offset-2 vc_col-lg-8 vc_col-md-offset-1 vc_col-md-10&Prime; css=\u00a0\u00bb.vc_custom_1467624556435{padding-right: 8% !important;padding-left: 8% !important;}\u00a0\u00bb][vc_column_text]<\/p>\n<h2 style=\"text-align: center;\">TOL\u00c8DE<\/h2>\n<p>[\/vc_column_text][vc_empty_space height=\u00a0\u00bb8px\u00a0\u00bb][vc_column_text]<\/p>\n<p style=\"text-align: center;\">La ville de Tol\u00e8de, Patrimoine de l\u2019Humanit\u00e9 depuis 1986, est l\u2019une des villes les plus int\u00e9ressantes du pays de par son architecture et son histoire. Elle est mondialement connue comme \u00ab la Ville des Trois Cultures \u00bb, o\u00f9 juifs, musulmans et chr\u00e9tiens cohabit\u00e8rent durant des si\u00e8cles et laiss\u00e8rent leur empreinte ind\u00e9l\u00e9bile dans chaque coin de la ville. L\u2019association vous propose divers itin\u00e9raires, de jour comme de nuit, pour vous permettre de d\u00e9couvrir toute la richesse de cette cit\u00e9. De la m\u00eame fa\u00e7on, nous pouvons personnaliser quelque itin\u00e9raire que ce soit, fond\u00e9 sur d\u2019autres aspects susceptibles de vous int\u00e9resser, aussi bien de la ville comme de la province : le Quartier Juif, la Renaissance \u00e0 Tol\u00e8de, Consuegra, La Manche et les moulins\u2026 N\u2019h\u00e9sitez pas \u00e0 nous consulter\u00a0!<\/p>\n<p>[\/vc_column_text][\/vc_column][\/vc_row][vc_row css_animation=\u00a0\u00bb\u00a0\u00bb row_type=\u00a0\u00bbrow\u00a0\u00bb use_row_as_full_screen_section=\u00a0\u00bbno\u00a0\u00bb type=\u00a0\u00bbfull_width\u00a0\u00bb angled_section=\u00a0\u00bbno\u00a0\u00bb text_align=\u00a0\u00bbleft\u00a0\u00bb background_image_as_pattern=\u00a0\u00bbwithout_pattern\u00a0\u00bb][vc_column][vc_column_text]<\/p>\n<h2 style=\"text-align: center;\">VISITES GUID\u00c9ES<\/h2>\n<p>[\/vc_column_text][vc_empty_space height=\u00a0\u00bb40px\u00a0\u00bb][\/vc_column][\/vc_row][vc_row css_animation=\u00a0\u00bb\u00a0\u00bb row_type=\u00a0\u00bbrow\u00a0\u00bb use_row_as_full_screen_section=\u00a0\u00bbyes\u00a0\u00bb type=\u00a0\u00bbgrid\u00a0\u00bb angled_section=\u00a0\u00bbno\u00a0\u00bb text_align=\u00a0\u00bbleft\u00a0\u00bb background_image_as_pattern=\u00a0\u00bbwithout_pattern\u00a0\u00bb][vc_column width=\u00a0\u00bb1\/2&Prime;][vc_single_image image=\u00a0\u00bb582&Prime; img_size=\u00a0\u00bbfull\u00a0\u00bb alignment=\u00a0\u00bbcenter\u00a0\u00bb qode_css_animation=\u00a0\u00bb\u00a0\u00bb][vc_empty_space height=\u00a0\u00bb20px\u00a0\u00bb][vc_column_text]<\/p>\n<h2 style=\"text-align: center;\">Tol\u00e8de Traditionnelle<\/h2>\n<p>[\/vc_column_text][vc_empty_space height=\u00a0\u00bb20px\u00a0\u00bb][vc_column_text css=\u00a0\u00bb.vc_custom_1490694111611{padding-right: 5% !important;padding-left: 5% !important;}\u00a0\u00bb]<\/p>\n<p style=\"text-align: center;\">Durant cette visite, nous essayons de pr\u00e9senter aux visiteurs les monuments les plus importants de la ville tels que :<br \/>\n&#8211; la <strong>Cath\u00e9drale<\/strong>, si\u00e8ge de l\u2019Archev\u00eaque Primat d\u2019Espagne, et l\u2019une des \u00e9glises les plus riches de toute la chr\u00e9tient\u00e9. Son int\u00e9rieur regorge de tr\u00e9sors artistiques et \u0153uvres d\u2019art r\u00e9alis\u00e9s par quelques-uns des artistes les plus renomm\u00e9s de l\u2019Histoire : El Greco, Rafael, Tiziano, Caravaggio, Van Dyck, Goya, Vel\u00e1zquez, Berruguete,.. Le spectaculaire Ostensoir du Corpus Christi ainsi que le Transparent y sont \u00e9galement conserv\u00e9s.<br \/>\n&#8211;<strong>\u00a0L&rsquo; \u00ab Enterrement du seigneur d&rsquo;Orgaz\u00a0\u00bb<\/strong>, \u0153uvre majeure du Greco, que vous pourrez admirer dans l\u2019\u00e9glise de Santo Tom\u00e9.<br \/>\n&#8211; <strong>La Synagogue de Santa Maria la Blanca<\/strong>, l\u2019une des seules synagogues m\u00e9di\u00e9vales subsistant dans la ville.<br \/>\nou<br \/>\n&#8211; Le <strong>Monast\u00e8re franciscain de San Juan de los Reyes<\/strong>, \u00e9lev\u00e9 \u00e0 la demande des Rois Catholiques \u00e0 la fin du XVe si\u00e8cle pour en faire leur panth\u00e9on fun\u00e9raire.<\/p>\n<p>[\/vc_column_text][vc_empty_space height=\u00a0\u00bb20px\u00a0\u00bb][\/vc_column][vc_column width=\u00a0\u00bb1\/2&Prime;][vc_single_image image=\u00a0\u00bb583&Prime; img_size=\u00a0\u00bbfull\u00a0\u00bb alignment=\u00a0\u00bbcenter\u00a0\u00bb qode_css_animation=\u00a0\u00bb\u00a0\u00bb][vc_empty_space height=\u00a0\u00bb20px\u00a0\u00bb][vc_column_text]<\/p>\n<h2 style=\"text-align: center;\">TOL\u00c8DE ET LES TROIS CULTURES<\/h2>\n<p>[\/vc_column_text][vc_empty_space height=\u00a0\u00bb20px\u00a0\u00bb][vc_column_text css=\u00a0\u00bb.vc_custom_1490694197318{padding-right: 5% !important;padding-left: 5% !important;}\u00a0\u00bb]<\/p>\n<p style=\"text-align: center;\">La ville est connue dans le monde entier comme ayant \u00e9t\u00e9 un exemple de cohabitation pacifique durant six cents ans. Un des parcours les plus int\u00e9ressants consiste \u00e0 approcher les trois religions et \u00e0 d\u00e9couvrir l\u2019empreinte qu\u2019elles ont laiss\u00e9e :<br \/>\n&#8211; <strong>La Mosqu\u00e9e du Cristo de la Luz<\/strong>. Une mosqu\u00e9e islamique du Xe si\u00e8cle toujours en pied de nos jours et convertie en \u00e9glise apr\u00e8s la reconqu\u00eate de la ville en 1085.<br \/>\n&#8211;<strong> L\u2019Eglise de San Rom\u00e1n<\/strong>, aujourd\u2019hui Mus\u00e9e des Conciles et de la Culture Wisigote. Elle repr\u00e9sente l\u2019importance de l\u2019Eglise Catholique en Espagne, dont Tol\u00e8de est le si\u00e8ge primat. Probablement l\u2019une des plus jolies \u00e9glises de style mud\u00e9jar de la ville.<br \/>\n&#8211; La <strong>Synagogue du Tr\u00e1nsito\u00a0et le Mus\u00e9e S\u00e9farade<\/strong>. C\u2019est l\u2019endroit id\u00e9al pour rem\u00e9morer le passage et l\u2019h\u00e9ritage de la communaut\u00e9 juive s\u00e9farade, l\u2019un des monuments les plus spectaculaires de la vieille ville.<\/p>\n<p>[\/vc_column_text][vc_empty_space height=\u00a0\u00bb20px\u00a0\u00bb][\/vc_column][\/vc_row][vc_row css_animation=\u00a0\u00bb\u00a0\u00bb row_type=\u00a0\u00bbrow\u00a0\u00bb use_row_as_full_screen_section=\u00a0\u00bbyes\u00a0\u00bb type=\u00a0\u00bbgrid\u00a0\u00bb angled_section=\u00a0\u00bbno\u00a0\u00bb text_align=\u00a0\u00bbleft\u00a0\u00bb background_image_as_pattern=\u00a0\u00bbwithout_pattern\u00a0\u00bb][vc_column width=\u00a0\u00bb1\/2&Prime;][vc_single_image image=\u00a0\u00bb585&Prime; img_size=\u00a0\u00bbfull\u00a0\u00bb alignment=\u00a0\u00bbcenter\u00a0\u00bb qode_css_animation=\u00a0\u00bb\u00a0\u00bb][vc_empty_space height=\u00a0\u00bb20px\u00a0\u00bb][vc_column_text]<\/p>\n<h2 style=\"text-align: center;\">TOL\u00c8DE ET LE GRECO<\/h2>\n<p>[\/vc_column_text][vc_empty_space height=\u00a0\u00bb20px\u00a0\u00bb][vc_column_text css=\u00a0\u00bb.vc_custom_1490694308928{padding-right: 5% !important;padding-left: 5% !important;}\u00a0\u00bb]<\/p>\n<p style=\"text-align: center;\">Il s\u2019agit de l\u2019artiste le plus important qui soit pass\u00e9 sur les terres tol\u00e9danes, et son h\u00e9ritage est d\u2019une valeur incalculable. Vous d\u00e9couvrirez son art et son style \u00e0 travers ses tableaux et les monuments qui les ont accueillis\u00a0:<br \/>\n&#8211;<strong> Le\u00a0Monast\u00e8re de Santo Domingo el Antiguo<\/strong>, auquel le Greco consacra ses premiers tableaux et o\u00f9 il fut enterr\u00e9.<br \/>\n&#8211; Le\u00a0<strong>Mus\u00e9e de Santa Cruz<\/strong>, ancien h\u00f4pital du XVe si\u00e8cle fond\u00e9 par l\u2019archev\u00eaque de Tol\u00e8de, don Pedro Gonz\u00e1lez de Mendoza, qui r\u00e9unit une collection impressionnante des tableaux du peintre cr\u00e9tois, ainsi qu\u2019un mus\u00e9e d\u2019arch\u00e9ologie, des arts appliqu\u00e9s et des beaux-arts.<br \/>\n&#8211; L\u2019Eglise de Santo Tom\u00e9, qui conserve depuis toujours l\u2019\u00a0<strong>\u00ab\u00a0Enterrement du seigneur d\u2019Orgaz\u00a0\u00bb<\/strong>, son chef-d\u2019oeuvre.<\/p>\n<p>[\/vc_column_text][vc_empty_space height=\u00a0\u00bb20px\u00a0\u00bb][\/vc_column][vc_column width=\u00a0\u00bb1\/2&Prime;][vc_single_image image=\u00a0\u00bb586&Prime; img_size=\u00a0\u00bbfull\u00a0\u00bb alignment=\u00a0\u00bbcenter\u00a0\u00bb qode_css_animation=\u00a0\u00bb\u00a0\u00bb][vc_empty_space height=\u00a0\u00bb20px\u00a0\u00bb][vc_column_text]<\/p>\n<h2 style=\"text-align: center;\">TOL\u00c8DE LA NUIT<\/h2>\n<p>[\/vc_column_text][vc_empty_space height=\u00a0\u00bb20px\u00a0\u00bb][vc_column_text css=\u00a0\u00bb.vc_custom_1490694369455{padding-right: 5% !important;padding-left: 5% !important;}\u00a0\u00bb]<\/p>\n<p style=\"text-align: center;\">Si vous avez la chance de passer la nuit \u00e0 Tol\u00e8de, vous d\u00e9couvrirez sa magie, ses l\u00e9gendes et son romantisme. Laissez-nous vous entra\u00eener au travers de ses rues et de ses recoins les plus secrets, p\u00e9n\u00e9trer en des lieux ancr\u00e9s dans le temps ou descendre jusqu\u2019aux <strong>entrailles du sous-sol tol\u00e9dan<\/strong>\u00a0: nous pourrons ainsi visiter les Thermes Romains de la place Amador de Los Rios, le Puits de la place del Salvador, ancienne citerne du XIVe si\u00e8cle, ou les bains arabes du Cenizal.<\/p>\n<p>[\/vc_column_text][vc_empty_space height=\u00a0\u00bb20px\u00a0\u00bb][\/vc_column][\/vc_row][vc_row css_animation=\u00a0\u00bb\u00a0\u00bb row_type=\u00a0\u00bbrow\u00a0\u00bb use_row_as_full_screen_section=\u00a0\u00bbno\u00a0\u00bb type=\u00a0\u00bbfull_width\u00a0\u00bb angled_section=\u00a0\u00bbno\u00a0\u00bb text_align=\u00a0\u00bbleft\u00a0\u00bb background_image_as_pattern=\u00a0\u00bbwithout_pattern\u00a0\u00bb][vc_column][vc_empty_space height=\u00a0\u00bb40px\u00a0\u00bb][\/vc_column][\/vc_row][vc_row css_animation=\u00a0\u00bb\u00a0\u00bb row_type=\u00a0\u00bbrow\u00a0\u00bb use_row_as_full_screen_section=\u00a0\u00bbno\u00a0\u00bb type=\u00a0\u00bbgrid\u00a0\u00bb angled_section=\u00a0\u00bbno\u00a0\u00bb text_align=\u00a0\u00bbcenter\u00a0\u00bb background_image_as_pattern=\u00a0\u00bbwithout_pattern\u00a0\u00bb anchor=\u00a0\u00bbbrands\u00a0\u00bb css=\u00a0\u00bb.vc_custom_1467717650552{padding-top: 5.5% !important;padding-bottom: 2% !important;}\u00a0\u00bb][vc_column offset=\u00a0\u00bbvc_col-lg-offset-2 vc_col-lg-8 vc_col-md-offset-1 vc_col-md-10&Prime; css=\u00a0\u00bb.vc_custom_1467624580101{padding-right: 8% !important;padding-left: 8% !important;}\u00a0\u00bb][vc_column_text css=\u00a0\u00bb\u00a0\u00bb]<a  itemprop=\"url\" href=\"\/fr\/Contact\" target=\"_blank\" data-hover-background-color=\"#882039\" data-hover-color=\"#d3bbc9\" class=\"qbutton  big_large center default\" style=\"color: #882039; font-style: normal; font-weight: 600; margin: 5px; background-color:#d3bbc9;\">CONTACTEZ-NOUS<\/a>[\/vc_column_text][vc_empty_space height=\u00a0\u00bb8px\u00a0\u00bb][vc_column_text css=\u00a0\u00bb\u00a0\u00bb el_id=\u00a0\u00bbhttps:\/\/guiascastillalamancha.com\/fr\/list-of-tourist-guides-in-toledo\/\u00a0\u00bb]<a  itemprop=\"url\" href=\"\/fr\/list-of-tourist-guides-in-toledo\/\" target=\"_self\" data-hover-background-color=\"#882039\" data-hover-color=\"#d3bbc9\" class=\"qbutton  big_large center default\" style=\"color: #882039; font-style: normal; font-weight: 600; margin: 5px; background-color:#d3bbc9;\"><span class=\"im\">Voir la Liste des Guides Touristiques Toledo<\/span><\/a>[\/vc_column_text][\/vc_column][\/vc_row][vc_row css_animation=\u00a0\u00bb\u00a0\u00bb row_type=\u00a0\u00bbrow\u00a0\u00bb use_row_as_full_screen_section=\u00a0\u00bbno\u00a0\u00bb type=\u00a0\u00bbgrid\u00a0\u00bb angled_section=\u00a0\u00bbno\u00a0\u00bb text_align=\u00a0\u00bbcenter\u00a0\u00bb background_image_as_pattern=\u00a0\u00bbwithout_pattern\u00a0\u00bb anchor=\u00a0\u00bbbrands\u00a0\u00bb css=\u00a0\u00bb.vc_custom_1467717650552{padding-top: 5.5% !important;padding-bottom: 2% !important;}\u00a0\u00bb][vc_column offset=\u00a0\u00bbvc_col-lg-offset-2 vc_col-lg-8 vc_col-md-offset-1 vc_col-md-10&Prime; css=\u00a0\u00bb.vc_custom_1467624580101{padding-right: 8% !important;padding-left: 8% !important;}\u00a0\u00bb][vc_column_text]<\/p>\n<p style=\"text-align: center;\">*photographies de @Jaci Sanchez<\/p>\n<p>[\/vc_column_text][vc_empty_space height=\u00a0\u00bb8px\u00a0\u00bb][\/vc_column][\/vc_row][vc_row css_animation=\u00a0\u00bb\u00a0\u00bb row_type=\u00a0\u00bbrow\u00a0\u00bb use_row_as_full_screen_section=\u00a0\u00bbno\u00a0\u00bb type=\u00a0\u00bbfull_width\u00a0\u00bb angled_section=\u00a0\u00bbno\u00a0\u00bb text_align=\u00a0\u00bbleft\u00a0\u00bb background_image_as_pattern=\u00a0\u00bbwithout_pattern\u00a0\u00bb][vc_column][vc_empty_space height=\u00a0\u00bb40px\u00a0\u00bb][\/vc_column][\/vc_row]<\/p>\n<\/div>","protected":false},"excerpt":{"rendered":"<p>[vc_row css_animation=\u00a0\u00bb\u00a0\u00bb row_type=\u00a0\u00bbrow\u00a0\u00bb use_row_as_full_screen_section=\u00a0\u00bbno\u00a0\u00bb type=\u00a0\u00bbgrid\u00a0\u00bb angled_section=\u00a0\u00bbno\u00a0\u00bb text_align=\u00a0\u00bbcenter\u00a0\u00bb background_image_as_pattern=\u00a0\u00bbwithout_pattern\u00a0\u00bb anchor=\u00a0\u00bbabout\u00a0\u00bb css=\u00a0\u00bb.vc_custom_1480508287546{padding-top: 2% !important;padding-bottom: 2% !important;}\u00a0\u00bb][vc_column offset=\u00a0\u00bbvc_col-lg-offset-2 vc_col-lg-8 vc_col-md-offset-1 vc_col-md-10&Prime; css=\u00a0\u00bb.vc_custom_1467624556435{padding-right: 8% !important;padding-left: 8% !important;}\u00a0\u00bb][vc_column_text] TOL\u00c8DE [\/vc_column_text][vc_empty_space height=\u00a0\u00bb8px\u00a0\u00bb][vc_column_text] La ville de Tol\u00e8de, Patrimoine de l\u2019Humanit\u00e9 depuis 1986, est l\u2019une des villes les plus int\u00e9ressantes du pays de&#8230;<\/p>\n","protected":false},"author":3,"featured_media":0,"parent":0,"menu_order":0,"comment_status":"closed","ping_status":"closed","template":"full_width.php","meta":{"footnotes":""},"class_list":["post-702","page","type-page","status-publish","hentry"],"yoast_head":"<!-- This site is optimized with the Yoast SEO plugin v27.3 - https:\/\/yoast.com\/product\/yoast-seo-wordpress\/ -->\n<title>Tol\u00e8de - Gu\u00edas de Castilla la Mancha<\/title>\n<meta name=\"robots\" content=\"index, follow, max-snippet:-1, max-image-preview:large, max-video-preview:-1\" \/>\n<link rel=\"canonical\" href=\"https:\/\/guiascastillalamancha.com\/fr\/tolede\/\" \/>\n<meta property=\"og:locale\" content=\"fr_FR\" \/>\n<meta property=\"og:type\" content=\"article\" \/>\n<meta property=\"og:title\" content=\"Tol\u00e8de - Gu\u00edas de Castilla la Mancha\" \/>\n<meta property=\"og:description\" content=\"[vc_row css_animation=\u00a0\u00bb\u00a0\u00bb row_type=\u00a0\u00bbrow\u00a0\u00bb use_row_as_full_screen_section=\u00a0\u00bbno\u00a0\u00bb type=\u00a0\u00bbgrid\u00a0\u00bb angled_section=\u00a0\u00bbno\u00a0\u00bb text_align=\u00a0\u00bbcenter\u00a0\u00bb background_image_as_pattern=\u00a0\u00bbwithout_pattern\u00a0\u00bb anchor=\u00a0\u00bbabout\u00a0\u00bb css=\u00a0\u00bb.vc_custom_1480508287546{padding-top: 2% !important;padding-bottom: 2% !important;}\u00a0\u00bb][vc_column offset=\u00a0\u00bbvc_col-lg-offset-2 vc_col-lg-8 vc_col-md-offset-1 vc_col-md-10&Prime; css=\u00a0\u00bb.vc_custom_1467624556435{padding-right: 8% !important;padding-left: 8% !important;}\u00a0\u00bb][vc_column_text] TOL\u00c8DE [\/vc_column_text][vc_empty_space height=\u00a0\u00bb8px\u00a0\u00bb][vc_column_text] La ville de Tol\u00e8de, Patrimoine de l\u2019Humanit\u00e9 depuis 1986, est l\u2019une des villes les plus int\u00e9ressantes du pays de...\" \/>\n<meta property=\"og:url\" content=\"https:\/\/guiascastillalamancha.com\/fr\/tolede\/\" \/>\n<meta property=\"og:site_name\" content=\"Gu\u00edas de Castilla la Mancha\" \/>\n<meta property=\"article:modified_time\" content=\"2025-02-04T22:07:03+00:00\" \/>\n<meta name=\"twitter:card\" content=\"summary_large_image\" \/>\n<meta name=\"twitter:label1\" content=\"Dur\u00e9e de lecture estim\u00e9e\" \/>\n\t<meta name=\"twitter:data1\" content=\"4 minutes\" \/>\n<script type=\"application\/ld+json\" class=\"yoast-schema-graph\">{\"@context\":\"https:\\\/\\\/schema.org\",\"@graph\":[{\"@type\":\"WebPage\",\"@id\":\"https:\\\/\\\/guiascastillalamancha.com\\\/fr\\\/tolede\\\/\",\"url\":\"https:\\\/\\\/guiascastillalamancha.com\\\/fr\\\/tolede\\\/\",\"name\":\"Tol\u00e8de - Gu\u00edas de Castilla la Mancha\",\"isPartOf\":{\"@id\":\"https:\\\/\\\/guiascastillalamancha.com\\\/es\\\/#website\"},\"datePublished\":\"2017-03-28T09:39:28+00:00\",\"dateModified\":\"2025-02-04T22:07:03+00:00\",\"breadcrumb\":{\"@id\":\"https:\\\/\\\/guiascastillalamancha.com\\\/fr\\\/tolede\\\/#breadcrumb\"},\"inLanguage\":\"fr-FR\",\"potentialAction\":[{\"@type\":\"ReadAction\",\"target\":[\"https:\\\/\\\/guiascastillalamancha.com\\\/fr\\\/tolede\\\/\"]}]},{\"@type\":\"BreadcrumbList\",\"@id\":\"https:\\\/\\\/guiascastillalamancha.com\\\/fr\\\/tolede\\\/#breadcrumb\",\"itemListElement\":[{\"@type\":\"ListItem\",\"position\":1,\"name\":\"Portada\",\"item\":\"https:\\\/\\\/guiascastillalamancha.com\\\/fr\\\/\"},{\"@type\":\"ListItem\",\"position\":2,\"name\":\"Tol\u00e8de\"}]},{\"@type\":\"WebSite\",\"@id\":\"https:\\\/\\\/guiascastillalamancha.com\\\/es\\\/#website\",\"url\":\"https:\\\/\\\/guiascastillalamancha.com\\\/es\\\/\",\"name\":\"Gu\u00edas de Castilla la Mancha\",\"description\":\"Gu\u00edas Tur\u00edsticos para Toledo, Albacete, Ciudad Real, Cuenca y Guadalajara\",\"potentialAction\":[{\"@type\":\"SearchAction\",\"target\":{\"@type\":\"EntryPoint\",\"urlTemplate\":\"https:\\\/\\\/guiascastillalamancha.com\\\/es\\\/?s={search_term_string}\"},\"query-input\":{\"@type\":\"PropertyValueSpecification\",\"valueRequired\":true,\"valueName\":\"search_term_string\"}}],\"inLanguage\":\"fr-FR\"}]}<\/script>\n<!-- \/ Yoast SEO plugin. -->","yoast_head_json":{"title":"Tol\u00e8de - Gu\u00edas de Castilla la Mancha","robots":{"index":"index","follow":"follow","max-snippet":"max-snippet:-1","max-image-preview":"max-image-preview:large","max-video-preview":"max-video-preview:-1"},"canonical":"https:\/\/guiascastillalamancha.com\/fr\/tolede\/","og_locale":"fr_FR","og_type":"article","og_title":"Tol\u00e8de - Gu\u00edas de Castilla la Mancha","og_description":"[vc_row css_animation=\u00a0\u00bb\u00a0\u00bb row_type=\u00a0\u00bbrow\u00a0\u00bb use_row_as_full_screen_section=\u00a0\u00bbno\u00a0\u00bb type=\u00a0\u00bbgrid\u00a0\u00bb angled_section=\u00a0\u00bbno\u00a0\u00bb text_align=\u00a0\u00bbcenter\u00a0\u00bb background_image_as_pattern=\u00a0\u00bbwithout_pattern\u00a0\u00bb anchor=\u00a0\u00bbabout\u00a0\u00bb css=\u00a0\u00bb.vc_custom_1480508287546{padding-top: 2% !important;padding-bottom: 2% !important;}\u00a0\u00bb][vc_column offset=\u00a0\u00bbvc_col-lg-offset-2 vc_col-lg-8 vc_col-md-offset-1 vc_col-md-10&Prime; css=\u00a0\u00bb.vc_custom_1467624556435{padding-right: 8% !important;padding-left: 8% !important;}\u00a0\u00bb][vc_column_text] TOL\u00c8DE [\/vc_column_text][vc_empty_space height=\u00a0\u00bb8px\u00a0\u00bb][vc_column_text] La ville de Tol\u00e8de, Patrimoine de l\u2019Humanit\u00e9 depuis 1986, est l\u2019une des villes les plus int\u00e9ressantes du pays de...","og_url":"https:\/\/guiascastillalamancha.com\/fr\/tolede\/","og_site_name":"Gu\u00edas de Castilla la Mancha","article_modified_time":"2025-02-04T22:07:03+00:00","twitter_card":"summary_large_image","twitter_misc":{"Dur\u00e9e de lecture estim\u00e9e":"4 minutes"},"schema":{"@context":"https:\/\/schema.org","@graph":[{"@type":"WebPage","@id":"https:\/\/guiascastillalamancha.com\/fr\/tolede\/","url":"https:\/\/guiascastillalamancha.com\/fr\/tolede\/","name":"Tol\u00e8de - Gu\u00edas de Castilla la Mancha","isPartOf":{"@id":"https:\/\/guiascastillalamancha.com\/es\/#website"},"datePublished":"2017-03-28T09:39:28+00:00","dateModified":"2025-02-04T22:07:03+00:00","breadcrumb":{"@id":"https:\/\/guiascastillalamancha.com\/fr\/tolede\/#breadcrumb"},"inLanguage":"fr-FR","potentialAction":[{"@type":"ReadAction","target":["https:\/\/guiascastillalamancha.com\/fr\/tolede\/"]}]},{"@type":"BreadcrumbList","@id":"https:\/\/guiascastillalamancha.com\/fr\/tolede\/#breadcrumb","itemListElement":[{"@type":"ListItem","position":1,"name":"Portada","item":"https:\/\/guiascastillalamancha.com\/fr\/"},{"@type":"ListItem","position":2,"name":"Tol\u00e8de"}]},{"@type":"WebSite","@id":"https:\/\/guiascastillalamancha.com\/es\/#website","url":"https:\/\/guiascastillalamancha.com\/es\/","name":"Gu\u00edas de Castilla la Mancha","description":"Gu\u00edas Tur\u00edsticos para Toledo, Albacete, Ciudad Real, Cuenca y Guadalajara","potentialAction":[{"@type":"SearchAction","target":{"@type":"EntryPoint","urlTemplate":"https:\/\/guiascastillalamancha.com\/es\/?s={search_term_string}"},"query-input":{"@type":"PropertyValueSpecification","valueRequired":true,"valueName":"search_term_string"}}],"inLanguage":"fr-FR"}]}},"_links":{"self":[{"href":"https:\/\/guiascastillalamancha.com\/fr\/wp-json\/wp\/v2\/pages\/702","targetHints":{"allow":["GET"]}}],"collection":[{"href":"https:\/\/guiascastillalamancha.com\/fr\/wp-json\/wp\/v2\/pages"}],"about":[{"href":"https:\/\/guiascastillalamancha.com\/fr\/wp-json\/wp\/v2\/types\/page"}],"author":[{"embeddable":true,"href":"https:\/\/guiascastillalamancha.com\/fr\/wp-json\/wp\/v2\/users\/3"}],"replies":[{"embeddable":true,"href":"https:\/\/guiascastillalamancha.com\/fr\/wp-json\/wp\/v2\/comments?post=702"}],"version-history":[{"count":4,"href":"https:\/\/guiascastillalamancha.com\/fr\/wp-json\/wp\/v2\/pages\/702\/revisions"}],"predecessor-version":[{"id":2525,"href":"https:\/\/guiascastillalamancha.com\/fr\/wp-json\/wp\/v2\/pages\/702\/revisions\/2525"}],"wp:attachment":[{"href":"https:\/\/guiascastillalamancha.com\/fr\/wp-json\/wp\/v2\/media?parent=702"}],"curies":[{"name":"wp","href":"https:\/\/api.w.org\/{rel}","templated":true}]}}