{"id":691,"date":"2017-03-28T09:31:21","date_gmt":"2017-03-28T09:31:21","guid":{"rendered":"http:\/\/guiasdetoledo.es\/?page_id=691"},"modified":"2025-01-14T22:48:29","modified_gmt":"2025-01-14T21:48:29","slug":"inici","status":"publish","type":"page","link":"https:\/\/guiascastillalamancha.com\/fr\/","title":{"rendered":"Inici"},"content":{"rendered":"<div class=\"wpb-content-wrapper\"><p>[vc_row css_animation=\u00a0\u00bb\u00a0\u00bb row_type=\u00a0\u00bbrow\u00a0\u00bb use_row_as_full_screen_section=\u00a0\u00bbno\u00a0\u00bb type=\u00a0\u00bbfull_width\u00a0\u00bb angled_section=\u00a0\u00bbno\u00a0\u00bb text_align=\u00a0\u00bbleft\u00a0\u00bb background_image_as_pattern=\u00a0\u00bbwithout_pattern\u00a0\u00bb][vc_column][vc_empty_space height=\u00a0\u00bb40px\u00a0\u00bb][\/vc_column][\/vc_row][vc_row css_animation=\u00a0\u00bb\u00a0\u00bb row_type=\u00a0\u00bbrow\u00a0\u00bb use_row_as_full_screen_section=\u00a0\u00bbno\u00a0\u00bb type=\u00a0\u00bbgrid\u00a0\u00bb angled_section=\u00a0\u00bbno\u00a0\u00bb text_align=\u00a0\u00bbcenter\u00a0\u00bb background_image_as_pattern=\u00a0\u00bbwithout_pattern\u00a0\u00bb anchor=\u00a0\u00bbabout\u00a0\u00bb background_color=\u00a0\u00bb#ffffff\u00a0\u00bb css=\u00a0\u00bb.vc_custom_1482413110190{padding-top: 2% !important;padding-bottom: 2% !important;}\u00a0\u00bb][vc_column offset=\u00a0\u00bbvc_col-lg-offset-2 vc_col-lg-8 vc_col-md-offset-1 vc_col-md-10&Prime; css=\u00a0\u00bb.vc_custom_1467624556435{padding-right: 8% !important;padding-left: 8% !important;}\u00a0\u00bb][vc_column_text]<\/p>\n<h2 style=\"text-align: center;\">ASSOCIATION DES GUIDES OFFICIELS<\/h2>\n<h2 style=\"text-align: center;\">DE TOURISME DE<\/h2>\n<h2 style=\"text-align: center;\">CASTILLE-LA MANCHE<\/h2>\n<p>[\/vc_column_text][vc_empty_space height=\u00a0\u00bb8px\u00a0\u00bb][vc_column_text]Vous trouverez au sein de l\u2019APIT de Castille-La Manche la grande majorit\u00e9 des guides officiels des diff\u00e9rentes provinces de la r\u00e9gion. Notre objectif premier est de proposer \u00e0 nos visiteurs une fa\u00e7on unique et professionnelle de conna\u00eetre un patrimoine riche en histoire, en art, et en monuments d\u2019une grande vari\u00e9t\u00e9.<br \/>\nVous trouverez un guide officiel accr\u00e9dit\u00e9 quel que soit l\u2019endroit que vous visiterez au sein de notre r\u00e9gion. Il vous fera d\u00e9couvrir, avec professionnalisme et savoir-faire, nos racines les plus profondes.[\/vc_column_text][\/vc_column][\/vc_row][vc_row css_animation=\u00a0\u00bb\u00a0\u00bb row_type=\u00a0\u00bbrow\u00a0\u00bb use_row_as_full_screen_section=\u00a0\u00bbno\u00a0\u00bb type=\u00a0\u00bbgrid\u00a0\u00bb angled_section=\u00a0\u00bbno\u00a0\u00bb text_align=\u00a0\u00bbleft\u00a0\u00bb background_image_as_pattern=\u00a0\u00bbwithout_pattern\u00a0\u00bb][vc_column width=\u00a0\u00bb1\/4&Prime;]<div class='q_icon_with_title medium normal_icon center '><div class=\"icon_holder \" style=\" \"><span data-icon-type=\"normal\" data-icon-hover-color=\"#eaeaea\" class=\"qode_iwt_icon_holder q_font_awsome_icon fa-3x  \"><i class=\"qode_icon_font_awesome fa fa-users qode_iwt_icon_element\" style=\"color: #d3bbc9\"><\/i><\/span><\/div><div class=\"icon_text_holder\" style=\"\"><div class=\"icon_text_inner\" style=\"\"><h4 class=\"icon_title\" style=\"\">GUIDES OFFICIELS DIPLOM\u00c9S<\/h4><p style=''><\/p><\/div><\/div><\/div>[vc_empty_space height=\u00a0\u00bb10px\u00a0\u00bb][vc_column_text]Tous les guides de notre Association sont titulaires du carnet de Guide Officiel de Tourisme, autorisation indispensable et essentielle dans le cadre de la profession.[\/vc_column_text][vc_empty_space height=\u00a0\u00bb40px\u00a0\u00bb][\/vc_column][vc_column width=\u00a0\u00bb1\/4&Prime;]<div class='q_icon_with_title medium normal_icon center '><div class=\"icon_holder \" style=\" \"><span data-icon-type=\"normal\" data-icon-hover-color=\"#eaeaea\" class=\"qode_iwt_icon_holder q_font_awsome_icon fa-3x  \"><i class=\"qode_icon_font_awesome fa fa-hand-o-right qode_iwt_icon_element\" style=\"color: #d3bbc9\"><\/i><\/span><\/div><div class=\"icon_text_holder\" style=\"\"><div class=\"icon_text_inner\" style=\"\"><h4 class=\"icon_title\" style=\"\">QUALIT\u00c9 DE SERVICE<\/h4><p style=''><\/p><\/div><\/div><\/div>[vc_empty_space height=\u00a0\u00bb10px\u00a0\u00bb][vc_column_text]La formation acad\u00e9mique des tous les membres ainsi que les cours d\u2019actualisation effectu\u00e9s par l\u2019Association sont, de part la qualit\u00e9 de nos services, une r\u00e9f\u00e9rence au niveau national et une exigence de nous tous.[\/vc_column_text][vc_empty_space height=\u00a0\u00bb40px\u00a0\u00bb][\/vc_column][vc_column width=\u00a0\u00bb1\/4&Prime;]<div class='q_icon_with_title medium normal_icon center '><div class=\"icon_holder \" style=\" \"><span data-icon-type=\"normal\" data-icon-hover-color=\"#eaeaea\" class=\"qode_iwt_icon_holder q_font_awsome_icon fa-3x  \"><i class=\"qode_icon_font_awesome fa fa-arrow-circle-up qode_iwt_icon_element\" style=\"color: #d3bbc9\"><\/i><\/span><\/div><div class=\"icon_text_holder\" style=\"\"><div class=\"icon_text_inner\" style=\"\"><h4 class=\"icon_title\" style=\"\">EXP\u00c9RIENCE<\/h4><p style=''><\/p><\/div><\/div><\/div>[vc_empty_space height=\u00a0\u00bb10px\u00a0\u00bb][vc_column_text]En tant qu\u2019Association, plus de 40 ans de services sont une garantie. Si l\u2019exp\u00e9rience est un \u00e9chelon, nous en avons gravit plusieurs gr\u00e2ce \u00e0 notre travail quotidien.[\/vc_column_text][vc_empty_space height=\u00a0\u00bb40px\u00a0\u00bb][\/vc_column][vc_column width=\u00a0\u00bb1\/4&Prime;]<div class='q_icon_with_title medium normal_icon center '><div class=\"icon_holder \" style=\" \"><span data-icon-type=\"normal\" data-icon-hover-color=\"#eaeaea\" class=\"qode_iwt_icon_holder q_font_awsome_icon fa-3x  \"><i class=\"qode_icon_font_awesome fa fa-check-circle-o qode_iwt_icon_element\" style=\"color: #d3bbc9\"><\/i><\/span><\/div><div class=\"icon_text_holder\" style=\"\"><div class=\"icon_text_inner\" style=\"\"><h4 class=\"icon_title\" style=\"\">PROFESSIONNALISME<\/h4><p style=''><\/p><\/div><\/div><\/div>[vc_empty_space height=\u00a0\u00bb10px\u00a0\u00bb][vc_column_text]Qu\u2019il s\u2019agisse de visites priv\u00e9es, sp\u00e9cialis\u00e9es ou visites de groupes, tous nos efforts sont dirig\u00e9s vers le visiteur, quels que soient son origine ou son niveau, de mani\u00e8re \u00e0 ce que celui-ci puisse comprendre l\u2019essence m\u00eame de la ville et de tous les monuments qu\u2019il d\u00e9sire conna\u00eetre.[\/vc_column_text][vc_empty_space height=\u00a0\u00bb40px\u00a0\u00bb][\/vc_column][\/vc_row][vc_row css_animation=\u00a0\u00bb\u00a0\u00bb row_type=\u00a0\u00bbrow\u00a0\u00bb use_row_as_full_screen_section=\u00a0\u00bbno\u00a0\u00bb type=\u00a0\u00bbgrid\u00a0\u00bb angled_section=\u00a0\u00bbno\u00a0\u00bb text_align=\u00a0\u00bbleft\u00a0\u00bb background_image_as_pattern=\u00a0\u00bbwithout_pattern\u00a0\u00bb][vc_column][vc_column_text]<\/p>\n<h2 style=\"text-align: center;\">NOS VISITES GUID\u00c9ES<\/h2>\n<p>[\/vc_column_text][vc_empty_space height=\u00a0\u00bb40px\u00a0\u00bb][vc_column_text]<\/p>\n<p style=\"text-align: center;\">D\u00e9couvrez Castille-la Manche !<br \/>\nVenez d\u00e9couvrir ses impressionnants monuments, son h\u00e9ritage historique, ses paysages naturels, sa gastronomie et ses habitants. N\u2019h\u00e9sitez pas \u00e0 vous ouvrir \u00e0 une r\u00e9gion d\u2019une richesse incroyable, et pour cela faites confiance \u00e0 nos guides officiels, de vrais professionnels\u00a0!<\/p>\n<p>[\/vc_column_text][vc_empty_space height=\u00a0\u00bb40px\u00a0\u00bb][\/vc_column][\/vc_row][vc_row css_animation=\u00a0\u00bb\u00a0\u00bb row_type=\u00a0\u00bbrow\u00a0\u00bb use_row_as_full_screen_section=\u00a0\u00bbyes\u00a0\u00bb type=\u00a0\u00bbgrid\u00a0\u00bb angled_section=\u00a0\u00bbno\u00a0\u00bb text_align=\u00a0\u00bbleft\u00a0\u00bb background_image_as_pattern=\u00a0\u00bbwithout_pattern\u00a0\u00bb css=\u00a0\u00bb.vc_custom_1480413837433{padding-right: 8% !important;padding-left: 8% !important;}\u00a0\u00bb][vc_column width=\u00a0\u00bb1\/3&Prime;][vc_single_image image=\u00a0\u00bb367&Prime; img_size=\u00a0\u00bb600&#215;600&Prime; onclick=\u00a0\u00bbcustom_link\u00a0\u00bb qode_css_animation=\u00a0\u00bb\u00a0\u00bb link=\u00a0\u00bb\/fr\/albacete\/\u00a0\u00bb][vc_empty_space height=\u00a0\u00bb10px\u00a0\u00bb][vc_column_text]<\/p>\n<h2 style=\"text-align: center;\">Albacete<\/h2>\n<p>[\/vc_column_text][vc_empty_space height=\u00a0\u00bb40px\u00a0\u00bb][\/vc_column][vc_column width=\u00a0\u00bb1\/3&Prime;][vc_single_image image=\u00a0\u00bb506&Prime; img_size=\u00a0\u00bb600&#215;600&Prime; onclick=\u00a0\u00bbcustom_link\u00a0\u00bb qode_css_animation=\u00a0\u00bb\u00a0\u00bb link=\u00a0\u00bb\/fr\/ciudad-real\/\u00a0\u00bb][vc_empty_space height=\u00a0\u00bb10px\u00a0\u00bb][vc_column_text]<\/p>\n<h2 style=\"text-align: center;\">Ciudad Real<\/h2>\n<p>[\/vc_column_text][vc_empty_space height=\u00a0\u00bb40px\u00a0\u00bb][\/vc_column][vc_column width=\u00a0\u00bb1\/3&Prime;][vc_single_image image=\u00a0\u00bb378&Prime; img_size=\u00a0\u00bb600&#215;600&Prime; onclick=\u00a0\u00bbcustom_link\u00a0\u00bb qode_css_animation=\u00a0\u00bb\u00a0\u00bb link=\u00a0\u00bb\/fr\/toledo\/\u00a0\u00bb][vc_empty_space height=\u00a0\u00bb10px\u00a0\u00bb][vc_column_text]<\/p>\n<h2 style=\"text-align: center;\">Cuenca<\/h2>\n<p>[\/vc_column_text][vc_empty_space height=\u00a0\u00bb40px\u00a0\u00bb][\/vc_column][\/vc_row][vc_row css_animation=\u00a0\u00bb\u00a0\u00bb row_type=\u00a0\u00bbrow\u00a0\u00bb use_row_as_full_screen_section=\u00a0\u00bbyes\u00a0\u00bb type=\u00a0\u00bbgrid\u00a0\u00bb angled_section=\u00a0\u00bbno\u00a0\u00bb text_align=\u00a0\u00bbleft\u00a0\u00bb background_image_as_pattern=\u00a0\u00bbwithout_pattern\u00a0\u00bb css=\u00a0\u00bb.vc_custom_1480413837433{padding-right: 8% !important;padding-left: 8% !important;}\u00a0\u00bb][vc_column width=\u00a0\u00bb1\/3&Prime;][vc_single_image image=\u00a0\u00bb371&Prime; img_size=\u00a0\u00bb600&#215;600&Prime; onclick=\u00a0\u00bbcustom_link\u00a0\u00bb qode_css_animation=\u00a0\u00bb\u00a0\u00bb link=\u00a0\u00bb\/fr\/albacete\/\u00a0\u00bb][vc_empty_space height=\u00a0\u00bb10px\u00a0\u00bb][vc_column_text]<\/p>\n<h2 style=\"text-align: center;\">Guadalajara<\/h2>\n<p>[\/vc_column_text][vc_empty_space height=\u00a0\u00bb40px\u00a0\u00bb][\/vc_column][vc_column width=\u00a0\u00bb1\/3&Prime;][vc_single_image image=\u00a0\u00bb566&Prime; img_size=\u00a0\u00bb600&#215;600&Prime; onclick=\u00a0\u00bbcustom_link\u00a0\u00bb qode_css_animation=\u00a0\u00bb\u00a0\u00bb link=\u00a0\u00bb\/fr\/tolede\/\u00a0\u00bb][vc_empty_space height=\u00a0\u00bb10px\u00a0\u00bb][vc_column_text]<\/p>\n<h2 style=\"text-align: center;\">Tol\u00e8de<\/h2>\n<p>[\/vc_column_text][vc_empty_space height=\u00a0\u00bb40px\u00a0\u00bb][\/vc_column][vc_column width=\u00a0\u00bb1\/3&Prime;][vc_single_image image=\u00a0\u00bb368&Prime; img_size=\u00a0\u00bb600&#215;600&Prime; qode_css_animation=\u00a0\u00bb\u00a0\u00bb][vc_empty_space height=\u00a0\u00bb10px\u00a0\u00bb][vc_column_text]<\/p>\n<h2 style=\"text-align: center;\">La Mancha<\/h2>\n<p>[\/vc_column_text][vc_empty_space height=\u00a0\u00bb40px\u00a0\u00bb][\/vc_column][\/vc_row][vc_row css_animation=\u00a0\u00bb\u00a0\u00bb row_type=\u00a0\u00bbrow\u00a0\u00bb use_row_as_full_screen_section=\u00a0\u00bbno\u00a0\u00bb type=\u00a0\u00bbfull_width\u00a0\u00bb angled_section=\u00a0\u00bbno\u00a0\u00bb text_align=\u00a0\u00bbleft\u00a0\u00bb background_image_as_pattern=\u00a0\u00bbwithout_pattern\u00a0\u00bb][vc_column][vc_empty_space height=\u00a0\u00bb40px\u00a0\u00bb][\/vc_column][\/vc_row]<\/p>\n<\/div>","protected":false},"excerpt":{"rendered":"<p>[vc_row css_animation=\u00a0\u00bb\u00a0\u00bb row_type=\u00a0\u00bbrow\u00a0\u00bb use_row_as_full_screen_section=\u00a0\u00bbno\u00a0\u00bb type=\u00a0\u00bbfull_width\u00a0\u00bb angled_section=\u00a0\u00bbno\u00a0\u00bb text_align=\u00a0\u00bbleft\u00a0\u00bb background_image_as_pattern=\u00a0\u00bbwithout_pattern\u00a0\u00bb][vc_column][vc_empty_space height=\u00a0\u00bb40px\u00a0\u00bb][\/vc_column][\/vc_row][vc_row css_animation=\u00a0\u00bb\u00a0\u00bb row_type=\u00a0\u00bbrow\u00a0\u00bb use_row_as_full_screen_section=\u00a0\u00bbno\u00a0\u00bb type=\u00a0\u00bbgrid\u00a0\u00bb angled_section=\u00a0\u00bbno\u00a0\u00bb text_align=\u00a0\u00bbcenter\u00a0\u00bb background_image_as_pattern=\u00a0\u00bbwithout_pattern\u00a0\u00bb anchor=\u00a0\u00bbabout\u00a0\u00bb background_color=\u00a0\u00bb#ffffff\u00a0\u00bb css=\u00a0\u00bb.vc_custom_1482413110190{padding-top: 2% !important;padding-bottom: 2% !important;}\u00a0\u00bb][vc_column offset=\u00a0\u00bbvc_col-lg-offset-2 vc_col-lg-8 vc_col-md-offset-1 vc_col-md-10&Prime; css=\u00a0\u00bb.vc_custom_1467624556435{padding-right: 8% !important;padding-left: 8% !important;}\u00a0\u00bb][vc_column_text] ASSOCIATION DES GUIDES OFFICIELS DE TOURISME DE CASTILLE-LA MANCHE [\/vc_column_text][vc_empty_space height=\u00a0\u00bb8px\u00a0\u00bb][vc_column_text]Vous trouverez au&#8230;<\/p>\n","protected":false},"author":3,"featured_media":0,"parent":0,"menu_order":0,"comment_status":"closed","ping_status":"closed","template":"full_width.php","meta":{"footnotes":""},"class_list":["post-691","page","type-page","status-publish","hentry"],"yoast_head":"<!-- This site is optimized with the Yoast SEO plugin v27.3 - https:\/\/yoast.com\/product\/yoast-seo-wordpress\/ -->\n<title>Inici - Gu\u00edas de Castilla la Mancha<\/title>\n<meta name=\"robots\" content=\"index, follow, max-snippet:-1, max-image-preview:large, max-video-preview:-1\" \/>\n<link rel=\"canonical\" href=\"https:\/\/guiascastillalamancha.com\/fr\/\" \/>\n<meta property=\"og:locale\" content=\"fr_FR\" \/>\n<meta property=\"og:type\" content=\"article\" \/>\n<meta property=\"og:title\" content=\"Inici - Gu\u00edas de Castilla la Mancha\" \/>\n<meta property=\"og:description\" content=\"[vc_row css_animation=\u00a0\u00bb\u00a0\u00bb row_type=\u00a0\u00bbrow\u00a0\u00bb use_row_as_full_screen_section=\u00a0\u00bbno\u00a0\u00bb type=\u00a0\u00bbfull_width\u00a0\u00bb angled_section=\u00a0\u00bbno\u00a0\u00bb text_align=\u00a0\u00bbleft\u00a0\u00bb background_image_as_pattern=\u00a0\u00bbwithout_pattern\u00a0\u00bb][vc_column][vc_empty_space height=\u00a0\u00bb40px\u00a0\u00bb][\/vc_column][\/vc_row][vc_row css_animation=\u00a0\u00bb\u00a0\u00bb row_type=\u00a0\u00bbrow\u00a0\u00bb use_row_as_full_screen_section=\u00a0\u00bbno\u00a0\u00bb type=\u00a0\u00bbgrid\u00a0\u00bb angled_section=\u00a0\u00bbno\u00a0\u00bb text_align=\u00a0\u00bbcenter\u00a0\u00bb background_image_as_pattern=\u00a0\u00bbwithout_pattern\u00a0\u00bb anchor=\u00a0\u00bbabout\u00a0\u00bb background_color=\u00a0\u00bb#ffffff\u00a0\u00bb css=\u00a0\u00bb.vc_custom_1482413110190{padding-top: 2% !important;padding-bottom: 2% !important;}\u00a0\u00bb][vc_column offset=\u00a0\u00bbvc_col-lg-offset-2 vc_col-lg-8 vc_col-md-offset-1 vc_col-md-10&Prime; css=\u00a0\u00bb.vc_custom_1467624556435{padding-right: 8% !important;padding-left: 8% !important;}\u00a0\u00bb][vc_column_text] ASSOCIATION DES GUIDES OFFICIELS DE TOURISME DE CASTILLE-LA MANCHE [\/vc_column_text][vc_empty_space height=\u00a0\u00bb8px\u00a0\u00bb][vc_column_text]Vous trouverez au...\" \/>\n<meta property=\"og:url\" content=\"https:\/\/guiascastillalamancha.com\/fr\/\" \/>\n<meta property=\"og:site_name\" content=\"Gu\u00edas de Castilla la Mancha\" \/>\n<meta property=\"article:modified_time\" content=\"2025-01-14T21:48:29+00:00\" \/>\n<meta name=\"twitter:card\" content=\"summary_large_image\" \/>\n<meta name=\"twitter:label1\" content=\"Dur\u00e9e de lecture estim\u00e9e\" \/>\n\t<meta name=\"twitter:data1\" content=\"3 minutes\" \/>\n<script type=\"application\/ld+json\" class=\"yoast-schema-graph\">{\"@context\":\"https:\\\/\\\/schema.org\",\"@graph\":[{\"@type\":\"WebPage\",\"@id\":\"https:\\\/\\\/guiascastillalamancha.com\\\/fr\\\/\",\"url\":\"https:\\\/\\\/guiascastillalamancha.com\\\/fr\\\/\",\"name\":\"Inici - Gu\u00edas de Castilla la Mancha\",\"isPartOf\":{\"@id\":\"https:\\\/\\\/guiascastillalamancha.com\\\/es\\\/#website\"},\"datePublished\":\"2017-03-28T09:31:21+00:00\",\"dateModified\":\"2025-01-14T21:48:29+00:00\",\"breadcrumb\":{\"@id\":\"https:\\\/\\\/guiascastillalamancha.com\\\/fr\\\/#breadcrumb\"},\"inLanguage\":\"fr-FR\",\"potentialAction\":[{\"@type\":\"ReadAction\",\"target\":[\"https:\\\/\\\/guiascastillalamancha.com\\\/fr\\\/\"]}]},{\"@type\":\"BreadcrumbList\",\"@id\":\"https:\\\/\\\/guiascastillalamancha.com\\\/fr\\\/#breadcrumb\",\"itemListElement\":[{\"@type\":\"ListItem\",\"position\":1,\"name\":\"Portada\",\"item\":\"https:\\\/\\\/guiascastillalamancha.com\\\/fr\\\/\"},{\"@type\":\"ListItem\",\"position\":2,\"name\":\"Inici\"}]},{\"@type\":\"WebSite\",\"@id\":\"https:\\\/\\\/guiascastillalamancha.com\\\/es\\\/#website\",\"url\":\"https:\\\/\\\/guiascastillalamancha.com\\\/es\\\/\",\"name\":\"Gu\u00edas de Castilla la Mancha\",\"description\":\"Gu\u00edas Tur\u00edsticos para Toledo, Albacete, Ciudad Real, Cuenca y Guadalajara\",\"potentialAction\":[{\"@type\":\"SearchAction\",\"target\":{\"@type\":\"EntryPoint\",\"urlTemplate\":\"https:\\\/\\\/guiascastillalamancha.com\\\/es\\\/?s={search_term_string}\"},\"query-input\":{\"@type\":\"PropertyValueSpecification\",\"valueRequired\":true,\"valueName\":\"search_term_string\"}}],\"inLanguage\":\"fr-FR\"}]}<\/script>\n<!-- \/ Yoast SEO plugin. -->","yoast_head_json":{"title":"Inici - Gu\u00edas de Castilla la Mancha","robots":{"index":"index","follow":"follow","max-snippet":"max-snippet:-1","max-image-preview":"max-image-preview:large","max-video-preview":"max-video-preview:-1"},"canonical":"https:\/\/guiascastillalamancha.com\/fr\/","og_locale":"fr_FR","og_type":"article","og_title":"Inici - Gu\u00edas de Castilla la Mancha","og_description":"[vc_row css_animation=\u00a0\u00bb\u00a0\u00bb row_type=\u00a0\u00bbrow\u00a0\u00bb use_row_as_full_screen_section=\u00a0\u00bbno\u00a0\u00bb type=\u00a0\u00bbfull_width\u00a0\u00bb angled_section=\u00a0\u00bbno\u00a0\u00bb text_align=\u00a0\u00bbleft\u00a0\u00bb background_image_as_pattern=\u00a0\u00bbwithout_pattern\u00a0\u00bb][vc_column][vc_empty_space height=\u00a0\u00bb40px\u00a0\u00bb][\/vc_column][\/vc_row][vc_row css_animation=\u00a0\u00bb\u00a0\u00bb row_type=\u00a0\u00bbrow\u00a0\u00bb use_row_as_full_screen_section=\u00a0\u00bbno\u00a0\u00bb type=\u00a0\u00bbgrid\u00a0\u00bb angled_section=\u00a0\u00bbno\u00a0\u00bb text_align=\u00a0\u00bbcenter\u00a0\u00bb background_image_as_pattern=\u00a0\u00bbwithout_pattern\u00a0\u00bb anchor=\u00a0\u00bbabout\u00a0\u00bb background_color=\u00a0\u00bb#ffffff\u00a0\u00bb css=\u00a0\u00bb.vc_custom_1482413110190{padding-top: 2% !important;padding-bottom: 2% !important;}\u00a0\u00bb][vc_column offset=\u00a0\u00bbvc_col-lg-offset-2 vc_col-lg-8 vc_col-md-offset-1 vc_col-md-10&Prime; css=\u00a0\u00bb.vc_custom_1467624556435{padding-right: 8% !important;padding-left: 8% !important;}\u00a0\u00bb][vc_column_text] ASSOCIATION DES GUIDES OFFICIELS DE TOURISME DE CASTILLE-LA MANCHE [\/vc_column_text][vc_empty_space height=\u00a0\u00bb8px\u00a0\u00bb][vc_column_text]Vous trouverez au...","og_url":"https:\/\/guiascastillalamancha.com\/fr\/","og_site_name":"Gu\u00edas de Castilla la Mancha","article_modified_time":"2025-01-14T21:48:29+00:00","twitter_card":"summary_large_image","twitter_misc":{"Dur\u00e9e de lecture estim\u00e9e":"3 minutes"},"schema":{"@context":"https:\/\/schema.org","@graph":[{"@type":"WebPage","@id":"https:\/\/guiascastillalamancha.com\/fr\/","url":"https:\/\/guiascastillalamancha.com\/fr\/","name":"Inici - Gu\u00edas de Castilla la Mancha","isPartOf":{"@id":"https:\/\/guiascastillalamancha.com\/es\/#website"},"datePublished":"2017-03-28T09:31:21+00:00","dateModified":"2025-01-14T21:48:29+00:00","breadcrumb":{"@id":"https:\/\/guiascastillalamancha.com\/fr\/#breadcrumb"},"inLanguage":"fr-FR","potentialAction":[{"@type":"ReadAction","target":["https:\/\/guiascastillalamancha.com\/fr\/"]}]},{"@type":"BreadcrumbList","@id":"https:\/\/guiascastillalamancha.com\/fr\/#breadcrumb","itemListElement":[{"@type":"ListItem","position":1,"name":"Portada","item":"https:\/\/guiascastillalamancha.com\/fr\/"},{"@type":"ListItem","position":2,"name":"Inici"}]},{"@type":"WebSite","@id":"https:\/\/guiascastillalamancha.com\/es\/#website","url":"https:\/\/guiascastillalamancha.com\/es\/","name":"Gu\u00edas de Castilla la Mancha","description":"Gu\u00edas Tur\u00edsticos para Toledo, Albacete, Ciudad Real, Cuenca y Guadalajara","potentialAction":[{"@type":"SearchAction","target":{"@type":"EntryPoint","urlTemplate":"https:\/\/guiascastillalamancha.com\/es\/?s={search_term_string}"},"query-input":{"@type":"PropertyValueSpecification","valueRequired":true,"valueName":"search_term_string"}}],"inLanguage":"fr-FR"}]}},"_links":{"self":[{"href":"https:\/\/guiascastillalamancha.com\/fr\/wp-json\/wp\/v2\/pages\/691","targetHints":{"allow":["GET"]}}],"collection":[{"href":"https:\/\/guiascastillalamancha.com\/fr\/wp-json\/wp\/v2\/pages"}],"about":[{"href":"https:\/\/guiascastillalamancha.com\/fr\/wp-json\/wp\/v2\/types\/page"}],"author":[{"embeddable":true,"href":"https:\/\/guiascastillalamancha.com\/fr\/wp-json\/wp\/v2\/users\/3"}],"replies":[{"embeddable":true,"href":"https:\/\/guiascastillalamancha.com\/fr\/wp-json\/wp\/v2\/comments?post=691"}],"version-history":[{"count":2,"href":"https:\/\/guiascastillalamancha.com\/fr\/wp-json\/wp\/v2\/pages\/691\/revisions"}],"predecessor-version":[{"id":2444,"href":"https:\/\/guiascastillalamancha.com\/fr\/wp-json\/wp\/v2\/pages\/691\/revisions\/2444"}],"wp:attachment":[{"href":"https:\/\/guiascastillalamancha.com\/fr\/wp-json\/wp\/v2\/media?parent=691"}],"curies":[{"name":"wp","href":"https:\/\/api.w.org\/{rel}","templated":true}]}}