{"id":1216,"date":"2017-05-18T07:35:45","date_gmt":"2017-05-18T07:35:45","guid":{"rendered":"http:\/\/guiasdetoledo.es\/?page_id=1216"},"modified":"2026-04-06T08:18:23","modified_gmt":"2026-04-06T07:18:23","slug":"liste-des-guides-touristiques-ciudad-real","status":"publish","type":"page","link":"https:\/\/guiascastillalamancha.com\/fr\/liste-des-guides-touristiques-ciudad-real\/","title":{"rendered":"Liste des Guides Touristiques Ciudad Real"},"content":{"rendered":"<div class=\"wpb-content-wrapper\"><p>[vc_row css_animation=\u00a0\u00bb\u00a0\u00bb row_type=\u00a0\u00bbrow\u00a0\u00bb use_row_as_full_screen_section=\u00a0\u00bbno\u00a0\u00bb type=\u00a0\u00bbgrid\u00a0\u00bb angled_section=\u00a0\u00bbno\u00a0\u00bb text_align=\u00a0\u00bbleft\u00a0\u00bb background_image_as_pattern=\u00a0\u00bbwithout_pattern\u00a0\u00bb][vc_column][vc_empty_space][vc_column_text]<\/p>\n<h2 style=\"text-align: center;\">Liste des Guides Touristiques\u00a0Ciudad Real<\/h2>\n<p>[\/vc_column_text][vc_empty_space][\/vc_column][\/vc_row][vc_row css_animation=\u00a0\u00bb\u00a0\u00bb row_type=\u00a0\u00bbrow\u00a0\u00bb use_row_as_full_screen_section=\u00a0\u00bbno\u00a0\u00bb type=\u00a0\u00bbfull_width\u00a0\u00bb angled_section=\u00a0\u00bbno\u00a0\u00bb text_align=\u00a0\u00bbleft\u00a0\u00bb background_image_as_pattern=\u00a0\u00bbwithout_pattern\u00a0\u00bb][vc_column width=\u00a0\u00bb1\/6&Prime;][\/vc_column][vc_column width=\u00a0\u00bb1\/6&Prime;][vc_column_text]<\/p>\n<h4>Picazo Bueno, B\u00e1rbara<\/h4>\n<p>[\/vc_column_text][\/vc_column][vc_column width=\u00a0\u00bb1\/6&Prime;][vc_column_text]0034 636 186 223[\/vc_column_text][\/vc_column][vc_column width=\u00a0\u00bb1\/6&Prime;][vc_column_text]<span style=\"color: #000000;\"><a class=\"staff-member-email\" style=\"color: #000000;\" title=\"Email Picazo Bueno, B\u00e1rbara (Ciudad Real)\" href=\"mailto:barbarapicazo@gmail.com\">barbarapicazo@gmail.com<\/a><\/span>[\/vc_column_text][\/vc_column][vc_column width=\u00a0\u00bb1\/6&Prime;][vc_column_text]<img loading=\"lazy\" decoding=\"async\" class=\"alignnone\" title=\"Espa\u00f1ol\" src=\"http:\/\/guiasdecastillalamancha.com\/wp-content\/uploads\/2017\/05\/Spain.png\" width=\"34\" height=\"34\" \/>\u00a0<img loading=\"lazy\" decoding=\"async\" class=\"\" title=\"Ingl\u00e9s\" src=\"http:\/\/guiasdecastillalamancha.com\/wp-content\/uploads\/2017\/05\/United-Kingdom.png\" width=\"34\" height=\"34\" \/>\u00a0<img loading=\"lazy\" decoding=\"async\" class=\"\" title=\"Franc\u00e9s\" src=\"http:\/\/guiasdecastillalamancha.com\/wp-content\/uploads\/2017\/05\/France.png\" width=\"34\" height=\"34\" \/>[\/vc_column_text][\/vc_column][vc_column width=\u00a0\u00bb1\/6&Prime;][\/vc_column][\/vc_row][vc_row css_animation=\u00a0\u00bb\u00a0\u00bb row_type=\u00a0\u00bbrow\u00a0\u00bb use_row_as_full_screen_section=\u00a0\u00bbno\u00a0\u00bb type=\u00a0\u00bbfull_width\u00a0\u00bb angled_section=\u00a0\u00bbno\u00a0\u00bb text_align=\u00a0\u00bbleft\u00a0\u00bb background_image_as_pattern=\u00a0\u00bbwithout_pattern\u00a0\u00bb][vc_column width=\u00a0\u00bb1\/6&Prime;][\/vc_column][vc_column width=\u00a0\u00bb1\/6&Prime;][vc_column_text]<\/p>\n<h4>Ruiz Arroyo, Antonio<\/h4>\n<p>[\/vc_column_text][\/vc_column][vc_column width=\u00a0\u00bb1\/6&Prime;][vc_column_text]0034 639 878 887[\/vc_column_text][\/vc_column][vc_column width=\u00a0\u00bb1\/6&Prime;][vc_column_text]<span style=\"color: #000000;\"><a class=\"staff-member-email\" style=\"color: #000000;\" title=\"Email Picazo Bueno, B\u00e1rbara (Ciudad Real)\" href=\"mailto:antonino.guiaturistico@gmail.com\">antonino.guiaturistico@gmail.com<\/a><\/span>[\/vc_column_text][\/vc_column][vc_column width=\u00a0\u00bb1\/6&Prime;][vc_column_text]<img loading=\"lazy\" decoding=\"async\" class=\"alignnone\" title=\"Espa\u00f1ol\" src=\"http:\/\/guiasdecastillalamancha.com\/wp-content\/uploads\/2017\/05\/Spain.png\" width=\"34\" height=\"34\" \/>\u00a0<img loading=\"lazy\" decoding=\"async\" class=\"\" title=\"Ingl\u00e9s\" src=\"http:\/\/guiasdecastillalamancha.com\/wp-content\/uploads\/2017\/05\/United-Kingdom.png\" width=\"34\" height=\"34\" \/>\u00a0<img loading=\"lazy\" decoding=\"async\" class=\"\" title=\"Franc\u00e9s\" src=\"http:\/\/guiasdecastillalamancha.com\/wp-content\/uploads\/2017\/05\/France.png\" width=\"34\" height=\"34\" \/>[\/vc_column_text][\/vc_column][vc_column width=\u00a0\u00bb1\/6&Prime;][\/vc_column][\/vc_row][vc_row css_animation=\u00a0\u00bb\u00a0\u00bb row_type=\u00a0\u00bbrow\u00a0\u00bb use_row_as_full_screen_section=\u00a0\u00bbno\u00a0\u00bb type=\u00a0\u00bbfull_width\u00a0\u00bb angled_section=\u00a0\u00bbno\u00a0\u00bb text_align=\u00a0\u00bbleft\u00a0\u00bb background_image_as_pattern=\u00a0\u00bbwithout_pattern\u00a0\u00bb][vc_column width=\u00a0\u00bb1\/6&Prime;][\/vc_column][vc_column width=\u00a0\u00bb1\/6&Prime;][vc_column_text]<\/p>\n<h4>S\u00e1nchez Lorenzo, Cristina<\/h4>\n<p>[\/vc_column_text][\/vc_column][vc_column width=\u00a0\u00bb1\/6&Prime;][vc_column_text]0034 667 552 882[\/vc_column_text][\/vc_column][vc_column width=\u00a0\u00bb1\/6&Prime;][vc_column_text]<span style=\"color: #000000;\"><a class=\"staff-member-email\" style=\"color: #000000;\" title=\"Email S\u00e1nchez Lorenzo, Cristina (Ciudad Real)\" href=\"mailto:cristinasanchez@caballerosandantes.com\">cristinasanchez@caballerosandantes.com<\/a><\/span>[\/vc_column_text][\/vc_column][vc_column width=\u00a0\u00bb1\/6&Prime;][vc_column_text]<img loading=\"lazy\" decoding=\"async\" class=\"alignnone\" title=\"Espa\u00f1ol\" src=\"http:\/\/guiasdecastillalamancha.com\/wp-content\/uploads\/2017\/05\/Spain.png\" width=\"34\" height=\"34\" \/>\u00a0<img loading=\"lazy\" decoding=\"async\" class=\"\" title=\"Ingl\u00e9s\" src=\"http:\/\/guiasdecastillalamancha.com\/wp-content\/uploads\/2017\/05\/United-Kingdom.png\" width=\"34\" height=\"34\" \/>\u00a0<img loading=\"lazy\" decoding=\"async\" class=\"\" title=\"Franc\u00e9s\" src=\"http:\/\/guiasdecastillalamancha.com\/wp-content\/uploads\/2017\/05\/France.png\" width=\"34\" height=\"34\" \/>[\/vc_column_text][\/vc_column][vc_column width=\u00a0\u00bb1\/6&Prime;][\/vc_column][\/vc_row][vc_row css_animation=\u00a0\u00bb\u00a0\u00bb row_type=\u00a0\u00bbrow\u00a0\u00bb use_row_as_full_screen_section=\u00a0\u00bbno\u00a0\u00bb type=\u00a0\u00bbfull_width\u00a0\u00bb angled_section=\u00a0\u00bbno\u00a0\u00bb text_align=\u00a0\u00bbleft\u00a0\u00bb background_image_as_pattern=\u00a0\u00bbwithout_pattern\u00a0\u00bb][vc_column width=\u00a0\u00bb1\/6&Prime;][\/vc_column][vc_column width=\u00a0\u00bb1\/6&Prime;][vc_column_text css=\u00a0\u00bb\u00a0\u00bb]<\/p>\n<h4>Balmaseda G\u00f3mez, Vanessa<\/h4>\n<p>[\/vc_column_text][\/vc_column][vc_column width=\u00a0\u00bb1\/6&Prime;][vc_column_text css=\u00a0\u00bb\u00a0\u00bb]0034 633 896 692[\/vc_column_text][\/vc_column][vc_column width=\u00a0\u00bb1\/6&Prime;][vc_column_text css=\u00a0\u00bb\u00a0\u00bb]<span style=\"color: #000000;\"><a class=\"staff-member-email\" style=\"color: #000000;\" title=\"Email Picazo Bueno, B\u00e1rbara (Ciudad Real)\" href=\"mailto:vanessabalma97@gmail.com\">vanessabalma97@gmail.com<\/a><\/span>[\/vc_column_text][\/vc_column][vc_column width=\u00a0\u00bb1\/6&Prime;][vc_column_text]<img loading=\"lazy\" decoding=\"async\" class=\"alignnone\" title=\"Espa\u00f1ol\" src=\"http:\/\/guiasdecastillalamancha.com\/wp-content\/uploads\/2017\/05\/Spain.png\" width=\"34\" height=\"34\" \/>\u00a0<img loading=\"lazy\" decoding=\"async\" class=\"\" title=\"Ingl\u00e9s\" src=\"http:\/\/guiasdecastillalamancha.com\/wp-content\/uploads\/2017\/05\/United-Kingdom.png\" width=\"34\" height=\"34\" \/>\u00a0<img loading=\"lazy\" decoding=\"async\" class=\"\" title=\"Franc\u00e9s\" src=\"http:\/\/guiasdecastillalamancha.com\/wp-content\/uploads\/2017\/05\/France.png\" width=\"34\" height=\"34\" \/>[\/vc_column_text][\/vc_column][vc_column width=\u00a0\u00bb1\/6&Prime;][\/vc_column][\/vc_row][vc_row css_animation=\u00a0\u00bb\u00a0\u00bb row_type=\u00a0\u00bbrow\u00a0\u00bb use_row_as_full_screen_section=\u00a0\u00bbno\u00a0\u00bb type=\u00a0\u00bbfull_width\u00a0\u00bb angled_section=\u00a0\u00bbno\u00a0\u00bb text_align=\u00a0\u00bbleft\u00a0\u00bb background_image_as_pattern=\u00a0\u00bbwithout_pattern\u00a0\u00bb][vc_column width=\u00a0\u00bb1\/6&Prime;][\/vc_column][vc_column width=\u00a0\u00bb1\/6&Prime;][vc_column_text]<\/p>\n<h4>Garc\u00eda Garc\u00eda, Miriam<\/h4>\n<p>[\/vc_column_text][\/vc_column][vc_column width=\u00a0\u00bb1\/6&Prime;][vc_column_text]0034 653 444 675[\/vc_column_text][\/vc_column][vc_column width=\u00a0\u00bb1\/6&Prime;][vc_column_text]<span style=\"color: #000000;\"><a class=\"staff-member-email\" style=\"color: #000000;\" title=\"Email Picazo Bueno, B\u00e1rbara (Ciudad Real)\" href=\"mailto:miriamj25@hotmail.com\">miriamj25@hotmail.com<\/a><\/span>[\/vc_column_text][\/vc_column][vc_column width=\u00a0\u00bb1\/6&Prime;][vc_column_text css=\u00a0\u00bb\u00a0\u00bb]<img loading=\"lazy\" decoding=\"async\" class=\"alignnone\" title=\"Espa\u00f1ol\" src=\"http:\/\/guiasdecastillalamancha.com\/wp-content\/uploads\/2017\/05\/Spain.png\" width=\"34\" height=\"34\" \/> \u00a0<img loading=\"lazy\" decoding=\"async\" class=\"\" title=\"Franc\u00e9s\" src=\"http:\/\/guiasdecastillalamancha.com\/wp-content\/uploads\/2017\/05\/France.png\" width=\"34\" height=\"34\" \/>[\/vc_column_text][\/vc_column][vc_column width=\u00a0\u00bb1\/6&Prime;][\/vc_column][\/vc_row][vc_row css_animation=\u00a0\u00bb\u00a0\u00bb row_type=\u00a0\u00bbrow\u00a0\u00bb use_row_as_full_screen_section=\u00a0\u00bbno\u00a0\u00bb type=\u00a0\u00bbfull_width\u00a0\u00bb angled_section=\u00a0\u00bbno\u00a0\u00bb text_align=\u00a0\u00bbleft\u00a0\u00bb background_image_as_pattern=\u00a0\u00bbwithout_pattern\u00a0\u00bb][vc_column width=\u00a0\u00bb1\/6&Prime;][\/vc_column][vc_column width=\u00a0\u00bb1\/6&Prime;][vc_column_text]<\/p>\n<h4>Jim\u00e9nez Mu\u00f1oz, Ana Maria<\/h4>\n<p>[\/vc_column_text][\/vc_column][vc_column width=\u00a0\u00bb1\/6&Prime;][vc_column_text]0034\u00a0696 528 755[\/vc_column_text][\/vc_column][vc_column width=\u00a0\u00bb1\/6&Prime;][vc_column_text]anamaturismo87@gmail.com[\/vc_column_text][\/vc_column][vc_column width=\u00a0\u00bb1\/6&Prime;][vc_column_text]<img loading=\"lazy\" decoding=\"async\" class=\"alignnone\" title=\"Espa\u00f1ol\" src=\"http:\/\/guiasdecastillalamancha.com\/wp-content\/uploads\/2017\/05\/Spain.png\" width=\"34\" height=\"34\" \/> <img loading=\"lazy\" decoding=\"async\" class=\"\" title=\"Ingl\u00e9s\" src=\"http:\/\/guiasdecastillalamancha.com\/wp-content\/uploads\/2017\/05\/United-Kingdom.png\" width=\"34\" height=\"34\" \/>\u00a0<img loading=\"lazy\" decoding=\"async\" class=\"\" title=\"Franc\u00e9s\" src=\"http:\/\/guiasdecastillalamancha.com\/wp-content\/uploads\/2017\/05\/France.png\" width=\"34\" height=\"34\" \/>[\/vc_column_text][\/vc_column][vc_column width=\u00a0\u00bb1\/6&Prime;][\/vc_column][\/vc_row][vc_row css_animation=\u00a0\u00bb\u00a0\u00bb row_type=\u00a0\u00bbrow\u00a0\u00bb use_row_as_full_screen_section=\u00a0\u00bbno\u00a0\u00bb type=\u00a0\u00bbfull_width\u00a0\u00bb angled_section=\u00a0\u00bbno\u00a0\u00bb text_align=\u00a0\u00bbleft\u00a0\u00bb background_image_as_pattern=\u00a0\u00bbwithout_pattern\u00a0\u00bb][vc_column width=\u00a0\u00bb1\/6&Prime;][\/vc_column][vc_column width=\u00a0\u00bb1\/6&Prime;][vc_column_text]<\/p>\n<h4>L\u00f3pez de Lerma Morales, Cristina<\/h4>\n<p>[\/vc_column_text][\/vc_column][vc_column width=\u00a0\u00bb1\/6&Prime;][vc_column_text]0034 649 493 723[\/vc_column_text][\/vc_column][vc_column width=\u00a0\u00bb1\/6&Prime;][vc_column_text]<span style=\"color: #000000;\"><a class=\"staff-member-email\" style=\"color: #000000;\" title=\"Email L\u00f3pez de Lerma Morales, Cristina (Ciudad Real)\" href=\"mailto:clolemo@libero.it\">clolemo@libero.it<\/a><\/span>[\/vc_column_text][\/vc_column][vc_column width=\u00a0\u00bb1\/6&Prime;][vc_column_text]<img loading=\"lazy\" decoding=\"async\" class=\"alignnone\" title=\"Espa\u00f1ol\" src=\"http:\/\/guiasdecastillalamancha.com\/wp-content\/uploads\/2017\/05\/Spain.png\" width=\"34\" height=\"34\" \/>\u00a0<img loading=\"lazy\" decoding=\"async\" class=\"\" title=\"Ingl\u00e9s\" src=\"http:\/\/guiasdecastillalamancha.com\/wp-content\/uploads\/2017\/05\/United-Kingdom.png\" width=\"34\" height=\"34\" \/>\u00a0<img loading=\"lazy\" decoding=\"async\" class=\"\" title=\"Franc\u00e9s\" src=\"http:\/\/guiasdecastillalamancha.com\/wp-content\/uploads\/2017\/05\/France.png\" width=\"34\" height=\"34\" \/>\u00a0<img loading=\"lazy\" decoding=\"async\" class=\"\" title=\"Italiano\" src=\"http:\/\/guiasdecastillalamancha.com\/wp-content\/uploads\/2017\/05\/Italy.png\" width=\"34\" height=\"34\" \/>[\/vc_column_text][\/vc_column][vc_column width=\u00a0\u00bb1\/6&Prime;][\/vc_column][\/vc_row][vc_row css_animation=\u00a0\u00bb\u00a0\u00bb row_type=\u00a0\u00bbrow\u00a0\u00bb use_row_as_full_screen_section=\u00a0\u00bbno\u00a0\u00bb type=\u00a0\u00bbgrid\u00a0\u00bb angled_section=\u00a0\u00bbno\u00a0\u00bb text_align=\u00a0\u00bbleft\u00a0\u00bb background_image_as_pattern=\u00a0\u00bbwithout_pattern\u00a0\u00bb][vc_column][vc_empty_space][vc_empty_space][\/vc_column][\/vc_row][vc_row css_animation=\u00a0\u00bb\u00a0\u00bb row_type=\u00a0\u00bbrow\u00a0\u00bb use_row_as_full_screen_section=\u00a0\u00bbno\u00a0\u00bb type=\u00a0\u00bbfull_width\u00a0\u00bb angled_section=\u00a0\u00bbno\u00a0\u00bb text_align=\u00a0\u00bbleft\u00a0\u00bb background_image_as_pattern=\u00a0\u00bbwithout_pattern\u00a0\u00bb][vc_column][vc_column_text]<\/p>\n<h4><\/h4>\n<p>[\/vc_column_text][\/vc_column][\/vc_row]<\/p>\n<\/div>","protected":false},"excerpt":{"rendered":"<p>[vc_row css_animation=\u00a0\u00bb\u00a0\u00bb row_type=\u00a0\u00bbrow\u00a0\u00bb use_row_as_full_screen_section=\u00a0\u00bbno\u00a0\u00bb type=\u00a0\u00bbgrid\u00a0\u00bb angled_section=\u00a0\u00bbno\u00a0\u00bb text_align=\u00a0\u00bbleft\u00a0\u00bb background_image_as_pattern=\u00a0\u00bbwithout_pattern\u00a0\u00bb][vc_column][vc_empty_space][vc_column_text] Liste des Guides Touristiques\u00a0Ciudad Real [\/vc_column_text][vc_empty_space][\/vc_column][\/vc_row][vc_row css_animation=\u00a0\u00bb\u00a0\u00bb row_type=\u00a0\u00bbrow\u00a0\u00bb use_row_as_full_screen_section=\u00a0\u00bbno\u00a0\u00bb type=\u00a0\u00bbfull_width\u00a0\u00bb angled_section=\u00a0\u00bbno\u00a0\u00bb text_align=\u00a0\u00bbleft\u00a0\u00bb background_image_as_pattern=\u00a0\u00bbwithout_pattern\u00a0\u00bb][vc_column width=\u00a0\u00bb1\/6&Prime;][\/vc_column][vc_column width=\u00a0\u00bb1\/6&Prime;][vc_column_text] Picazo Bueno, B\u00e1rbara [\/vc_column_text][\/vc_column][vc_column width=\u00a0\u00bb1\/6&Prime;][vc_column_text]0034 636 186 223[\/vc_column_text][\/vc_column][vc_column width=\u00a0\u00bb1\/6&Prime;][vc_column_text]barbarapicazo@gmail.com[\/vc_column_text][\/vc_column][vc_column width=\u00a0\u00bb1\/6&Prime;][vc_column_text]\u00a0\u00a0[\/vc_column_text][\/vc_column][vc_column width=\u00a0\u00bb1\/6&Prime;][\/vc_column][\/vc_row][vc_row css_animation=\u00a0\u00bb\u00a0\u00bb row_type=\u00a0\u00bbrow\u00a0\u00bb use_row_as_full_screen_section=\u00a0\u00bbno\u00a0\u00bb type=\u00a0\u00bbfull_width\u00a0\u00bb angled_section=\u00a0\u00bbno\u00a0\u00bb text_align=\u00a0\u00bbleft\u00a0\u00bb background_image_as_pattern=\u00a0\u00bbwithout_pattern\u00a0\u00bb][vc_column width=\u00a0\u00bb1\/6&Prime;][\/vc_column][vc_column width=\u00a0\u00bb1\/6&Prime;][vc_column_text] Ruiz Arroyo,&#8230;<\/p>\n","protected":false},"author":3,"featured_media":0,"parent":0,"menu_order":0,"comment_status":"closed","ping_status":"closed","template":"full_width.php","meta":{"footnotes":""},"class_list":["post-1216","page","type-page","status-publish","hentry"],"yoast_head":"<!-- This site is optimized with the Yoast SEO plugin v27.3 - https:\/\/yoast.com\/product\/yoast-seo-wordpress\/ -->\n<title>Liste des Guides Touristiques Ciudad Real - Gu\u00edas de Castilla la Mancha<\/title>\n<meta name=\"robots\" content=\"index, follow, max-snippet:-1, max-image-preview:large, max-video-preview:-1\" \/>\n<link rel=\"canonical\" href=\"https:\/\/guiascastillalamancha.com\/fr\/liste-des-guides-touristiques-ciudad-real\/\" \/>\n<meta property=\"og:locale\" content=\"fr_FR\" \/>\n<meta property=\"og:type\" content=\"article\" \/>\n<meta property=\"og:title\" content=\"Liste des Guides Touristiques Ciudad Real - Gu\u00edas de Castilla la Mancha\" \/>\n<meta property=\"og:description\" content=\"[vc_row css_animation=\u00a0\u00bb\u00a0\u00bb row_type=\u00a0\u00bbrow\u00a0\u00bb use_row_as_full_screen_section=\u00a0\u00bbno\u00a0\u00bb type=\u00a0\u00bbgrid\u00a0\u00bb angled_section=\u00a0\u00bbno\u00a0\u00bb text_align=\u00a0\u00bbleft\u00a0\u00bb background_image_as_pattern=\u00a0\u00bbwithout_pattern\u00a0\u00bb][vc_column][vc_empty_space][vc_column_text] Liste des Guides Touristiques\u00a0Ciudad Real [\/vc_column_text][vc_empty_space][\/vc_column][\/vc_row][vc_row css_animation=\u00a0\u00bb\u00a0\u00bb row_type=\u00a0\u00bbrow\u00a0\u00bb use_row_as_full_screen_section=\u00a0\u00bbno\u00a0\u00bb type=\u00a0\u00bbfull_width\u00a0\u00bb angled_section=\u00a0\u00bbno\u00a0\u00bb text_align=\u00a0\u00bbleft\u00a0\u00bb background_image_as_pattern=\u00a0\u00bbwithout_pattern\u00a0\u00bb][vc_column width=\u00a0\u00bb1\/6&Prime;][\/vc_column][vc_column width=\u00a0\u00bb1\/6&Prime;][vc_column_text] Picazo Bueno, B\u00e1rbara [\/vc_column_text][\/vc_column][vc_column width=\u00a0\u00bb1\/6&Prime;][vc_column_text]0034 636 186 223[\/vc_column_text][\/vc_column][vc_column width=\u00a0\u00bb1\/6&Prime;][vc_column_text]barbarapicazo@gmail.com[\/vc_column_text][\/vc_column][vc_column width=\u00a0\u00bb1\/6&Prime;][vc_column_text]\u00a0\u00a0[\/vc_column_text][\/vc_column][vc_column width=\u00a0\u00bb1\/6&Prime;][\/vc_column][\/vc_row][vc_row css_animation=\u00a0\u00bb\u00a0\u00bb row_type=\u00a0\u00bbrow\u00a0\u00bb use_row_as_full_screen_section=\u00a0\u00bbno\u00a0\u00bb type=\u00a0\u00bbfull_width\u00a0\u00bb angled_section=\u00a0\u00bbno\u00a0\u00bb text_align=\u00a0\u00bbleft\u00a0\u00bb background_image_as_pattern=\u00a0\u00bbwithout_pattern\u00a0\u00bb][vc_column width=\u00a0\u00bb1\/6&Prime;][\/vc_column][vc_column width=\u00a0\u00bb1\/6&Prime;][vc_column_text] Ruiz Arroyo,...\" \/>\n<meta property=\"og:url\" content=\"https:\/\/guiascastillalamancha.com\/fr\/liste-des-guides-touristiques-ciudad-real\/\" \/>\n<meta property=\"og:site_name\" content=\"Gu\u00edas de Castilla la Mancha\" \/>\n<meta property=\"article:modified_time\" content=\"2026-04-06T07:18:23+00:00\" \/>\n<meta property=\"og:image\" content=\"http:\/\/guiasdecastillalamancha.com\/wp-content\/uploads\/2017\/05\/Spain.png\" \/>\n<meta name=\"twitter:card\" content=\"summary_large_image\" \/>\n<meta name=\"twitter:label1\" content=\"Dur\u00e9e de lecture estim\u00e9e\" \/>\n\t<meta name=\"twitter:data1\" content=\"6 minutes\" \/>\n<script type=\"application\/ld+json\" class=\"yoast-schema-graph\">{\"@context\":\"https:\\\/\\\/schema.org\",\"@graph\":[{\"@type\":\"WebPage\",\"@id\":\"https:\\\/\\\/guiascastillalamancha.com\\\/fr\\\/liste-des-guides-touristiques-ciudad-real\\\/\",\"url\":\"https:\\\/\\\/guiascastillalamancha.com\\\/fr\\\/liste-des-guides-touristiques-ciudad-real\\\/\",\"name\":\"Liste des Guides Touristiques Ciudad Real - Gu\u00edas de Castilla la Mancha\",\"isPartOf\":{\"@id\":\"https:\\\/\\\/guiascastillalamancha.com\\\/es\\\/#website\"},\"primaryImageOfPage\":{\"@id\":\"https:\\\/\\\/guiascastillalamancha.com\\\/fr\\\/liste-des-guides-touristiques-ciudad-real\\\/#primaryimage\"},\"image\":{\"@id\":\"https:\\\/\\\/guiascastillalamancha.com\\\/fr\\\/liste-des-guides-touristiques-ciudad-real\\\/#primaryimage\"},\"thumbnailUrl\":\"http:\\\/\\\/guiasdecastillalamancha.com\\\/wp-content\\\/uploads\\\/2017\\\/05\\\/Spain.png\",\"datePublished\":\"2017-05-18T07:35:45+00:00\",\"dateModified\":\"2026-04-06T07:18:23+00:00\",\"breadcrumb\":{\"@id\":\"https:\\\/\\\/guiascastillalamancha.com\\\/fr\\\/liste-des-guides-touristiques-ciudad-real\\\/#breadcrumb\"},\"inLanguage\":\"fr-FR\",\"potentialAction\":[{\"@type\":\"ReadAction\",\"target\":[\"https:\\\/\\\/guiascastillalamancha.com\\\/fr\\\/liste-des-guides-touristiques-ciudad-real\\\/\"]}]},{\"@type\":\"ImageObject\",\"inLanguage\":\"fr-FR\",\"@id\":\"https:\\\/\\\/guiascastillalamancha.com\\\/fr\\\/liste-des-guides-touristiques-ciudad-real\\\/#primaryimage\",\"url\":\"http:\\\/\\\/guiasdecastillalamancha.com\\\/wp-content\\\/uploads\\\/2017\\\/05\\\/Spain.png\",\"contentUrl\":\"http:\\\/\\\/guiasdecastillalamancha.com\\\/wp-content\\\/uploads\\\/2017\\\/05\\\/Spain.png\"},{\"@type\":\"BreadcrumbList\",\"@id\":\"https:\\\/\\\/guiascastillalamancha.com\\\/fr\\\/liste-des-guides-touristiques-ciudad-real\\\/#breadcrumb\",\"itemListElement\":[{\"@type\":\"ListItem\",\"position\":1,\"name\":\"Portada\",\"item\":\"https:\\\/\\\/guiascastillalamancha.com\\\/fr\\\/\"},{\"@type\":\"ListItem\",\"position\":2,\"name\":\"Liste des Guides Touristiques Ciudad Real\"}]},{\"@type\":\"WebSite\",\"@id\":\"https:\\\/\\\/guiascastillalamancha.com\\\/es\\\/#website\",\"url\":\"https:\\\/\\\/guiascastillalamancha.com\\\/es\\\/\",\"name\":\"Gu\u00edas de Castilla la Mancha\",\"description\":\"Gu\u00edas Tur\u00edsticos para Toledo, Albacete, Ciudad Real, Cuenca y Guadalajara\",\"potentialAction\":[{\"@type\":\"SearchAction\",\"target\":{\"@type\":\"EntryPoint\",\"urlTemplate\":\"https:\\\/\\\/guiascastillalamancha.com\\\/es\\\/?s={search_term_string}\"},\"query-input\":{\"@type\":\"PropertyValueSpecification\",\"valueRequired\":true,\"valueName\":\"search_term_string\"}}],\"inLanguage\":\"fr-FR\"}]}<\/script>\n<!-- \/ Yoast SEO plugin. -->","yoast_head_json":{"title":"Liste des Guides Touristiques Ciudad Real - Gu\u00edas de Castilla la Mancha","robots":{"index":"index","follow":"follow","max-snippet":"max-snippet:-1","max-image-preview":"max-image-preview:large","max-video-preview":"max-video-preview:-1"},"canonical":"https:\/\/guiascastillalamancha.com\/fr\/liste-des-guides-touristiques-ciudad-real\/","og_locale":"fr_FR","og_type":"article","og_title":"Liste des Guides Touristiques Ciudad Real - Gu\u00edas de Castilla la Mancha","og_description":"[vc_row css_animation=\u00a0\u00bb\u00a0\u00bb row_type=\u00a0\u00bbrow\u00a0\u00bb use_row_as_full_screen_section=\u00a0\u00bbno\u00a0\u00bb type=\u00a0\u00bbgrid\u00a0\u00bb angled_section=\u00a0\u00bbno\u00a0\u00bb text_align=\u00a0\u00bbleft\u00a0\u00bb background_image_as_pattern=\u00a0\u00bbwithout_pattern\u00a0\u00bb][vc_column][vc_empty_space][vc_column_text] Liste des Guides Touristiques\u00a0Ciudad Real [\/vc_column_text][vc_empty_space][\/vc_column][\/vc_row][vc_row css_animation=\u00a0\u00bb\u00a0\u00bb row_type=\u00a0\u00bbrow\u00a0\u00bb use_row_as_full_screen_section=\u00a0\u00bbno\u00a0\u00bb type=\u00a0\u00bbfull_width\u00a0\u00bb angled_section=\u00a0\u00bbno\u00a0\u00bb text_align=\u00a0\u00bbleft\u00a0\u00bb background_image_as_pattern=\u00a0\u00bbwithout_pattern\u00a0\u00bb][vc_column width=\u00a0\u00bb1\/6&Prime;][\/vc_column][vc_column width=\u00a0\u00bb1\/6&Prime;][vc_column_text] Picazo Bueno, B\u00e1rbara [\/vc_column_text][\/vc_column][vc_column width=\u00a0\u00bb1\/6&Prime;][vc_column_text]0034 636 186 223[\/vc_column_text][\/vc_column][vc_column width=\u00a0\u00bb1\/6&Prime;][vc_column_text]barbarapicazo@gmail.com[\/vc_column_text][\/vc_column][vc_column width=\u00a0\u00bb1\/6&Prime;][vc_column_text]\u00a0\u00a0[\/vc_column_text][\/vc_column][vc_column width=\u00a0\u00bb1\/6&Prime;][\/vc_column][\/vc_row][vc_row css_animation=\u00a0\u00bb\u00a0\u00bb row_type=\u00a0\u00bbrow\u00a0\u00bb use_row_as_full_screen_section=\u00a0\u00bbno\u00a0\u00bb type=\u00a0\u00bbfull_width\u00a0\u00bb angled_section=\u00a0\u00bbno\u00a0\u00bb text_align=\u00a0\u00bbleft\u00a0\u00bb background_image_as_pattern=\u00a0\u00bbwithout_pattern\u00a0\u00bb][vc_column width=\u00a0\u00bb1\/6&Prime;][\/vc_column][vc_column width=\u00a0\u00bb1\/6&Prime;][vc_column_text] Ruiz Arroyo,...","og_url":"https:\/\/guiascastillalamancha.com\/fr\/liste-des-guides-touristiques-ciudad-real\/","og_site_name":"Gu\u00edas de Castilla la Mancha","article_modified_time":"2026-04-06T07:18:23+00:00","og_image":[{"url":"http:\/\/guiasdecastillalamancha.com\/wp-content\/uploads\/2017\/05\/Spain.png","type":"","width":"","height":""}],"twitter_card":"summary_large_image","twitter_misc":{"Dur\u00e9e de lecture estim\u00e9e":"6 minutes"},"schema":{"@context":"https:\/\/schema.org","@graph":[{"@type":"WebPage","@id":"https:\/\/guiascastillalamancha.com\/fr\/liste-des-guides-touristiques-ciudad-real\/","url":"https:\/\/guiascastillalamancha.com\/fr\/liste-des-guides-touristiques-ciudad-real\/","name":"Liste des Guides Touristiques Ciudad Real - Gu\u00edas de Castilla la Mancha","isPartOf":{"@id":"https:\/\/guiascastillalamancha.com\/es\/#website"},"primaryImageOfPage":{"@id":"https:\/\/guiascastillalamancha.com\/fr\/liste-des-guides-touristiques-ciudad-real\/#primaryimage"},"image":{"@id":"https:\/\/guiascastillalamancha.com\/fr\/liste-des-guides-touristiques-ciudad-real\/#primaryimage"},"thumbnailUrl":"http:\/\/guiasdecastillalamancha.com\/wp-content\/uploads\/2017\/05\/Spain.png","datePublished":"2017-05-18T07:35:45+00:00","dateModified":"2026-04-06T07:18:23+00:00","breadcrumb":{"@id":"https:\/\/guiascastillalamancha.com\/fr\/liste-des-guides-touristiques-ciudad-real\/#breadcrumb"},"inLanguage":"fr-FR","potentialAction":[{"@type":"ReadAction","target":["https:\/\/guiascastillalamancha.com\/fr\/liste-des-guides-touristiques-ciudad-real\/"]}]},{"@type":"ImageObject","inLanguage":"fr-FR","@id":"https:\/\/guiascastillalamancha.com\/fr\/liste-des-guides-touristiques-ciudad-real\/#primaryimage","url":"http:\/\/guiasdecastillalamancha.com\/wp-content\/uploads\/2017\/05\/Spain.png","contentUrl":"http:\/\/guiasdecastillalamancha.com\/wp-content\/uploads\/2017\/05\/Spain.png"},{"@type":"BreadcrumbList","@id":"https:\/\/guiascastillalamancha.com\/fr\/liste-des-guides-touristiques-ciudad-real\/#breadcrumb","itemListElement":[{"@type":"ListItem","position":1,"name":"Portada","item":"https:\/\/guiascastillalamancha.com\/fr\/"},{"@type":"ListItem","position":2,"name":"Liste des Guides Touristiques Ciudad Real"}]},{"@type":"WebSite","@id":"https:\/\/guiascastillalamancha.com\/es\/#website","url":"https:\/\/guiascastillalamancha.com\/es\/","name":"Gu\u00edas de Castilla la Mancha","description":"Gu\u00edas Tur\u00edsticos para Toledo, Albacete, Ciudad Real, Cuenca y Guadalajara","potentialAction":[{"@type":"SearchAction","target":{"@type":"EntryPoint","urlTemplate":"https:\/\/guiascastillalamancha.com\/es\/?s={search_term_string}"},"query-input":{"@type":"PropertyValueSpecification","valueRequired":true,"valueName":"search_term_string"}}],"inLanguage":"fr-FR"}]}},"_links":{"self":[{"href":"https:\/\/guiascastillalamancha.com\/fr\/wp-json\/wp\/v2\/pages\/1216","targetHints":{"allow":["GET"]}}],"collection":[{"href":"https:\/\/guiascastillalamancha.com\/fr\/wp-json\/wp\/v2\/pages"}],"about":[{"href":"https:\/\/guiascastillalamancha.com\/fr\/wp-json\/wp\/v2\/types\/page"}],"author":[{"embeddable":true,"href":"https:\/\/guiascastillalamancha.com\/fr\/wp-json\/wp\/v2\/users\/3"}],"replies":[{"embeddable":true,"href":"https:\/\/guiascastillalamancha.com\/fr\/wp-json\/wp\/v2\/comments?post=1216"}],"version-history":[{"count":21,"href":"https:\/\/guiascastillalamancha.com\/fr\/wp-json\/wp\/v2\/pages\/1216\/revisions"}],"predecessor-version":[{"id":2790,"href":"https:\/\/guiascastillalamancha.com\/fr\/wp-json\/wp\/v2\/pages\/1216\/revisions\/2790"}],"wp:attachment":[{"href":"https:\/\/guiascastillalamancha.com\/fr\/wp-json\/wp\/v2\/media?parent=1216"}],"curies":[{"name":"wp","href":"https:\/\/api.w.org\/{rel}","templated":true}]}}