{"id":636,"date":"2017-01-25T09:45:41","date_gmt":"2017-01-25T09:45:41","guid":{"rendered":"http:\/\/guiasdetoledo.loading.net\/?page_id=636"},"modified":"2017-05-19T19:00:12","modified_gmt":"2017-05-19T19:00:12","slug":"albacete","status":"publish","type":"page","link":"https:\/\/guiascastillalamancha.com\/es\/albacete\/","title":{"rendered":"Albacete"},"content":{"rendered":"<div class=\"wpb-content-wrapper\"><p>[vc_row row_type=\u00bbrow\u00bb use_row_as_full_screen_section=\u00bbno\u00bb type=\u00bbgrid\u00bb anchor=\u00bbabout\u00bb angled_section=\u00bbno\u00bb text_align=\u00bbcenter\u00bb background_image_as_pattern=\u00bbwithout_pattern\u00bb css_animation=\u00bb\u00bb css=\u00bb.vc_custom_1480508287546{padding-top: 2% !important;padding-bottom: 2% !important;}\u00bb][vc_column offset=\u00bbvc_col-lg-offset-2 vc_col-lg-8 vc_col-md-offset-1 vc_col-md-10&#8243; css=\u00bb.vc_custom_1467624556435{padding-right: 8% !important;padding-left: 8% !important;}\u00bb][vc_column_text]<\/p>\n<h2 style=\"text-align: center;\">ALBACETE<\/h2>\n<p>[\/vc_column_text][vc_empty_space height=\u00bb8px\u00bb][vc_column_text]<\/p>\n<p style=\"text-align: center;\">Las tierras de la provincia de Albacete ofrecen panoramas muy distintos, desde la m\u00e1s t\u00f3pica idea de las llanuras manchegas esteparias a los rincones serranos en los que el agua y la vegetaci\u00f3n son los protagonistas. R\u00edos como el J\u00facar, el Mundo o el Segura son el marco de \u00e1reas naturales de gran valor ecol\u00f3gico, paisaj\u00edstico y muy vinculados a seculares formas de vida agr\u00edcola y pastoril que durante siglos vivieron de la riqueza de los montes. En otro plano, tampoco se puede olvidar el hist\u00f3rico papel que ejerci\u00f3 esta tierra como lugar de paso, lo que justifica sus numerosos castillos e hist\u00f3ricos se\u00f1or\u00edos en Chinchilla, Almansa o Alcaraz a caballo entre tierras levantinas, andaluzas y castellanas.<\/p>\n<p>[\/vc_column_text][\/vc_column][\/vc_row][vc_row row_type=\u00bbrow\u00bb use_row_as_full_screen_section=\u00bbno\u00bb type=\u00bbfull_width\u00bb angled_section=\u00bbno\u00bb text_align=\u00bbleft\u00bb background_image_as_pattern=\u00bbwithout_pattern\u00bb css_animation=\u00bb\u00bb][vc_column][vc_column_text]<\/p>\n<h2 style=\"text-align: center;\">VISITAS GUIADAS<\/h2>\n<p>[\/vc_column_text][vc_empty_space height=\u00bb40px\u00bb][\/vc_column][\/vc_row][vc_row row_type=\u00bbrow\u00bb use_row_as_full_screen_section=\u00bbyes\u00bb type=\u00bbgrid\u00bb angled_section=\u00bbno\u00bb text_align=\u00bbleft\u00bb background_image_as_pattern=\u00bbwithout_pattern\u00bb css_animation=\u00bb\u00bb][vc_column width=\u00bb1\/2&#8243;][vc_single_image image=\u00bb639&#8243; img_size=\u00bbfull\u00bb alignment=\u00bbcenter\u00bb qode_css_animation=\u00bb\u00bb][vc_empty_space height=\u00bb20px\u00bb][vc_column_text]<\/p>\n<h2 style=\"text-align: center;\">Ciudades y Castillos<\/h2>\n<p>[\/vc_column_text][vc_empty_space height=\u00bb20px\u00bb][vc_column_text css=\u00bb.vc_custom_1485525426083{padding-right: 5% !important;padding-left: 5% !important;}\u00bb]<\/p>\n<p style=\"text-align: center;\">Albacete capital es la <strong>mayor ciudad de la regi\u00f3n de Castilla-La Mancha<\/strong> y, aunque se suele decir que carece de inter\u00e9s hist\u00f3rico, un <strong>paseo por sus calles<\/strong> muestra que hay elementos suficientes para <strong>descubrir sus hist\u00f3ricas ra\u00edces<\/strong>. Junto con <strong>Almansa y Hell\u00edn<\/strong> forma los v\u00e9rtices de este recorrido de transici\u00f3n entre los llanos manchegos y la entrada a las tierras levantinas y murcianas. <strong>Chinchilla, Almansa y su poderoso castillo<\/strong>, Caudete, el calzado artesano, el vino o el laboreo del esparto son algunos de sus <strong>m\u00e1s importantes atractivos<\/strong>.<\/p>\n<p>[\/vc_column_text][vc_empty_space height=\u00bb20px\u00bb][\/vc_column][vc_column width=\u00bb1\/2&#8243;][vc_single_image image=\u00bb642&#8243; img_size=\u00bbfull\u00bb alignment=\u00bbcenter\u00bb qode_css_animation=\u00bb\u00bb][vc_empty_space height=\u00bb20px\u00bb][vc_column_text]<\/p>\n<h2 style=\"text-align: center;\">Los llanos manchegos y el valle del J\u00facar<\/h2>\n<p>[\/vc_column_text][vc_empty_space height=\u00bb20px\u00bb][vc_column_text css=\u00bb.vc_custom_1485525447449{padding-right: 5% !important;padding-left: 5% !important;}\u00bb]<\/p>\n<p style=\"text-align: center;\">Este recorrido discurre por la <strong>zona este y norte de la provincia<\/strong>, donde destacar\u00edamos lugares tan interesantes como <strong>las Lagunas de Ruidera<\/strong> y su estrecha relaci\u00f3n con el <strong>Don Quijote de Cervantes<\/strong>, Ossa de Montiel, Villarrobledo y sus<strong> excelentes vinos<\/strong> en la zona de la Mancha. Esta imagen dominante de paisajes duros se complementa con otros tallados por el J\u00facar en el noreste, con pueblos de <strong>bella estampa como Alcal\u00e1 del J\u00facar o Jorquera<\/strong>.<\/p>\n<p>[\/vc_column_text][vc_empty_space height=\u00bb20px\u00bb][\/vc_column][\/vc_row][vc_row row_type=\u00bbrow\u00bb use_row_as_full_screen_section=\u00bbyes\u00bb type=\u00bbgrid\u00bb angled_section=\u00bbno\u00bb text_align=\u00bbleft\u00bb background_image_as_pattern=\u00bbwithout_pattern\u00bb css_animation=\u00bb\u00bb][vc_column width=\u00bb1\/2&#8243;][vc_single_image image=\u00bb643&#8243; img_size=\u00bbfull\u00bb alignment=\u00bbcenter\u00bb qode_css_animation=\u00bb\u00bb][vc_empty_space height=\u00bb20px\u00bb][vc_column_text]<\/p>\n<h2 style=\"text-align: center;\">Sierras de Alcaraz y Segura<\/h2>\n<p>[\/vc_column_text][vc_empty_space height=\u00bb20px\u00bb][vc_column_text css=\u00bb.vc_custom_1485525481963{padding-right: 5% !important;padding-left: 5% !important;}\u00bb]<\/p>\n<p style=\"text-align: center;\">Un itinerario por estas <strong>sierras situadas en la zona sureste<\/strong> de la provincia nos har\u00e1 descubrir <strong>un abanico de espacios naturales<\/strong> no siempre bien conocidos, pero de <strong>una belleza incre\u00edble<\/strong>. Descubriremos lugares de patrimonio hist\u00f3rico, como Alcaraz; parajes naturales como <strong>el nacimiento del r\u00edo Mundo<\/strong>, una joya para <strong>los amantes de la naturaleza<\/strong>; o sorprendentes <strong>pueblos de especial ubicaci\u00f3n<\/strong> acunados en valles o enganchados a los <strong>escarpes rocosos<\/strong> como Elche de la Sierra, Yeste o Letur.<\/p>\n<p>[\/vc_column_text][vc_empty_space height=\u00bb20px\u00bb][\/vc_column][vc_column width=\u00bb1\/2&#8243;][\/vc_column][\/vc_row][vc_row row_type=\u00bbrow\u00bb use_row_as_full_screen_section=\u00bbno\u00bb type=\u00bbfull_width\u00bb angled_section=\u00bbno\u00bb text_align=\u00bbleft\u00bb background_image_as_pattern=\u00bbwithout_pattern\u00bb css_animation=\u00bb\u00bb][vc_column][vc_empty_space height=\u00bb40px\u00bb][\/vc_column][\/vc_row][vc_row row_type=\u00bbrow\u00bb use_row_as_full_screen_section=\u00bbno\u00bb type=\u00bbgrid\u00bb anchor=\u00bbbrands\u00bb angled_section=\u00bbno\u00bb text_align=\u00bbcenter\u00bb background_image_as_pattern=\u00bbwithout_pattern\u00bb css_animation=\u00bb\u00bb css=\u00bb.vc_custom_1467717650552{padding-top: 5.5% !important;padding-bottom: 2% !important;}\u00bb][vc_column offset=\u00bbvc_col-lg-offset-2 vc_col-lg-8 vc_col-md-offset-1 vc_col-md-10&#8243; css=\u00bb.vc_custom_1467624580101{padding-right: 8% !important;padding-left: 8% !important;}\u00bb][vc_column_text]<a  itemprop=\"url\" href=\"\/contacto\/\" target=\"_self\" data-hover-background-color=\"#882039\" data-hover-color=\"#d3bbc9\" class=\"qbutton  big_large center default\" style=\"color: #882039; font-style: normal; font-weight: 600; margin: 5px; background-color:#d3bbc9;\">Contacta con Nosotros<\/a>[\/vc_column_text][vc_empty_space height=\u00bb8px\u00bb][vc_column_text]<a  itemprop=\"url\" href=\"\/lista-de-guias-turisticos-de-albacete\/\" target=\"_self\" data-hover-background-color=\"#882039\" data-hover-color=\"#d3bbc9\" class=\"qbutton  big_large center default\" style=\"color: #882039; font-style: normal; font-weight: 600; margin: 5px; background-color:#d3bbc9;\">Ver Lista de Gu\u00edas Tur\u00edsticos de Albacete<\/a>[\/vc_column_text][vc_empty_space height=\u00bb8px\u00bb][\/vc_column][\/vc_row][vc_row row_type=\u00bbrow\u00bb use_row_as_full_screen_section=\u00bbno\u00bb type=\u00bbgrid\u00bb anchor=\u00bbbrands\u00bb angled_section=\u00bbno\u00bb text_align=\u00bbcenter\u00bb background_image_as_pattern=\u00bbwithout_pattern\u00bb css_animation=\u00bb\u00bb css=\u00bb.vc_custom_1467717650552{padding-top: 5.5% !important;padding-bottom: 2% !important;}\u00bb][vc_column offset=\u00bbvc_col-lg-offset-2 vc_col-lg-8 vc_col-md-offset-1 vc_col-md-10&#8243; css=\u00bb.vc_custom_1467624580101{padding-right: 8% !important;padding-left: 8% !important;}\u00bb][vc_column_text][\/vc_column_text][vc_empty_space height=\u00bb8px\u00bb][\/vc_column][\/vc_row][vc_row row_type=\u00bbrow\u00bb use_row_as_full_screen_section=\u00bbno\u00bb type=\u00bbfull_width\u00bb angled_section=\u00bbno\u00bb text_align=\u00bbleft\u00bb background_image_as_pattern=\u00bbwithout_pattern\u00bb css_animation=\u00bb\u00bb][vc_column][vc_empty_space height=\u00bb40px\u00bb][\/vc_column][\/vc_row]<\/p>\n<\/div>","protected":false},"excerpt":{"rendered":"<p>[vc_row row_type=\u00bbrow\u00bb use_row_as_full_screen_section=\u00bbno\u00bb type=\u00bbgrid\u00bb anchor=\u00bbabout\u00bb angled_section=\u00bbno\u00bb text_align=\u00bbcenter\u00bb background_image_as_pattern=\u00bbwithout_pattern\u00bb css_animation=\u00bb\u00bb css=\u00bb.vc_custom_1480508287546{padding-top: 2% !important;padding-bottom: 2% !important;}\u00bb][vc_column offset=\u00bbvc_col-lg-offset-2 vc_col-lg-8 vc_col-md-offset-1 vc_col-md-10&#8243; css=\u00bb.vc_custom_1467624556435{padding-right: 8% !important;padding-left: 8% !important;}\u00bb][vc_column_text] ALBACETE [\/vc_column_text][vc_empty_space height=\u00bb8px\u00bb][vc_column_text] Las tierras de la provincia de Albacete ofrecen panoramas muy distintos, desde la m\u00e1s t\u00f3pica idea de las llanuras&#8230;<\/p>\n","protected":false},"author":1,"featured_media":0,"parent":0,"menu_order":0,"comment_status":"closed","ping_status":"closed","template":"","meta":{"footnotes":""},"class_list":["post-636","page","type-page","status-publish","hentry"],"yoast_head":"<!-- This site is optimized with the Yoast SEO plugin v27.3 - https:\/\/yoast.com\/product\/yoast-seo-wordpress\/ -->\n<title>Albacete - Gu\u00edas de Castilla la Mancha<\/title>\n<meta name=\"robots\" content=\"index, follow, max-snippet:-1, max-image-preview:large, max-video-preview:-1\" \/>\n<link rel=\"canonical\" href=\"https:\/\/guiascastillalamancha.com\/es\/albacete\/\" \/>\n<meta property=\"og:locale\" content=\"es_ES\" \/>\n<meta property=\"og:type\" content=\"article\" \/>\n<meta property=\"og:title\" content=\"Albacete - Gu\u00edas de Castilla la Mancha\" \/>\n<meta property=\"og:description\" content=\"[vc_row row_type=\u00bbrow\u00bb use_row_as_full_screen_section=\u00bbno\u00bb type=\u00bbgrid\u00bb anchor=\u00bbabout\u00bb angled_section=\u00bbno\u00bb text_align=\u00bbcenter\u00bb background_image_as_pattern=\u00bbwithout_pattern\u00bb css_animation=\u00bb\u00bb css=\u00bb.vc_custom_1480508287546{padding-top: 2% !important;padding-bottom: 2% !important;}\u00bb][vc_column offset=\u00bbvc_col-lg-offset-2 vc_col-lg-8 vc_col-md-offset-1 vc_col-md-10&#8243; css=\u00bb.vc_custom_1467624556435{padding-right: 8% !important;padding-left: 8% !important;}\u00bb][vc_column_text] ALBACETE [\/vc_column_text][vc_empty_space height=\u00bb8px\u00bb][vc_column_text] Las tierras de la provincia de Albacete ofrecen panoramas muy distintos, desde la m\u00e1s t\u00f3pica idea de las llanuras...\" \/>\n<meta property=\"og:url\" content=\"https:\/\/guiascastillalamancha.com\/es\/albacete\/\" \/>\n<meta property=\"og:site_name\" content=\"Gu\u00edas de Castilla la Mancha\" \/>\n<meta property=\"article:modified_time\" content=\"2017-05-19T19:00:12+00:00\" \/>\n<meta name=\"twitter:card\" content=\"summary_large_image\" \/>\n<meta name=\"twitter:label1\" content=\"Tiempo de lectura\" \/>\n\t<meta name=\"twitter:data1\" content=\"6 minutos\" \/>\n<script type=\"application\/ld+json\" class=\"yoast-schema-graph\">{\"@context\":\"https:\\\/\\\/schema.org\",\"@graph\":[{\"@type\":\"WebPage\",\"@id\":\"https:\\\/\\\/guiascastillalamancha.com\\\/es\\\/albacete\\\/\",\"url\":\"https:\\\/\\\/guiascastillalamancha.com\\\/es\\\/albacete\\\/\",\"name\":\"Albacete - Gu\u00edas de Castilla la Mancha\",\"isPartOf\":{\"@id\":\"https:\\\/\\\/guiascastillalamancha.com\\\/es\\\/#website\"},\"datePublished\":\"2017-01-25T09:45:41+00:00\",\"dateModified\":\"2017-05-19T19:00:12+00:00\",\"breadcrumb\":{\"@id\":\"https:\\\/\\\/guiascastillalamancha.com\\\/es\\\/albacete\\\/#breadcrumb\"},\"inLanguage\":\"es\",\"potentialAction\":[{\"@type\":\"ReadAction\",\"target\":[\"https:\\\/\\\/guiascastillalamancha.com\\\/es\\\/albacete\\\/\"]}]},{\"@type\":\"BreadcrumbList\",\"@id\":\"https:\\\/\\\/guiascastillalamancha.com\\\/es\\\/albacete\\\/#breadcrumb\",\"itemListElement\":[{\"@type\":\"ListItem\",\"position\":1,\"name\":\"Portada\",\"item\":\"https:\\\/\\\/guiascastillalamancha.com\\\/es\\\/\"},{\"@type\":\"ListItem\",\"position\":2,\"name\":\"Albacete\"}]},{\"@type\":\"WebSite\",\"@id\":\"https:\\\/\\\/guiascastillalamancha.com\\\/es\\\/#website\",\"url\":\"https:\\\/\\\/guiascastillalamancha.com\\\/es\\\/\",\"name\":\"Gu\u00edas de Castilla la Mancha\",\"description\":\"Gu\u00edas Tur\u00edsticos para Toledo, Albacete, Ciudad Real, Cuenca y Guadalajara\",\"potentialAction\":[{\"@type\":\"SearchAction\",\"target\":{\"@type\":\"EntryPoint\",\"urlTemplate\":\"https:\\\/\\\/guiascastillalamancha.com\\\/es\\\/?s={search_term_string}\"},\"query-input\":{\"@type\":\"PropertyValueSpecification\",\"valueRequired\":true,\"valueName\":\"search_term_string\"}}],\"inLanguage\":\"es\"}]}<\/script>\n<!-- \/ Yoast SEO plugin. -->","yoast_head_json":{"title":"Albacete - Gu\u00edas de Castilla la Mancha","robots":{"index":"index","follow":"follow","max-snippet":"max-snippet:-1","max-image-preview":"max-image-preview:large","max-video-preview":"max-video-preview:-1"},"canonical":"https:\/\/guiascastillalamancha.com\/es\/albacete\/","og_locale":"es_ES","og_type":"article","og_title":"Albacete - Gu\u00edas de Castilla la Mancha","og_description":"[vc_row row_type=\u00bbrow\u00bb use_row_as_full_screen_section=\u00bbno\u00bb type=\u00bbgrid\u00bb anchor=\u00bbabout\u00bb angled_section=\u00bbno\u00bb text_align=\u00bbcenter\u00bb background_image_as_pattern=\u00bbwithout_pattern\u00bb css_animation=\u00bb\u00bb css=\u00bb.vc_custom_1480508287546{padding-top: 2% !important;padding-bottom: 2% !important;}\u00bb][vc_column offset=\u00bbvc_col-lg-offset-2 vc_col-lg-8 vc_col-md-offset-1 vc_col-md-10&#8243; css=\u00bb.vc_custom_1467624556435{padding-right: 8% !important;padding-left: 8% !important;}\u00bb][vc_column_text] ALBACETE [\/vc_column_text][vc_empty_space height=\u00bb8px\u00bb][vc_column_text] Las tierras de la provincia de Albacete ofrecen panoramas muy distintos, desde la m\u00e1s t\u00f3pica idea de las llanuras...","og_url":"https:\/\/guiascastillalamancha.com\/es\/albacete\/","og_site_name":"Gu\u00edas de Castilla la Mancha","article_modified_time":"2017-05-19T19:00:12+00:00","twitter_card":"summary_large_image","twitter_misc":{"Tiempo de lectura":"6 minutos"},"schema":{"@context":"https:\/\/schema.org","@graph":[{"@type":"WebPage","@id":"https:\/\/guiascastillalamancha.com\/es\/albacete\/","url":"https:\/\/guiascastillalamancha.com\/es\/albacete\/","name":"Albacete - Gu\u00edas de Castilla la Mancha","isPartOf":{"@id":"https:\/\/guiascastillalamancha.com\/es\/#website"},"datePublished":"2017-01-25T09:45:41+00:00","dateModified":"2017-05-19T19:00:12+00:00","breadcrumb":{"@id":"https:\/\/guiascastillalamancha.com\/es\/albacete\/#breadcrumb"},"inLanguage":"es","potentialAction":[{"@type":"ReadAction","target":["https:\/\/guiascastillalamancha.com\/es\/albacete\/"]}]},{"@type":"BreadcrumbList","@id":"https:\/\/guiascastillalamancha.com\/es\/albacete\/#breadcrumb","itemListElement":[{"@type":"ListItem","position":1,"name":"Portada","item":"https:\/\/guiascastillalamancha.com\/es\/"},{"@type":"ListItem","position":2,"name":"Albacete"}]},{"@type":"WebSite","@id":"https:\/\/guiascastillalamancha.com\/es\/#website","url":"https:\/\/guiascastillalamancha.com\/es\/","name":"Gu\u00edas de Castilla la Mancha","description":"Gu\u00edas Tur\u00edsticos para Toledo, Albacete, Ciudad Real, Cuenca y Guadalajara","potentialAction":[{"@type":"SearchAction","target":{"@type":"EntryPoint","urlTemplate":"https:\/\/guiascastillalamancha.com\/es\/?s={search_term_string}"},"query-input":{"@type":"PropertyValueSpecification","valueRequired":true,"valueName":"search_term_string"}}],"inLanguage":"es"}]}},"_links":{"self":[{"href":"https:\/\/guiascastillalamancha.com\/es\/wp-json\/wp\/v2\/pages\/636","targetHints":{"allow":["GET"]}}],"collection":[{"href":"https:\/\/guiascastillalamancha.com\/es\/wp-json\/wp\/v2\/pages"}],"about":[{"href":"https:\/\/guiascastillalamancha.com\/es\/wp-json\/wp\/v2\/types\/page"}],"author":[{"embeddable":true,"href":"https:\/\/guiascastillalamancha.com\/es\/wp-json\/wp\/v2\/users\/1"}],"replies":[{"embeddable":true,"href":"https:\/\/guiascastillalamancha.com\/es\/wp-json\/wp\/v2\/comments?post=636"}],"version-history":[{"count":0,"href":"https:\/\/guiascastillalamancha.com\/es\/wp-json\/wp\/v2\/pages\/636\/revisions"}],"wp:attachment":[{"href":"https:\/\/guiascastillalamancha.com\/es\/wp-json\/wp\/v2\/media?parent=636"}],"curies":[{"name":"wp","href":"https:\/\/api.w.org\/{rel}","templated":true}]}}