{"id":613,"date":"2017-01-10T10:17:18","date_gmt":"2017-01-10T10:17:18","guid":{"rendered":"http:\/\/guiasdetoledo.loading.net\/?page_id=613"},"modified":"2020-05-15T06:42:03","modified_gmt":"2020-05-15T06:42:03","slug":"cuenca","status":"publish","type":"page","link":"https:\/\/guiascastillalamancha.com\/es\/cuenca\/","title":{"rendered":"Cuenca"},"content":{"rendered":"<div class=\"wpb-content-wrapper\"><p>[vc_row row_type=\u00bbrow\u00bb use_row_as_full_screen_section=\u00bbno\u00bb type=\u00bbgrid\u00bb anchor=\u00bbabout\u00bb angled_section=\u00bbno\u00bb text_align=\u00bbcenter\u00bb background_image_as_pattern=\u00bbwithout_pattern\u00bb css_animation=\u00bb\u00bb css=\u00bb.vc_custom_1480508287546{padding-top: 2% !important;padding-bottom: 2% !important;}\u00bb][vc_column offset=\u00bbvc_col-lg-offset-2 vc_col-lg-8 vc_col-md-offset-1 vc_col-md-10&#8243; css=\u00bb.vc_custom_1467624556435{padding-right: 8% !important;padding-left: 8% !important;}\u00bb][vc_column_text]<\/p>\n<h2 style=\"text-align: center;\">CUENCA<\/h2>\n<p>[\/vc_column_text][vc_empty_space height=\u00bb8px\u00bb][vc_column_text]<\/p>\n<p style=\"text-align: center;\">Cuenca es, junto con Toledo, otra de las capitales de provincia de Castilla-La Mancha declarada Patrimonio de la Humanidad por la Unesco. Su espectacular enclave, entre las hoces de los r\u00edos J\u00facar y Hu\u00e9car, hace de su casco antiguo uno de los m\u00e1s bonitos e interesantes de la regi\u00f3n. Pero la provincia no se resume s\u00f3lo en ella. Cuenca es una provincia llena de contrastes, tanto hist\u00f3rico-art\u00edsticos como paisaj\u00edsticos, donde poder descubrir su magn\u00edfica gastronom\u00eda, sus tradiciones, fiestas y artesan\u00eda.<\/p>\n<p>[\/vc_column_text][\/vc_column][\/vc_row][vc_row row_type=\u00bbrow\u00bb use_row_as_full_screen_section=\u00bbno\u00bb type=\u00bbfull_width\u00bb angled_section=\u00bbno\u00bb text_align=\u00bbleft\u00bb background_image_as_pattern=\u00bbwithout_pattern\u00bb css_animation=\u00bb\u00bb][vc_column][vc_column_text]<\/p>\n<h2 style=\"text-align: center;\">VISITAS GUIADAS<\/h2>\n<p>[\/vc_column_text][vc_empty_space height=\u00bb40px\u00bb][\/vc_column][\/vc_row][vc_row row_type=\u00bbrow\u00bb use_row_as_full_screen_section=\u00bbyes\u00bb type=\u00bbgrid\u00bb angled_section=\u00bbno\u00bb text_align=\u00bbleft\u00bb background_image_as_pattern=\u00bbwithout_pattern\u00bb css_animation=\u00bb\u00bb][vc_column width=\u00bb1\/2&#8243;][vc_single_image image=\u00bb620&#8243; img_size=\u00bbfull\u00bb alignment=\u00bbcenter\u00bb qode_css_animation=\u00bb\u00bb][vc_empty_space height=\u00bb20px\u00bb][vc_column_text]<\/p>\n<h2 style=\"text-align: center;\">Cuenca Casco Hist\u00f3rico<\/h2>\n<p>[\/vc_column_text][vc_empty_space height=\u00bb20px\u00bb][vc_column_text css=\u00bb.vc_custom_1484839115847{padding-right: 5% !important;padding-left: 5% !important;}\u00bb]<\/p>\n<p style=\"text-align: center;\"><strong>La historia ha dejado a esta ciudad dividida en dos partes<\/strong> muy se\u00f1aladas a partir del siglo XIX: la parte alta y la baja, donde se van a ir acomodando las nuevas clases medias, comerciales y administrativas, dejando la parte alta cada vez m\u00e1s despoblada. En la parte alta se encuentra aquella ciudad hist\u00f3rica, con sus monumentos m\u00e1s representativos.<br \/>\nAunque su imagen m\u00e1s representativa son <strong>las Casas Colgadas<\/strong>, cabe destacar otros monumentos como la <strong>Catedral de Nuestra Se\u00f1ora de Gracia<\/strong>, que fue construida en el lugar en donde anteriormente estuvo la mezquita,\u00a0el Palacio Episcopal, el Ayuntamiento,<strong> el Convento de San Pablo (Parador de Turismo)<\/strong>, la Casa del Curato, la Iglesia de San Mart\u00edn, el <strong>Museo de Arte Abstracto Espa\u00f1ol o el Museo de las Ciencias.<\/strong><\/p>\n<p>[\/vc_column_text][vc_empty_space height=\u00bb20px\u00bb][\/vc_column][vc_column width=\u00bb1\/2&#8243;][vc_single_image image=\u00bb632&#8243; img_size=\u00bbfull\u00bb alignment=\u00bbcenter\u00bb qode_css_animation=\u00bb\u00bb][vc_empty_space height=\u00bb20px\u00bb][vc_column_text]<\/p>\n<h2 style=\"text-align: center;\">Ruta de la Serran\u00eda de Cuenca<\/h2>\n<p>[\/vc_column_text][vc_empty_space height=\u00bb20px\u00bb][vc_column_text css=\u00bb.vc_custom_1484839067968{padding-right: 5% !important;padding-left: 5% !important;}\u00bb]<\/p>\n<p style=\"text-align: center;\">La Serran\u00eda de Cuenca es uno de los parajes naturales m\u00e1s impresionantes de regi\u00f3n, declarado<strong> Parque Natural en 2007<\/strong>. Estos paisajes serranos se reparten por el nordeste de la provincia como una prolongaci\u00f3n del Sistema Ib\u00e9rico. Es una comarca extensa caracterizada por <strong>la belleza de sus paisajes<\/strong>, el nacimiento de r\u00edos -como el Cuervo- en el coraz\u00f3n del monte, las profundas hoces labradas por las aguas, la abundante vegetaci\u00f3n y la ausencia de n\u00facleos de poblaci\u00f3n. En ella destacan: <strong>la Ciudad Encantada,<\/strong> <strong>el nacimiento del r\u00edo Cuervo, el Parque cineg\u00e9tico del Hosquillo, el Alto Tajo<\/strong> o las torcas de los Palancares son algunos de los puntos m\u00e1s destacados.<\/p>\n<p>[\/vc_column_text][vc_empty_space height=\u00bb20px\u00bb][\/vc_column][\/vc_row][vc_row row_type=\u00bbrow\u00bb use_row_as_full_screen_section=\u00bbyes\u00bb type=\u00bbgrid\u00bb angled_section=\u00bbno\u00bb text_align=\u00bbleft\u00bb background_image_as_pattern=\u00bbwithout_pattern\u00bb css_animation=\u00bb\u00bb][vc_column width=\u00bb1\/2&#8243;][vc_single_image image=\u00bb617&#8243; img_size=\u00bbfull\u00bb alignment=\u00bbcenter\u00bb qode_css_animation=\u00bb\u00bb][vc_empty_space height=\u00bb20px\u00bb][vc_column_text]<\/p>\n<h2 style=\"text-align: center;\">La Mancha y la Manchuela conquenses<\/h2>\n<p>[\/vc_column_text][vc_empty_space height=\u00bb20px\u00bb][vc_column_text css=\u00bb.vc_custom_1484839204675{padding-right: 5% !important;padding-left: 5% !important;}\u00bb]<\/p>\n<p style=\"text-align: center;\"><strong>El m\u00e1ximo reino del paisaje manchego<\/strong> se reparte por el tercio sur de la provincia. El cereal, el olivo, las vi\u00f1as y el pastoreo fueron las antiguas ocupaciones de los pueblos caracterizados por su agrupaci\u00f3n en torno a<strong> iglesias y palacios de grandes se\u00f1or\u00edos<\/strong>, como el <strong>marquesado de Villena<\/strong>, que hasta el siglos XVII dejaron espl\u00e9ndidas muestras de arte religioso, civil y militar pues no pocos son los lugares con <strong>impresionantes castillos como los de Alarc\u00f3n, Belmonte o Garcimu\u00f1oz<\/strong>. En la Manchuela destaca la sorpresa paisaj\u00edstica de <strong>las hoces del r\u00edo Cabriel<\/strong>, un mundo virgen donde se ofrecen sinuosos barrancos por donde el agua discurre acompa\u00f1ada de una espesa vegetaci\u00f3n aut\u00f3ctona.<\/p>\n<p>[\/vc_column_text][vc_empty_space height=\u00bb20px\u00bb][\/vc_column][vc_column width=\u00bb1\/2&#8243;][vc_single_image image=\u00bb618&#8243; img_size=\u00bbfull\u00bb alignment=\u00bbcenter\u00bb qode_css_animation=\u00bb\u00bb][vc_empty_space height=\u00bb20px\u00bb][vc_column_text]<\/p>\n<h2 style=\"text-align: center;\">Embalses alcarre\u00f1os y manchegos<\/h2>\n<p>[\/vc_column_text][vc_empty_space height=\u00bb20px\u00bb][vc_column_text css=\u00bb.vc_custom_1484839320277{padding-right: 5% !important;padding-left: 5% !important;}\u00bb]<\/p>\n<p style=\"text-align: center;\">Desde el punto de <strong>vista paisaj\u00edstico<\/strong> esta zona localizada en la parte occidental de la provincia se sit\u00faa entre \u00a0la prolongaci\u00f3n del paisaje alcarre\u00f1o con <strong>el embalse de Buend\u00eda<\/strong> hacia el norte y la<strong> antesala de La Mancha<\/strong> hacia el sur con la <strong>gran presa hidr\u00e1ulica de Alarc\u00f3n<\/strong>. Adem\u00e1s, aqu\u00ed se re\u00fanen los <strong>principales vestigios romanos en las hist\u00f3ricas ciudades de Seg\u00f3briga, Erc\u00e1vica y Valeria, juder\u00edas como las de Huete<\/strong> o la huella de la potente Orden de Santiago en Ucl\u00e9s.<\/p>\n<p>[\/vc_column_text][vc_empty_space height=\u00bb20px\u00bb][\/vc_column][\/vc_row][vc_row row_type=\u00bbrow\u00bb use_row_as_full_screen_section=\u00bbno\u00bb type=\u00bbfull_width\u00bb angled_section=\u00bbno\u00bb text_align=\u00bbleft\u00bb background_image_as_pattern=\u00bbwithout_pattern\u00bb css_animation=\u00bb\u00bb][vc_column][vc_empty_space height=\u00bb40px\u00bb][\/vc_column][\/vc_row][vc_row row_type=\u00bbrow\u00bb use_row_as_full_screen_section=\u00bbno\u00bb type=\u00bbgrid\u00bb anchor=\u00bbbrands\u00bb angled_section=\u00bbno\u00bb text_align=\u00bbcenter\u00bb background_image_as_pattern=\u00bbwithout_pattern\u00bb css_animation=\u00bb\u00bb css=\u00bb.vc_custom_1467717650552{padding-top: 5.5% !important;padding-bottom: 2% !important;}\u00bb][vc_column offset=\u00bbvc_col-lg-offset-2 vc_col-lg-8 vc_col-md-offset-1 vc_col-md-10&#8243; css=\u00bb.vc_custom_1467624580101{padding-right: 8% !important;padding-left: 8% !important;}\u00bb][vc_column_text]<a  itemprop=\"url\" href=\"\/contacto\/\" target=\"_blank\" data-hover-background-color=\"#882039\" data-hover-color=\"#d3bbc9\" class=\"qbutton  big_large center default\" style=\"color: #882039; font-style: normal; font-weight: 600; margin: 5px; background-color:#d3bbc9;\">Contacta con Nosotros<\/a>[\/vc_column_text][vc_empty_space height=\u00bb8px\u00bb][vc_column_text]<a  itemprop=\"url\" href=\"\/lista-de-guias-turisticos-de-cuenca\/\" target=\"_self\" data-hover-background-color=\"#882039\" data-hover-color=\"#d3bbc9\" class=\"qbutton  big_large center default\" style=\"color: #882039; font-style: normal; font-weight: 600; margin: 5px; background-color:#d3bbc9;\">Ver Lista de Gu\u00edas Tur\u00edsticos de Cuenca<\/a>[\/vc_column_text][vc_empty_space height=\u00bb8&#8243;][\/vc_column][\/vc_row][vc_row row_type=\u00bbrow\u00bb use_row_as_full_screen_section=\u00bbno\u00bb type=\u00bbgrid\u00bb anchor=\u00bbbrands\u00bb angled_section=\u00bbno\u00bb text_align=\u00bbcenter\u00bb background_image_as_pattern=\u00bbwithout_pattern\u00bb css_animation=\u00bb\u00bb css=\u00bb.vc_custom_1467717650552{padding-top: 5.5% !important;padding-bottom: 2% !important;}\u00bb][vc_column offset=\u00bbvc_col-lg-offset-2 vc_col-lg-8 vc_col-md-offset-1 vc_col-md-10&#8243; css=\u00bb.vc_custom_1467624580101{padding-right: 8% !important;padding-left: 8% !important;}\u00bb][vc_column_text][\/vc_column_text][vc_empty_space height=\u00bb8px\u00bb][\/vc_column][\/vc_row][vc_row row_type=\u00bbrow\u00bb use_row_as_full_screen_section=\u00bbno\u00bb type=\u00bbfull_width\u00bb angled_section=\u00bbno\u00bb text_align=\u00bbleft\u00bb background_image_as_pattern=\u00bbwithout_pattern\u00bb css_animation=\u00bb\u00bb][vc_column][vc_empty_space height=\u00bb40px\u00bb][\/vc_column][\/vc_row]<\/p>\n<\/div>","protected":false},"excerpt":{"rendered":"<p>[vc_row row_type=\u00bbrow\u00bb use_row_as_full_screen_section=\u00bbno\u00bb type=\u00bbgrid\u00bb anchor=\u00bbabout\u00bb angled_section=\u00bbno\u00bb text_align=\u00bbcenter\u00bb background_image_as_pattern=\u00bbwithout_pattern\u00bb css_animation=\u00bb\u00bb css=\u00bb.vc_custom_1480508287546{padding-top: 2% !important;padding-bottom: 2% !important;}\u00bb][vc_column offset=\u00bbvc_col-lg-offset-2 vc_col-lg-8 vc_col-md-offset-1 vc_col-md-10&#8243; css=\u00bb.vc_custom_1467624556435{padding-right: 8% !important;padding-left: 8% !important;}\u00bb][vc_column_text] CUENCA [\/vc_column_text][vc_empty_space height=\u00bb8px\u00bb][vc_column_text] Cuenca es, junto con Toledo, otra de las capitales de provincia de Castilla-La Mancha declarada Patrimonio de la Humanidad&#8230;<\/p>\n","protected":false},"author":1,"featured_media":0,"parent":0,"menu_order":0,"comment_status":"closed","ping_status":"closed","template":"","meta":{"footnotes":""},"class_list":["post-613","page","type-page","status-publish","hentry"],"yoast_head":"<!-- This site is optimized with the Yoast SEO plugin v27.3 - https:\/\/yoast.com\/product\/yoast-seo-wordpress\/ -->\n<title>Cuenca - Gu\u00edas de Castilla la Mancha<\/title>\n<meta name=\"robots\" content=\"index, follow, max-snippet:-1, max-image-preview:large, max-video-preview:-1\" \/>\n<link rel=\"canonical\" href=\"https:\/\/guiascastillalamancha.com\/es\/cuenca\/\" \/>\n<meta property=\"og:locale\" content=\"es_ES\" \/>\n<meta property=\"og:type\" content=\"article\" \/>\n<meta property=\"og:title\" content=\"Cuenca - Gu\u00edas de Castilla la Mancha\" \/>\n<meta property=\"og:description\" content=\"[vc_row row_type=\u00bbrow\u00bb use_row_as_full_screen_section=\u00bbno\u00bb type=\u00bbgrid\u00bb anchor=\u00bbabout\u00bb angled_section=\u00bbno\u00bb text_align=\u00bbcenter\u00bb background_image_as_pattern=\u00bbwithout_pattern\u00bb css_animation=\u00bb\u00bb css=\u00bb.vc_custom_1480508287546{padding-top: 2% !important;padding-bottom: 2% !important;}\u00bb][vc_column offset=\u00bbvc_col-lg-offset-2 vc_col-lg-8 vc_col-md-offset-1 vc_col-md-10&#8243; css=\u00bb.vc_custom_1467624556435{padding-right: 8% !important;padding-left: 8% !important;}\u00bb][vc_column_text] CUENCA [\/vc_column_text][vc_empty_space height=\u00bb8px\u00bb][vc_column_text] Cuenca es, junto con Toledo, otra de las capitales de provincia de Castilla-La Mancha declarada Patrimonio de la Humanidad...\" \/>\n<meta property=\"og:url\" content=\"https:\/\/guiascastillalamancha.com\/es\/cuenca\/\" \/>\n<meta property=\"og:site_name\" content=\"Gu\u00edas de Castilla la Mancha\" \/>\n<meta property=\"article:modified_time\" content=\"2020-05-15T06:42:03+00:00\" \/>\n<meta name=\"twitter:card\" content=\"summary_large_image\" \/>\n<meta name=\"twitter:label1\" content=\"Tiempo de lectura\" \/>\n\t<meta name=\"twitter:data1\" content=\"7 minutos\" \/>\n<script type=\"application\/ld+json\" class=\"yoast-schema-graph\">{\"@context\":\"https:\\\/\\\/schema.org\",\"@graph\":[{\"@type\":\"WebPage\",\"@id\":\"https:\\\/\\\/guiascastillalamancha.com\\\/es\\\/cuenca\\\/\",\"url\":\"https:\\\/\\\/guiascastillalamancha.com\\\/es\\\/cuenca\\\/\",\"name\":\"Cuenca - Gu\u00edas de Castilla la Mancha\",\"isPartOf\":{\"@id\":\"https:\\\/\\\/guiascastillalamancha.com\\\/es\\\/#website\"},\"datePublished\":\"2017-01-10T10:17:18+00:00\",\"dateModified\":\"2020-05-15T06:42:03+00:00\",\"breadcrumb\":{\"@id\":\"https:\\\/\\\/guiascastillalamancha.com\\\/es\\\/cuenca\\\/#breadcrumb\"},\"inLanguage\":\"es\",\"potentialAction\":[{\"@type\":\"ReadAction\",\"target\":[\"https:\\\/\\\/guiascastillalamancha.com\\\/es\\\/cuenca\\\/\"]}]},{\"@type\":\"BreadcrumbList\",\"@id\":\"https:\\\/\\\/guiascastillalamancha.com\\\/es\\\/cuenca\\\/#breadcrumb\",\"itemListElement\":[{\"@type\":\"ListItem\",\"position\":1,\"name\":\"Portada\",\"item\":\"https:\\\/\\\/guiascastillalamancha.com\\\/es\\\/\"},{\"@type\":\"ListItem\",\"position\":2,\"name\":\"Cuenca\"}]},{\"@type\":\"WebSite\",\"@id\":\"https:\\\/\\\/guiascastillalamancha.com\\\/es\\\/#website\",\"url\":\"https:\\\/\\\/guiascastillalamancha.com\\\/es\\\/\",\"name\":\"Gu\u00edas de Castilla la Mancha\",\"description\":\"Gu\u00edas Tur\u00edsticos para Toledo, Albacete, Ciudad Real, Cuenca y Guadalajara\",\"potentialAction\":[{\"@type\":\"SearchAction\",\"target\":{\"@type\":\"EntryPoint\",\"urlTemplate\":\"https:\\\/\\\/guiascastillalamancha.com\\\/es\\\/?s={search_term_string}\"},\"query-input\":{\"@type\":\"PropertyValueSpecification\",\"valueRequired\":true,\"valueName\":\"search_term_string\"}}],\"inLanguage\":\"es\"}]}<\/script>\n<!-- \/ Yoast SEO plugin. -->","yoast_head_json":{"title":"Cuenca - Gu\u00edas de Castilla la Mancha","robots":{"index":"index","follow":"follow","max-snippet":"max-snippet:-1","max-image-preview":"max-image-preview:large","max-video-preview":"max-video-preview:-1"},"canonical":"https:\/\/guiascastillalamancha.com\/es\/cuenca\/","og_locale":"es_ES","og_type":"article","og_title":"Cuenca - Gu\u00edas de Castilla la Mancha","og_description":"[vc_row row_type=\u00bbrow\u00bb use_row_as_full_screen_section=\u00bbno\u00bb type=\u00bbgrid\u00bb anchor=\u00bbabout\u00bb angled_section=\u00bbno\u00bb text_align=\u00bbcenter\u00bb background_image_as_pattern=\u00bbwithout_pattern\u00bb css_animation=\u00bb\u00bb css=\u00bb.vc_custom_1480508287546{padding-top: 2% !important;padding-bottom: 2% !important;}\u00bb][vc_column offset=\u00bbvc_col-lg-offset-2 vc_col-lg-8 vc_col-md-offset-1 vc_col-md-10&#8243; css=\u00bb.vc_custom_1467624556435{padding-right: 8% !important;padding-left: 8% !important;}\u00bb][vc_column_text] CUENCA [\/vc_column_text][vc_empty_space height=\u00bb8px\u00bb][vc_column_text] Cuenca es, junto con Toledo, otra de las capitales de provincia de Castilla-La Mancha declarada Patrimonio de la Humanidad...","og_url":"https:\/\/guiascastillalamancha.com\/es\/cuenca\/","og_site_name":"Gu\u00edas de Castilla la Mancha","article_modified_time":"2020-05-15T06:42:03+00:00","twitter_card":"summary_large_image","twitter_misc":{"Tiempo de lectura":"7 minutos"},"schema":{"@context":"https:\/\/schema.org","@graph":[{"@type":"WebPage","@id":"https:\/\/guiascastillalamancha.com\/es\/cuenca\/","url":"https:\/\/guiascastillalamancha.com\/es\/cuenca\/","name":"Cuenca - Gu\u00edas de Castilla la Mancha","isPartOf":{"@id":"https:\/\/guiascastillalamancha.com\/es\/#website"},"datePublished":"2017-01-10T10:17:18+00:00","dateModified":"2020-05-15T06:42:03+00:00","breadcrumb":{"@id":"https:\/\/guiascastillalamancha.com\/es\/cuenca\/#breadcrumb"},"inLanguage":"es","potentialAction":[{"@type":"ReadAction","target":["https:\/\/guiascastillalamancha.com\/es\/cuenca\/"]}]},{"@type":"BreadcrumbList","@id":"https:\/\/guiascastillalamancha.com\/es\/cuenca\/#breadcrumb","itemListElement":[{"@type":"ListItem","position":1,"name":"Portada","item":"https:\/\/guiascastillalamancha.com\/es\/"},{"@type":"ListItem","position":2,"name":"Cuenca"}]},{"@type":"WebSite","@id":"https:\/\/guiascastillalamancha.com\/es\/#website","url":"https:\/\/guiascastillalamancha.com\/es\/","name":"Gu\u00edas de Castilla la Mancha","description":"Gu\u00edas Tur\u00edsticos para Toledo, Albacete, Ciudad Real, Cuenca y Guadalajara","potentialAction":[{"@type":"SearchAction","target":{"@type":"EntryPoint","urlTemplate":"https:\/\/guiascastillalamancha.com\/es\/?s={search_term_string}"},"query-input":{"@type":"PropertyValueSpecification","valueRequired":true,"valueName":"search_term_string"}}],"inLanguage":"es"}]}},"_links":{"self":[{"href":"https:\/\/guiascastillalamancha.com\/es\/wp-json\/wp\/v2\/pages\/613","targetHints":{"allow":["GET"]}}],"collection":[{"href":"https:\/\/guiascastillalamancha.com\/es\/wp-json\/wp\/v2\/pages"}],"about":[{"href":"https:\/\/guiascastillalamancha.com\/es\/wp-json\/wp\/v2\/types\/page"}],"author":[{"embeddable":true,"href":"https:\/\/guiascastillalamancha.com\/es\/wp-json\/wp\/v2\/users\/1"}],"replies":[{"embeddable":true,"href":"https:\/\/guiascastillalamancha.com\/es\/wp-json\/wp\/v2\/comments?post=613"}],"version-history":[{"count":0,"href":"https:\/\/guiascastillalamancha.com\/es\/wp-json\/wp\/v2\/pages\/613\/revisions"}],"wp:attachment":[{"href":"https:\/\/guiascastillalamancha.com\/es\/wp-json\/wp\/v2\/media?parent=613"}],"curies":[{"name":"wp","href":"https:\/\/api.w.org\/{rel}","templated":true}]}}