{"id":487,"date":"2016-11-28T16:57:17","date_gmt":"2016-11-28T16:57:17","guid":{"rendered":"http:\/\/guiasdetoledo.loading.net\/?page_id=487"},"modified":"2025-01-15T00:22:59","modified_gmt":"2025-01-14T23:22:59","slug":"toledo","status":"publish","type":"page","link":"https:\/\/guiascastillalamancha.com\/es\/toledo\/","title":{"rendered":"Toledo"},"content":{"rendered":"<div class=\"wpb-content-wrapper\"><p>[vc_row css_animation=\u00bb\u00bb row_type=\u00bbrow\u00bb use_row_as_full_screen_section=\u00bbno\u00bb type=\u00bbgrid\u00bb angled_section=\u00bbno\u00bb text_align=\u00bbcenter\u00bb background_image_as_pattern=\u00bbwithout_pattern\u00bb anchor=\u00bbabout\u00bb css=\u00bb.vc_custom_1480508287546{padding-top: 2% !important;padding-bottom: 2% !important;}\u00bb][vc_column offset=\u00bbvc_col-lg-offset-2 vc_col-lg-8 vc_col-md-offset-1 vc_col-md-10&#8243; css=\u00bb.vc_custom_1467624556435{padding-right: 8% !important;padding-left: 8% !important;}\u00bb][vc_column_text]<\/p>\n<h2 style=\"text-align: center;\">TOLEDO<\/h2>\n<p>[\/vc_column_text][vc_empty_space height=\u00bb8px\u00bb][vc_column_text]<\/p>\n<p style=\"text-align: center;\">La ciudad de Toledo, Patrimonio de la Humanidad desde 1986, es uno de las ciudades m\u00e1s interesantes del pa\u00eds desde un punto de vista monumental e hist\u00f3rico. Mundialmente conocida como la\u00a0\u201c Ciudad de las Tres Culturas\u201d, en ella jud\u00edos, musulmanes y cristianos convivieron durante siglos para dejar su impronta indeleble en cada uno de sus rincones. Desde la Asociaci\u00f3n te proponemos distintas rutas diurnas y nocturnas para que puedas descubrir toda su riqueza. A\u00fan as\u00ed, podemos desarrollar para ti cualquier ruta basada en otros aspectos que te interesen de la ciudad y la provincia: El Barrio Jud\u00edo, Renacimiento en Toledo, Consuegra, La Mancha y sus molinos,.. Cons\u00faltanos!<\/p>\n<p>[\/vc_column_text][\/vc_column][\/vc_row][vc_row css_animation=\u00bb\u00bb row_type=\u00bbrow\u00bb use_row_as_full_screen_section=\u00bbno\u00bb type=\u00bbfull_width\u00bb angled_section=\u00bbno\u00bb text_align=\u00bbleft\u00bb background_image_as_pattern=\u00bbwithout_pattern\u00bb][vc_column][vc_column_text]<\/p>\n<h2 style=\"text-align: center;\">VISITAS GUIADAS<\/h2>\n<p>[\/vc_column_text][vc_empty_space height=\u00bb40px\u00bb][\/vc_column][\/vc_row][vc_row css_animation=\u00bb\u00bb row_type=\u00bbrow\u00bb use_row_as_full_screen_section=\u00bbyes\u00bb type=\u00bbgrid\u00bb angled_section=\u00bbno\u00bb text_align=\u00bbleft\u00bb background_image_as_pattern=\u00bbwithout_pattern\u00bb][vc_column width=\u00bb1\/2&#8243;][vc_single_image image=\u00bb582&#8243; img_size=\u00bbfull\u00bb alignment=\u00bbcenter\u00bb qode_css_animation=\u00bb\u00bb][vc_empty_space height=\u00bb20px\u00bb][vc_column_text]<\/p>\n<h2 style=\"text-align: center;\">Toledo Tradicional<\/h2>\n<p>[\/vc_column_text][vc_empty_space height=\u00bb20px\u00bb][vc_column_text css=\u00bb.vc_custom_1483107276735{padding-right: 5% !important;padding-left: 5% !important;}\u00bb]<\/p>\n<p style=\"text-align: center;\">En esta visita tratamos de acercar al visitante a los monumentos m\u00e1s destacados de la ciudad, esos que toda persona que viene por primera vez a la Toledo no puede perderse, como:<\/p>\n<p style=\"text-align: center;\">&#8211; La<b> Catedral<\/b>, sede del Arzobispo Primado de Espa\u00f1a y una de las iglesias m\u00e1s ricas de toda la cristiandad. Guarda en su interior tesoros art\u00edsticos y obras de arte realizadas por algunos de los m\u00e1s c\u00e9lebres artistas de la Historia: El Greco, Rafael, Tiziano, Caravaggio, Van Dyck, Goya, Vel\u00e1zquez, Berruguete,.. O piezas como la espectacular custodia de Corpus Christi o el Transparente.<\/p>\n<p style=\"text-align: center;\">&#8211; El \u00ab<b>Entierro del Se\u00f1or de Orgaz<\/b>\u00ab, la obra maestra del Greco, que podremos visitar en la Iglesia de Santo Tom\u00e9.<\/p>\n<p style=\"text-align: center;\">&#8211; La <b>Sinagoga de Santa Mar\u00eda la Blanca<\/b>, una de las dos \u00fanicas sinagogas medievales que quedan en la ciudad.<\/p>\n<p style=\"text-align: center;\">&#8211; O el <b>Monasterio franciscano de San Juan de los Reyes<\/b>, mandado construir por los Reyes Cat\u00f3licos a finales del siglo XV para ser su pante\u00f3n funerario.<\/p>\n<p>[\/vc_column_text][vc_empty_space height=\u00bb20px\u00bb][\/vc_column][vc_column width=\u00bb1\/2&#8243;][vc_single_image image=\u00bb583&#8243; img_size=\u00bbfull\u00bb alignment=\u00bbcenter\u00bb qode_css_animation=\u00bb\u00bb][vc_empty_space height=\u00bb20px\u00bb][vc_column_text]<\/p>\n<h2 style=\"text-align: center;\">Toledo y las tres culturas<\/h2>\n<p>[\/vc_column_text][vc_empty_space height=\u00bb20px\u00bb][vc_column_text css=\u00bb.vc_custom_1483107504762{padding-right: 5% !important;padding-left: 5% !important;}\u00bb]<\/p>\n<p style=\"text-align: center;\">La ciudad es conocida en todo el Mundo por haber sido lugar de convivencia pac\u00edfica durante unos seiscientos a\u00f1os en \u00e9poca medieval. Uno de los recorridos m\u00e1s interesantes a llevar a cabo en Toledo es un paseo que nos acerque a esas tres religiones y la huella que en ella dejaron:<\/p>\n<p style=\"text-align: center;\">&#8211; La <b>Mezquita del Cristo de la Luz<\/b>. Una mezquita isl\u00e1mica del siglo X que ha llegado hasta nuestros d\u00edas por haber sido convertida en iglesia tras la reconquista de la ciudad en 1085.<\/p>\n<p style=\"text-align: center;\">&#8211; La <b>Iglesia de San Rom\u00e1n<\/b>, hoy Museo de los Concilios y la Cultura Visigoda, como ejemplo de la importancia de la Iglesia Cat\u00f3lica en Espa\u00f1a, de la que Toledo es su sede primada. Quiz\u00e1 una de las iglesias m\u00e1s bonitas de la ciudad en estilo mud\u00e9jar.<\/p>\n<p style=\"text-align: center;\">&#8211; La <b>Sinagoga del Tr\u00e1nsito<\/b> y el <b>Museo Sefard\u00ed<\/b>. Lugar id\u00f3neo para rememorar el paso y el legado de la comunidad judeo-sefard\u00ed, y uno de los monumentos m\u00e1s espectaculares que se pueden visitar en el casco hist\u00f3rico.<\/p>\n<p>[\/vc_column_text][vc_empty_space height=\u00bb20px\u00bb][\/vc_column][\/vc_row][vc_row css_animation=\u00bb\u00bb row_type=\u00bbrow\u00bb use_row_as_full_screen_section=\u00bbyes\u00bb type=\u00bbgrid\u00bb angled_section=\u00bbno\u00bb text_align=\u00bbleft\u00bb background_image_as_pattern=\u00bbwithout_pattern\u00bb][vc_column width=\u00bb1\/2&#8243;][vc_single_image image=\u00bb585&#8243; img_size=\u00bbfull\u00bb alignment=\u00bbcenter\u00bb qode_css_animation=\u00bb\u00bb][vc_empty_space height=\u00bb20px\u00bb][vc_column_text]<\/p>\n<h2 style=\"text-align: center;\">Toledo y El Greco<\/h2>\n<p>[\/vc_column_text][vc_empty_space height=\u00bb20px\u00bb][vc_column_text css=\u00bb.vc_custom_1483107583631{padding-right: 5% !important;padding-left: 5% !important;}\u00bb]<\/p>\n<p style=\"text-align: center;\">El Greco es el artista m\u00e1s importante que ha pasado por tierras toledanas y su legado en la ciudad es de incalculable valor. Un recorrido por sus cuadros nos har\u00e1 descubrir su arte, su estilo y los mismos monumentos donde sus obras se hallan expuestas.<br \/>\n&#8211; El <strong>Monasterio de Santo Domingo el Antiguo<\/strong>, el lugar para el que El Greco pint\u00f3 sus primeros cuadros y donde lleg\u00f3 a ser enterrado.<br \/>\n&#8211; El <strong>Museo de Santa Cruz<\/strong>, antiguo hospital del siglo XV fundado por el arzobispo de Toledo don Pedro Gonz\u00e1lez de Mendoza, atesora una important\u00edsima colecci\u00f3n de cuadros del pintor cretense, as\u00ed como todo un museo de arqueolog\u00eda, artes aplicadas y bellas artes.<br \/>\n&#8211; La Iglesia de Santo Tom\u00e9, donde veremos in situ el \u00ab<strong>Entierro del Se\u00f1or de Orgaz<\/strong>\u00ab, su obra maestra y lugar de donde no ha salido jam\u00e1s.<\/p>\n<p>[\/vc_column_text][vc_empty_space height=\u00bb20px\u00bb][\/vc_column][vc_column width=\u00bb1\/2&#8243;][vc_single_image image=\u00bb586&#8243; img_size=\u00bbfull\u00bb alignment=\u00bbcenter\u00bb qode_css_animation=\u00bb\u00bb][vc_empty_space height=\u00bb20px\u00bb][vc_column_text]<\/p>\n<h2 style=\"text-align: center;\">Toledo de Noche<\/h2>\n<p>[\/vc_column_text][vc_empty_space height=\u00bb20px\u00bb][vc_column_text css=\u00bb.vc_custom_1483107568855{padding-right: 5% !important;padding-left: 5% !important;}\u00bb]<\/p>\n<p style=\"text-align: center;\">Si tienes la gran suerte de dormir en la ciudad descubrir\u00e1s una Toledo se llena de magia, de leyenda y de romanticismo por la noche. D\u00e9janos llevarte por sus calles, recovecos y rincones m\u00e1s ocultos para adentrarnos en lugares de postal anclados en el tiempo o descender hasta las entra\u00f1as del <b>subsuelo toledano<\/b>, con visita a las Termas Romanas de la plaza de Amador de los R\u00edos; el Pozo de la plaza del Salvador, antiguo aljibe del siglo XIV; o a los ba\u00f1os \u00e1rabes del Cenizal.<\/p>\n<p>[\/vc_column_text][vc_empty_space height=\u00bb20px\u00bb][\/vc_column][\/vc_row][vc_row css_animation=\u00bb\u00bb row_type=\u00bbrow\u00bb use_row_as_full_screen_section=\u00bbno\u00bb type=\u00bbfull_width\u00bb angled_section=\u00bbno\u00bb text_align=\u00bbleft\u00bb background_image_as_pattern=\u00bbwithout_pattern\u00bb][vc_column][vc_empty_space height=\u00bb40px\u00bb][\/vc_column][\/vc_row][vc_row css_animation=\u00bb\u00bb row_type=\u00bbrow\u00bb use_row_as_full_screen_section=\u00bbno\u00bb type=\u00bbgrid\u00bb angled_section=\u00bbno\u00bb text_align=\u00bbcenter\u00bb background_image_as_pattern=\u00bbwithout_pattern\u00bb anchor=\u00bbbrands\u00bb css=\u00bb.vc_custom_1467717650552{padding-top: 5.5% !important;padding-bottom: 2% !important;}\u00bb][vc_column offset=\u00bbvc_col-lg-offset-2 vc_col-lg-8 vc_col-md-offset-1 vc_col-md-10&#8243; css=\u00bb.vc_custom_1467624580101{padding-right: 8% !important;padding-left: 8% !important;}\u00bb][vc_column_text]<a  itemprop=\"url\" href=\"\/contacto\/\" target=\"_self\" data-hover-background-color=\"#882039\" data-hover-color=\"#d3bbc9\" class=\"qbutton  big_large center default\" style=\"color: #882039; font-style: normal; font-weight: 600; margin: 5px; background-color:#d3bbc9;\">Contacta con Nosotros<\/a>[\/vc_column_text][vc_empty_space height=\u00bb8px\u00bb][vc_column_text css=\u00bb\u00bb]<a  itemprop=\"url\" href=\"\/es\/list-of-tourist-guides-in-toledo\/\" target=\"_self\" data-hover-background-color=\"#882039\" data-hover-color=\"#d3bbc9\" class=\"qbutton  big_large center default\" style=\"color: #882039; font-style: normal; font-weight: 600; margin: 5px; background-color:#d3bbc9;\">Ver Lista de Gu\u00edas Tur\u00edsticos de Toledo<\/a>[\/vc_column_text][vc_empty_space height=\u00bb8px\u00bb][\/vc_column][\/vc_row][vc_row css_animation=\u00bb\u00bb row_type=\u00bbrow\u00bb use_row_as_full_screen_section=\u00bbno\u00bb type=\u00bbgrid\u00bb angled_section=\u00bbno\u00bb text_align=\u00bbcenter\u00bb background_image_as_pattern=\u00bbwithout_pattern\u00bb anchor=\u00bbbrands\u00bb css=\u00bb.vc_custom_1467717650552{padding-top: 5.5% !important;padding-bottom: 2% !important;}\u00bb][vc_column offset=\u00bbvc_col-lg-offset-2 vc_col-lg-8 vc_col-md-offset-1 vc_col-md-10&#8243; css=\u00bb.vc_custom_1467624580101{padding-right: 8% !important;padding-left: 8% !important;}\u00bb][vc_column_text]<\/p>\n<p style=\"text-align: center;\">*im\u00e1genes realizadas por\u00a0@Jaci Sanchez<\/p>\n<p>[\/vc_column_text][vc_empty_space height=\u00bb8px\u00bb][\/vc_column][\/vc_row][vc_row css_animation=\u00bb\u00bb row_type=\u00bbrow\u00bb use_row_as_full_screen_section=\u00bbno\u00bb type=\u00bbfull_width\u00bb angled_section=\u00bbno\u00bb text_align=\u00bbleft\u00bb background_image_as_pattern=\u00bbwithout_pattern\u00bb][vc_column][vc_empty_space height=\u00bb40px\u00bb][\/vc_column][\/vc_row]<\/p>\n<\/div>","protected":false},"excerpt":{"rendered":"<p>[vc_row css_animation=\u00bb\u00bb row_type=\u00bbrow\u00bb use_row_as_full_screen_section=\u00bbno\u00bb type=\u00bbgrid\u00bb angled_section=\u00bbno\u00bb text_align=\u00bbcenter\u00bb background_image_as_pattern=\u00bbwithout_pattern\u00bb anchor=\u00bbabout\u00bb css=\u00bb.vc_custom_1480508287546{padding-top: 2% !important;padding-bottom: 2% !important;}\u00bb][vc_column offset=\u00bbvc_col-lg-offset-2 vc_col-lg-8 vc_col-md-offset-1 vc_col-md-10&#8243; css=\u00bb.vc_custom_1467624556435{padding-right: 8% !important;padding-left: 8% !important;}\u00bb][vc_column_text] TOLEDO [\/vc_column_text][vc_empty_space height=\u00bb8px\u00bb][vc_column_text] La ciudad de Toledo, Patrimonio de la Humanidad desde 1986, es uno de las ciudades m\u00e1s interesantes del pa\u00eds&#8230;<\/p>\n","protected":false},"author":3,"featured_media":0,"parent":0,"menu_order":0,"comment_status":"closed","ping_status":"closed","template":"full_width.php","meta":{"footnotes":""},"class_list":["post-487","page","type-page","status-publish","hentry"],"yoast_head":"<!-- This site is optimized with the Yoast SEO plugin v27.3 - https:\/\/yoast.com\/product\/yoast-seo-wordpress\/ -->\n<title>Toledo - Gu\u00edas de Castilla la Mancha<\/title>\n<meta name=\"robots\" content=\"index, follow, max-snippet:-1, max-image-preview:large, max-video-preview:-1\" \/>\n<link rel=\"canonical\" href=\"https:\/\/guiascastillalamancha.com\/es\/toledo\/\" \/>\n<meta property=\"og:locale\" content=\"es_ES\" \/>\n<meta property=\"og:type\" content=\"article\" \/>\n<meta property=\"og:title\" content=\"Toledo - Gu\u00edas de Castilla la Mancha\" \/>\n<meta property=\"og:description\" content=\"[vc_row css_animation=\u00bb\u00bb row_type=\u00bbrow\u00bb use_row_as_full_screen_section=\u00bbno\u00bb type=\u00bbgrid\u00bb angled_section=\u00bbno\u00bb text_align=\u00bbcenter\u00bb background_image_as_pattern=\u00bbwithout_pattern\u00bb anchor=\u00bbabout\u00bb css=\u00bb.vc_custom_1480508287546{padding-top: 2% !important;padding-bottom: 2% !important;}\u00bb][vc_column offset=\u00bbvc_col-lg-offset-2 vc_col-lg-8 vc_col-md-offset-1 vc_col-md-10&#8243; css=\u00bb.vc_custom_1467624556435{padding-right: 8% !important;padding-left: 8% !important;}\u00bb][vc_column_text] TOLEDO [\/vc_column_text][vc_empty_space height=\u00bb8px\u00bb][vc_column_text] La ciudad de Toledo, Patrimonio de la Humanidad desde 1986, es uno de las ciudades m\u00e1s interesantes del pa\u00eds...\" \/>\n<meta property=\"og:url\" content=\"https:\/\/guiascastillalamancha.com\/es\/toledo\/\" \/>\n<meta property=\"og:site_name\" content=\"Gu\u00edas de Castilla la Mancha\" \/>\n<meta property=\"article:modified_time\" content=\"2025-01-14T23:22:59+00:00\" \/>\n<meta name=\"twitter:card\" content=\"summary_large_image\" \/>\n<meta name=\"twitter:label1\" content=\"Tiempo de lectura\" \/>\n\t<meta name=\"twitter:data1\" content=\"5 minutos\" \/>\n<script type=\"application\/ld+json\" class=\"yoast-schema-graph\">{\"@context\":\"https:\\\/\\\/schema.org\",\"@graph\":[{\"@type\":\"WebPage\",\"@id\":\"https:\\\/\\\/guiascastillalamancha.com\\\/es\\\/toledo\\\/\",\"url\":\"https:\\\/\\\/guiascastillalamancha.com\\\/es\\\/toledo\\\/\",\"name\":\"Toledo - Gu\u00edas de Castilla la Mancha\",\"isPartOf\":{\"@id\":\"https:\\\/\\\/guiascastillalamancha.com\\\/es\\\/#website\"},\"datePublished\":\"2016-11-28T16:57:17+00:00\",\"dateModified\":\"2025-01-14T23:22:59+00:00\",\"breadcrumb\":{\"@id\":\"https:\\\/\\\/guiascastillalamancha.com\\\/es\\\/toledo\\\/#breadcrumb\"},\"inLanguage\":\"es\",\"potentialAction\":[{\"@type\":\"ReadAction\",\"target\":[\"https:\\\/\\\/guiascastillalamancha.com\\\/es\\\/toledo\\\/\"]}]},{\"@type\":\"BreadcrumbList\",\"@id\":\"https:\\\/\\\/guiascastillalamancha.com\\\/es\\\/toledo\\\/#breadcrumb\",\"itemListElement\":[{\"@type\":\"ListItem\",\"position\":1,\"name\":\"Portada\",\"item\":\"https:\\\/\\\/guiascastillalamancha.com\\\/es\\\/\"},{\"@type\":\"ListItem\",\"position\":2,\"name\":\"Toledo\"}]},{\"@type\":\"WebSite\",\"@id\":\"https:\\\/\\\/guiascastillalamancha.com\\\/es\\\/#website\",\"url\":\"https:\\\/\\\/guiascastillalamancha.com\\\/es\\\/\",\"name\":\"Gu\u00edas de Castilla la Mancha\",\"description\":\"Gu\u00edas Tur\u00edsticos para Toledo, Albacete, Ciudad Real, Cuenca y Guadalajara\",\"potentialAction\":[{\"@type\":\"SearchAction\",\"target\":{\"@type\":\"EntryPoint\",\"urlTemplate\":\"https:\\\/\\\/guiascastillalamancha.com\\\/es\\\/?s={search_term_string}\"},\"query-input\":{\"@type\":\"PropertyValueSpecification\",\"valueRequired\":true,\"valueName\":\"search_term_string\"}}],\"inLanguage\":\"es\"}]}<\/script>\n<!-- \/ Yoast SEO plugin. -->","yoast_head_json":{"title":"Toledo - Gu\u00edas de Castilla la Mancha","robots":{"index":"index","follow":"follow","max-snippet":"max-snippet:-1","max-image-preview":"max-image-preview:large","max-video-preview":"max-video-preview:-1"},"canonical":"https:\/\/guiascastillalamancha.com\/es\/toledo\/","og_locale":"es_ES","og_type":"article","og_title":"Toledo - Gu\u00edas de Castilla la Mancha","og_description":"[vc_row css_animation=\u00bb\u00bb row_type=\u00bbrow\u00bb use_row_as_full_screen_section=\u00bbno\u00bb type=\u00bbgrid\u00bb angled_section=\u00bbno\u00bb text_align=\u00bbcenter\u00bb background_image_as_pattern=\u00bbwithout_pattern\u00bb anchor=\u00bbabout\u00bb css=\u00bb.vc_custom_1480508287546{padding-top: 2% !important;padding-bottom: 2% !important;}\u00bb][vc_column offset=\u00bbvc_col-lg-offset-2 vc_col-lg-8 vc_col-md-offset-1 vc_col-md-10&#8243; css=\u00bb.vc_custom_1467624556435{padding-right: 8% !important;padding-left: 8% !important;}\u00bb][vc_column_text] TOLEDO [\/vc_column_text][vc_empty_space height=\u00bb8px\u00bb][vc_column_text] La ciudad de Toledo, Patrimonio de la Humanidad desde 1986, es uno de las ciudades m\u00e1s interesantes del pa\u00eds...","og_url":"https:\/\/guiascastillalamancha.com\/es\/toledo\/","og_site_name":"Gu\u00edas de Castilla la Mancha","article_modified_time":"2025-01-14T23:22:59+00:00","twitter_card":"summary_large_image","twitter_misc":{"Tiempo de lectura":"5 minutos"},"schema":{"@context":"https:\/\/schema.org","@graph":[{"@type":"WebPage","@id":"https:\/\/guiascastillalamancha.com\/es\/toledo\/","url":"https:\/\/guiascastillalamancha.com\/es\/toledo\/","name":"Toledo - Gu\u00edas de Castilla la Mancha","isPartOf":{"@id":"https:\/\/guiascastillalamancha.com\/es\/#website"},"datePublished":"2016-11-28T16:57:17+00:00","dateModified":"2025-01-14T23:22:59+00:00","breadcrumb":{"@id":"https:\/\/guiascastillalamancha.com\/es\/toledo\/#breadcrumb"},"inLanguage":"es","potentialAction":[{"@type":"ReadAction","target":["https:\/\/guiascastillalamancha.com\/es\/toledo\/"]}]},{"@type":"BreadcrumbList","@id":"https:\/\/guiascastillalamancha.com\/es\/toledo\/#breadcrumb","itemListElement":[{"@type":"ListItem","position":1,"name":"Portada","item":"https:\/\/guiascastillalamancha.com\/es\/"},{"@type":"ListItem","position":2,"name":"Toledo"}]},{"@type":"WebSite","@id":"https:\/\/guiascastillalamancha.com\/es\/#website","url":"https:\/\/guiascastillalamancha.com\/es\/","name":"Gu\u00edas de Castilla la Mancha","description":"Gu\u00edas Tur\u00edsticos para Toledo, Albacete, Ciudad Real, Cuenca y Guadalajara","potentialAction":[{"@type":"SearchAction","target":{"@type":"EntryPoint","urlTemplate":"https:\/\/guiascastillalamancha.com\/es\/?s={search_term_string}"},"query-input":{"@type":"PropertyValueSpecification","valueRequired":true,"valueName":"search_term_string"}}],"inLanguage":"es"}]}},"_links":{"self":[{"href":"https:\/\/guiascastillalamancha.com\/es\/wp-json\/wp\/v2\/pages\/487","targetHints":{"allow":["GET"]}}],"collection":[{"href":"https:\/\/guiascastillalamancha.com\/es\/wp-json\/wp\/v2\/pages"}],"about":[{"href":"https:\/\/guiascastillalamancha.com\/es\/wp-json\/wp\/v2\/types\/page"}],"author":[{"embeddable":true,"href":"https:\/\/guiascastillalamancha.com\/es\/wp-json\/wp\/v2\/users\/3"}],"replies":[{"embeddable":true,"href":"https:\/\/guiascastillalamancha.com\/es\/wp-json\/wp\/v2\/comments?post=487"}],"version-history":[{"count":3,"href":"https:\/\/guiascastillalamancha.com\/es\/wp-json\/wp\/v2\/pages\/487\/revisions"}],"predecessor-version":[{"id":2450,"href":"https:\/\/guiascastillalamancha.com\/es\/wp-json\/wp\/v2\/pages\/487\/revisions\/2450"}],"wp:attachment":[{"href":"https:\/\/guiascastillalamancha.com\/es\/wp-json\/wp\/v2\/media?parent=487"}],"curies":[{"name":"wp","href":"https:\/\/api.w.org\/{rel}","templated":true}]}}