{"id":1350,"date":"2017-06-05T17:29:45","date_gmt":"2017-06-05T17:29:45","guid":{"rendered":"http:\/\/guiasdetoledo.es\/?page_id=1350"},"modified":"2017-06-06T09:03:15","modified_gmt":"2017-06-06T09:03:15","slug":"toledo","status":"publish","type":"page","link":"https:\/\/guiascastillalamancha.com\/en\/toledo\/","title":{"rendered":"Toledo"},"content":{"rendered":"<div class=\"wpb-content-wrapper\"><p>[vc_row row_type=&#8221;row&#8221; use_row_as_full_screen_section=&#8221;no&#8221; type=&#8221;grid&#8221; anchor=&#8221;about&#8221; angled_section=&#8221;no&#8221; text_align=&#8221;center&#8221; background_image_as_pattern=&#8221;without_pattern&#8221; css_animation=&#8221;&#8221; css=&#8221;.vc_custom_1480508287546{padding-top: 2% !important;padding-bottom: 2% !important;}&#8221;][vc_column offset=&#8221;vc_col-lg-offset-2 vc_col-lg-8 vc_col-md-offset-1 vc_col-md-10&#8243; css=&#8221;.vc_custom_1467624556435{padding-right: 8% !important;padding-left: 8% !important;}&#8221;][vc_column_text]<\/p>\n<h2 style=\"text-align: center;\">TOLEDO<\/h2>\n<p>[\/vc_column_text][vc_empty_space height=&#8221;8px&#8221;][vc_column_text]<\/p>\n<p style=\"text-align: center;\">The city of Toledo, a World Heritage Site since 1986, is one of the most interesting cities in the country from a monumental and historic point of view. Widely known as the &#8220;City of the Three Cultures&#8221;, in which Jews, Muslims and Christians lived together for centuries, leaving an indelible mark in each of its corners. As an Association we offer several daytime and evening itineraries so that you may discover all of its riches. In addition, we can develop any route for you based on aspects of your interest in the city and the province: The Jewish Quarter, Renaissance in Toledo, Consuegra, La Mancha and its windmills&#8230; Contact us!<\/p>\n<p>[\/vc_column_text][\/vc_column][\/vc_row][vc_row row_type=&#8221;row&#8221; use_row_as_full_screen_section=&#8221;no&#8221; type=&#8221;full_width&#8221; angled_section=&#8221;no&#8221; text_align=&#8221;left&#8221; background_image_as_pattern=&#8221;without_pattern&#8221; css_animation=&#8221;&#8221;][vc_column][vc_column_text]<\/p>\n<h2 style=\"text-align: center;\">GUIDED TOURS<\/h2>\n<p>[\/vc_column_text][vc_empty_space height=&#8221;40px&#8221;][\/vc_column][\/vc_row][vc_row row_type=&#8221;row&#8221; use_row_as_full_screen_section=&#8221;yes&#8221; type=&#8221;grid&#8221; angled_section=&#8221;no&#8221; text_align=&#8221;left&#8221; background_image_as_pattern=&#8221;without_pattern&#8221; css_animation=&#8221;&#8221;][vc_column width=&#8221;1\/2&#8243;][vc_single_image image=&#8221;582&#8243; img_size=&#8221;full&#8221; alignment=&#8221;center&#8221; qode_css_animation=&#8221;&#8221;][vc_empty_space height=&#8221;20px&#8221;][vc_column_text]<\/p>\n<h2 style=\"text-align: center;\">Traditional Toledo<\/h2>\n<p>[\/vc_column_text][vc_empty_space height=&#8221;20px&#8221;][vc_column_text css=&#8221;.vc_custom_1496683448111{padding-right: 5% !important;padding-left: 5% !important;}&#8221;]<\/p>\n<p style=\"text-align: center;\">In this itinerary we try to give the visitor a look at the most important monuments in the city which cannot be missed by those who come to Toledo for the first time, such as:<\/p>\n<p style=\"text-align: center;\">&#8211; The <strong>Cathedral<\/strong>, seat of the Archbishop Primate of Spain and one of the richest churches of Christianity. Here, artistic treasures and works of art of some of the most celebrated artists in history are preserved: El Greco, Raphael, Titian, Caravaggio, Van Dyck, Goya, Vel\u00e1zquez, Berruguete, as well as works such as the spectacular <em>Custodia de Corpus Christi or El Transparente.<\/em><\/p>\n<p style=\"text-align: center;\">&#8211; The <strong>&#8220;Burial of the Count of Orgaz&#8221;<\/strong>, the masterpiece by El Greco, which can be seen at the Church of Santo Tom\u00e9.<\/p>\n<p style=\"text-align: center;\">&#8211; The <strong>Synagogue of Santa Maria la Blanca<\/strong>, one of the only two medieval synagogues still in existence in the city.<\/p>\n<p style=\"text-align: center;\">&#8211; The <strong>Franciscan Monastery of San Juan de los Reyes<\/strong>, commissioned by the Catholic Monarchs at the end of the 15th century as their mausoleum.<\/p>\n<p>[\/vc_column_text][vc_empty_space height=&#8221;20px&#8221;][\/vc_column][vc_column width=&#8221;1\/2&#8243;][vc_single_image image=&#8221;583&#8243; img_size=&#8221;full&#8221; alignment=&#8221;center&#8221; qode_css_animation=&#8221;&#8221;][vc_empty_space height=&#8221;20px&#8221;][vc_column_text]<\/p>\n<h2 style=\"text-align: center;\">Toledo and the three cultures<\/h2>\n<p>[\/vc_column_text][vc_empty_space height=&#8221;20px&#8221;][vc_column_text css=&#8221;.vc_custom_1496683557807{padding-right: 5% !important;padding-left: 5% !important;}&#8221;]<\/p>\n<p style=\"text-align: center;\">The city is known worldwide for being a place of peaceful coexistence for some 600 years during medieval times. One of the most interesting routes to take in Toledo is the one that brings us closer to these three religions and the mark they have left:<\/p>\n<p style=\"text-align: center;\">&#8211; The<strong> Mosque of the Christ of Light<\/strong>. A mosque from the 10th century which has survived to this day, as it was converted into a church after the city was reconquered in 1085.<\/p>\n<p style=\"text-align: center;\">&#8211; The <strong>Church of San Rom\u00e1n<\/strong>, currently the headquarters of the Museum of the Councils and Visigothic Culture, is an example of the importance of the Catholic Church in Spain, of which Toledo is the Primatial see. Perhaps one of the most beautiful mud\u00e9jar style churches of the city.<\/p>\n<p style=\"text-align: center;\">&#8211; The <strong>Synagogue of El Tr\u00e1nsito and Sephardic Museum<\/strong>. An ideal place to commemorate the passage and legacy of the Sephardic Jewish community, and one of the most spectacular monuments that can be visited in the Old Town.<\/p>\n<p>[\/vc_column_text][vc_empty_space height=&#8221;20px&#8221;][\/vc_column][\/vc_row][vc_row row_type=&#8221;row&#8221; use_row_as_full_screen_section=&#8221;yes&#8221; type=&#8221;grid&#8221; angled_section=&#8221;no&#8221; text_align=&#8221;left&#8221; background_image_as_pattern=&#8221;without_pattern&#8221; css_animation=&#8221;&#8221;][vc_column width=&#8221;1\/2&#8243;][vc_single_image image=&#8221;585&#8243; img_size=&#8221;full&#8221; alignment=&#8221;center&#8221; qode_css_animation=&#8221;&#8221;][vc_empty_space height=&#8221;20px&#8221;][vc_column_text]<\/p>\n<h2 style=\"text-align: center;\">Toledo and El Greco<\/h2>\n<p>[\/vc_column_text][vc_empty_space height=&#8221;20px&#8221;][vc_column_text css=&#8221;.vc_custom_1496683656475{padding-right: 5% !important;padding-left: 5% !important;}&#8221;]<\/p>\n<p style=\"text-align: center;\">El Greco is the most important artist who has come through Toledo and his heritage in the city is priceless. A tour of his paintings will allow us to discover his art and style as well as the monuments in which his works are exhibited.<br \/>\n&#8211; The<strong> Monastery of Santo Domingo el Antiguo<\/strong>, where El Greco painted his first canvases and the place where he would be buried.<br \/>\n&#8211; <strong>The Museum of Santa Cruz<\/strong>, a former 15th-century hospital founded by the Archbishop of Toledo Pedro Gonz\u00e1lez de Mendoza, boasting an impressive collection of paintings by the Cretan painter, as well as an entire museum of archeology, applied arts, and fine arts.<br \/>\n&#8211; The <strong>Church of Santo Tom\u00e9<\/strong>, where we can admire in situ the &#8220;<strong>Burial of the Count of Orgaz<\/strong>&#8220;, El Greco\u00b4s masterpiece; church in which the work has always remained.<\/p>\n<p>[\/vc_column_text][vc_empty_space height=&#8221;20px&#8221;][\/vc_column][vc_column width=&#8221;1\/2&#8243;][vc_single_image image=&#8221;586&#8243; img_size=&#8221;full&#8221; alignment=&#8221;center&#8221; qode_css_animation=&#8221;&#8221;][vc_empty_space height=&#8221;20px&#8221;][vc_column_text]<\/p>\n<h2 style=\"text-align: center;\">Toledo by night<\/h2>\n<p>[\/vc_column_text][vc_empty_space height=&#8221;20px&#8221;][vc_column_text css=&#8221;.vc_custom_1496683705733{padding-right: 5% !important;padding-left: 5% !important;}&#8221;]<\/p>\n<p style=\"text-align: center;\">If you are lucky enough to sleep over in the city, you will discover a Toledo-by- night full of magic, legend and romance. Let us take you through its streets, hidden corners and niches, where you can immerse yourself in postcard-like places anchored in time, or descend into the bowels of <strong>underground Toledo<\/strong>, visiting the Roman baths of the Plaza de Amador de los R\u00edos; the well of Plaza del Salvador, an ancient cistern of the 14th century; or the Arab baths of <em>Ba\u00f1os del Cenizal<\/em>.<\/p>\n<p>[\/vc_column_text][vc_empty_space height=&#8221;20px&#8221;][\/vc_column][\/vc_row][vc_row row_type=&#8221;row&#8221; use_row_as_full_screen_section=&#8221;no&#8221; type=&#8221;full_width&#8221; angled_section=&#8221;no&#8221; text_align=&#8221;left&#8221; background_image_as_pattern=&#8221;without_pattern&#8221; css_animation=&#8221;&#8221;][vc_column][vc_empty_space height=&#8221;40px&#8221;][\/vc_column][\/vc_row][vc_row row_type=&#8221;row&#8221; use_row_as_full_screen_section=&#8221;no&#8221; type=&#8221;grid&#8221; anchor=&#8221;brands&#8221; angled_section=&#8221;no&#8221; text_align=&#8221;center&#8221; background_image_as_pattern=&#8221;without_pattern&#8221; css_animation=&#8221;&#8221; css=&#8221;.vc_custom_1467717650552{padding-top: 5.5% !important;padding-bottom: 2% !important;}&#8221;][vc_column offset=&#8221;vc_col-lg-offset-2 vc_col-lg-8 vc_col-md-offset-1 vc_col-md-10&#8243; css=&#8221;.vc_custom_1467624580101{padding-right: 8% !important;padding-left: 8% !important;}&#8221;][vc_column_text]<a  itemprop=\"url\" href=\"\/en\/contact\/\" target=\"_self\" data-hover-background-color=\"#882039\" data-hover-color=\"#d3bbc9\" class=\"qbutton  big_large center default\" style=\"color: #882039; font-style: normal; font-weight: 600; margin: 5px; background-color:#d3bbc9;\">Contact us<\/a>[\/vc_column_text][vc_empty_space height=&#8221;8px&#8221;][vc_column_text]<a  itemprop=\"url\" href=\"\/en\/list-of-tourist-guides-in-toledo\/\" target=\"_self\" data-hover-background-color=\"#882039\" data-hover-color=\"#d3bbc9\" class=\"qbutton  big_large center default\" style=\"color: #882039; font-style: normal; font-weight: 600; margin: 5px; background-color:#d3bbc9;\">See List of Tourist Guides in Toledo<\/a>[\/vc_column_text][vc_empty_space height=&#8221;8px&#8221;][\/vc_column][\/vc_row][vc_row row_type=&#8221;row&#8221; use_row_as_full_screen_section=&#8221;no&#8221; type=&#8221;grid&#8221; anchor=&#8221;brands&#8221; angled_section=&#8221;no&#8221; text_align=&#8221;center&#8221; background_image_as_pattern=&#8221;without_pattern&#8221; css_animation=&#8221;&#8221; css=&#8221;.vc_custom_1467717650552{padding-top: 5.5% !important;padding-bottom: 2% !important;}&#8221;][vc_column offset=&#8221;vc_col-lg-offset-2 vc_col-lg-8 vc_col-md-offset-1 vc_col-md-10&#8243; css=&#8221;.vc_custom_1467624580101{padding-right: 8% !important;padding-left: 8% !important;}&#8221;][vc_column_text]<\/p>\n<p style=\"text-align: center;\">*Pictures\u00a0by @Jaci Sanchez<\/p>\n<p>[\/vc_column_text][vc_empty_space height=&#8221;8px&#8221;][\/vc_column][\/vc_row][vc_row row_type=&#8221;row&#8221; use_row_as_full_screen_section=&#8221;no&#8221; type=&#8221;full_width&#8221; angled_section=&#8221;no&#8221; text_align=&#8221;left&#8221; background_image_as_pattern=&#8221;without_pattern&#8221; css_animation=&#8221;&#8221;][vc_column][vc_empty_space height=&#8221;40px&#8221;][\/vc_column][\/vc_row]<\/p>\n<\/div>","protected":false},"excerpt":{"rendered":"<p>[vc_row row_type=&#8221;row&#8221; use_row_as_full_screen_section=&#8221;no&#8221; type=&#8221;grid&#8221; anchor=&#8221;about&#8221; angled_section=&#8221;no&#8221; text_align=&#8221;center&#8221; background_image_as_pattern=&#8221;without_pattern&#8221; css_animation=&#8221;&#8221; css=&#8221;.vc_custom_1480508287546{padding-top: 2% !important;padding-bottom: 2% !important;}&#8221;][vc_column offset=&#8221;vc_col-lg-offset-2 vc_col-lg-8 vc_col-md-offset-1 vc_col-md-10&#8243; css=&#8221;.vc_custom_1467624556435{padding-right: 8% !important;padding-left: 8% !important;}&#8221;][vc_column_text] TOLEDO [\/vc_column_text][vc_empty_space height=&#8221;8px&#8221;][vc_column_text] The city of Toledo, a World Heritage Site since 1986, is one of the most interesting cities in the&#8230;<\/p>\n","protected":false},"author":1,"featured_media":0,"parent":0,"menu_order":0,"comment_status":"closed","ping_status":"closed","template":"full_width.php","meta":{"footnotes":""},"class_list":["post-1350","page","type-page","status-publish","hentry"],"yoast_head":"<!-- This site is optimized with the Yoast SEO plugin v27.3 - https:\/\/yoast.com\/product\/yoast-seo-wordpress\/ -->\n<title>Toledo - Gu\u00edas de Castilla la Mancha<\/title>\n<meta name=\"robots\" content=\"index, follow, max-snippet:-1, max-image-preview:large, max-video-preview:-1\" \/>\n<link rel=\"canonical\" href=\"https:\/\/guiascastillalamancha.com\/en\/toledo\/\" \/>\n<meta property=\"og:locale\" content=\"en_US\" \/>\n<meta property=\"og:type\" content=\"article\" \/>\n<meta property=\"og:title\" content=\"Toledo - Gu\u00edas de Castilla la Mancha\" \/>\n<meta property=\"og:description\" content=\"[vc_row row_type=&#8221;row&#8221; use_row_as_full_screen_section=&#8221;no&#8221; type=&#8221;grid&#8221; anchor=&#8221;about&#8221; angled_section=&#8221;no&#8221; text_align=&#8221;center&#8221; background_image_as_pattern=&#8221;without_pattern&#8221; css_animation=&#8221;&#8221; css=&#8221;.vc_custom_1480508287546{padding-top: 2% !important;padding-bottom: 2% !important;}&#8221;][vc_column offset=&#8221;vc_col-lg-offset-2 vc_col-lg-8 vc_col-md-offset-1 vc_col-md-10&#8243; css=&#8221;.vc_custom_1467624556435{padding-right: 8% !important;padding-left: 8% !important;}&#8221;][vc_column_text] TOLEDO [\/vc_column_text][vc_empty_space height=&#8221;8px&#8221;][vc_column_text] The city of Toledo, a World Heritage Site since 1986, is one of the most interesting cities in the...\" \/>\n<meta property=\"og:url\" content=\"https:\/\/guiascastillalamancha.com\/en\/toledo\/\" \/>\n<meta property=\"og:site_name\" content=\"Gu\u00edas de Castilla la Mancha\" \/>\n<meta property=\"article:modified_time\" content=\"2017-06-06T09:03:15+00:00\" \/>\n<meta name=\"twitter:card\" content=\"summary_large_image\" \/>\n<meta name=\"twitter:label1\" content=\"Est. reading time\" \/>\n\t<meta name=\"twitter:data1\" content=\"5 minutes\" \/>\n<script type=\"application\/ld+json\" class=\"yoast-schema-graph\">{\"@context\":\"https:\\\/\\\/schema.org\",\"@graph\":[{\"@type\":\"WebPage\",\"@id\":\"https:\\\/\\\/guiascastillalamancha.com\\\/en\\\/toledo\\\/\",\"url\":\"https:\\\/\\\/guiascastillalamancha.com\\\/en\\\/toledo\\\/\",\"name\":\"Toledo - Gu\u00edas de Castilla la Mancha\",\"isPartOf\":{\"@id\":\"https:\\\/\\\/guiascastillalamancha.com\\\/es\\\/#website\"},\"datePublished\":\"2017-06-05T17:29:45+00:00\",\"dateModified\":\"2017-06-06T09:03:15+00:00\",\"breadcrumb\":{\"@id\":\"https:\\\/\\\/guiascastillalamancha.com\\\/en\\\/toledo\\\/#breadcrumb\"},\"inLanguage\":\"en-US\",\"potentialAction\":[{\"@type\":\"ReadAction\",\"target\":[\"https:\\\/\\\/guiascastillalamancha.com\\\/en\\\/toledo\\\/\"]}]},{\"@type\":\"BreadcrumbList\",\"@id\":\"https:\\\/\\\/guiascastillalamancha.com\\\/en\\\/toledo\\\/#breadcrumb\",\"itemListElement\":[{\"@type\":\"ListItem\",\"position\":1,\"name\":\"Portada\",\"item\":\"https:\\\/\\\/guiascastillalamancha.com\\\/en\\\/\"},{\"@type\":\"ListItem\",\"position\":2,\"name\":\"Toledo\"}]},{\"@type\":\"WebSite\",\"@id\":\"https:\\\/\\\/guiascastillalamancha.com\\\/es\\\/#website\",\"url\":\"https:\\\/\\\/guiascastillalamancha.com\\\/es\\\/\",\"name\":\"Gu\u00edas de Castilla la Mancha\",\"description\":\"Gu\u00edas Tur\u00edsticos para Toledo, Albacete, Ciudad Real, Cuenca y Guadalajara\",\"potentialAction\":[{\"@type\":\"SearchAction\",\"target\":{\"@type\":\"EntryPoint\",\"urlTemplate\":\"https:\\\/\\\/guiascastillalamancha.com\\\/es\\\/?s={search_term_string}\"},\"query-input\":{\"@type\":\"PropertyValueSpecification\",\"valueRequired\":true,\"valueName\":\"search_term_string\"}}],\"inLanguage\":\"en-US\"}]}<\/script>\n<!-- \/ Yoast SEO plugin. -->","yoast_head_json":{"title":"Toledo - Gu\u00edas de Castilla la Mancha","robots":{"index":"index","follow":"follow","max-snippet":"max-snippet:-1","max-image-preview":"max-image-preview:large","max-video-preview":"max-video-preview:-1"},"canonical":"https:\/\/guiascastillalamancha.com\/en\/toledo\/","og_locale":"en_US","og_type":"article","og_title":"Toledo - Gu\u00edas de Castilla la Mancha","og_description":"[vc_row row_type=&#8221;row&#8221; use_row_as_full_screen_section=&#8221;no&#8221; type=&#8221;grid&#8221; anchor=&#8221;about&#8221; angled_section=&#8221;no&#8221; text_align=&#8221;center&#8221; background_image_as_pattern=&#8221;without_pattern&#8221; css_animation=&#8221;&#8221; css=&#8221;.vc_custom_1480508287546{padding-top: 2% !important;padding-bottom: 2% !important;}&#8221;][vc_column offset=&#8221;vc_col-lg-offset-2 vc_col-lg-8 vc_col-md-offset-1 vc_col-md-10&#8243; css=&#8221;.vc_custom_1467624556435{padding-right: 8% !important;padding-left: 8% !important;}&#8221;][vc_column_text] TOLEDO [\/vc_column_text][vc_empty_space height=&#8221;8px&#8221;][vc_column_text] The city of Toledo, a World Heritage Site since 1986, is one of the most interesting cities in the...","og_url":"https:\/\/guiascastillalamancha.com\/en\/toledo\/","og_site_name":"Gu\u00edas de Castilla la Mancha","article_modified_time":"2017-06-06T09:03:15+00:00","twitter_card":"summary_large_image","twitter_misc":{"Est. reading time":"5 minutes"},"schema":{"@context":"https:\/\/schema.org","@graph":[{"@type":"WebPage","@id":"https:\/\/guiascastillalamancha.com\/en\/toledo\/","url":"https:\/\/guiascastillalamancha.com\/en\/toledo\/","name":"Toledo - Gu\u00edas de Castilla la Mancha","isPartOf":{"@id":"https:\/\/guiascastillalamancha.com\/es\/#website"},"datePublished":"2017-06-05T17:29:45+00:00","dateModified":"2017-06-06T09:03:15+00:00","breadcrumb":{"@id":"https:\/\/guiascastillalamancha.com\/en\/toledo\/#breadcrumb"},"inLanguage":"en-US","potentialAction":[{"@type":"ReadAction","target":["https:\/\/guiascastillalamancha.com\/en\/toledo\/"]}]},{"@type":"BreadcrumbList","@id":"https:\/\/guiascastillalamancha.com\/en\/toledo\/#breadcrumb","itemListElement":[{"@type":"ListItem","position":1,"name":"Portada","item":"https:\/\/guiascastillalamancha.com\/en\/"},{"@type":"ListItem","position":2,"name":"Toledo"}]},{"@type":"WebSite","@id":"https:\/\/guiascastillalamancha.com\/es\/#website","url":"https:\/\/guiascastillalamancha.com\/es\/","name":"Gu\u00edas de Castilla la Mancha","description":"Gu\u00edas Tur\u00edsticos para Toledo, Albacete, Ciudad Real, Cuenca y Guadalajara","potentialAction":[{"@type":"SearchAction","target":{"@type":"EntryPoint","urlTemplate":"https:\/\/guiascastillalamancha.com\/es\/?s={search_term_string}"},"query-input":{"@type":"PropertyValueSpecification","valueRequired":true,"valueName":"search_term_string"}}],"inLanguage":"en-US"}]}},"_links":{"self":[{"href":"https:\/\/guiascastillalamancha.com\/en\/wp-json\/wp\/v2\/pages\/1350","targetHints":{"allow":["GET"]}}],"collection":[{"href":"https:\/\/guiascastillalamancha.com\/en\/wp-json\/wp\/v2\/pages"}],"about":[{"href":"https:\/\/guiascastillalamancha.com\/en\/wp-json\/wp\/v2\/types\/page"}],"author":[{"embeddable":true,"href":"https:\/\/guiascastillalamancha.com\/en\/wp-json\/wp\/v2\/users\/1"}],"replies":[{"embeddable":true,"href":"https:\/\/guiascastillalamancha.com\/en\/wp-json\/wp\/v2\/comments?post=1350"}],"version-history":[{"count":0,"href":"https:\/\/guiascastillalamancha.com\/en\/wp-json\/wp\/v2\/pages\/1350\/revisions"}],"wp:attachment":[{"href":"https:\/\/guiascastillalamancha.com\/en\/wp-json\/wp\/v2\/media?parent=1350"}],"curies":[{"name":"wp","href":"https:\/\/api.w.org\/{rel}","templated":true}]}}