{"id":1323,"date":"2017-06-05T17:20:24","date_gmt":"2017-06-05T17:20:24","guid":{"rendered":"http:\/\/guiasdetoledo.es\/?page_id=1323"},"modified":"2025-02-21T09:06:56","modified_gmt":"2025-02-21T08:06:56","slug":"about-us","status":"publish","type":"page","link":"https:\/\/guiascastillalamancha.com\/en\/about-us\/","title":{"rendered":"About Us"},"content":{"rendered":"<div class=\"wpb-content-wrapper\"><p>[vc_row row_type=&#8221;row&#8221; use_row_as_full_screen_section=&#8221;no&#8221; type=&#8221;grid&#8221; anchor=&#8221;about&#8221; angled_section=&#8221;no&#8221; text_align=&#8221;center&#8221; background_image_as_pattern=&#8221;without_pattern&#8221; css_animation=&#8221;&#8221; css=&#8221;.vc_custom_1480508462603{padding-top: 2% !important;padding-bottom: 2% !important;}&#8221;][vc_column offset=&#8221;vc_col-lg-offset-2 vc_col-lg-8 vc_col-md-offset-1 vc_col-md-10&#8243; css=&#8221;.vc_custom_1467624556435{padding-right: 8% !important;padding-left: 8% !important;}&#8221;][vc_column_text]<\/p>\n<h2 style=\"text-align: center;\">Official Guides&#8217; Association<\/h2>\n<h2 style=\"text-align: center;\">for Tourism<\/h2>\n<h2 style=\"text-align: center;\">in Castilla-La Mancha<\/h2>\n<p>[\/vc_column_text][vc_empty_space height=&#8221;8px&#8221;][vc_column_text]<strong>The Regional Association of Official Guides<\/strong> of Castilla-La Mancha (APIT CLM) has been operating <strong>for over forty years<\/strong> and plays a very important role in the promotion and development of tourism in the region through our work of approaching and interpreting the historic-artistic, cultural and ethnographic heritage of our land.<br \/>\nThere are many who come to Castilla-La Mancha every year to enjoy not only <strong>Toledo<\/strong>, <strong>perhaps our &#8220;flagship&#8221; location<\/strong>, but also countless other cities, towns and corners scattered throughout the incomparable riches of our region. <strong>Our affection<\/strong> for our land and <strong>our profession<\/strong> makes us <strong>perfect ambassadors<\/strong> of its treasures, and we feel compelled to pass it on to all visitors in the most appropriate, faithful and interesting way.<br \/>\n<strong>Our close<\/strong> <strong>collaboration with regional <\/strong>and local<strong> institutions<\/strong>, <strong>our constant revision<\/strong> and extension of the knowledge we have acquired, as well as <strong>the updating and modernization<\/strong> of services <strong>make us the association of reference<\/strong>.<br \/>\nThere are <strong>more than seventy official guides<\/strong> of varied backgrounds that make up our association. We are sure you will find the guide for you here!<br \/>\n<strong>Our guides will bring you ever closer to Castilla-La Mancha!<\/strong>[\/vc_column_text][\/vc_column][\/vc_row][vc_row row_type=&#8221;row&#8221; use_row_as_full_screen_section=&#8221;no&#8221; type=&#8221;grid&#8221; angled_section=&#8221;no&#8221; text_align=&#8221;left&#8221; background_image_as_pattern=&#8221;without_pattern&#8221; css_animation=&#8221;&#8221;][vc_column][vc_column_text]<\/p>\n<h2 style=\"text-align: center;\">Languages we work with<\/h2>\n<p>[\/vc_column_text][vc_empty_space height=&#8221;40px&#8221;][\/vc_column][\/vc_row][vc_row row_type=&#8221;row&#8221; use_row_as_full_screen_section=&#8221;yes&#8221; type=&#8221;grid&#8221; angled_section=&#8221;no&#8221; text_align=&#8221;center&#8221; background_image_as_pattern=&#8221;without_pattern&#8221; css_animation=&#8221;&#8221;][vc_column width=&#8221;1\/4&#8243;]<div class='q_icon_with_title small custom_icon_image left_from_title '><div class=\"icon_text_holder\" style=\"\"><div class=\"icon_text_inner\" style=\"\"><div class=\"icon_title_holder\"><div class=\"icon_holder \" style=\" \"><img decoding=\"async\" src=\"https:\/\/guiascastillalamancha.com\/wp-content\/uploads\/2016\/11\/Espa\u00f1a.jpg\" alt=\"\"><\/div><h5 class=\"icon_title\" style=\"color: #000000;\">Spanish<\/h5><\/div><p style=''><\/p><\/div><\/div><\/div>[vc_empty_space height=&#8221;10px&#8221;]<div class='q_icon_with_title small custom_icon_image left_from_title '><div class=\"icon_text_holder\" style=\"\"><div class=\"icon_text_inner\" style=\"\"><div class=\"icon_title_holder\"><div class=\"icon_holder \" style=\" \"><img decoding=\"async\" src=\"https:\/\/guiascastillalamancha.com\/wp-content\/uploads\/2016\/11\/portugal.jpg\" alt=\"\"><\/div><h5 class=\"icon_title\" style=\"color: #000000;\">Portuguese<\/h5><\/div><p style=''><\/p><\/div><\/div><\/div>[vc_empty_space height=&#8221;40px&#8221;][\/vc_column][vc_column width=&#8221;1\/4&#8243;]<div class='q_icon_with_title small custom_icon_image left_from_title '><div class=\"icon_text_holder\" style=\"\"><div class=\"icon_text_inner\" style=\"\"><div class=\"icon_title_holder\"><div class=\"icon_holder \" style=\" \"><img decoding=\"async\" src=\"https:\/\/guiascastillalamancha.com\/wp-content\/uploads\/2016\/11\/Reino-Unido.jpg\" alt=\"\"><\/div><h5 class=\"icon_title\" style=\"color: #000000;\">English<\/h5><\/div><p style=''><\/p><\/div><\/div><\/div>[vc_empty_space height=&#8221;10px&#8221;]<div class='q_icon_with_title small custom_icon_image left_from_title '><div class=\"icon_text_holder\" style=\"\"><div class=\"icon_text_inner\" style=\"\"><div class=\"icon_title_holder\"><div class=\"icon_holder \" style=\" \"><img decoding=\"async\" src=\"https:\/\/guiascastillalamancha.com\/wp-content\/uploads\/2016\/11\/Polonia.jpg\" alt=\"\"><\/div><h5 class=\"icon_title\" style=\"color: #000000;\">Polish<\/h5><\/div><p style=''><\/p><\/div><\/div><\/div>[vc_empty_space height=&#8221;40px&#8221;][\/vc_column][vc_column width=&#8221;1\/4&#8243;]<div class='q_icon_with_title small custom_icon_image left_from_title '><div class=\"icon_text_holder\" style=\"\"><div class=\"icon_text_inner\" style=\"\"><div class=\"icon_title_holder\"><div class=\"icon_holder \" style=\" \"><img decoding=\"async\" src=\"https:\/\/guiascastillalamancha.com\/wp-content\/uploads\/2016\/11\/aleman-idioma.jpg\" alt=\"\"><\/div><h5 class=\"icon_title\" style=\"color: #000000;\">German<\/h5><\/div><p style=''><\/p><\/div><\/div><\/div>[vc_empty_space height=&#8221;10px&#8221;]<div class='q_icon_with_title small custom_icon_image left_from_title '><div class=\"icon_text_holder\" style=\"\"><div class=\"icon_text_inner\" style=\"\"><div class=\"icon_title_holder\"><div class=\"icon_holder \" style=\" \"><img decoding=\"async\" src=\"https:\/\/guiascastillalamancha.com\/wp-content\/uploads\/2016\/11\/Italia.jpg\" alt=\"\"><\/div><h5 class=\"icon_title\" style=\"color: #000000;\">Italian<\/h5><\/div><p style=''><\/p><\/div><\/div><\/div>[vc_empty_space height=&#8221;40px&#8221;][\/vc_column][vc_column width=&#8221;1\/4&#8243;]<div class='q_icon_with_title small custom_icon_image left_from_title '><div class=\"icon_text_holder\" style=\"\"><div class=\"icon_text_inner\" style=\"\"><div class=\"icon_title_holder\"><div class=\"icon_holder \" style=\" \"><img decoding=\"async\" src=\"https:\/\/guiascastillalamancha.com\/wp-content\/uploads\/2016\/11\/Francia.jpg\" alt=\"\"><\/div><h5 class=\"icon_title\" style=\"color: #000000;\">French<\/h5><\/div><p style=''><\/p><\/div><\/div><\/div>[vc_empty_space height=&#8221;10px&#8221;]<div class='q_icon_with_title small custom_icon_image left_from_title '><div class=\"icon_text_holder\" style=\"\"><div class=\"icon_text_inner\" style=\"\"><div class=\"icon_title_holder\"><div class=\"icon_holder \" style=\" \"><img decoding=\"async\" src=\"https:\/\/guiascastillalamancha.com\/wp-content\/uploads\/2016\/11\/japon-1.jpg\" alt=\"\"><\/div><h5 class=\"icon_title\" style=\"color: #000000;\">Japanese<\/h5><\/div><p style=''><\/p><\/div><\/div><\/div>[vc_empty_space height=&#8221;40px&#8221;][\/vc_column][\/vc_row][vc_row row_type=&#8221;row&#8221; use_row_as_full_screen_section=&#8221;no&#8221; type=&#8221;grid&#8221; angled_section=&#8221;no&#8221; text_align=&#8221;left&#8221; background_image_as_pattern=&#8221;without_pattern&#8221; css_animation=&#8221;&#8221;][vc_column width=&#8221;1\/4&#8243;]<div class='q_icon_with_title medium normal_icon center '><div class=\"icon_holder \" style=\" \"><span data-icon-type=\"normal\" data-icon-hover-color=\"#eaeaea\" class=\"qode_iwt_icon_holder q_font_awsome_icon fa-3x  \"><i class=\"qode_icon_font_awesome fa fa-users qode_iwt_icon_element\" style=\"color: #d3bbc9\"><\/i><\/span><\/div><div class=\"icon_text_holder\" style=\"\"><div class=\"icon_text_inner\" style=\"\"><h4 class=\"icon_title\" style=\"\">Official Guide Graduates<\/h4><p style=''><\/p><\/div><\/div><\/div>[vc_empty_space height=&#8221;10px&#8221;][vc_column_text]All members of our Association are qualified via the Official Guide for Tourism license, a basic and essential authorisation required in order to practice the profession.[\/vc_column_text][vc_empty_space height=&#8221;40px&#8221;][\/vc_column][vc_column width=&#8221;1\/4&#8243;]<div class='q_icon_with_title medium normal_icon center '><div class=\"icon_holder \" style=\" \"><span data-icon-type=\"normal\" data-icon-hover-color=\"#eaeaea\" class=\"qode_iwt_icon_holder q_font_awsome_icon fa-3x  \"><i class=\"qode_icon_font_awesome fa fa-hand-o-right qode_iwt_icon_element\" style=\"color: #d3bbc9\"><\/i><\/span><\/div><div class=\"icon_text_holder\" style=\"\"><div class=\"icon_text_inner\" style=\"\"><h4 class=\"icon_title\" style=\"\">Quality of Service<\/h4><p style=''><\/p><\/div><\/div><\/div>[vc_empty_space height=&#8221;10px&#8221;][vc_column_text]The academic training of all our members and the annual refresher courses conducted by the association make the quality of our service a nation-wide benchmark and a key rule for all of us.[\/vc_column_text][vc_empty_space height=&#8221;40px&#8221;][\/vc_column][vc_column width=&#8221;1\/4&#8243;]<div class='q_icon_with_title medium normal_icon center '><div class=\"icon_holder \" style=\" \"><span data-icon-type=\"normal\" data-icon-hover-color=\"#eaeaea\" class=\"qode_iwt_icon_holder q_font_awsome_icon fa-3x  \"><i class=\"qode_icon_font_awesome fa fa-arrow-circle-up qode_iwt_icon_element\" style=\"color: #d3bbc9\"><\/i><\/span><\/div><div class=\"icon_text_holder\" style=\"\"><div class=\"icon_text_inner\" style=\"\"><h4 class=\"icon_title\" style=\"\">Experience<\/h4><p style=''><\/p><\/div><\/div><\/div>[vc_empty_space height=&#8221;10px&#8221;][vc_column_text]There are more than 40 years behind us as an association. If experience is an advantage, we really have a lot of it, which complements our daily work.[\/vc_column_text][vc_empty_space height=&#8221;40px&#8221;][\/vc_column][vc_column width=&#8221;1\/4&#8243;]<div class='q_icon_with_title medium normal_icon center '><div class=\"icon_holder \" style=\" \"><span data-icon-type=\"normal\" data-icon-hover-color=\"#eaeaea\" class=\"qode_iwt_icon_holder q_font_awsome_icon fa-3x  \"><i class=\"qode_icon_font_awesome fa fa-check-circle-o qode_iwt_icon_element\" style=\"color: #d3bbc9\"><\/i><\/span><\/div><div class=\"icon_text_holder\" style=\"\"><div class=\"icon_text_inner\" style=\"\"><h4 class=\"icon_title\" style=\"\">Professionalism<\/h4><p style=''><\/p><\/div><\/div><\/div>[vc_empty_space height=&#8221;10px&#8221;][vc_column_text]Ranging from private to specialised tours &#8211; including groups of all kinds &#8211; our effort is always directed towards the visitor regardless of origin or knowledge level, so that they may capture the essence of the city and of each and every monument they are interested in.[\/vc_column_text][vc_empty_space height=&#8221;40px&#8221;][\/vc_column][\/vc_row][vc_row row_type=&#8221;row&#8221; use_row_as_full_screen_section=&#8221;no&#8221; type=&#8221;grid&#8221; angled_section=&#8221;no&#8221; text_align=&#8221;left&#8221; background_image_as_pattern=&#8221;without_pattern&#8221; css_animation=&#8221;&#8221;][vc_column][vc_column_text]<\/p>\n<h2 style=\"text-align: center;\">Provinces we cover<\/h2>\n<p>[\/vc_column_text][vc_empty_space height=&#8221;40px&#8221;][\/vc_column][\/vc_row][vc_row row_type=&#8221;row&#8221; use_row_as_full_screen_section=&#8221;no&#8221; type=&#8221;grid&#8221; angled_section=&#8221;no&#8221; text_align=&#8221;left&#8221; background_image_as_pattern=&#8221;without_pattern&#8221; css_animation=&#8221;&#8221;][vc_column width=&#8221;1\/3&#8243;][vc_single_image image=&#8221;566&#8243; img_size=&#8221;full&#8221; onclick=&#8221;custom_link&#8221; qode_css_animation=&#8221;&#8221; link=&#8221;\/en\/toledo\/&#8221;][vc_empty_space height=&#8221;10px&#8221;][vc_column_text]<\/p>\n<h2 style=\"text-align: center;\">Toledo<\/h2>\n<p>[\/vc_column_text][vc_empty_space height=&#8221;40px&#8221;][\/vc_column][vc_column width=&#8221;1\/3&#8243;][vc_single_image image=&#8221;367&#8243; img_size=&#8221;full&#8221; onclick=&#8221;custom_link&#8221; qode_css_animation=&#8221;&#8221; link=&#8221;\/en\/albacete\/&#8221;][vc_empty_space height=&#8221;10px&#8221;][vc_column_text]<\/p>\n<h2 style=\"text-align: center;\">Albacete<\/h2>\n<p>[\/vc_column_text][vc_empty_space height=&#8221;40px&#8221;][\/vc_column][vc_column width=&#8221;1\/3&#8243;][vc_single_image image=&#8221;506&#8243; img_size=&#8221;full&#8221; onclick=&#8221;custom_link&#8221; qode_css_animation=&#8221;&#8221; link=&#8221;\/en\/ciudad-real\/&#8221;][vc_empty_space height=&#8221;10px&#8221;][vc_column_text]<\/p>\n<h2 style=\"text-align: center;\">Ciudad Real<\/h2>\n<p>[\/vc_column_text][vc_empty_space height=&#8221;40px&#8221;][\/vc_column][\/vc_row][vc_row row_type=&#8221;row&#8221; use_row_as_full_screen_section=&#8221;no&#8221; type=&#8221;grid&#8221; angled_section=&#8221;no&#8221; text_align=&#8221;left&#8221; background_image_as_pattern=&#8221;without_pattern&#8221; css_animation=&#8221;&#8221;][vc_column width=&#8221;1\/3&#8243;][vc_single_image image=&#8221;498&#8243; img_size=&#8221;full&#8221; onclick=&#8221;custom_link&#8221; qode_css_animation=&#8221;&#8221; link=&#8221;\/en\/cuenca\/&#8221;][vc_empty_space height=&#8221;10px&#8221;][vc_column_text]<\/p>\n<h2 style=\"text-align: center;\">Cuenca<\/h2>\n<p>[\/vc_column_text][vc_empty_space height=&#8221;40px&#8221;][\/vc_column][vc_column width=&#8221;1\/3&#8243;][vc_single_image image=&#8221;371&#8243; img_size=&#8221;full&#8221; onclick=&#8221;custom_link&#8221; qode_css_animation=&#8221;&#8221; link=&#8221;\/en\/guadalajara\/&#8221;][vc_empty_space height=&#8221;10px&#8221;][vc_column_text]<\/p>\n<h2 style=\"text-align: center;\">Guadalajara<\/h2>\n<p>[\/vc_column_text][vc_empty_space height=&#8221;40px&#8221;][\/vc_column][vc_column width=&#8221;1\/3&#8243;][vc_single_image image=&#8221;368&#8243; img_size=&#8221;full&#8221; qode_css_animation=&#8221;&#8221;][vc_empty_space height=&#8221;10px&#8221;][vc_column_text]<\/p>\n<h2 style=\"text-align: center;\">La Mancha<\/h2>\n<p>[\/vc_column_text][vc_empty_space height=&#8221;40px&#8221;][\/vc_column][\/vc_row][vc_row row_type=&#8221;row&#8221; use_row_as_full_screen_section=&#8221;no&#8221; type=&#8221;grid&#8221; anchor=&#8221;brands&#8221; angled_section=&#8221;no&#8221; text_align=&#8221;center&#8221; background_image_as_pattern=&#8221;without_pattern&#8221; css_animation=&#8221;&#8221; css=&#8221;.vc_custom_1467717650552{padding-top: 5.5% !important;padding-bottom: 2% !important;}&#8221;][vc_column offset=&#8221;vc_col-lg-offset-2 vc_col-lg-8 vc_col-md-offset-1 vc_col-md-10&#8243; css=&#8221;.vc_custom_1467624580101{padding-right: 8% !important;padding-left: 8% !important;}&#8221;][vc_column_text]<a  itemprop=\"url\" href=\"\/en\/contact\/\" target=\"_blank\" data-hover-background-color=\"#882039\" data-hover-color=\"#d3bbc9\" class=\"qbutton  big_large center default\" style=\"color: #882039; font-style: normal; font-weight: 600; margin: 5px; background-color:#d3bbc9;\">Contact us<\/a>[\/vc_column_text][vc_empty_space height=&#8221;8px&#8221;][\/vc_column][\/vc_row][vc_row row_type=&#8221;row&#8221; use_row_as_full_screen_section=&#8221;no&#8221; type=&#8221;grid&#8221; anchor=&#8221;brands&#8221; angled_section=&#8221;no&#8221; text_align=&#8221;center&#8221; background_image_as_pattern=&#8221;without_pattern&#8221; css_animation=&#8221;&#8221; css=&#8221;.vc_custom_1467717650552{padding-top: 5.5% !important;padding-bottom: 2% !important;}&#8221;][vc_column offset=&#8221;vc_col-lg-offset-2 vc_col-lg-8 vc_col-md-offset-1 vc_col-md-10&#8243; css=&#8221;.vc_custom_1467624580101{padding-right: 8% !important;padding-left: 8% !important;}&#8221;][vc_empty_space height=&#8221;8px&#8221;][\/vc_column][\/vc_row][vc_row row_type=&#8221;row&#8221; use_row_as_full_screen_section=&#8221;no&#8221; type=&#8221;full_width&#8221; angled_section=&#8221;no&#8221; text_align=&#8221;left&#8221; background_image_as_pattern=&#8221;without_pattern&#8221; css_animation=&#8221;&#8221;][vc_column][vc_empty_space height=&#8221;40px&#8221;][\/vc_column][\/vc_row]<\/p>\n<\/div>","protected":false},"excerpt":{"rendered":"<p>[vc_row row_type=&#8221;row&#8221; use_row_as_full_screen_section=&#8221;no&#8221; type=&#8221;grid&#8221; anchor=&#8221;about&#8221; angled_section=&#8221;no&#8221; text_align=&#8221;center&#8221; background_image_as_pattern=&#8221;without_pattern&#8221; css_animation=&#8221;&#8221; css=&#8221;.vc_custom_1480508462603{padding-top: 2% !important;padding-bottom: 2% !important;}&#8221;][vc_column offset=&#8221;vc_col-lg-offset-2 vc_col-lg-8 vc_col-md-offset-1 vc_col-md-10&#8243; css=&#8221;.vc_custom_1467624556435{padding-right: 8% !important;padding-left: 8% !important;}&#8221;][vc_column_text] Official Guides&#8217; Association for Tourism in Castilla-La Mancha [\/vc_column_text][vc_empty_space height=&#8221;8px&#8221;][vc_column_text]The Regional Association of Official Guides of Castilla-La Mancha (APIT CLM) has been&#8230;<\/p>\n","protected":false},"author":3,"featured_media":0,"parent":0,"menu_order":0,"comment_status":"closed","ping_status":"closed","template":"full_width.php","meta":{"footnotes":""},"class_list":["post-1323","page","type-page","status-publish","hentry"],"yoast_head":"<!-- This site is optimized with the Yoast SEO plugin v27.0 - https:\/\/yoast.com\/product\/yoast-seo-wordpress\/ -->\n<title>About Us - Gu\u00edas de Castilla la Mancha<\/title>\n<meta name=\"robots\" content=\"index, follow, max-snippet:-1, max-image-preview:large, max-video-preview:-1\" \/>\n<link rel=\"canonical\" href=\"https:\/\/guiascastillalamancha.com\/en\/about-us\/\" \/>\n<meta property=\"og:locale\" content=\"en_US\" \/>\n<meta property=\"og:type\" content=\"article\" \/>\n<meta property=\"og:title\" content=\"About Us - Gu\u00edas de Castilla la Mancha\" \/>\n<meta property=\"og:description\" content=\"[vc_row row_type=&#8221;row&#8221; use_row_as_full_screen_section=&#8221;no&#8221; type=&#8221;grid&#8221; anchor=&#8221;about&#8221; angled_section=&#8221;no&#8221; text_align=&#8221;center&#8221; background_image_as_pattern=&#8221;without_pattern&#8221; css_animation=&#8221;&#8221; css=&#8221;.vc_custom_1480508462603{padding-top: 2% !important;padding-bottom: 2% !important;}&#8221;][vc_column offset=&#8221;vc_col-lg-offset-2 vc_col-lg-8 vc_col-md-offset-1 vc_col-md-10&#8243; css=&#8221;.vc_custom_1467624556435{padding-right: 8% !important;padding-left: 8% !important;}&#8221;][vc_column_text] Official Guides&#8217; Association for Tourism in Castilla-La Mancha [\/vc_column_text][vc_empty_space height=&#8221;8px&#8221;][vc_column_text]The Regional Association of Official Guides of Castilla-La Mancha (APIT CLM) has been...\" \/>\n<meta property=\"og:url\" content=\"https:\/\/guiascastillalamancha.com\/en\/about-us\/\" \/>\n<meta property=\"og:site_name\" content=\"Gu\u00edas de Castilla la Mancha\" \/>\n<meta property=\"article:modified_time\" content=\"2025-02-21T08:06:56+00:00\" \/>\n<meta name=\"twitter:card\" content=\"summary_large_image\" \/>\n<meta name=\"twitter:label1\" content=\"Est. reading time\" \/>\n\t<meta name=\"twitter:data1\" content=\"4 minutes\" \/>\n<script type=\"application\/ld+json\" class=\"yoast-schema-graph\">{\"@context\":\"https:\/\/schema.org\",\"@graph\":[{\"@type\":\"WebPage\",\"@id\":\"https:\/\/guiascastillalamancha.com\/en\/about-us\/\",\"url\":\"https:\/\/guiascastillalamancha.com\/en\/about-us\/\",\"name\":\"About Us - Gu\u00edas de Castilla la Mancha\",\"isPartOf\":{\"@id\":\"https:\/\/guiascastillalamancha.com\/es\/#website\"},\"datePublished\":\"2017-06-05T17:20:24+00:00\",\"dateModified\":\"2025-02-21T08:06:56+00:00\",\"breadcrumb\":{\"@id\":\"https:\/\/guiascastillalamancha.com\/en\/about-us\/#breadcrumb\"},\"inLanguage\":\"en-US\",\"potentialAction\":[{\"@type\":\"ReadAction\",\"target\":[\"https:\/\/guiascastillalamancha.com\/en\/about-us\/\"]}]},{\"@type\":\"BreadcrumbList\",\"@id\":\"https:\/\/guiascastillalamancha.com\/en\/about-us\/#breadcrumb\",\"itemListElement\":[{\"@type\":\"ListItem\",\"position\":1,\"name\":\"Portada\",\"item\":\"https:\/\/guiascastillalamancha.com\/en\/\"},{\"@type\":\"ListItem\",\"position\":2,\"name\":\"About Us\"}]},{\"@type\":\"WebSite\",\"@id\":\"https:\/\/guiascastillalamancha.com\/es\/#website\",\"url\":\"https:\/\/guiascastillalamancha.com\/es\/\",\"name\":\"Gu\u00edas de Castilla la Mancha\",\"description\":\"Gu\u00edas Tur\u00edsticos para Toledo, Albacete, Ciudad Real, Cuenca y Guadalajara\",\"potentialAction\":[{\"@type\":\"SearchAction\",\"target\":{\"@type\":\"EntryPoint\",\"urlTemplate\":\"https:\/\/guiascastillalamancha.com\/es\/?s={search_term_string}\"},\"query-input\":{\"@type\":\"PropertyValueSpecification\",\"valueRequired\":true,\"valueName\":\"search_term_string\"}}],\"inLanguage\":\"en-US\"}]}<\/script>\n<!-- \/ Yoast SEO plugin. -->","yoast_head_json":{"title":"About Us - Gu\u00edas de Castilla la Mancha","robots":{"index":"index","follow":"follow","max-snippet":"max-snippet:-1","max-image-preview":"max-image-preview:large","max-video-preview":"max-video-preview:-1"},"canonical":"https:\/\/guiascastillalamancha.com\/en\/about-us\/","og_locale":"en_US","og_type":"article","og_title":"About Us - Gu\u00edas de Castilla la Mancha","og_description":"[vc_row row_type=&#8221;row&#8221; use_row_as_full_screen_section=&#8221;no&#8221; type=&#8221;grid&#8221; anchor=&#8221;about&#8221; angled_section=&#8221;no&#8221; text_align=&#8221;center&#8221; background_image_as_pattern=&#8221;without_pattern&#8221; css_animation=&#8221;&#8221; css=&#8221;.vc_custom_1480508462603{padding-top: 2% !important;padding-bottom: 2% !important;}&#8221;][vc_column offset=&#8221;vc_col-lg-offset-2 vc_col-lg-8 vc_col-md-offset-1 vc_col-md-10&#8243; css=&#8221;.vc_custom_1467624556435{padding-right: 8% !important;padding-left: 8% !important;}&#8221;][vc_column_text] Official Guides&#8217; Association for Tourism in Castilla-La Mancha [\/vc_column_text][vc_empty_space height=&#8221;8px&#8221;][vc_column_text]The Regional Association of Official Guides of Castilla-La Mancha (APIT CLM) has been...","og_url":"https:\/\/guiascastillalamancha.com\/en\/about-us\/","og_site_name":"Gu\u00edas de Castilla la Mancha","article_modified_time":"2025-02-21T08:06:56+00:00","twitter_card":"summary_large_image","twitter_misc":{"Est. reading time":"4 minutes"},"schema":{"@context":"https:\/\/schema.org","@graph":[{"@type":"WebPage","@id":"https:\/\/guiascastillalamancha.com\/en\/about-us\/","url":"https:\/\/guiascastillalamancha.com\/en\/about-us\/","name":"About Us - Gu\u00edas de Castilla la Mancha","isPartOf":{"@id":"https:\/\/guiascastillalamancha.com\/es\/#website"},"datePublished":"2017-06-05T17:20:24+00:00","dateModified":"2025-02-21T08:06:56+00:00","breadcrumb":{"@id":"https:\/\/guiascastillalamancha.com\/en\/about-us\/#breadcrumb"},"inLanguage":"en-US","potentialAction":[{"@type":"ReadAction","target":["https:\/\/guiascastillalamancha.com\/en\/about-us\/"]}]},{"@type":"BreadcrumbList","@id":"https:\/\/guiascastillalamancha.com\/en\/about-us\/#breadcrumb","itemListElement":[{"@type":"ListItem","position":1,"name":"Portada","item":"https:\/\/guiascastillalamancha.com\/en\/"},{"@type":"ListItem","position":2,"name":"About Us"}]},{"@type":"WebSite","@id":"https:\/\/guiascastillalamancha.com\/es\/#website","url":"https:\/\/guiascastillalamancha.com\/es\/","name":"Gu\u00edas de Castilla la Mancha","description":"Gu\u00edas Tur\u00edsticos para Toledo, Albacete, Ciudad Real, Cuenca y Guadalajara","potentialAction":[{"@type":"SearchAction","target":{"@type":"EntryPoint","urlTemplate":"https:\/\/guiascastillalamancha.com\/es\/?s={search_term_string}"},"query-input":{"@type":"PropertyValueSpecification","valueRequired":true,"valueName":"search_term_string"}}],"inLanguage":"en-US"}]}},"_links":{"self":[{"href":"https:\/\/guiascastillalamancha.com\/en\/wp-json\/wp\/v2\/pages\/1323","targetHints":{"allow":["GET"]}}],"collection":[{"href":"https:\/\/guiascastillalamancha.com\/en\/wp-json\/wp\/v2\/pages"}],"about":[{"href":"https:\/\/guiascastillalamancha.com\/en\/wp-json\/wp\/v2\/types\/page"}],"author":[{"embeddable":true,"href":"https:\/\/guiascastillalamancha.com\/en\/wp-json\/wp\/v2\/users\/3"}],"replies":[{"embeddable":true,"href":"https:\/\/guiascastillalamancha.com\/en\/wp-json\/wp\/v2\/comments?post=1323"}],"version-history":[{"count":1,"href":"https:\/\/guiascastillalamancha.com\/en\/wp-json\/wp\/v2\/pages\/1323\/revisions"}],"predecessor-version":[{"id":2560,"href":"https:\/\/guiascastillalamancha.com\/en\/wp-json\/wp\/v2\/pages\/1323\/revisions\/2560"}],"wp:attachment":[{"href":"https:\/\/guiascastillalamancha.com\/en\/wp-json\/wp\/v2\/media?parent=1323"}],"curies":[{"name":"wp","href":"https:\/\/api.w.org\/{rel}","templated":true}]}}