{"id":1320,"date":"2017-06-05T17:02:25","date_gmt":"2017-06-05T17:02:25","guid":{"rendered":"http:\/\/guiasdetoledo.es\/?page_id=1320"},"modified":"2017-06-05T17:02:25","modified_gmt":"2017-06-05T17:02:25","slug":"social-network-privacy-policy","status":"publish","type":"page","link":"https:\/\/guiascastillalamancha.com\/en\/social-network-privacy-policy\/","title":{"rendered":"Social Network Privacy Policy"},"content":{"rendered":"<div class=\"wpb-content-wrapper\"><p>[vc_row row_type=&#8221;row&#8221; use_row_as_full_screen_section=&#8221;no&#8221; type=&#8221;full_width&#8221; angled_section=&#8221;no&#8221; text_align=&#8221;left&#8221; background_image_as_pattern=&#8221;without_pattern&#8221; css_animation=&#8221;&#8221;][vc_column][vc_column_text]En cumplimiento de la Ley 34\/2002, de 11 de julio, de Servicios de la Sociedad de la Informaci\u00f3n y de Comercio Electr\u00f3nico (LSSI-CE), Asociaci\u00f3n Profesional de Gu\u00edas de Turismo de Castilla-La Mancha informa que es titular del sitio web www.guiasdecastillalamancha.comDe acuerdo con la exigencia del art\u00edculo 10 de la citada Ley, Asociaci\u00f3n Profesional de Gu\u00edas de Turismo de Castilla-La Mancha informa de los siguientes datos:<\/p>\n<p>El titular de este sitio web es Asociaci\u00f3n Profesional de Gu\u00edas de Turismo de Castilla-La Mancha, con CIF G 45278603 y domicilio social en Paseo de Recaredo, s\/n \u00a0 45002-Toledo. La direcci\u00f3n de correo electr\u00f3nico de contacto con la empresa es: info@guiasdecastillalamancha.com<\/p>\n<p><strong>USUARIO Y R\u00c9GIMEN DE RESPONSABILIDADES<\/strong><br \/>\nEn cumplimiento de la Ley Org\u00e1nica 15\/1999, de 13 de diciembre, de Protecci\u00f3n de Datos de Car\u00e1cter Personal (LOPD) y la Ley 34\/2002, de 11 de julio, de Servicios de la Sociedad de la Informaci\u00f3n y de Comercio Electr\u00f3nico (LSSI-CE), Asociaci\u00f3n Profesional de Gu\u00edas de Turismo de Castilla-La Mancha informa a los usuarios, que ha procedido a crear un perfil en la\/s Red\/es Social\/es Facebook, Twitter, con la finalidad principal de publicitar sus productos y servicios.<\/p>\n<p><strong>Datos de<\/strong> Asociaci\u00f3n Profesional de Gu\u00edas de Turismo de Castilla-La Mancha<strong>:<\/strong><br \/>\nG 45278603<br \/>\nPaseo de Recaredo, s\/n \u00a0 45002-Toledo<br \/>\ninfo@guiasdecastillalamancha.com<br \/>\nwww.guiasdecastillalamancha.com<\/p>\n<p>El usuario dispone de un perfil en la misma Red Social y ha decidido unirse a la p\u00e1gina creada por Asociaci\u00f3n Profesional de Gu\u00edas de Turismo de Castilla-La Mancha, mostrando as\u00ed inter\u00e9s en la informaci\u00f3n que se publicite en la Red. Al unirse a nuestra p\u00e1gina, nos facilita su consentimiento para el tratamiento de aquellos datos personales publicados en su perfil.<\/p>\n<p>El usuario puede acceder en todo momento a las pol\u00edticas de privacidad de la propia Red Social, as\u00ed como configurar su perfil para garantizar su privacidad.<\/p>\n<p>Asociaci\u00f3n Profesional de Gu\u00edas de Turismo de Castilla-La Mancha tiene acceso y trata aquella informaci\u00f3n p\u00fablica del usuario, en especial, su nombre de contacto. Estos datos, s\u00f3lo son utilizados dentro de la propia Red Social. No son incorporados a ning\u00fan fichero.<\/p>\n<p>En relaci\u00f3n a los derechos de acceso, rectificaci\u00f3n, cancelaci\u00f3n y oposici\u00f3n, de los que usted dispone y que pueden ser ejercitados ante Asociaci\u00f3n Profesional de Gu\u00edas de Turismo de Castilla-La Mancha, de acuerdo con la LOPD, debe tener en cuenta los siguientes matices:<\/p>\n<p>Acceso: Vendr\u00e1 definido por la funcionalidad de la Red Social y la capacidad de acceso a la informaci\u00f3n de los perfiles de los usuarios.<\/p>\n<p>Rectificaci\u00f3n: S\u00f3lo podr\u00e1 satisfacerse en relaci\u00f3n a aquella informaci\u00f3n que se encuentre bajo el control de Asociaci\u00f3n Profesional de Gu\u00edas de Turismo de Castilla-La Mancha, por ejemplo, eliminar comentarios publicados en la propia p\u00e1gina. Normalmente, este derecho deber\u00e1 ejercerlo ante la Red Social.<\/p>\n<p>Cancelaci\u00f3n y\/u Oposici\u00f3n: Como en el caso anterior, s\u00f3lo podr\u00e1 satisfacerse en relaci\u00f3n a aquella informaci\u00f3n que se encuentre bajo el control de Asociaci\u00f3n Profesional de Gu\u00edas de Turismo de Castilla-La Mancha, por ejemplo, dejar de estar unido al perfil.<br \/>\nAsociaci\u00f3n Profesional de Gu\u00edas de Turismo de Castilla-La Mancha realizar\u00e1 las siguientes actuaciones:<\/p>\n<p>Acceso a la informaci\u00f3n p\u00fablica del perfil.<br \/>\nPublicaci\u00f3n en el perfil del usuario de toda aquella informaci\u00f3n ya publicada en la p\u00e1gina de Asociaci\u00f3n Profesional de Gu\u00edas de Turismo de Castilla-La Mancha.<br \/>\nEnviar mensajes personales e individuales a trav\u00e9s de los canales de la Red Social.<br \/>\nActualizaciones del estado de la p\u00e1gina que se publicar\u00e1n en el perfil del usuario.<\/p>\n<p>El usuario siempre puede controlar sus conexiones, eliminar los contenidos que dejen de interesarle y restringir con qui\u00e9n comparte sus conexiones, para ello deber\u00e1 acceder a su configuraci\u00f3n de privacidad. Asesoramiento y Adaptaci\u00f3n a la LSSI-CE \u00b7 Documentaci\u00f3n<\/p>\n<p><strong>PUBLICACIONES<\/strong><\/p>\n<p>El usuario, una vez unido a la p\u00e1gina de Asociaci\u00f3n Profesional de Gu\u00edas de Turismo de Castilla-La Mancha, podr\u00e1 publicar en \u00e9sta \u00faltima comentarios, enlaces, im\u00e1genes o fotograf\u00edas o cualquier otro tipo de contenido multimedia soportado por la Red Social. El usuario, en todos los casos, debe ser el titular de los mismos, gozar de los derechos de autor y de propiedad intelectual o contar con el consentimiento de los terceros afectados. Se proh\u00edbe expresamente cualquier publicaci\u00f3n en la p\u00e1gina, ya sean textos, gr\u00e1ficos, fotograf\u00edas, v\u00eddeos, etc. que atenten o sean susceptibles de atentar contra la moral, la \u00e9tica, el buen gusto o el decoro, y\/o que infrinjan, violen o quebranten los derechos de propiedad intelectual o industrial, el derecho a la imagen o la Ley. En estos casos, Asociaci\u00f3n Profesional de Gu\u00edas de Turismo de Castilla-La Mancha se reserva el derecho a retirar de inmediato el contenido, pudiendo solicitar el bloqueo permanente del usuario.<\/p>\n<p>Asociaci\u00f3n Profesional de Gu\u00edas de Turismo de Castilla-La Mancha no se har\u00e1 responsable de los contenidos que libremente ha publicado un usuario.<\/p>\n<p>El usuario debe tener presente que sus publicaciones ser\u00e1n conocidas por los otros usuarios, por lo que \u00e9l mismo es el principal responsable de su privacidad.<\/p>\n<p>Las im\u00e1genes que puedan publicarse en la p\u00e1gina no ser\u00e1n almacenadas en ning\u00fan fichero por parte de Asociaci\u00f3n Profesional de Gu\u00edas de Turismo de Castilla-La Mancha, pero s\u00ed que permanecer\u00e1n en la Red Social.<\/p>\n<p><strong>CONCURSOS Y PROMOCIONES<\/strong><\/p>\n<p>Asociaci\u00f3n Profesional de Gu\u00edas de Turismo de Castilla-La Mancha se reserva el derecho a realizar concursos y promociones, en los que podr\u00e1 participar el usuario unido a su p\u00e1gina. Las bases de cada uno de ellos, cuando se utilice para ello la plataforma de la Red Social, ser\u00e1n publicadas en la misma. Cumpliendo siempre con la LSSI-CE y con cualquier otra norma que le sea de aplicaci\u00f3n.<\/p>\n<p>La Red Social no patrocina, avala ni administra, de modo alguno, ninguna de nuestras promociones, ni est\u00e1 asociada a ninguna de ellas.<\/p>\n<p><strong>PUBLICIDAD<\/strong><\/p>\n<p>Asociaci\u00f3n Profesional de Gu\u00edas de Turismo de Castilla-La Mancha utilizar\u00e1 la Red Social para publicitar sus productos y servicios, en todo caso, si decide tratar sus datos de contacto para realizar acciones directas de prospecci\u00f3n comercial, ser\u00e1 siempre, cumpliendo con las exigencias legales de la LOPD y de la LSSI-CE.<\/p>\n<p>No se considerar\u00e1 publicidad el hecho de recomendar a otros usuarios la p\u00e1gina de Asociaci\u00f3n Profesional de Gu\u00edas de Turismo de Castilla-La Mancha para que tambi\u00e9n ellos puedan disfrutar de las promociones o estar informados de su actividad.<\/p>\n<p>A continuaci\u00f3n detallamos el enlace a la pol\u00edtica de privacidad de la Red Social:<\/p>\n<p>Facebook: <a href=\"https:\/\/www.facebook.com\/help\/323540651073243\/\" target=\"_blank\">https:\/\/www.facebook.com\/help\/323540651073243\/<\/a><br \/>\nLinkedin: <a href=\"https:\/\/www.linkedin.com\/legal\/privacy-policy\" target=\"_blank\">https:\/\/www.linkedin.com\/legal\/privacy-policy<\/a><br \/>\nTwitter: <a href=\"https:\/\/twitter.com\/privacy\" target=\"_blank\">https:\/\/twitter.com\/privacy<\/a><br \/>\nGoogle+ y Youtube: <a href=\"http:\/\/www.google.com\/intl\/es\/policies\/privacy\/\" target=\"_blank\">http:\/\/www.google.com\/intl\/es\/policies\/privacy\/<\/a><br \/>\nInstagram: <a href=\"https:\/\/www.instagram.com\/about\/legal\/privacy\/\" target=\"_blank\">https:\/\/www.instagram.com\/about\/legal\/privacy\/<\/a>[\/vc_column_text][\/vc_column][\/vc_row][vc_row row_type=&#8221;row&#8221; use_row_as_full_screen_section=&#8221;no&#8221; type=&#8221;full_width&#8221; angled_section=&#8221;no&#8221; text_align=&#8221;left&#8221; background_image_as_pattern=&#8221;without_pattern&#8221; css_animation=&#8221;&#8221;][vc_column][vc_empty_space height=&#8221;40px&#8221;][\/vc_column][\/vc_row]<\/p>\n<\/div>","protected":false},"excerpt":{"rendered":"<p>[vc_row row_type=&#8221;row&#8221; use_row_as_full_screen_section=&#8221;no&#8221; type=&#8221;full_width&#8221; angled_section=&#8221;no&#8221; text_align=&#8221;left&#8221; background_image_as_pattern=&#8221;without_pattern&#8221; css_animation=&#8221;&#8221;][vc_column][vc_column_text]En cumplimiento de la Ley 34\/2002, de 11 de julio, de Servicios de la Sociedad de la Informaci\u00f3n y de Comercio Electr\u00f3nico (LSSI-CE), Asociaci\u00f3n Profesional de Gu\u00edas de Turismo de Castilla-La Mancha informa que es titular del sitio&#8230;<\/p>\n","protected":false},"author":1,"featured_media":0,"parent":0,"menu_order":0,"comment_status":"closed","ping_status":"closed","template":"","meta":{"footnotes":""},"class_list":["post-1320","page","type-page","status-publish","hentry"],"yoast_head":"<!-- This site is optimized with the Yoast SEO plugin v27.3 - https:\/\/yoast.com\/product\/yoast-seo-wordpress\/ -->\n<title>Social Network Privacy Policy - Gu\u00edas de Castilla la Mancha<\/title>\n<meta name=\"robots\" content=\"index, follow, max-snippet:-1, max-image-preview:large, max-video-preview:-1\" \/>\n<link rel=\"canonical\" href=\"https:\/\/guiascastillalamancha.com\/es\/politica-de-privacidad-de-redes-sociales\/\" \/>\n<meta property=\"og:locale\" content=\"en_US\" \/>\n<meta property=\"og:type\" content=\"article\" \/>\n<meta property=\"og:title\" content=\"Social Network Privacy Policy - Gu\u00edas de Castilla la Mancha\" \/>\n<meta property=\"og:description\" content=\"[vc_row row_type=&#8221;row&#8221; use_row_as_full_screen_section=&#8221;no&#8221; type=&#8221;full_width&#8221; angled_section=&#8221;no&#8221; text_align=&#8221;left&#8221; background_image_as_pattern=&#8221;without_pattern&#8221; css_animation=&#8221;&#8221;][vc_column][vc_column_text]En cumplimiento de la Ley 34\/2002, de 11 de julio, de Servicios de la Sociedad de la Informaci\u00f3n y de Comercio Electr\u00f3nico (LSSI-CE), Asociaci\u00f3n Profesional de Gu\u00edas de Turismo de Castilla-La Mancha informa que es titular del sitio...\" \/>\n<meta property=\"og:url\" content=\"https:\/\/guiascastillalamancha.com\/es\/politica-de-privacidad-de-redes-sociales\/\" \/>\n<meta property=\"og:site_name\" content=\"Gu\u00edas de Castilla la Mancha\" \/>\n<meta name=\"twitter:card\" content=\"summary_large_image\" \/>\n<meta name=\"twitter:label1\" content=\"Est. reading time\" \/>\n\t<meta name=\"twitter:data1\" content=\"6 minutes\" \/>\n<script type=\"application\/ld+json\" class=\"yoast-schema-graph\">{\"@context\":\"https:\\\/\\\/schema.org\",\"@graph\":[{\"@type\":\"WebPage\",\"@id\":\"https:\\\/\\\/guiascastillalamancha.com\\\/es\\\/politica-de-privacidad-de-redes-sociales\\\/\",\"url\":\"https:\\\/\\\/guiascastillalamancha.com\\\/es\\\/politica-de-privacidad-de-redes-sociales\\\/\",\"name\":\"Social Network Privacy Policy - Gu\u00edas de Castilla la Mancha\",\"isPartOf\":{\"@id\":\"https:\\\/\\\/guiascastillalamancha.com\\\/es\\\/#website\"},\"datePublished\":\"2017-06-05T17:02:25+00:00\",\"breadcrumb\":{\"@id\":\"https:\\\/\\\/guiascastillalamancha.com\\\/es\\\/politica-de-privacidad-de-redes-sociales\\\/#breadcrumb\"},\"inLanguage\":\"en-US\",\"potentialAction\":[{\"@type\":\"ReadAction\",\"target\":[\"https:\\\/\\\/guiascastillalamancha.com\\\/es\\\/politica-de-privacidad-de-redes-sociales\\\/\"]}]},{\"@type\":\"BreadcrumbList\",\"@id\":\"https:\\\/\\\/guiascastillalamancha.com\\\/es\\\/politica-de-privacidad-de-redes-sociales\\\/#breadcrumb\",\"itemListElement\":[{\"@type\":\"ListItem\",\"position\":1,\"name\":\"Portada\",\"item\":\"https:\\\/\\\/guiascastillalamancha.com\\\/en\\\/\"},{\"@type\":\"ListItem\",\"position\":2,\"name\":\"Social Network Privacy Policy\"}]},{\"@type\":\"WebSite\",\"@id\":\"https:\\\/\\\/guiascastillalamancha.com\\\/es\\\/#website\",\"url\":\"https:\\\/\\\/guiascastillalamancha.com\\\/es\\\/\",\"name\":\"Gu\u00edas de Castilla la Mancha\",\"description\":\"Gu\u00edas Tur\u00edsticos para Toledo, Albacete, Ciudad Real, Cuenca y Guadalajara\",\"potentialAction\":[{\"@type\":\"SearchAction\",\"target\":{\"@type\":\"EntryPoint\",\"urlTemplate\":\"https:\\\/\\\/guiascastillalamancha.com\\\/es\\\/?s={search_term_string}\"},\"query-input\":{\"@type\":\"PropertyValueSpecification\",\"valueRequired\":true,\"valueName\":\"search_term_string\"}}],\"inLanguage\":\"en-US\"}]}<\/script>\n<!-- \/ Yoast SEO plugin. -->","yoast_head_json":{"title":"Social Network Privacy Policy - Gu\u00edas de Castilla la Mancha","robots":{"index":"index","follow":"follow","max-snippet":"max-snippet:-1","max-image-preview":"max-image-preview:large","max-video-preview":"max-video-preview:-1"},"canonical":"https:\/\/guiascastillalamancha.com\/es\/politica-de-privacidad-de-redes-sociales\/","og_locale":"en_US","og_type":"article","og_title":"Social Network Privacy Policy - Gu\u00edas de Castilla la Mancha","og_description":"[vc_row row_type=&#8221;row&#8221; use_row_as_full_screen_section=&#8221;no&#8221; type=&#8221;full_width&#8221; angled_section=&#8221;no&#8221; text_align=&#8221;left&#8221; background_image_as_pattern=&#8221;without_pattern&#8221; css_animation=&#8221;&#8221;][vc_column][vc_column_text]En cumplimiento de la Ley 34\/2002, de 11 de julio, de Servicios de la Sociedad de la Informaci\u00f3n y de Comercio Electr\u00f3nico (LSSI-CE), Asociaci\u00f3n Profesional de Gu\u00edas de Turismo de Castilla-La Mancha informa que es titular del sitio...","og_url":"https:\/\/guiascastillalamancha.com\/es\/politica-de-privacidad-de-redes-sociales\/","og_site_name":"Gu\u00edas de Castilla la Mancha","twitter_card":"summary_large_image","twitter_misc":{"Est. reading time":"6 minutes"},"schema":{"@context":"https:\/\/schema.org","@graph":[{"@type":"WebPage","@id":"https:\/\/guiascastillalamancha.com\/es\/politica-de-privacidad-de-redes-sociales\/","url":"https:\/\/guiascastillalamancha.com\/es\/politica-de-privacidad-de-redes-sociales\/","name":"Social Network Privacy Policy - Gu\u00edas de Castilla la Mancha","isPartOf":{"@id":"https:\/\/guiascastillalamancha.com\/es\/#website"},"datePublished":"2017-06-05T17:02:25+00:00","breadcrumb":{"@id":"https:\/\/guiascastillalamancha.com\/es\/politica-de-privacidad-de-redes-sociales\/#breadcrumb"},"inLanguage":"en-US","potentialAction":[{"@type":"ReadAction","target":["https:\/\/guiascastillalamancha.com\/es\/politica-de-privacidad-de-redes-sociales\/"]}]},{"@type":"BreadcrumbList","@id":"https:\/\/guiascastillalamancha.com\/es\/politica-de-privacidad-de-redes-sociales\/#breadcrumb","itemListElement":[{"@type":"ListItem","position":1,"name":"Portada","item":"https:\/\/guiascastillalamancha.com\/en\/"},{"@type":"ListItem","position":2,"name":"Social Network Privacy Policy"}]},{"@type":"WebSite","@id":"https:\/\/guiascastillalamancha.com\/es\/#website","url":"https:\/\/guiascastillalamancha.com\/es\/","name":"Gu\u00edas de Castilla la Mancha","description":"Gu\u00edas Tur\u00edsticos para Toledo, Albacete, Ciudad Real, Cuenca y Guadalajara","potentialAction":[{"@type":"SearchAction","target":{"@type":"EntryPoint","urlTemplate":"https:\/\/guiascastillalamancha.com\/es\/?s={search_term_string}"},"query-input":{"@type":"PropertyValueSpecification","valueRequired":true,"valueName":"search_term_string"}}],"inLanguage":"en-US"}]}},"_links":{"self":[{"href":"https:\/\/guiascastillalamancha.com\/en\/wp-json\/wp\/v2\/pages\/1320","targetHints":{"allow":["GET"]}}],"collection":[{"href":"https:\/\/guiascastillalamancha.com\/en\/wp-json\/wp\/v2\/pages"}],"about":[{"href":"https:\/\/guiascastillalamancha.com\/en\/wp-json\/wp\/v2\/types\/page"}],"author":[{"embeddable":true,"href":"https:\/\/guiascastillalamancha.com\/en\/wp-json\/wp\/v2\/users\/1"}],"replies":[{"embeddable":true,"href":"https:\/\/guiascastillalamancha.com\/en\/wp-json\/wp\/v2\/comments?post=1320"}],"version-history":[{"count":0,"href":"https:\/\/guiascastillalamancha.com\/en\/wp-json\/wp\/v2\/pages\/1320\/revisions"}],"wp:attachment":[{"href":"https:\/\/guiascastillalamancha.com\/en\/wp-json\/wp\/v2\/media?parent=1320"}],"curies":[{"name":"wp","href":"https:\/\/api.w.org\/{rel}","templated":true}]}}