{"id":1310,"date":"2017-06-05T16:57:17","date_gmt":"2017-06-05T16:57:17","guid":{"rendered":"http:\/\/guiasdetoledo.es\/?page_id=1310"},"modified":"2026-04-06T08:20:53","modified_gmt":"2026-04-06T07:20:53","slug":"list-of-tourist-guides-in-guadalajara-2","status":"publish","type":"page","link":"https:\/\/guiascastillalamancha.com\/en\/list-of-tourist-guides-in-guadalajara-2\/","title":{"rendered":"List of Tourist Guides in Guadalajara"},"content":{"rendered":"<div class=\"wpb-content-wrapper\"><p>[vc_row css_animation=&#8221;&#8221; row_type=&#8221;row&#8221; use_row_as_full_screen_section=&#8221;no&#8221; type=&#8221;grid&#8221; angled_section=&#8221;no&#8221; text_align=&#8221;left&#8221; background_image_as_pattern=&#8221;without_pattern&#8221;][vc_column][vc_empty_space][vc_column_text]<\/p>\n<h2 style=\"text-align: center;\">LIST OF TOURIST GUIDES IN GUADALAJARA<\/h2>\n<p>[\/vc_column_text][vc_empty_space][\/vc_column][\/vc_row][vc_row css_animation=&#8221;&#8221; row_type=&#8221;row&#8221; use_row_as_full_screen_section=&#8221;no&#8221; type=&#8221;grid&#8221; angled_section=&#8221;no&#8221; text_align=&#8221;left&#8221; background_image_as_pattern=&#8221;without_pattern&#8221;][vc_column width=&#8221;1\/6&#8243;][\/vc_column][vc_column width=&#8221;1\/6&#8243;][vc_column_text]<\/p>\n<h4><strong>Llorens Ru\u00edz, Natalia<\/strong><\/h4>\n<p>[\/vc_column_text][\/vc_column][vc_column width=&#8221;1\/6&#8243;][vc_column_text]0034\u00a0675 891 926[\/vc_column_text][\/vc_column][vc_column width=&#8221;1\/6&#8243;][vc_column_text]info@guadalajaraapie.es[\/vc_column_text][\/vc_column][vc_column width=&#8221;1\/6&#8243;][vc_column_text]<img loading=\"lazy\" decoding=\"async\" class=\"alignnone\" title=\"Espa\u00f1ol\" src=\"http:\/\/guiasdecastillalamancha.com\/wp-content\/uploads\/2017\/05\/Spain.png\" width=\"34\" height=\"34\" \/>\u00a0<img loading=\"lazy\" decoding=\"async\" class=\"\" title=\"Ingl\u00e9s\" src=\"http:\/\/guiasdecastillalamancha.com\/wp-content\/uploads\/2017\/05\/United-Kingdom.png\" width=\"34\" height=\"34\" \/>\u00a0<img loading=\"lazy\" decoding=\"async\" class=\"\" title=\"Franc\u00e9s\" src=\"http:\/\/guiasdecastillalamancha.com\/wp-content\/uploads\/2017\/05\/France.png\" width=\"34\" height=\"34\" \/>[\/vc_column_text][\/vc_column][vc_column width=&#8221;1\/6&#8243;][\/vc_column][\/vc_row][vc_row css_animation=&#8221;&#8221; row_type=&#8221;row&#8221; use_row_as_full_screen_section=&#8221;no&#8221; type=&#8221;grid&#8221; angled_section=&#8221;no&#8221; text_align=&#8221;left&#8221; background_image_as_pattern=&#8221;without_pattern&#8221;][vc_column width=&#8221;1\/6&#8243;][\/vc_column][vc_column width=&#8221;1\/6&#8243;][vc_column_text]<\/p>\n<h4>Ru\u00edz Herrera, Susana<\/h4>\n<p>[\/vc_column_text][\/vc_column][vc_column width=&#8221;1\/6&#8243;][vc_column_text]0034 679 976 503[\/vc_column_text][\/vc_column][vc_column width=&#8221;1\/6&#8243;][vc_column_text]info@guiadosenguadalajara.es[\/vc_column_text][\/vc_column][vc_column width=&#8221;1\/6&#8243;][vc_column_text]<img loading=\"lazy\" decoding=\"async\" class=\"alignnone\" title=\"Espa\u00f1ol\" src=\"http:\/\/guiasdecastillalamancha.com\/wp-content\/uploads\/2017\/05\/Spain.png\" width=\"34\" height=\"34\" \/>\u00a0<img loading=\"lazy\" decoding=\"async\" class=\"\" title=\"Ingl\u00e9s\" src=\"http:\/\/guiasdecastillalamancha.com\/wp-content\/uploads\/2017\/05\/United-Kingdom.png\" width=\"34\" height=\"34\" \/>[\/vc_column_text][\/vc_column][vc_column width=&#8221;1\/6&#8243;][\/vc_column][\/vc_row][vc_row css_animation=&#8221;&#8221; row_type=&#8221;row&#8221; use_row_as_full_screen_section=&#8221;no&#8221; type=&#8221;grid&#8221; angled_section=&#8221;no&#8221; text_align=&#8221;left&#8221; background_image_as_pattern=&#8221;without_pattern&#8221;][vc_column width=&#8221;1\/6&#8243;][\/vc_column][vc_column width=&#8221;1\/6&#8243;][vc_column_text css=&#8221;&#8221;]<\/p>\n<h4>Santamar\u00eda Ba\u00f1ares, Almudena<\/h4>\n<p>[\/vc_column_text][\/vc_column][vc_column width=&#8221;1\/6&#8243;][vc_column_text css=&#8221;&#8221;]0034 619 437 458[\/vc_column_text][\/vc_column][vc_column width=&#8221;1\/6&#8243;][vc_column_text css=&#8221;&#8221;]almudaynatours@gmail.com[\/vc_column_text][\/vc_column][vc_column width=&#8221;1\/6&#8243;][vc_column_text css=&#8221;&#8221;]<img loading=\"lazy\" decoding=\"async\" class=\"alignnone\" title=\"Espa\u00f1ol\" src=\"http:\/\/guiasdecastillalamancha.com\/wp-content\/uploads\/2017\/05\/Spain.png\" width=\"34\" height=\"34\" \/>\u00a0<img loading=\"lazy\" decoding=\"async\" class=\"\" title=\"Ingl\u00e9s\" src=\"http:\/\/guiasdecastillalamancha.com\/wp-content\/uploads\/2017\/05\/United-Kingdom.png\" width=\"34\" height=\"34\" \/> <img loading=\"lazy\" decoding=\"async\" class=\"\" title=\"Italiano\" src=\"http:\/\/guiasdecastillalamancha.com\/wp-content\/uploads\/2017\/05\/Italy.png\" width=\"35\" height=\"35\" \/>[\/vc_column_text][\/vc_column][vc_column width=&#8221;1\/6&#8243;][\/vc_column][\/vc_row][vc_row css_animation=&#8221;&#8221; row_type=&#8221;row&#8221; use_row_as_full_screen_section=&#8221;no&#8221; type=&#8221;grid&#8221; angled_section=&#8221;no&#8221; text_align=&#8221;left&#8221; background_image_as_pattern=&#8221;without_pattern&#8221;][vc_column width=&#8221;1\/6&#8243;][\/vc_column][vc_column width=&#8221;1\/6&#8243;][vc_column_text]<\/p>\n<h4>Segura Sanz, Francisco Javier<\/h4>\n<p>[\/vc_column_text][\/vc_column][vc_column width=&#8221;1\/6&#8243;][vc_column_text]0034 670 703 856[\/vc_column_text][\/vc_column][vc_column width=&#8221;1\/6&#8243;][vc_column_text]info@guiarteguadalajara.com[\/vc_column_text][\/vc_column][vc_column width=&#8221;1\/6&#8243;][vc_column_text]<img loading=\"lazy\" decoding=\"async\" class=\"alignnone\" title=\"Espa\u00f1ol\" src=\"http:\/\/guiasdecastillalamancha.com\/wp-content\/uploads\/2017\/05\/Spain.png\" width=\"34\" height=\"34\" \/>\u00a0<img loading=\"lazy\" decoding=\"async\" class=\"\" title=\"Ingl\u00e9s\" src=\"http:\/\/guiasdecastillalamancha.com\/wp-content\/uploads\/2017\/05\/United-Kingdom.png\" width=\"34\" height=\"34\" \/>\u00a0<img loading=\"lazy\" decoding=\"async\" class=\"\" title=\"Franc\u00e9s\" src=\"http:\/\/guiasdecastillalamancha.com\/wp-content\/uploads\/2017\/05\/France.png\" width=\"34\" height=\"34\" \/>[\/vc_column_text][\/vc_column][vc_column width=&#8221;1\/6&#8243;][\/vc_column][\/vc_row][vc_row css_animation=&#8221;&#8221; row_type=&#8221;row&#8221; use_row_as_full_screen_section=&#8221;no&#8221; type=&#8221;grid&#8221; angled_section=&#8221;no&#8221; text_align=&#8221;left&#8221; background_image_as_pattern=&#8221;without_pattern&#8221;][vc_column width=&#8221;1\/6&#8243;][\/vc_column][vc_column width=&#8221;1\/6&#8243;][vc_column_text]<\/p>\n<h4>Corrales Rold\u00e1n, Sonia<\/h4>\n<p>[\/vc_column_text][\/vc_column][vc_column width=&#8221;1\/6&#8243;][vc_column_text]0034 689 514 091[\/vc_column_text][\/vc_column][vc_column width=&#8221;1\/6&#8243;][vc_column_text]viajesconacento@gmail.com[\/vc_column_text][\/vc_column][vc_column width=&#8221;1\/6&#8243;][vc_column_text]<img loading=\"lazy\" decoding=\"async\" class=\"alignnone\" title=\"Espa\u00f1ol\" src=\"http:\/\/guiasdecastillalamancha.com\/wp-content\/uploads\/2017\/05\/Spain.png\" width=\"34\" height=\"34\" \/> <img loading=\"lazy\" decoding=\"async\" class=\"\" title=\"Ingl\u00e9s\" src=\"http:\/\/guiasdecastillalamancha.com\/wp-content\/uploads\/2017\/05\/United-Kingdom.png\" width=\"34\" height=\"34\" \/>[\/vc_column_text][\/vc_column][vc_column width=&#8221;1\/6&#8243;][\/vc_column][\/vc_row][vc_row css_animation=&#8221;&#8221; row_type=&#8221;row&#8221; use_row_as_full_screen_section=&#8221;no&#8221; type=&#8221;grid&#8221; angled_section=&#8221;no&#8221; text_align=&#8221;left&#8221; background_image_as_pattern=&#8221;without_pattern&#8221;][vc_column width=&#8221;1\/6&#8243;][\/vc_column][vc_column width=&#8221;1\/6&#8243;][vc_column_text]<\/p>\n<h4>Granado Herreros, Manuel<\/h4>\n<p>[\/vc_column_text][\/vc_column][vc_column width=&#8221;1\/6&#8243;][vc_column_text]0034 646 539 603[\/vc_column_text][\/vc_column][vc_column width=&#8221;1\/6&#8243;][vc_column_text]info@tu-guia.es[\/vc_column_text][\/vc_column][vc_column width=&#8221;1\/6&#8243;][vc_column_text]<img loading=\"lazy\" decoding=\"async\" class=\"alignnone\" title=\"Espa\u00f1ol\" src=\"http:\/\/guiasdecastillalamancha.com\/wp-content\/uploads\/2017\/05\/Spain.png\" width=\"34\" height=\"34\" \/>\u00a0<img loading=\"lazy\" decoding=\"async\" class=\"\" title=\"Ingl\u00e9s\" src=\"http:\/\/guiasdecastillalamancha.com\/wp-content\/uploads\/2017\/05\/United-Kingdom.png\" width=\"34\" height=\"34\" \/>[\/vc_column_text][\/vc_column][vc_column width=&#8221;1\/6&#8243;][\/vc_column][\/vc_row][vc_row css_animation=&#8221;&#8221; row_type=&#8221;row&#8221; use_row_as_full_screen_section=&#8221;no&#8221; type=&#8221;grid&#8221; angled_section=&#8221;no&#8221; text_align=&#8221;left&#8221; background_image_as_pattern=&#8221;without_pattern&#8221;][vc_column][vc_empty_space][vc_empty_space][\/vc_column][\/vc_row]<\/p>\n<\/div>","protected":false},"excerpt":{"rendered":"<p>[vc_row css_animation=&#8221;&#8221; row_type=&#8221;row&#8221; use_row_as_full_screen_section=&#8221;no&#8221; type=&#8221;grid&#8221; angled_section=&#8221;no&#8221; text_align=&#8221;left&#8221; background_image_as_pattern=&#8221;without_pattern&#8221;][vc_column][vc_empty_space][vc_column_text] LIST OF TOURIST GUIDES IN GUADALAJARA [\/vc_column_text][vc_empty_space][\/vc_column][\/vc_row][vc_row css_animation=&#8221;&#8221; row_type=&#8221;row&#8221; use_row_as_full_screen_section=&#8221;no&#8221; type=&#8221;grid&#8221; angled_section=&#8221;no&#8221; text_align=&#8221;left&#8221; background_image_as_pattern=&#8221;without_pattern&#8221;][vc_column width=&#8221;1\/6&#8243;][\/vc_column][vc_column width=&#8221;1\/6&#8243;][vc_column_text] Llorens Ru\u00edz, Natalia [\/vc_column_text][\/vc_column][vc_column width=&#8221;1\/6&#8243;][vc_column_text]0034\u00a0675 891 926[\/vc_column_text][\/vc_column][vc_column width=&#8221;1\/6&#8243;][vc_column_text]info@guadalajaraapie.es[\/vc_column_text][\/vc_column][vc_column width=&#8221;1\/6&#8243;][vc_column_text]\u00a0\u00a0[\/vc_column_text][\/vc_column][vc_column width=&#8221;1\/6&#8243;][\/vc_column][\/vc_row][vc_row css_animation=&#8221;&#8221; row_type=&#8221;row&#8221; use_row_as_full_screen_section=&#8221;no&#8221; type=&#8221;grid&#8221; angled_section=&#8221;no&#8221; text_align=&#8221;left&#8221; background_image_as_pattern=&#8221;without_pattern&#8221;][vc_column width=&#8221;1\/6&#8243;][\/vc_column][vc_column width=&#8221;1\/6&#8243;][vc_column_text] Ru\u00edz Herrera,&#8230;<\/p>\n","protected":false},"author":3,"featured_media":0,"parent":0,"menu_order":0,"comment_status":"closed","ping_status":"closed","template":"full_width.php","meta":{"footnotes":""},"class_list":["post-1310","page","type-page","status-publish","hentry"],"yoast_head":"<!-- This site is optimized with the Yoast SEO plugin v27.3 - https:\/\/yoast.com\/product\/yoast-seo-wordpress\/ -->\n<title>List of Tourist Guides in Guadalajara - Gu\u00edas de Castilla la Mancha<\/title>\n<meta name=\"robots\" content=\"index, follow, max-snippet:-1, max-image-preview:large, max-video-preview:-1\" \/>\n<link rel=\"canonical\" href=\"https:\/\/guiascastillalamancha.com\/en\/list-of-tourist-guides-in-guadalajara-2\/\" \/>\n<meta property=\"og:locale\" content=\"en_US\" \/>\n<meta property=\"og:type\" content=\"article\" \/>\n<meta property=\"og:title\" content=\"List of Tourist Guides in Guadalajara - Gu\u00edas de Castilla la Mancha\" \/>\n<meta property=\"og:description\" content=\"[vc_row css_animation=&#8221;&#8221; row_type=&#8221;row&#8221; use_row_as_full_screen_section=&#8221;no&#8221; type=&#8221;grid&#8221; angled_section=&#8221;no&#8221; text_align=&#8221;left&#8221; background_image_as_pattern=&#8221;without_pattern&#8221;][vc_column][vc_empty_space][vc_column_text] LIST OF TOURIST GUIDES IN GUADALAJARA [\/vc_column_text][vc_empty_space][\/vc_column][\/vc_row][vc_row css_animation=&#8221;&#8221; row_type=&#8221;row&#8221; use_row_as_full_screen_section=&#8221;no&#8221; type=&#8221;grid&#8221; angled_section=&#8221;no&#8221; text_align=&#8221;left&#8221; background_image_as_pattern=&#8221;without_pattern&#8221;][vc_column width=&#8221;1\/6&#8243;][\/vc_column][vc_column width=&#8221;1\/6&#8243;][vc_column_text] Llorens Ru\u00edz, Natalia [\/vc_column_text][\/vc_column][vc_column width=&#8221;1\/6&#8243;][vc_column_text]0034\u00a0675 891 926[\/vc_column_text][\/vc_column][vc_column width=&#8221;1\/6&#8243;][vc_column_text]info@guadalajaraapie.es[\/vc_column_text][\/vc_column][vc_column width=&#8221;1\/6&#8243;][vc_column_text]\u00a0\u00a0[\/vc_column_text][\/vc_column][vc_column width=&#8221;1\/6&#8243;][\/vc_column][\/vc_row][vc_row css_animation=&#8221;&#8221; row_type=&#8221;row&#8221; use_row_as_full_screen_section=&#8221;no&#8221; type=&#8221;grid&#8221; angled_section=&#8221;no&#8221; text_align=&#8221;left&#8221; background_image_as_pattern=&#8221;without_pattern&#8221;][vc_column width=&#8221;1\/6&#8243;][\/vc_column][vc_column width=&#8221;1\/6&#8243;][vc_column_text] Ru\u00edz Herrera,...\" \/>\n<meta property=\"og:url\" content=\"https:\/\/guiascastillalamancha.com\/en\/list-of-tourist-guides-in-guadalajara-2\/\" \/>\n<meta property=\"og:site_name\" content=\"Gu\u00edas de Castilla la Mancha\" \/>\n<meta property=\"article:modified_time\" content=\"2026-04-06T07:20:53+00:00\" \/>\n<meta property=\"og:image\" content=\"http:\/\/guiasdecastillalamancha.com\/wp-content\/uploads\/2017\/05\/Spain.png\" \/>\n<meta name=\"twitter:card\" content=\"summary_large_image\" \/>\n<meta name=\"twitter:label1\" content=\"Est. reading time\" \/>\n\t<meta name=\"twitter:data1\" content=\"4 minutes\" \/>\n<script type=\"application\/ld+json\" class=\"yoast-schema-graph\">{\"@context\":\"https:\\\/\\\/schema.org\",\"@graph\":[{\"@type\":\"WebPage\",\"@id\":\"https:\\\/\\\/guiascastillalamancha.com\\\/en\\\/list-of-tourist-guides-in-guadalajara-2\\\/\",\"url\":\"https:\\\/\\\/guiascastillalamancha.com\\\/en\\\/list-of-tourist-guides-in-guadalajara-2\\\/\",\"name\":\"List of Tourist Guides in Guadalajara - Gu\u00edas de Castilla la Mancha\",\"isPartOf\":{\"@id\":\"https:\\\/\\\/guiascastillalamancha.com\\\/es\\\/#website\"},\"primaryImageOfPage\":{\"@id\":\"https:\\\/\\\/guiascastillalamancha.com\\\/en\\\/list-of-tourist-guides-in-guadalajara-2\\\/#primaryimage\"},\"image\":{\"@id\":\"https:\\\/\\\/guiascastillalamancha.com\\\/en\\\/list-of-tourist-guides-in-guadalajara-2\\\/#primaryimage\"},\"thumbnailUrl\":\"http:\\\/\\\/guiasdecastillalamancha.com\\\/wp-content\\\/uploads\\\/2017\\\/05\\\/Spain.png\",\"datePublished\":\"2017-06-05T16:57:17+00:00\",\"dateModified\":\"2026-04-06T07:20:53+00:00\",\"breadcrumb\":{\"@id\":\"https:\\\/\\\/guiascastillalamancha.com\\\/en\\\/list-of-tourist-guides-in-guadalajara-2\\\/#breadcrumb\"},\"inLanguage\":\"en-US\",\"potentialAction\":[{\"@type\":\"ReadAction\",\"target\":[\"https:\\\/\\\/guiascastillalamancha.com\\\/en\\\/list-of-tourist-guides-in-guadalajara-2\\\/\"]}]},{\"@type\":\"ImageObject\",\"inLanguage\":\"en-US\",\"@id\":\"https:\\\/\\\/guiascastillalamancha.com\\\/en\\\/list-of-tourist-guides-in-guadalajara-2\\\/#primaryimage\",\"url\":\"http:\\\/\\\/guiasdecastillalamancha.com\\\/wp-content\\\/uploads\\\/2017\\\/05\\\/Spain.png\",\"contentUrl\":\"http:\\\/\\\/guiasdecastillalamancha.com\\\/wp-content\\\/uploads\\\/2017\\\/05\\\/Spain.png\"},{\"@type\":\"BreadcrumbList\",\"@id\":\"https:\\\/\\\/guiascastillalamancha.com\\\/en\\\/list-of-tourist-guides-in-guadalajara-2\\\/#breadcrumb\",\"itemListElement\":[{\"@type\":\"ListItem\",\"position\":1,\"name\":\"Portada\",\"item\":\"https:\\\/\\\/guiascastillalamancha.com\\\/en\\\/\"},{\"@type\":\"ListItem\",\"position\":2,\"name\":\"List of Tourist Guides in Guadalajara\"}]},{\"@type\":\"WebSite\",\"@id\":\"https:\\\/\\\/guiascastillalamancha.com\\\/es\\\/#website\",\"url\":\"https:\\\/\\\/guiascastillalamancha.com\\\/es\\\/\",\"name\":\"Gu\u00edas de Castilla la Mancha\",\"description\":\"Gu\u00edas Tur\u00edsticos para Toledo, Albacete, Ciudad Real, Cuenca y Guadalajara\",\"potentialAction\":[{\"@type\":\"SearchAction\",\"target\":{\"@type\":\"EntryPoint\",\"urlTemplate\":\"https:\\\/\\\/guiascastillalamancha.com\\\/es\\\/?s={search_term_string}\"},\"query-input\":{\"@type\":\"PropertyValueSpecification\",\"valueRequired\":true,\"valueName\":\"search_term_string\"}}],\"inLanguage\":\"en-US\"}]}<\/script>\n<!-- \/ Yoast SEO plugin. -->","yoast_head_json":{"title":"List of Tourist Guides in Guadalajara - Gu\u00edas de Castilla la Mancha","robots":{"index":"index","follow":"follow","max-snippet":"max-snippet:-1","max-image-preview":"max-image-preview:large","max-video-preview":"max-video-preview:-1"},"canonical":"https:\/\/guiascastillalamancha.com\/en\/list-of-tourist-guides-in-guadalajara-2\/","og_locale":"en_US","og_type":"article","og_title":"List of Tourist Guides in Guadalajara - Gu\u00edas de Castilla la Mancha","og_description":"[vc_row css_animation=&#8221;&#8221; row_type=&#8221;row&#8221; use_row_as_full_screen_section=&#8221;no&#8221; type=&#8221;grid&#8221; angled_section=&#8221;no&#8221; text_align=&#8221;left&#8221; background_image_as_pattern=&#8221;without_pattern&#8221;][vc_column][vc_empty_space][vc_column_text] LIST OF TOURIST GUIDES IN GUADALAJARA [\/vc_column_text][vc_empty_space][\/vc_column][\/vc_row][vc_row css_animation=&#8221;&#8221; row_type=&#8221;row&#8221; use_row_as_full_screen_section=&#8221;no&#8221; type=&#8221;grid&#8221; angled_section=&#8221;no&#8221; text_align=&#8221;left&#8221; background_image_as_pattern=&#8221;without_pattern&#8221;][vc_column width=&#8221;1\/6&#8243;][\/vc_column][vc_column width=&#8221;1\/6&#8243;][vc_column_text] Llorens Ru\u00edz, Natalia [\/vc_column_text][\/vc_column][vc_column width=&#8221;1\/6&#8243;][vc_column_text]0034\u00a0675 891 926[\/vc_column_text][\/vc_column][vc_column width=&#8221;1\/6&#8243;][vc_column_text]info@guadalajaraapie.es[\/vc_column_text][\/vc_column][vc_column width=&#8221;1\/6&#8243;][vc_column_text]\u00a0\u00a0[\/vc_column_text][\/vc_column][vc_column width=&#8221;1\/6&#8243;][\/vc_column][\/vc_row][vc_row css_animation=&#8221;&#8221; row_type=&#8221;row&#8221; use_row_as_full_screen_section=&#8221;no&#8221; type=&#8221;grid&#8221; angled_section=&#8221;no&#8221; text_align=&#8221;left&#8221; background_image_as_pattern=&#8221;without_pattern&#8221;][vc_column width=&#8221;1\/6&#8243;][\/vc_column][vc_column width=&#8221;1\/6&#8243;][vc_column_text] Ru\u00edz Herrera,...","og_url":"https:\/\/guiascastillalamancha.com\/en\/list-of-tourist-guides-in-guadalajara-2\/","og_site_name":"Gu\u00edas de Castilla la Mancha","article_modified_time":"2026-04-06T07:20:53+00:00","og_image":[{"url":"http:\/\/guiasdecastillalamancha.com\/wp-content\/uploads\/2017\/05\/Spain.png","type":"","width":"","height":""}],"twitter_card":"summary_large_image","twitter_misc":{"Est. reading time":"4 minutes"},"schema":{"@context":"https:\/\/schema.org","@graph":[{"@type":"WebPage","@id":"https:\/\/guiascastillalamancha.com\/en\/list-of-tourist-guides-in-guadalajara-2\/","url":"https:\/\/guiascastillalamancha.com\/en\/list-of-tourist-guides-in-guadalajara-2\/","name":"List of Tourist Guides in Guadalajara - Gu\u00edas de Castilla la Mancha","isPartOf":{"@id":"https:\/\/guiascastillalamancha.com\/es\/#website"},"primaryImageOfPage":{"@id":"https:\/\/guiascastillalamancha.com\/en\/list-of-tourist-guides-in-guadalajara-2\/#primaryimage"},"image":{"@id":"https:\/\/guiascastillalamancha.com\/en\/list-of-tourist-guides-in-guadalajara-2\/#primaryimage"},"thumbnailUrl":"http:\/\/guiasdecastillalamancha.com\/wp-content\/uploads\/2017\/05\/Spain.png","datePublished":"2017-06-05T16:57:17+00:00","dateModified":"2026-04-06T07:20:53+00:00","breadcrumb":{"@id":"https:\/\/guiascastillalamancha.com\/en\/list-of-tourist-guides-in-guadalajara-2\/#breadcrumb"},"inLanguage":"en-US","potentialAction":[{"@type":"ReadAction","target":["https:\/\/guiascastillalamancha.com\/en\/list-of-tourist-guides-in-guadalajara-2\/"]}]},{"@type":"ImageObject","inLanguage":"en-US","@id":"https:\/\/guiascastillalamancha.com\/en\/list-of-tourist-guides-in-guadalajara-2\/#primaryimage","url":"http:\/\/guiasdecastillalamancha.com\/wp-content\/uploads\/2017\/05\/Spain.png","contentUrl":"http:\/\/guiasdecastillalamancha.com\/wp-content\/uploads\/2017\/05\/Spain.png"},{"@type":"BreadcrumbList","@id":"https:\/\/guiascastillalamancha.com\/en\/list-of-tourist-guides-in-guadalajara-2\/#breadcrumb","itemListElement":[{"@type":"ListItem","position":1,"name":"Portada","item":"https:\/\/guiascastillalamancha.com\/en\/"},{"@type":"ListItem","position":2,"name":"List of Tourist Guides in Guadalajara"}]},{"@type":"WebSite","@id":"https:\/\/guiascastillalamancha.com\/es\/#website","url":"https:\/\/guiascastillalamancha.com\/es\/","name":"Gu\u00edas de Castilla la Mancha","description":"Gu\u00edas Tur\u00edsticos para Toledo, Albacete, Ciudad Real, Cuenca y Guadalajara","potentialAction":[{"@type":"SearchAction","target":{"@type":"EntryPoint","urlTemplate":"https:\/\/guiascastillalamancha.com\/es\/?s={search_term_string}"},"query-input":{"@type":"PropertyValueSpecification","valueRequired":true,"valueName":"search_term_string"}}],"inLanguage":"en-US"}]}},"_links":{"self":[{"href":"https:\/\/guiascastillalamancha.com\/en\/wp-json\/wp\/v2\/pages\/1310","targetHints":{"allow":["GET"]}}],"collection":[{"href":"https:\/\/guiascastillalamancha.com\/en\/wp-json\/wp\/v2\/pages"}],"about":[{"href":"https:\/\/guiascastillalamancha.com\/en\/wp-json\/wp\/v2\/types\/page"}],"author":[{"embeddable":true,"href":"https:\/\/guiascastillalamancha.com\/en\/wp-json\/wp\/v2\/users\/3"}],"replies":[{"embeddable":true,"href":"https:\/\/guiascastillalamancha.com\/en\/wp-json\/wp\/v2\/comments?post=1310"}],"version-history":[{"count":24,"href":"https:\/\/guiascastillalamancha.com\/en\/wp-json\/wp\/v2\/pages\/1310\/revisions"}],"predecessor-version":[{"id":2792,"href":"https:\/\/guiascastillalamancha.com\/en\/wp-json\/wp\/v2\/pages\/1310\/revisions\/2792"}],"wp:attachment":[{"href":"https:\/\/guiascastillalamancha.com\/en\/wp-json\/wp\/v2\/media?parent=1310"}],"curies":[{"name":"wp","href":"https:\/\/api.w.org\/{rel}","templated":true}]}}