{"id":1278,"date":"2017-06-05T16:08:44","date_gmt":"2017-06-05T16:08:44","guid":{"rendered":"http:\/\/guiasdetoledo.es\/?page_id=1278"},"modified":"2017-06-06T09:00:32","modified_gmt":"2017-06-06T09:00:32","slug":"ciudad-real","status":"publish","type":"page","link":"https:\/\/guiascastillalamancha.com\/en\/ciudad-real\/","title":{"rendered":"Ciudad Real"},"content":{"rendered":"<div class=\"wpb-content-wrapper\"><p>[vc_row row_type=&#8221;row&#8221; use_row_as_full_screen_section=&#8221;no&#8221; type=&#8221;grid&#8221; anchor=&#8221;about&#8221; angled_section=&#8221;no&#8221; text_align=&#8221;center&#8221; background_image_as_pattern=&#8221;without_pattern&#8221; css_animation=&#8221;&#8221; css=&#8221;.vc_custom_1480508287546{padding-top: 2% !important;padding-bottom: 2% !important;}&#8221;][vc_column offset=&#8221;vc_col-lg-offset-2 vc_col-lg-8 vc_col-md-offset-1 vc_col-md-10&#8243; css=&#8221;.vc_custom_1467624556435{padding-right: 8% !important;padding-left: 8% !important;}&#8221;][vc_column_text]<\/p>\n<h2 style=\"text-align: center;\">CIUDAD REAL<\/h2>\n<p>[\/vc_column_text][vc_empty_space height=&#8221;8px&#8221;][vc_column_text]<\/p>\n<p style=\"text-align: center;\">The province of Ciudad Real is far more than you might imagine. You will be amazed by those endless skies of La Mancha and by the diversity of our landscapes: Mediterranean woods, marshes, vast plains and crops that form colourful mosaics.<br \/>\nExplore the fascinating urban planning of its villages, classicist buildings, its archaeological sites, castles and our cinema and literature itineraries. Here you can enjoy the cuisine of La Mancha, which ranges from simple dishes of the farmers and shepherds to delicate game dishes &#8211; always accompanied by the wines of La Mancha.<br \/>\nWe will help you plan your trip by following your cultural, culinary or nature-related interests.<\/p>\n<p style=\"text-align: center;\">Here are some tips:<\/p>\n<p>[\/vc_column_text][\/vc_column][\/vc_row][vc_row row_type=&#8221;row&#8221; use_row_as_full_screen_section=&#8221;no&#8221; type=&#8221;full_width&#8221; angled_section=&#8221;no&#8221; text_align=&#8221;left&#8221; background_image_as_pattern=&#8221;without_pattern&#8221; css_animation=&#8221;&#8221;][vc_column][vc_column_text]<\/p>\n<h2 style=\"text-align: center;\">GUIDED TOURS<\/h2>\n<p>[\/vc_column_text][vc_empty_space height=&#8221;40px&#8221;][\/vc_column][\/vc_row][vc_row row_type=&#8221;row&#8221; use_row_as_full_screen_section=&#8221;yes&#8221; type=&#8221;grid&#8221; angled_section=&#8221;no&#8221; text_align=&#8221;left&#8221; background_image_as_pattern=&#8221;without_pattern&#8221; css_animation=&#8221;&#8221;][vc_column width=&#8221;1\/2&#8243;][vc_single_image image=&#8221;603&#8243; img_size=&#8221;full&#8221; alignment=&#8221;center&#8221; qode_css_animation=&#8221;&#8221;][vc_empty_space height=&#8221;20px&#8221;][vc_column_text]<\/p>\n<h2 style=\"text-align: center;\">Route of Don Quixote<\/h2>\n<p>[\/vc_column_text][vc_empty_space height=&#8221;20px&#8221;][vc_column_text css=&#8221;.vc_custom_1496678349004{padding-right: 5% !important;padding-left: 5% !important;}&#8221;]<\/p>\n<p style=\"text-align: center;\">We will accompany you to evoke the adventures narrated by <strong>Miguel de Cervantes<\/strong> in Don Quixote, exploring the same places <strong>don Quixote had loved<\/strong>, where he dreamed, fought and rode astride his trusty horse, Rocinante.<br \/>\nWe will design the best route according to your wishes and needs.<br \/>\nTradition has recognized <strong>&#8220;the place of La Mancha&#8221;<\/strong> in Argamasilla de Alba, where <strong>Cervantes dreamed of the adventure of Alonso Quijano<\/strong>. From there he ventured to Puerto L\u00e1pice to try to become a knight, to Campo de Criptana to live his adventures against the Giants of La Mancha, and much later to the town of El Toboso, searching for Dulcinea\u00b4s love.<br \/>\nAt <strong>the Hidalgo Museum<\/strong> and at the <strong>Museum of Don Quixote<\/strong>, we will evoke the era of errant knights.<\/p>\n<p>[\/vc_column_text][vc_empty_space height=&#8221;20px&#8221;][\/vc_column][vc_column width=&#8221;1\/2&#8243;][vc_single_image image=&#8221;605&#8243; img_size=&#8221;full&#8221; alignment=&#8221;center&#8221; qode_css_animation=&#8221;&#8221;][vc_empty_space height=&#8221;20px&#8221;][vc_column_text]<\/p>\n<h2 style=\"text-align: center;\">Route of the Knights<\/h2>\n<p>[\/vc_column_text][vc_empty_space height=&#8221;20px&#8221;][vc_column_text css=&#8221;.vc_custom_1496678543219{padding-right: 5% !important;padding-left: 5% !important;}&#8221;]<\/p>\n<p style=\"text-align: center;\"><strong>Military orders<\/strong> were created in the twelfth and thirteenth centuries to conquer the territories under Muslim rule. Our province was divided among the <strong>Order of Calatrava, Santiago and San Juan<\/strong>.<br \/>\nVillanueva de los Infantes is one of our most beautiful villages with its architecture that will bring us back to the 16th-17th centuries. It is a literary place of enormous importance, as<strong> the great Golden Age writer, Francisco de Quevedo, died and was buried here<\/strong>.<br \/>\nAlmagro was the capital of the Order of Calatrava, and in 2016, it was elected one of the <strong>&#8220;most beautiful villages in Spain&#8221;<\/strong>. It reached its greatest splendour in the 16th century with the arrival of the Fugger family, bankers of Carlos V, who contributed in embellishing the city. In addition, <strong>Almagro<\/strong> is known as the <strong>city of theatre<\/strong> par excellence, as it boasts <strong>the only 17th-century corral de comedias<\/strong> in Spain and the National Theatre Museum.<br \/>\nSacred Convent-Castle of Calatrava la Nueva.<strong> The great fortress of the Knights of Calatrava<\/strong> was erected in the thirteenth century to serve as the Order\u00b4s headquarters. Its church, convent and triple wall at <strong>an altitude of 900 metre<\/strong>s form a <strong>unique fortification<\/strong> from which a<strong> breathtaking view<\/strong> of the Sierra Morena and the volcanic area of Campo de Calatrava can be enjoyed.<\/p>\n<p>[\/vc_column_text][vc_empty_space height=&#8221;20px&#8221;][\/vc_column][\/vc_row][vc_row row_type=&#8221;row&#8221; use_row_as_full_screen_section=&#8221;yes&#8221; type=&#8221;grid&#8221; angled_section=&#8221;no&#8221; text_align=&#8221;left&#8221; background_image_as_pattern=&#8221;without_pattern&#8221; css_animation=&#8221;&#8221;][vc_column width=&#8221;1\/2&#8243;][vc_single_image image=&#8221;607&#8243; img_size=&#8221;full&#8221; alignment=&#8221;center&#8221; qode_css_animation=&#8221;&#8221;][vc_empty_space height=&#8221;20px&#8221;][vc_column_text]<\/p>\n<h2 style=\"text-align: center;\">Nature walks<\/h2>\n<p>[\/vc_column_text][vc_empty_space height=&#8221;20px&#8221;][vc_column_text css=&#8221;.vc_custom_1496678672311{padding-right: 5% !important;padding-left: 5% !important;}&#8221;]<\/p>\n<p style=\"text-align: center;\">Our <strong>natural diversity<\/strong> is represented by <strong>two national park<\/strong>s and two natural parks with <strong>more than 80 protected areas<\/strong>, among which a <strong>biosphere reserve<\/strong>, a natural site, and <strong>the volcanic area of Campo de Calatrava<\/strong> are some of the highlights.<br \/>\n<strong>The Tablas de Daimiel National Park<\/strong>, in the middle of the plains of La Mancha and formed by the overflowing of the rivers Guadiana and Cig\u00fcela. This spot has a rich birdlife as well as indigenous vegetation.<br \/>\n<strong>The Natural Park of Las Lagunas de Ruidera<\/strong> is one of the most significant wetlands of Castilla-La Mancha. This spectacular landscape consists of <strong>a succession of 15 ponds interconnected<\/strong> by waterfalls and streams of different colours.<\/p>\n<p>[\/vc_column_text][vc_empty_space height=&#8221;20px&#8221;][\/vc_column][vc_column width=&#8221;1\/2&#8243;][vc_single_image image=&#8221;608&#8243; img_size=&#8221;full&#8221; alignment=&#8221;center&#8221; qode_css_animation=&#8221;&#8221;][vc_empty_space height=&#8221;20px&#8221;][vc_column_text]<\/p>\n<h2 style=\"text-align: center;\">And much more to be discovered&#8230;<\/h2>\n<p>[\/vc_column_text][vc_empty_space height=&#8221;20px&#8221;][vc_column_text css=&#8221;.vc_custom_1496678823749{padding-right: 5% !important;padding-left: 5% !important;}&#8221;]<\/p>\n<p style=\"text-align: center;\">We have a lot to offer:<\/p>\n<ul>\n<li><strong>Mercury Mines of Almad\u00e9n<\/strong>. Declared a World Heritage Site by Unesco.<\/li>\n<li><strong>Palace of don \u00c1lvaro de Baz\u00e1n<\/strong>. Renaissance palace with spectacular fresco decorations spanning over 8,000 square meters.<\/li>\n<li>Arena-hermitage complex of Las Virtudes. It is<strong> the oldest bullring in Spain<\/strong>.<\/li>\n<li>Torre de Juan Abad Tower. <strong>Casa-Museo de Quevedo<\/strong>. Historical organ.<\/li>\n<li>San Carlos del Valle: Beautiful baroque square.<\/li>\n<li><strong>Gastronomy<\/strong> through our protected designation of origin products: cheeses, wines, oils, saffron, aubergines&#8230;..<\/li>\n<li><strong>Archaeological sites<\/strong>: Alarcos, Motilla del Azuer, Cerro de Las Cabezas.<\/li>\n<\/ul>\n<p>[\/vc_column_text][vc_empty_space height=&#8221;20px&#8221;][\/vc_column][\/vc_row][vc_row row_type=&#8221;row&#8221; use_row_as_full_screen_section=&#8221;no&#8221; type=&#8221;full_width&#8221; angled_section=&#8221;no&#8221; text_align=&#8221;left&#8221; background_image_as_pattern=&#8221;without_pattern&#8221; css_animation=&#8221;&#8221;][vc_column][vc_empty_space height=&#8221;40px&#8221;][\/vc_column][\/vc_row][vc_row row_type=&#8221;row&#8221; use_row_as_full_screen_section=&#8221;no&#8221; type=&#8221;grid&#8221; anchor=&#8221;brands&#8221; angled_section=&#8221;no&#8221; text_align=&#8221;center&#8221; background_image_as_pattern=&#8221;without_pattern&#8221; css_animation=&#8221;&#8221; css=&#8221;.vc_custom_1467717650552{padding-top: 5.5% !important;padding-bottom: 2% !important;}&#8221;][vc_column offset=&#8221;vc_col-lg-offset-2 vc_col-lg-8 vc_col-md-offset-1 vc_col-md-10&#8243; css=&#8221;.vc_custom_1467624580101{padding-right: 8% !important;padding-left: 8% !important;}&#8221;][vc_column_text]<a  itemprop=\"url\" href=\"\/en\/contact\/\" target=\"_self\" data-hover-background-color=\"#882039\" data-hover-color=\"#d3bbc9\" class=\"qbutton  big_large center default\" style=\"color: #882039; font-style: normal; font-weight: 600; margin: 5px; background-color:#d3bbc9;\">Contact us<\/a>[\/vc_column_text][vc_empty_space height=&#8221;8px&#8221;][vc_column_text]<a  itemprop=\"url\" href=\"\/en\/list-of-tourist-guides-in-ciudad-real\/\" target=\"_self\" data-hover-background-color=\"#882039\" data-hover-color=\"#d3bbc9\" class=\"qbutton  big_large center default\" style=\"color: #882039; font-style: normal; font-weight: 600; margin: 5px; background-color:#d3bbc9;\">See List of Tourist Guides in Ciudad Real<\/a>[\/vc_column_text][vc_empty_space height=&#8221;8px&#8221;][\/vc_column][\/vc_row][vc_row row_type=&#8221;row&#8221; use_row_as_full_screen_section=&#8221;no&#8221; type=&#8221;grid&#8221; anchor=&#8221;brands&#8221; angled_section=&#8221;no&#8221; text_align=&#8221;center&#8221; background_image_as_pattern=&#8221;without_pattern&#8221; css_animation=&#8221;&#8221; css=&#8221;.vc_custom_1467717650552{padding-top: 5.5% !important;padding-bottom: 2% !important;}&#8221;][vc_column offset=&#8221;vc_col-lg-offset-2 vc_col-lg-8 vc_col-md-offset-1 vc_col-md-10&#8243; css=&#8221;.vc_custom_1467624580101{padding-right: 8% !important;padding-left: 8% !important;}&#8221;][vc_column_text][\/vc_column_text][vc_empty_space height=&#8221;8px&#8221;][\/vc_column][\/vc_row][vc_row row_type=&#8221;row&#8221; use_row_as_full_screen_section=&#8221;no&#8221; type=&#8221;full_width&#8221; angled_section=&#8221;no&#8221; text_align=&#8221;left&#8221; background_image_as_pattern=&#8221;without_pattern&#8221; css_animation=&#8221;&#8221;][vc_column][vc_empty_space height=&#8221;40px&#8221;][\/vc_column][\/vc_row]<\/p>\n<\/div>","protected":false},"excerpt":{"rendered":"<p>[vc_row row_type=&#8221;row&#8221; use_row_as_full_screen_section=&#8221;no&#8221; type=&#8221;grid&#8221; anchor=&#8221;about&#8221; angled_section=&#8221;no&#8221; text_align=&#8221;center&#8221; background_image_as_pattern=&#8221;without_pattern&#8221; css_animation=&#8221;&#8221; css=&#8221;.vc_custom_1480508287546{padding-top: 2% !important;padding-bottom: 2% !important;}&#8221;][vc_column offset=&#8221;vc_col-lg-offset-2 vc_col-lg-8 vc_col-md-offset-1 vc_col-md-10&#8243; css=&#8221;.vc_custom_1467624556435{padding-right: 8% !important;padding-left: 8% !important;}&#8221;][vc_column_text] CIUDAD REAL [\/vc_column_text][vc_empty_space height=&#8221;8px&#8221;][vc_column_text] The province of Ciudad Real is far more than you might imagine. You will be amazed by those&#8230;<\/p>\n","protected":false},"author":1,"featured_media":0,"parent":0,"menu_order":0,"comment_status":"closed","ping_status":"closed","template":"","meta":{"footnotes":""},"class_list":["post-1278","page","type-page","status-publish","hentry"],"yoast_head":"<!-- This site is optimized with the Yoast SEO plugin v27.3 - https:\/\/yoast.com\/product\/yoast-seo-wordpress\/ -->\n<title>Ciudad Real - Gu\u00edas de Castilla la Mancha<\/title>\n<meta name=\"robots\" content=\"index, follow, max-snippet:-1, max-image-preview:large, max-video-preview:-1\" \/>\n<link rel=\"canonical\" href=\"https:\/\/guiascastillalamancha.com\/es\/ciudad-real\/\" \/>\n<meta property=\"og:locale\" content=\"en_US\" \/>\n<meta property=\"og:type\" content=\"article\" \/>\n<meta property=\"og:title\" content=\"Ciudad Real - Gu\u00edas de Castilla la Mancha\" \/>\n<meta property=\"og:description\" content=\"[vc_row row_type=&#8221;row&#8221; use_row_as_full_screen_section=&#8221;no&#8221; type=&#8221;grid&#8221; anchor=&#8221;about&#8221; angled_section=&#8221;no&#8221; text_align=&#8221;center&#8221; background_image_as_pattern=&#8221;without_pattern&#8221; css_animation=&#8221;&#8221; css=&#8221;.vc_custom_1480508287546{padding-top: 2% !important;padding-bottom: 2% !important;}&#8221;][vc_column offset=&#8221;vc_col-lg-offset-2 vc_col-lg-8 vc_col-md-offset-1 vc_col-md-10&#8243; css=&#8221;.vc_custom_1467624556435{padding-right: 8% !important;padding-left: 8% !important;}&#8221;][vc_column_text] CIUDAD REAL [\/vc_column_text][vc_empty_space height=&#8221;8px&#8221;][vc_column_text] The province of Ciudad Real is far more than you might imagine. You will be amazed by those...\" \/>\n<meta property=\"og:url\" content=\"https:\/\/guiascastillalamancha.com\/es\/ciudad-real\/\" \/>\n<meta property=\"og:site_name\" content=\"Gu\u00edas de Castilla la Mancha\" \/>\n<meta property=\"article:modified_time\" content=\"2017-06-06T09:00:32+00:00\" \/>\n<meta name=\"twitter:card\" content=\"summary_large_image\" \/>\n<meta name=\"twitter:label1\" content=\"Est. reading time\" \/>\n\t<meta name=\"twitter:data1\" content=\"7 minutes\" \/>\n<script type=\"application\/ld+json\" class=\"yoast-schema-graph\">{\"@context\":\"https:\\\/\\\/schema.org\",\"@graph\":[{\"@type\":\"WebPage\",\"@id\":\"https:\\\/\\\/guiascastillalamancha.com\\\/es\\\/ciudad-real\\\/\",\"url\":\"https:\\\/\\\/guiascastillalamancha.com\\\/es\\\/ciudad-real\\\/\",\"name\":\"Ciudad Real - Gu\u00edas de Castilla la Mancha\",\"isPartOf\":{\"@id\":\"https:\\\/\\\/guiascastillalamancha.com\\\/es\\\/#website\"},\"datePublished\":\"2017-06-05T16:08:44+00:00\",\"dateModified\":\"2017-06-06T09:00:32+00:00\",\"breadcrumb\":{\"@id\":\"https:\\\/\\\/guiascastillalamancha.com\\\/es\\\/ciudad-real\\\/#breadcrumb\"},\"inLanguage\":\"en-US\",\"potentialAction\":[{\"@type\":\"ReadAction\",\"target\":[\"https:\\\/\\\/guiascastillalamancha.com\\\/es\\\/ciudad-real\\\/\"]}]},{\"@type\":\"BreadcrumbList\",\"@id\":\"https:\\\/\\\/guiascastillalamancha.com\\\/es\\\/ciudad-real\\\/#breadcrumb\",\"itemListElement\":[{\"@type\":\"ListItem\",\"position\":1,\"name\":\"Portada\",\"item\":\"https:\\\/\\\/guiascastillalamancha.com\\\/en\\\/\"},{\"@type\":\"ListItem\",\"position\":2,\"name\":\"Ciudad Real\"}]},{\"@type\":\"WebSite\",\"@id\":\"https:\\\/\\\/guiascastillalamancha.com\\\/es\\\/#website\",\"url\":\"https:\\\/\\\/guiascastillalamancha.com\\\/es\\\/\",\"name\":\"Gu\u00edas de Castilla la Mancha\",\"description\":\"Gu\u00edas Tur\u00edsticos para Toledo, Albacete, Ciudad Real, Cuenca y Guadalajara\",\"potentialAction\":[{\"@type\":\"SearchAction\",\"target\":{\"@type\":\"EntryPoint\",\"urlTemplate\":\"https:\\\/\\\/guiascastillalamancha.com\\\/es\\\/?s={search_term_string}\"},\"query-input\":{\"@type\":\"PropertyValueSpecification\",\"valueRequired\":true,\"valueName\":\"search_term_string\"}}],\"inLanguage\":\"en-US\"}]}<\/script>\n<!-- \/ Yoast SEO plugin. -->","yoast_head_json":{"title":"Ciudad Real - Gu\u00edas de Castilla la Mancha","robots":{"index":"index","follow":"follow","max-snippet":"max-snippet:-1","max-image-preview":"max-image-preview:large","max-video-preview":"max-video-preview:-1"},"canonical":"https:\/\/guiascastillalamancha.com\/es\/ciudad-real\/","og_locale":"en_US","og_type":"article","og_title":"Ciudad Real - Gu\u00edas de Castilla la Mancha","og_description":"[vc_row row_type=&#8221;row&#8221; use_row_as_full_screen_section=&#8221;no&#8221; type=&#8221;grid&#8221; anchor=&#8221;about&#8221; angled_section=&#8221;no&#8221; text_align=&#8221;center&#8221; background_image_as_pattern=&#8221;without_pattern&#8221; css_animation=&#8221;&#8221; css=&#8221;.vc_custom_1480508287546{padding-top: 2% !important;padding-bottom: 2% !important;}&#8221;][vc_column offset=&#8221;vc_col-lg-offset-2 vc_col-lg-8 vc_col-md-offset-1 vc_col-md-10&#8243; css=&#8221;.vc_custom_1467624556435{padding-right: 8% !important;padding-left: 8% !important;}&#8221;][vc_column_text] CIUDAD REAL [\/vc_column_text][vc_empty_space height=&#8221;8px&#8221;][vc_column_text] The province of Ciudad Real is far more than you might imagine. You will be amazed by those...","og_url":"https:\/\/guiascastillalamancha.com\/es\/ciudad-real\/","og_site_name":"Gu\u00edas de Castilla la Mancha","article_modified_time":"2017-06-06T09:00:32+00:00","twitter_card":"summary_large_image","twitter_misc":{"Est. reading time":"7 minutes"},"schema":{"@context":"https:\/\/schema.org","@graph":[{"@type":"WebPage","@id":"https:\/\/guiascastillalamancha.com\/es\/ciudad-real\/","url":"https:\/\/guiascastillalamancha.com\/es\/ciudad-real\/","name":"Ciudad Real - Gu\u00edas de Castilla la Mancha","isPartOf":{"@id":"https:\/\/guiascastillalamancha.com\/es\/#website"},"datePublished":"2017-06-05T16:08:44+00:00","dateModified":"2017-06-06T09:00:32+00:00","breadcrumb":{"@id":"https:\/\/guiascastillalamancha.com\/es\/ciudad-real\/#breadcrumb"},"inLanguage":"en-US","potentialAction":[{"@type":"ReadAction","target":["https:\/\/guiascastillalamancha.com\/es\/ciudad-real\/"]}]},{"@type":"BreadcrumbList","@id":"https:\/\/guiascastillalamancha.com\/es\/ciudad-real\/#breadcrumb","itemListElement":[{"@type":"ListItem","position":1,"name":"Portada","item":"https:\/\/guiascastillalamancha.com\/en\/"},{"@type":"ListItem","position":2,"name":"Ciudad Real"}]},{"@type":"WebSite","@id":"https:\/\/guiascastillalamancha.com\/es\/#website","url":"https:\/\/guiascastillalamancha.com\/es\/","name":"Gu\u00edas de Castilla la Mancha","description":"Gu\u00edas Tur\u00edsticos para Toledo, Albacete, Ciudad Real, Cuenca y Guadalajara","potentialAction":[{"@type":"SearchAction","target":{"@type":"EntryPoint","urlTemplate":"https:\/\/guiascastillalamancha.com\/es\/?s={search_term_string}"},"query-input":{"@type":"PropertyValueSpecification","valueRequired":true,"valueName":"search_term_string"}}],"inLanguage":"en-US"}]}},"_links":{"self":[{"href":"https:\/\/guiascastillalamancha.com\/en\/wp-json\/wp\/v2\/pages\/1278","targetHints":{"allow":["GET"]}}],"collection":[{"href":"https:\/\/guiascastillalamancha.com\/en\/wp-json\/wp\/v2\/pages"}],"about":[{"href":"https:\/\/guiascastillalamancha.com\/en\/wp-json\/wp\/v2\/types\/page"}],"author":[{"embeddable":true,"href":"https:\/\/guiascastillalamancha.com\/en\/wp-json\/wp\/v2\/users\/1"}],"replies":[{"embeddable":true,"href":"https:\/\/guiascastillalamancha.com\/en\/wp-json\/wp\/v2\/comments?post=1278"}],"version-history":[{"count":0,"href":"https:\/\/guiascastillalamancha.com\/en\/wp-json\/wp\/v2\/pages\/1278\/revisions"}],"wp:attachment":[{"href":"https:\/\/guiascastillalamancha.com\/en\/wp-json\/wp\/v2\/media?parent=1278"}],"curies":[{"name":"wp","href":"https:\/\/api.w.org\/{rel}","templated":true}]}}